{"id":5253,"date":"2025-08-18T19:30:31","date_gmt":"2025-08-18T17:30:31","guid":{"rendered":"https:\/\/agora.xtec.cat\/ieagustibarbera\/?page_id=5253"},"modified":"2025-08-20T18:19:07","modified_gmt":"2025-08-20T16:19:07","slug":"robots-en-accio","status":"publish","type":"page","link":"https:\/\/agora.xtec.cat\/ieagustibarbera\/robots-en-accio\/","title":{"rendered":"Robots en acci\u00f3!"},"content":{"rendered":"<p><strong>Robots en acci\u00f3!<\/strong>\u00a0\u00e9s un projecte que t\u00e9 com a objectiu contribuir al desenvolupament de la compet\u00e8ncia digital de l\u2019alumnat i en especial, del pensament computacional, mitjan\u00e7ant l\u2019\u00fas dels equipaments de rob\u00f2tica disponibles als centres educatius.<\/p>\n<p>El projecte es compon de\u00a0<strong>6 reptes o missions<\/strong>\u00a0que l\u2019alumnat haur\u00e0 de superar amb l\u2019<strong>ajuda dels robots<\/strong>\u00a0disponibles al centre educatiu.\u00a0<strong>Cada mes,<\/strong>\u00a0es llan\u00e7ar\u00e0 un repte en format de \u201cmissi\u00f3\u201d, que\u00a0<strong>es publicar\u00e0 en aquest espai<\/strong>.<\/p>\n<p>Coincidint amb l\u2019<a href=\"https:\/\/quantum2025.org\/es\/\"><mark class=\"has-inline-color has-ast-global-color-0-color\">Any Internacional de la Ci\u00e8ncia i la Tecnologia Qu\u00e0ntiques<\/mark><\/a>, els reptes introduiran conceptes relacionats amb la\u00a0<strong>f\u00edsica<\/strong>, de manera senzilla, amb animacions que facilitaran la comprensi\u00f3 d\u2019aquests fen\u00f2mens naturals.<\/p>\n<p>L\u2019aventura ens situa al planeta Xeldon, a la llunyana gal\u00e0xia X-32, l\u2019any 2030, on la cient\u00edfica Gina Snipett, despr\u00e9s de fer un descobriment revolucionari, ha estat segrestada pels malvats xeldonians, que volen apoderar-se d\u2019aquests coneixements extraordinaris per dominar la gal\u00e0xia.<\/p>\n<p>Per poder arribar on tenen segrestada la Dra. Snippet i alliberar-la, haureu d\u2019anar superant reptes amb l\u2019ajuda del vostre robot.<\/p>\n<p>Per cada repte que supera l&#8217;alumnat, el robot adquirir\u00e0 noves habilitats i rebran una ins\u00edgnia que els permetr\u00e0 passar de ser astronautes a enginyers de la nau o, fins i tot, herois o hero\u00efnes de tota la gal\u00e0xia!<\/p>\n<p>&nbsp;<\/p>\n<p>Al centre hi participa l&#8217;alumnat de l&#8217;optativa de rob\u00f2tica i programaci\u00f3, ROBOTITZA&#8217;T de 2n d&#8217;ESO.<\/p>\n<p>&nbsp;<\/p>\n<p>Per obtenir m\u00e9s informaci\u00f3 sobre el projecte, feu clic a sobre l&#8217;<a href=\"https:\/\/projectes.xtec.cat\/pensament-computacional\/robots-en-accio\/\">enlla\u00e7.<\/a><\/p>\n","protected":false},"excerpt":{"rendered":"<p>Robots en acci\u00f3!\u00a0\u00e9s un projecte que t\u00e9 com a objectiu contribuir al desenvolupament de la compet\u00e8ncia digital de l\u2019alumnat i en especial, del pensament computacional, mitjan\u00e7ant l\u2019\u00fas dels equipaments de rob\u00f2tica disponibles als centres educatius. El projecte es compon de\u00a06 reptes o missions\u00a0que l\u2019alumnat haur\u00e0 de superar amb l\u2019ajuda dels robots\u00a0disponibles al centre educatiu.\u00a0Cada mes,\u00a0es [&hellip;]<\/p>\n","protected":false},"author":49,"featured_media":0,"parent":0,"menu_order":0,"comment_status":"closed","ping_status":"closed","template":"","meta":{"_bbp_topic_count":0,"_bbp_reply_count":0,"_bbp_total_topic_count":0,"_bbp_total_reply_count":0,"_bbp_voice_count":0,"_bbp_anonymous_reply_count":0,"_bbp_topic_count_hidden":0,"_bbp_reply_count_hidden":0,"_bbp_forum_subforum_count":0,"site-sidebar-layout":"default","site-content-layout":"","ast-site-content-layout":"","site-content-style":"default","site-sidebar-style":"default","ast-global-header-display":"","ast-banner-title-visibility":"","ast-main-header-display":"","ast-hfb-above-header-display":"","ast-hfb-below-header-display":"","ast-hfb-mobile-header-display":"","site-post-title":"","ast-breadcrumbs-content":"","ast-featured-img":"","footer-sml-layout":"","theme-transparent-header-meta":"","adv-header-id-meta":"","stick-header-meta":"","header-above-stick-meta":"","header-main-stick-meta":"","header-below-stick-meta":"","astra-migrate-meta-layouts":"default","ast-page-background-enabled":"default","ast-page-background-meta":{"desktop":{"background-color":"var(--ast-global-color-5)","background-image":"","background-repeat":"repeat","background-position":"center center","background-size":"auto","background-attachment":"scroll","background-type":"","background-media":"","overlay-type":"","overlay-color":"","overlay-opacity":"","overlay-gradient":""},"tablet":{"background-color":"","background-image":"","background-repeat":"repeat","background-position":"center center","background-size":"auto","background-attachment":"scroll","background-type":"","background-media":"","overlay-type":"","overlay-color":"","overlay-opacity":"","overlay-gradient":""},"mobile":{"background-color":"","background-image":"","background-repeat":"repeat","background-position":"center center","background-size":"auto","background-attachment":"scroll","background-type":"","background-media":"","overlay-type":"","overlay-color":"","overlay-opacity":"","overlay-gradient":""}},"ast-content-background-meta":{"desktop":{"background-color":"var(--ast-global-color-4)","background-image":"","background-repeat":"repeat","background-position":"center center","background-size":"auto","background-attachment":"scroll","background-type":"","background-media":"","overlay-type":"","overlay-color":"","overlay-opacity":"","overlay-gradient":""},"tablet":{"background-color":"var(--ast-global-color-4)","background-image":"","background-repeat":"repeat","background-position":"center center","background-size":"auto","background-attachment":"scroll","background-type":"","background-media":"","overlay-type":"","overlay-color":"","overlay-opacity":"","overlay-gradient":""},"mobile":{"background-color":"var(--ast-global-color-4)","background-image":"","background-repeat":"repeat","background-position":"center center","background-size":"auto","background-attachment":"scroll","background-type":"","background-media":"","overlay-type":"","overlay-color":"","overlay-opacity":"","overlay-gradient":""}},"footnotes":""},"class_list":["post-5253","page","type-page","status-publish","hentry"],"post_mailing_queue_ids":[],"_links":{"self":[{"href":"https:\/\/agora.xtec.cat\/ieagustibarbera\/wp-json\/wp\/v2\/pages\/5253","targetHints":{"allow":["GET"]}}],"collection":[{"href":"https:\/\/agora.xtec.cat\/ieagustibarbera\/wp-json\/wp\/v2\/pages"}],"about":[{"href":"https:\/\/agora.xtec.cat\/ieagustibarbera\/wp-json\/wp\/v2\/types\/page"}],"author":[{"embeddable":true,"href":"https:\/\/agora.xtec.cat\/ieagustibarbera\/wp-json\/wp\/v2\/users\/49"}],"replies":[{"embeddable":true,"href":"https:\/\/agora.xtec.cat\/ieagustibarbera\/wp-json\/wp\/v2\/comments?post=5253"}],"version-history":[{"count":2,"href":"https:\/\/agora.xtec.cat\/ieagustibarbera\/wp-json\/wp\/v2\/pages\/5253\/revisions"}],"predecessor-version":[{"id":5394,"href":"https:\/\/agora.xtec.cat\/ieagustibarbera\/wp-json\/wp\/v2\/pages\/5253\/revisions\/5394"}],"wp:attachment":[{"href":"https:\/\/agora.xtec.cat\/ieagustibarbera\/wp-json\/wp\/v2\/media?parent=5253"}],"curies":[{"name":"wp","href":"https:\/\/api.w.org\/{rel}","templated":true}]}}