{"id":5251,"date":"2025-08-18T19:30:31","date_gmt":"2025-08-18T17:30:31","guid":{"rendered":"https:\/\/agora.xtec.cat\/ieagustibarbera\/?page_id=5251"},"modified":"2026-03-09T09:57:45","modified_gmt":"2026-03-09T08:57:45","slug":"socialitzacio","status":"publish","type":"page","link":"https:\/\/agora.xtec.cat\/ieagustibarbera\/socialitzacio\/","title":{"rendered":"Socialitzaci\u00f3"},"content":{"rendered":"<p>El <strong>projecte de socialitzaci\u00f3<\/strong> de <strong>llibres de text i lectura<\/strong> \u00e9s un projecte de centre que s\u2019inclou al Projecte Educatiu de Centre (PEC). Aquest projecte va sorgir de la voluntat de les fam\u00edlies i dels\/les docents d\u2019optimitzar l\u2019\u00fas responsable dels recursos educatius amb la participaci\u00f3 de tota la comunitat educativa.<\/p>\n<p>El projecte de socialitzaci\u00f3 de llibres pret\u00e9n :<\/p>\n<ul>\n<li>Fomentar una visi\u00f3 comunit\u00e0ria de l\u2019ensenyament (respectar, compartir, reutilitzar,&#8230;).<\/li>\n<li>Implicar a tota la comunitat educativa (professionals, fam\u00edlies i alumnat) en un projecte com\u00fa.<\/li>\n<li>Reduir la despesa i simplificar la obtenci\u00f3 i compra dels llibres de text i d\u2019altres materials fungibles per part de les fam\u00edlies.<\/li>\n<li>Fomentar els valors de la conservaci\u00f3 responsable del material i els llibres, la cooperaci\u00f3 la solidaritat i la capacitat de saber compartir els recursos disponibles.<\/li>\n<li>Aprofundir en la idea de sostenibilitat, el reciclatge i el respecte al medi ambient d\u2019acord amb els valors d\u2019escola verda.<\/li>\n<li>Construir un teixit social dins el centre escolar que promogui la cooperaci\u00f3 entre les fam\u00edlies, l&#8217;equip docent i l\u2019alumnat.<\/li>\n<\/ul>\n<p>I com a objectiu espec\u00edfic: <strong>Socialitzar els llibres de text i lectura utilitzats a les aules.<\/strong><\/p>\n<ul>\n<li><strong>NORMATIVA:<\/strong><\/li>\n<\/ul>\n<p>1. El projecte de socialitzaci\u00f3 de llibres inclou la socialitzaci\u00f3 de la propietat dels llibres de text, adquisici\u00f3 de llibres fungibles i altre material reprogr\u00e0fic.<\/p>\n<p>2. La selecci\u00f3 dels llibres de text \u00e9s responsabilitat del claustre (equips docents, juntament amb els\/les respectius\/es coordinadores de cicles i caps d&#8217;\u00e0mbit), qui planifica la tria de tots els llibres amb criteris pedag\u00f2gics, d\u2019atenci\u00f3 a la diversitat i de sostenibilitat. Es t\u00e9 en compte una planificaci\u00f3 a llarg termini seguint la legislaci\u00f3 vigent. El claustre durant el mes d&#8217;abril i maig de cada any elabora la proposta i la trasllada a l&#8217;equip directiu. Aquest l&#8217;estudia i en funci\u00f3 de la disponibilitat pressupost\u00e0ria estableix la llista definitiva que es portar\u00e0 a terme el curs seg\u00fcent.<\/p>\n<p>3. L&#8217;equip directiu establir\u00e0 una quota universal obligat\u00f2ria per a totes les fam\u00edlies del centre que inclour\u00e0 la totalitat de les despeses de teatre, reprografia, quota de l&#8217;AFA, weeras, etc&#8230; i una altra quota que far\u00e0 refer\u00e8ncia als llibres (lectura i text) que necessitar\u00e0 l\u2019alumnat pel curs seg\u00fcent. Aquesta quota \u00fanicament podr\u00e0 ser destinada al programa de socialitzaci\u00f3.<\/p>\n<p>4. \u00c9s imprescindible ser socis de l\u2019AFA per obtenir els preus pactats a la quota de socialitzaci\u00f3 establerta, les fam\u00edlies que optin per no ser s\u00f2cies\u00a0 se les penalitzar\u00e0 amb un rec\u00e0rrec que la comissi\u00f3 establir\u00e0 cada exercici.<\/p>\n<p>5. L\u2019aportaci\u00f3 de la quota es fa durant el per\u00edode que determina l&#8217;equip directiu (m\u00e0xim a finals de setembre del curs actual) i es publica a la p\u00e0gina web del centre a finals de juny del mateix curs. Aquesta aportaci\u00f3 es fa per domiciliaci\u00f3 preferentment.<\/p>\n<p>6. El comprovant del rebut bancari o d\u2019ingr\u00e9s bancari t\u00e9 els efectes de rebut, sempre que hi consti el nom i cognoms de l\u2019alumnat i el curs que iniciar\u00e0 el setembre i es faciliti impr\u00e8s al tutor\/a.<\/p>\n<p>7. La quota nom\u00e9s s&#8217;ha de pagar un cop matriculats a cada etapa educativa, nom\u00e9s en casos excepcionals i per motius justificats, de canvi de llibres de text i\/o lectura, caldr\u00e0 que les fam\u00edlies abonin una altra quota de socialitzaci\u00f3. Tota aquesta informaci\u00f3 es pot trobar publicada a la p\u00e0gina web del centre durant el mes de juny.<\/p>\n<p>8. Tot llibre de text o lectura malm\u00e8s intencionadament o perdut ha de ser reposat, sota la responsabilitat de les fam\u00edlies de l\u2019alumne\/a, en un termini m\u00e0xim d\u2019una setmana.<\/p>\n<p>9. Els llibres socialitzats (text i lectures) no poden ser personalitzats per l\u2019alumne\/a (nom, subratllats, dibuixos, etc.)<\/p>\n<p>10. La direcci\u00f3 taxar\u00e0 el valor del llibre en funci\u00f3 de la seva antiguitat (100% el primer any; 90% el segon any; 70% el tercer any i 50% a partir del quart any i successius).<\/p>\n<p>11. A final de curs, els llibres de text socialitzats es queden al centre per ser reutilitzats durant el curs seg\u00fcent; mentre que els llibres fungibles (llibres d\u2019activitats i quaderns de treball) passen a ser propietat dels alumnes que els hagin utilitzats.<\/p>\n<p>12. Tots els llibres de text i de lectura es compren directament als editorials des de direcci\u00f3 per a qu\u00e8 el preu pugui ser el m\u00e9s ajustat possible. Els llibres quan arriben de les editorials han de passar per direcci\u00f3 per al seu control i numeraci\u00f3, si s\u2019escau. Tots els llibres socialitzats tenen un termini de vida habitual de 4 anys. Es podran canviar excepcionalment en cas de necessitat (per canvis legislatius, per exemple). Els llibres molt malmesos podran ser substitu\u00efts abans.<\/p>\n<ul>\n<li><strong>NORMATIVA en cas d\u2019impagament:<\/strong><\/li>\n<\/ul>\n<p><span style=\"font-size: 16px;\">1.No es lliuraran llibres a les fam\u00edlies que no hagin fet efectiu el pagament de la quota de socialitzaci\u00f3 de llibres. En cas d\u2019establir-ne terminis, ser\u00e0 en el moment de fer-lo efectiu que es lliuraran, per lots establerts en la negociaci\u00f3 amb l\u2019escola, generalment mensuals, o b\u00e9 es faran arribar a l\u2019aula corresponent.<\/span><\/p>\n<p>2. En cas de no atendre un o m\u00e9s terminis de pagament dels llibres la fam\u00edlia perdr\u00e0 el dret de obtenir aquesta facilitat pel curs seg\u00fcent.<\/p>\n<p>3. Si una fam\u00edlia no ha pagat la quota de socialitzaci\u00f3 de l\u2019any anterior, no se li donen els llibres del nou curs fins a liquidar el deute de l\u2019any anterior i comen\u00e7ar a pagar els del nou curs.<\/p>\n<p>4. En el cas d\u2019alumnat que repeteix curs, han de tornar a pagar la quota de llibres, encara que utilitzin els mateixos llibres que el curs anterior.<\/p>\n<p>La present normativa ha estat aprovada en Consell Escolar el mes de juny de 2025.<\/p>\n<p>&nbsp;<\/p>\n<h4><strong>\ud83d\udcd2QUOTES curs 2025-2026:<\/strong><\/h4>\n<p>&nbsp;<\/p>\n<h5>Educaci\u00f3 Infantil:<\/h5>\n<h4><a href=\"https:\/\/agora.xtec.cat\/ieagustibarbera\/lescola\/material-escolar\/material-educacio-infantil\/\" target=\"_blank\" rel=\"noopener\">I3-I4-I5<\/a><\/h4>\n<p>&nbsp;<\/p>\n<h5>Educaci\u00f3 Prim\u00e0ria:<\/h5>\n<h4><a href=\"https:\/\/agora.xtec.cat\/ieagustibarbera\/lescola\/material-escolar\/llibres-i-material-cicle-inicial\/\" target=\"_blank\" rel=\"noopener\">Cicle Inicial 1r-2n<\/a><\/h4>\n<h4><a href=\"https:\/\/agora.xtec.cat\/ieagustibarbera\/lescola\/material-escolar\/llibres-i-material-cicle-mitja\/\" target=\"_blank\" rel=\"noopener\">Cicle Mitj\u00e0 3r-4t<\/a><\/h4>\n<h4><a href=\"https:\/\/agora.xtec.cat\/ieagustibarbera\/lescola\/material-escolar\/llibres-i-material-cicle-superior\/\" target=\"_blank\" rel=\"noopener\">Cicle Superior 5\u00e8-6\u00e8<\/a><\/h4>\n<p>&nbsp;<\/p>\n<h5>Educaci\u00f3 secund\u00e0ria:<\/h5>\n<h4><a href=\"https:\/\/agora.xtec.cat\/ieagustibarbera\/material-i-socialitzacio-llibres-1r-eso\/\">\u00a01r ESO<\/a><\/h4>\n<h4><a href=\"https:\/\/agora.xtec.cat\/ieagustibarbera\/material-i-socialitzacio-llibres-2n-eso\/\" target=\"_blank\" rel=\"noopener\">\u00a02n ESO<\/a><\/h4>\n<h4><a href=\"https:\/\/agora.xtec.cat\/ieagustibarbera\/material-i-socialitzacio-llibres-3r-eso\/\" target=\"_blank\" rel=\"noopener\">\u00a03r ESO<\/a><\/h4>\n<h4><a href=\"https:\/\/agora.xtec.cat\/ieagustibarbera\/material-i-socialitzacio-llibres-4t-eso\/\" target=\"_blank\" rel=\"noopener\">\u00a04t ESO<\/a><\/h4>\n","protected":false},"excerpt":{"rendered":"<p>El projecte de socialitzaci\u00f3 de llibres de text i lectura \u00e9s un projecte de centre que s\u2019inclou al Projecte Educatiu de Centre (PEC). Aquest projecte va sorgir de la voluntat de les fam\u00edlies i dels\/les docents d\u2019optimitzar l\u2019\u00fas responsable dels recursos educatius amb la participaci\u00f3 de tota la comunitat educativa. El projecte de socialitzaci\u00f3 de [&hellip;]<\/p>\n","protected":false},"author":49,"featured_media":0,"parent":0,"menu_order":0,"comment_status":"closed","ping_status":"closed","template":"","meta":{"_bbp_topic_count":0,"_bbp_reply_count":0,"_bbp_total_topic_count":0,"_bbp_total_reply_count":0,"_bbp_voice_count":0,"_bbp_anonymous_reply_count":0,"_bbp_topic_count_hidden":0,"_bbp_reply_count_hidden":0,"_bbp_forum_subforum_count":0,"site-sidebar-layout":"default","site-content-layout":"","ast-site-content-layout":"default","site-content-style":"default","site-sidebar-style":"default","ast-global-header-display":"","ast-banner-title-visibility":"","ast-main-header-display":"","ast-hfb-above-header-display":"","ast-hfb-below-header-display":"","ast-hfb-mobile-header-display":"","site-post-title":"","ast-breadcrumbs-content":"","ast-featured-img":"","footer-sml-layout":"","theme-transparent-header-meta":"default","adv-header-id-meta":"","stick-header-meta":"","header-above-stick-meta":"","header-main-stick-meta":"","header-below-stick-meta":"","astra-migrate-meta-layouts":"set","ast-page-background-enabled":"default","ast-page-background-meta":{"desktop":{"background-color":"var(--ast-global-color-5)","background-image":"","background-repeat":"repeat","background-position":"center center","background-size":"auto","background-attachment":"scroll","background-type":"","background-media":"","overlay-type":"","overlay-color":"","overlay-opacity":"","overlay-gradient":""},"tablet":{"background-color":"","background-image":"","background-repeat":"repeat","background-position":"center center","background-size":"auto","background-attachment":"scroll","background-type":"","background-media":"","overlay-type":"","overlay-color":"","overlay-opacity":"","overlay-gradient":""},"mobile":{"background-color":"","background-image":"","background-repeat":"repeat","background-position":"center center","background-size":"auto","background-attachment":"scroll","background-type":"","background-media":"","overlay-type":"","overlay-color":"","overlay-opacity":"","overlay-gradient":""}},"ast-content-background-meta":{"desktop":{"background-color":"var(--ast-global-color-4)","background-image":"","background-repeat":"repeat","background-position":"center center","background-size":"auto","background-attachment":"scroll","background-type":"","background-media":"","overlay-type":"","overlay-color":"","overlay-opacity":"","overlay-gradient":""},"tablet":{"background-color":"var(--ast-global-color-4)","background-image":"","background-repeat":"repeat","background-position":"center center","background-size":"auto","background-attachment":"scroll","background-type":"","background-media":"","overlay-type":"","overlay-color":"","overlay-opacity":"","overlay-gradient":""},"mobile":{"background-color":"var(--ast-global-color-4)","background-image":"","background-repeat":"repeat","background-position":"center center","background-size":"auto","background-attachment":"scroll","background-type":"","background-media":"","overlay-type":"","overlay-color":"","overlay-opacity":"","overlay-gradient":""}},"footnotes":""},"class_list":["post-5251","page","type-page","status-publish","hentry"],"post_mailing_queue_ids":[],"_links":{"self":[{"href":"https:\/\/agora.xtec.cat\/ieagustibarbera\/wp-json\/wp\/v2\/pages\/5251","targetHints":{"allow":["GET"]}}],"collection":[{"href":"https:\/\/agora.xtec.cat\/ieagustibarbera\/wp-json\/wp\/v2\/pages"}],"about":[{"href":"https:\/\/agora.xtec.cat\/ieagustibarbera\/wp-json\/wp\/v2\/types\/page"}],"author":[{"embeddable":true,"href":"https:\/\/agora.xtec.cat\/ieagustibarbera\/wp-json\/wp\/v2\/users\/49"}],"replies":[{"embeddable":true,"href":"https:\/\/agora.xtec.cat\/ieagustibarbera\/wp-json\/wp\/v2\/comments?post=5251"}],"version-history":[{"count":7,"href":"https:\/\/agora.xtec.cat\/ieagustibarbera\/wp-json\/wp\/v2\/pages\/5251\/revisions"}],"predecessor-version":[{"id":5611,"href":"https:\/\/agora.xtec.cat\/ieagustibarbera\/wp-json\/wp\/v2\/pages\/5251\/revisions\/5611"}],"wp:attachment":[{"href":"https:\/\/agora.xtec.cat\/ieagustibarbera\/wp-json\/wp\/v2\/media?parent=5251"}],"curies":[{"name":"wp","href":"https:\/\/api.w.org\/{rel}","templated":true}]}}