{"id":5250,"date":"2025-08-18T19:30:31","date_gmt":"2025-08-18T17:30:31","guid":{"rendered":"https:\/\/agora.xtec.cat\/ieagustibarbera\/?page_id=5250"},"modified":"2025-08-20T18:35:36","modified_gmt":"2025-08-20T16:35:36","slug":"pmoe-proa","status":"publish","type":"page","link":"https:\/\/agora.xtec.cat\/ieagustibarbera\/pmoe-proa\/","title":{"rendered":"PMOE PROA+"},"content":{"rendered":"<p>La finalitat del <strong>programa PMOE PROA+<\/strong> \u00e9s millorar l&#8217;equitat en l&#8217;acc\u00e9s a oportunitats educatives i l&#8217;\u00e8xit escolar de tot l&#8217;alumnat, enfortint els\u00a0<a title=\"Consulta el Power BI\" href=\"https:\/\/app.powerbi.com\/view?r=eyJrIjoiOTFiOTEyZjktZTFkNC00MjJhLTk3MWUtMzFjMDBlNzI3YTBkIiwidCI6IjNiOTQyN2RjLWQzMGUtNDNiYy04YzA2LWZmNzI1MzY3NmZlYyIsImMiOjh9\" target=\"_blank\" rel=\"noopener\">centres educatius<\/a>\u00a0amb m\u00e9s complexitat del Servei d&#8217;Educaci\u00f3 de Catalunya. Aix\u00ed, aquests centres disposaran dels recursos necessaris per compensar les necessitats i desigualtats educatives de l&#8217;alumnat i les seves fam\u00edlies.<\/p>\n<p>Mitjan\u00e7ant el disseny d&#8217;un pla estrat\u00e8gic de millora, el centre desplega un conjunt d&#8217;activitats palanca (iniciatives educatives per dinamitzar una transformaci\u00f3 global en un centre educatiu), m\u00e9s enll\u00e0 d&#8217;abordar aspectes concrets mitjan\u00e7ant l&#8217;assignaci\u00f3 econ\u00f2mica als centres educatius seleccionats per a la seva aplicaci\u00f3, aix\u00ed com l&#8217;acompanyament per part de la Inspecci\u00f3 d&#8217;Educaci\u00f3 i de les persones referents del Programa als territoris.<\/p>\n<p><strong>Objectius generals:<\/strong><\/p>\n<ul>\n<li>Contribuir a la millora de l&#8217;equitat en l&#8217;acc\u00e9s a oportunitats educatives, a la reducci\u00f3 de l&#8217;abandonament escolar prematur i a l&#8217;\u00e8xit escolar de tot l&#8217;alumnat amb l&#8217;enfortiment dels centres educatius del Servei d&#8217;Educaci\u00f3 de Catalunya i dels Plans Educatius d&#8217;Entorn, per tal que disposin dels recursos necessaris per compensar les necessitats i desigualtats educatives de l&#8217;alumnat i les seves fam\u00edlies.<\/li>\n<li>Facilitar la participaci\u00f3 dels centres educatius del Servei d&#8217;Educaci\u00f3 de Catalunya que tinguin alumnat en situaci\u00f3 de vulnerabilitat educativa.<\/li>\n<li>Refor\u00e7ar la dimensi\u00f3 comunit\u00e0ria de l&#8217;acci\u00f3 educativa mitjan\u00e7ant els Plans educatius d&#8217;entorn.<\/li>\n<\/ul>\n<p>Per obtenir m\u00e9s informaci\u00f3 sobre el programa, feu clic a l&#8217;<a href=\"https:\/\/educacio.gencat.cat\/ca\/departament\/linies-estrategiques\/equitat-educativa\/pla-millora-oportunitats-educatives\/index.html\">enlla\u00e7<\/a>.<\/p>\n<p><a href=\"https:\/\/agora.xtec.cat\/ieagustibarbera\/wp-content\/uploads\/usu625\/2025\/08\/dep-lin-pmoe-proa.png\"><img loading=\"lazy\" decoding=\"async\" class=\"aligncenter  wp-image-5399\" src=\"https:\/\/agora.xtec.cat\/ieagustibarbera\/wp-content\/uploads\/usu625\/2025\/08\/dep-lin-pmoe-proa.png\" alt=\"\" width=\"288\" height=\"173\" srcset=\"https:\/\/agora.xtec.cat\/ieagustibarbera\/wp-content\/uploads\/usu625\/2025\/08\/dep-lin-pmoe-proa.png 375w, https:\/\/agora.xtec.cat\/ieagustibarbera\/wp-content\/uploads\/usu625\/2025\/08\/dep-lin-pmoe-proa-300x180.png 300w\" sizes=\"auto, (max-width: 288px) 100vw, 288px\" \/><\/a><\/p>\n","protected":false},"excerpt":{"rendered":"<p>La finalitat del programa PMOE PROA+ \u00e9s millorar l&#8217;equitat en l&#8217;acc\u00e9s a oportunitats educatives i l&#8217;\u00e8xit escolar de tot l&#8217;alumnat, enfortint els\u00a0centres educatius\u00a0amb m\u00e9s complexitat del Servei d&#8217;Educaci\u00f3 de Catalunya. Aix\u00ed, aquests centres disposaran dels recursos necessaris per compensar les necessitats i desigualtats educatives de l&#8217;alumnat i les seves fam\u00edlies. Mitjan\u00e7ant el disseny d&#8217;un pla [&hellip;]<\/p>\n","protected":false},"author":49,"featured_media":0,"parent":0,"menu_order":0,"comment_status":"closed","ping_status":"closed","template":"","meta":{"_bbp_topic_count":0,"_bbp_reply_count":0,"_bbp_total_topic_count":0,"_bbp_total_reply_count":0,"_bbp_voice_count":0,"_bbp_anonymous_reply_count":0,"_bbp_topic_count_hidden":0,"_bbp_reply_count_hidden":0,"_bbp_forum_subforum_count":0,"site-sidebar-layout":"default","site-content-layout":"","ast-site-content-layout":"","site-content-style":"default","site-sidebar-style":"default","ast-global-header-display":"","ast-banner-title-visibility":"","ast-main-header-display":"","ast-hfb-above-header-display":"","ast-hfb-below-header-display":"","ast-hfb-mobile-header-display":"","site-post-title":"","ast-breadcrumbs-content":"","ast-featured-img":"","footer-sml-layout":"","theme-transparent-header-meta":"","adv-header-id-meta":"","stick-header-meta":"","header-above-stick-meta":"","header-main-stick-meta":"","header-below-stick-meta":"","astra-migrate-meta-layouts":"default","ast-page-background-enabled":"default","ast-page-background-meta":{"desktop":{"background-color":"var(--ast-global-color-5)","background-image":"","background-repeat":"repeat","background-position":"center center","background-size":"auto","background-attachment":"scroll","background-type":"","background-media":"","overlay-type":"","overlay-color":"","overlay-opacity":"","overlay-gradient":""},"tablet":{"background-color":"","background-image":"","background-repeat":"repeat","background-position":"center center","background-size":"auto","background-attachment":"scroll","background-type":"","background-media":"","overlay-type":"","overlay-color":"","overlay-opacity":"","overlay-gradient":""},"mobile":{"background-color":"","background-image":"","background-repeat":"repeat","background-position":"center center","background-size":"auto","background-attachment":"scroll","background-type":"","background-media":"","overlay-type":"","overlay-color":"","overlay-opacity":"","overlay-gradient":""}},"ast-content-background-meta":{"desktop":{"background-color":"var(--ast-global-color-4)","background-image":"","background-repeat":"repeat","background-position":"center center","background-size":"auto","background-attachment":"scroll","background-type":"","background-media":"","overlay-type":"","overlay-color":"","overlay-opacity":"","overlay-gradient":""},"tablet":{"background-color":"var(--ast-global-color-4)","background-image":"","background-repeat":"repeat","background-position":"center center","background-size":"auto","background-attachment":"scroll","background-type":"","background-media":"","overlay-type":"","overlay-color":"","overlay-opacity":"","overlay-gradient":""},"mobile":{"background-color":"var(--ast-global-color-4)","background-image":"","background-repeat":"repeat","background-position":"center center","background-size":"auto","background-attachment":"scroll","background-type":"","background-media":"","overlay-type":"","overlay-color":"","overlay-opacity":"","overlay-gradient":""}},"footnotes":""},"class_list":["post-5250","page","type-page","status-publish","hentry"],"post_mailing_queue_ids":[],"_links":{"self":[{"href":"https:\/\/agora.xtec.cat\/ieagustibarbera\/wp-json\/wp\/v2\/pages\/5250","targetHints":{"allow":["GET"]}}],"collection":[{"href":"https:\/\/agora.xtec.cat\/ieagustibarbera\/wp-json\/wp\/v2\/pages"}],"about":[{"href":"https:\/\/agora.xtec.cat\/ieagustibarbera\/wp-json\/wp\/v2\/types\/page"}],"author":[{"embeddable":true,"href":"https:\/\/agora.xtec.cat\/ieagustibarbera\/wp-json\/wp\/v2\/users\/49"}],"replies":[{"embeddable":true,"href":"https:\/\/agora.xtec.cat\/ieagustibarbera\/wp-json\/wp\/v2\/comments?post=5250"}],"version-history":[{"count":2,"href":"https:\/\/agora.xtec.cat\/ieagustibarbera\/wp-json\/wp\/v2\/pages\/5250\/revisions"}],"predecessor-version":[{"id":5400,"href":"https:\/\/agora.xtec.cat\/ieagustibarbera\/wp-json\/wp\/v2\/pages\/5250\/revisions\/5400"}],"wp:attachment":[{"href":"https:\/\/agora.xtec.cat\/ieagustibarbera\/wp-json\/wp\/v2\/media?parent=5250"}],"curies":[{"name":"wp","href":"https:\/\/api.w.org\/{rel}","templated":true}]}}