{"id":5249,"date":"2025-08-18T19:30:31","date_gmt":"2025-08-18T17:30:31","guid":{"rendered":"https:\/\/agora.xtec.cat\/ieagustibarbera\/?page_id=5249"},"modified":"2025-08-20T18:31:11","modified_gmt":"2025-08-20T16:31:11","slug":"edumedia","status":"publish","type":"page","link":"https:\/\/agora.xtec.cat\/ieagustibarbera\/edumedia\/","title":{"rendered":"EDUM\u00e8dia"},"content":{"rendered":"<p>L&#8217;<strong>Educaci\u00f3 medi\u00e0tica<\/strong> (EDUM\u00c8DIA) \u00e9s un programa que apropa a l&#8217;alumnat de secund\u00e0ria al procediment d\u2019ensenyament i aprenentatge sobre els mitjans de comunicaci\u00f3 i el seu impacte a la societat. El programa t\u00e9 l\u2019objectiu d\u2019ajudar a joves i grans a desenvolupar habilitats cr\u00edtiques per navegar efica\u00e7ment pel m\u00f3n digital i aprendre a seleccionar informaci\u00f3 confiable i rellevant.<\/p>\n<p><b>Per qu\u00e8 \u00e9s important l\u2019educaci\u00f3 medi\u00e0tica?<\/b><\/p>\n<p>Si volem una societat democr\u00e0tica i capa\u00e7 de prendre decisions fonamentades, cal apostar per l\u2019educaci\u00f3 medi\u00e0tica per diverses raons:<\/p>\n<ul>\n<li>Ajuda a les persones a desenvolupar habilitats per analitzar i avaluar cr\u00edticament el contingut medi\u00e0tic i comprendre l\u2019impacte dels mitjans en la societat.<\/li>\n<li>Fomenta la llibertat d\u2019expressi\u00f3, la transpar\u00e8ncia i la participaci\u00f3 de la ciutadania.<\/li>\n<li>Contribueix en la formaci\u00f3 de ciutadans cr\u00edtics i responsables que poden prendre decisions informades.<\/li>\n<li>Ajuda a comprendre i gestionar els reptes i oportunitats que presenten els mitjans digitals i les xarxes socials.<\/li>\n<li>Contribueix en la formaci\u00f3 d\u2019una societat m\u00e9s educada i culta.<\/li>\n<\/ul>\n<p>Hi participa l&#8217;alumnat de 2n d&#8217;ESO de l&#8217;optativa de revista del centre.<\/p>\n<p>&nbsp;<\/p>\n<p>Per obtenir m\u00e9s informaci\u00f3 sobre el programa, podeu consultar l&#8217;<a href=\"https:\/\/www.educaciomediatica.cat\/\">enlla\u00e7<\/a>.<\/p>\n","protected":false},"excerpt":{"rendered":"<p>L&#8217;Educaci\u00f3 medi\u00e0tica (EDUM\u00c8DIA) \u00e9s un programa que apropa a l&#8217;alumnat de secund\u00e0ria al procediment d\u2019ensenyament i aprenentatge sobre els mitjans de comunicaci\u00f3 i el seu impacte a la societat. El programa t\u00e9 l\u2019objectiu d\u2019ajudar a joves i grans a desenvolupar habilitats cr\u00edtiques per navegar efica\u00e7ment pel m\u00f3n digital i aprendre a seleccionar informaci\u00f3 confiable i [&hellip;]<\/p>\n","protected":false},"author":49,"featured_media":0,"parent":0,"menu_order":0,"comment_status":"closed","ping_status":"closed","template":"","meta":{"_bbp_topic_count":0,"_bbp_reply_count":0,"_bbp_total_topic_count":0,"_bbp_total_reply_count":0,"_bbp_voice_count":0,"_bbp_anonymous_reply_count":0,"_bbp_topic_count_hidden":0,"_bbp_reply_count_hidden":0,"_bbp_forum_subforum_count":0,"site-sidebar-layout":"default","site-content-layout":"","ast-site-content-layout":"","site-content-style":"default","site-sidebar-style":"default","ast-global-header-display":"","ast-banner-title-visibility":"","ast-main-header-display":"","ast-hfb-above-header-display":"","ast-hfb-below-header-display":"","ast-hfb-mobile-header-display":"","site-post-title":"","ast-breadcrumbs-content":"","ast-featured-img":"","footer-sml-layout":"","theme-transparent-header-meta":"","adv-header-id-meta":"","stick-header-meta":"","header-above-stick-meta":"","header-main-stick-meta":"","header-below-stick-meta":"","astra-migrate-meta-layouts":"default","ast-page-background-enabled":"default","ast-page-background-meta":{"desktop":{"background-color":"var(--ast-global-color-5)","background-image":"","background-repeat":"repeat","background-position":"center center","background-size":"auto","background-attachment":"scroll","background-type":"","background-media":"","overlay-type":"","overlay-color":"","overlay-opacity":"","overlay-gradient":""},"tablet":{"background-color":"","background-image":"","background-repeat":"repeat","background-position":"center center","background-size":"auto","background-attachment":"scroll","background-type":"","background-media":"","overlay-type":"","overlay-color":"","overlay-opacity":"","overlay-gradient":""},"mobile":{"background-color":"","background-image":"","background-repeat":"repeat","background-position":"center center","background-size":"auto","background-attachment":"scroll","background-type":"","background-media":"","overlay-type":"","overlay-color":"","overlay-opacity":"","overlay-gradient":""}},"ast-content-background-meta":{"desktop":{"background-color":"var(--ast-global-color-4)","background-image":"","background-repeat":"repeat","background-position":"center center","background-size":"auto","background-attachment":"scroll","background-type":"","background-media":"","overlay-type":"","overlay-color":"","overlay-opacity":"","overlay-gradient":""},"tablet":{"background-color":"var(--ast-global-color-4)","background-image":"","background-repeat":"repeat","background-position":"center center","background-size":"auto","background-attachment":"scroll","background-type":"","background-media":"","overlay-type":"","overlay-color":"","overlay-opacity":"","overlay-gradient":""},"mobile":{"background-color":"var(--ast-global-color-4)","background-image":"","background-repeat":"repeat","background-position":"center center","background-size":"auto","background-attachment":"scroll","background-type":"","background-media":"","overlay-type":"","overlay-color":"","overlay-opacity":"","overlay-gradient":""}},"footnotes":""},"class_list":["post-5249","page","type-page","status-publish","hentry"],"post_mailing_queue_ids":[],"_links":{"self":[{"href":"https:\/\/agora.xtec.cat\/ieagustibarbera\/wp-json\/wp\/v2\/pages\/5249","targetHints":{"allow":["GET"]}}],"collection":[{"href":"https:\/\/agora.xtec.cat\/ieagustibarbera\/wp-json\/wp\/v2\/pages"}],"about":[{"href":"https:\/\/agora.xtec.cat\/ieagustibarbera\/wp-json\/wp\/v2\/types\/page"}],"author":[{"embeddable":true,"href":"https:\/\/agora.xtec.cat\/ieagustibarbera\/wp-json\/wp\/v2\/users\/49"}],"replies":[{"embeddable":true,"href":"https:\/\/agora.xtec.cat\/ieagustibarbera\/wp-json\/wp\/v2\/comments?post=5249"}],"version-history":[{"count":3,"href":"https:\/\/agora.xtec.cat\/ieagustibarbera\/wp-json\/wp\/v2\/pages\/5249\/revisions"}],"predecessor-version":[{"id":5398,"href":"https:\/\/agora.xtec.cat\/ieagustibarbera\/wp-json\/wp\/v2\/pages\/5249\/revisions\/5398"}],"wp:attachment":[{"href":"https:\/\/agora.xtec.cat\/ieagustibarbera\/wp-json\/wp\/v2\/media?parent=5249"}],"curies":[{"name":"wp","href":"https:\/\/api.w.org\/{rel}","templated":true}]}}