{"id":5248,"date":"2025-08-18T19:30:30","date_gmt":"2025-08-18T17:30:30","guid":{"rendered":"https:\/\/agora.xtec.cat\/ieagustibarbera\/?page_id=5248"},"modified":"2025-08-20T18:23:42","modified_gmt":"2025-08-20T16:23:42","slug":"la-industria-sobre-a-lescola-en-perspectiva-de-genere","status":"publish","type":"page","link":"https:\/\/agora.xtec.cat\/ieagustibarbera\/la-industria-sobre-a-lescola-en-perspectiva-de-genere\/","title":{"rendered":"La ind\u00fastria s&#8217;obre a l&#8217;escola en perspectiva de g\u00e8nere"},"content":{"rendered":"<p>El programa <strong><em>\u201cLa ind\u00fastria s\u2019obre a l\u2019escola amb perspectiva de g\u00e8nere\u201d<\/em><\/strong>, impulsat pel Departament d\u2019Igualtat i Feminismes en col\u00b7laboraci\u00f3 amb el Departament d\u2019Educaci\u00f3, busca connectar l\u2019escola amb la ind\u00fastria catalana de proximitat per fomentar vocacions industrials, especialment entre les nenes i les noies, amb l\u2019objectiu d\u2019incrementar el nombre de dones a la ind\u00fastria.<\/p>\n<p>El programa es concreta en\u00a0<strong>sortides escolars<\/strong>\u00a0de l\u2019alumnat de prim\u00e0ria, secund\u00e0ria, batxillerat i formaci\u00f3 professional\u00a0<strong>a les<\/strong>\u00a0<strong>ind\u00fastries de proximitat<\/strong>.<\/p>\n<p>Entitats benefici\u00e0ries del projecte:<\/p>\n<ul>\n<li><strong>Empreses del sector industrial<\/strong>\u00a0amb seu social a Catalunya que estiguin compromeses amb les pol\u00edtiques d\u2019igualtat de g\u00e8nere.<\/li>\n<li><strong>Escoles, instituts i centres de formaci\u00f3 professional<\/strong>\u00a0amb seu a Catalunya.<\/li>\n<\/ul>\n<p>Hi participa l&#8217;alumnat de 1r d&#8217;ESO i visita la ind\u00fastria <a href=\"https:\/\/www.bustper.com\/\">BUSTPER<\/a> del sector del moble a la S\u00e8nia.<\/p>\n<p>&nbsp;<\/p>\n<p>Per obtenir m\u00e9s informaci\u00f3 sobre el programa, podeu consultar el seg\u00fcent <a href=\"https:\/\/igualtat.gencat.cat\/ca\/ambits-dactuacio\/cures-temps-i-treballs\/Equitat-en-els-treballs\/La-indutria-sobre-a-lescola-amb-perspectiva-de-genere\/index.html\">enlla\u00e7<\/a>.<\/p>\n","protected":false},"excerpt":{"rendered":"<p>El programa \u201cLa ind\u00fastria s\u2019obre a l\u2019escola amb perspectiva de g\u00e8nere\u201d, impulsat pel Departament d\u2019Igualtat i Feminismes en col\u00b7laboraci\u00f3 amb el Departament d\u2019Educaci\u00f3, busca connectar l\u2019escola amb la ind\u00fastria catalana de proximitat per fomentar vocacions industrials, especialment entre les nenes i les noies, amb l\u2019objectiu d\u2019incrementar el nombre de dones a la ind\u00fastria. El programa [&hellip;]<\/p>\n","protected":false},"author":49,"featured_media":0,"parent":0,"menu_order":0,"comment_status":"closed","ping_status":"closed","template":"","meta":{"_bbp_topic_count":0,"_bbp_reply_count":0,"_bbp_total_topic_count":0,"_bbp_total_reply_count":0,"_bbp_voice_count":0,"_bbp_anonymous_reply_count":0,"_bbp_topic_count_hidden":0,"_bbp_reply_count_hidden":0,"_bbp_forum_subforum_count":0,"site-sidebar-layout":"default","site-content-layout":"","ast-site-content-layout":"","site-content-style":"default","site-sidebar-style":"default","ast-global-header-display":"","ast-banner-title-visibility":"","ast-main-header-display":"","ast-hfb-above-header-display":"","ast-hfb-below-header-display":"","ast-hfb-mobile-header-display":"","site-post-title":"","ast-breadcrumbs-content":"","ast-featured-img":"","footer-sml-layout":"","theme-transparent-header-meta":"","adv-header-id-meta":"","stick-header-meta":"","header-above-stick-meta":"","header-main-stick-meta":"","header-below-stick-meta":"","astra-migrate-meta-layouts":"default","ast-page-background-enabled":"default","ast-page-background-meta":{"desktop":{"background-color":"var(--ast-global-color-5)","background-image":"","background-repeat":"repeat","background-position":"center center","background-size":"auto","background-attachment":"scroll","background-type":"","background-media":"","overlay-type":"","overlay-color":"","overlay-opacity":"","overlay-gradient":""},"tablet":{"background-color":"","background-image":"","background-repeat":"repeat","background-position":"center center","background-size":"auto","background-attachment":"scroll","background-type":"","background-media":"","overlay-type":"","overlay-color":"","overlay-opacity":"","overlay-gradient":""},"mobile":{"background-color":"","background-image":"","background-repeat":"repeat","background-position":"center center","background-size":"auto","background-attachment":"scroll","background-type":"","background-media":"","overlay-type":"","overlay-color":"","overlay-opacity":"","overlay-gradient":""}},"ast-content-background-meta":{"desktop":{"background-color":"var(--ast-global-color-4)","background-image":"","background-repeat":"repeat","background-position":"center center","background-size":"auto","background-attachment":"scroll","background-type":"","background-media":"","overlay-type":"","overlay-color":"","overlay-opacity":"","overlay-gradient":""},"tablet":{"background-color":"var(--ast-global-color-4)","background-image":"","background-repeat":"repeat","background-position":"center center","background-size":"auto","background-attachment":"scroll","background-type":"","background-media":"","overlay-type":"","overlay-color":"","overlay-opacity":"","overlay-gradient":""},"mobile":{"background-color":"var(--ast-global-color-4)","background-image":"","background-repeat":"repeat","background-position":"center center","background-size":"auto","background-attachment":"scroll","background-type":"","background-media":"","overlay-type":"","overlay-color":"","overlay-opacity":"","overlay-gradient":""}},"footnotes":""},"class_list":["post-5248","page","type-page","status-publish","hentry"],"post_mailing_queue_ids":[],"_links":{"self":[{"href":"https:\/\/agora.xtec.cat\/ieagustibarbera\/wp-json\/wp\/v2\/pages\/5248","targetHints":{"allow":["GET"]}}],"collection":[{"href":"https:\/\/agora.xtec.cat\/ieagustibarbera\/wp-json\/wp\/v2\/pages"}],"about":[{"href":"https:\/\/agora.xtec.cat\/ieagustibarbera\/wp-json\/wp\/v2\/types\/page"}],"author":[{"embeddable":true,"href":"https:\/\/agora.xtec.cat\/ieagustibarbera\/wp-json\/wp\/v2\/users\/49"}],"replies":[{"embeddable":true,"href":"https:\/\/agora.xtec.cat\/ieagustibarbera\/wp-json\/wp\/v2\/comments?post=5248"}],"version-history":[{"count":2,"href":"https:\/\/agora.xtec.cat\/ieagustibarbera\/wp-json\/wp\/v2\/pages\/5248\/revisions"}],"predecessor-version":[{"id":5396,"href":"https:\/\/agora.xtec.cat\/ieagustibarbera\/wp-json\/wp\/v2\/pages\/5248\/revisions\/5396"}],"wp:attachment":[{"href":"https:\/\/agora.xtec.cat\/ieagustibarbera\/wp-json\/wp\/v2\/media?parent=5248"}],"curies":[{"name":"wp","href":"https:\/\/api.w.org\/{rel}","templated":true}]}}