{"id":5246,"date":"2025-08-18T19:30:30","date_gmt":"2025-08-18T17:30:30","guid":{"rendered":"https:\/\/agora.xtec.cat\/ieagustibarbera\/?page_id=5246"},"modified":"2025-08-20T18:19:47","modified_gmt":"2025-08-20T16:19:47","slug":"inspira-steam","status":"publish","type":"page","link":"https:\/\/agora.xtec.cat\/ieagustibarbera\/inspira-steam\/","title":{"rendered":"Inspira STEAM"},"content":{"rendered":"<p><strong>Inspira STEAM<\/strong> \u00e9s un projecte pioner que t\u00e9 per objectiu fomentar l&#8217;inter\u00e8s cap a la ci\u00e8ncia i la tecnologia entre els joves, especialment entre les xiques. Est\u00e0 basat en accions de sensibilitzaci\u00f3 i orientaci\u00f3 que imparteixen dones, i tamb\u00e9 homes, professionals del m\u00f3n de la investigaci\u00f3, la ci\u00e8cnia i la tecnologia. S&#8217;utilitza la mentoria grupal en un projecte per fomentar les STEAM (Science, Technology, Engineering, Arts and Maths) entre estudiantes de prim\u00e0ria i 1r d&#8217;ESO.<\/p>\n<p>El cor del projecte s\u00f3n les mentores i mentors que, de manera volunt\u00e0ria, apropen la ci\u00e8ncia i la tecnologia, a les xiquetes i xiquets a trav\u00e9s de sis sessions de treball en horari lectiu. Totes aquestes persones s\u00f3n professionals de ci\u00e8ncia i tecnologia que desenvolupen la seva activitat en diferents \u00e0mbits: acad\u00e8mic, empresarial, empresarial, investigaci\u00f3 i gesti\u00f3, etc.<\/p>\n<p>Al centre hi participa l&#8217;alumnat de 1r d&#8217;ESO.<\/p>\n<p>Si vols saber m\u00e9s sobre el projecte, entra a l&#8217;<a href=\"https:\/\/inspirasteam.net\/\">enlla\u00e7<\/a>.<\/p>\n<p><a href=\"https:\/\/agora.xtec.cat\/ieagustibarbera\/wp-content\/uploads\/usu625\/2025\/08\/1111.jpg\"><img loading=\"lazy\" decoding=\"async\" class=\"aligncenter wp-image-5391\" src=\"https:\/\/agora.xtec.cat\/ieagustibarbera\/wp-content\/uploads\/usu625\/2025\/08\/1111.jpg\" alt=\"\" width=\"463\" height=\"185\" srcset=\"https:\/\/agora.xtec.cat\/ieagustibarbera\/wp-content\/uploads\/usu625\/2025\/08\/1111.jpg 693w, https:\/\/agora.xtec.cat\/ieagustibarbera\/wp-content\/uploads\/usu625\/2025\/08\/1111-300x120.jpg 300w\" sizes=\"auto, (max-width: 463px) 100vw, 463px\" \/><\/a><\/p>\n","protected":false},"excerpt":{"rendered":"<p>Inspira STEAM \u00e9s un projecte pioner que t\u00e9 per objectiu fomentar l&#8217;inter\u00e8s cap a la ci\u00e8ncia i la tecnologia entre els joves, especialment entre les xiques. Est\u00e0 basat en accions de sensibilitzaci\u00f3 i orientaci\u00f3 que imparteixen dones, i tamb\u00e9 homes, professionals del m\u00f3n de la investigaci\u00f3, la ci\u00e8cnia i la tecnologia. S&#8217;utilitza la mentoria grupal [&hellip;]<\/p>\n","protected":false},"author":49,"featured_media":0,"parent":0,"menu_order":0,"comment_status":"closed","ping_status":"closed","template":"","meta":{"_bbp_topic_count":0,"_bbp_reply_count":0,"_bbp_total_topic_count":0,"_bbp_total_reply_count":0,"_bbp_voice_count":0,"_bbp_anonymous_reply_count":0,"_bbp_topic_count_hidden":0,"_bbp_reply_count_hidden":0,"_bbp_forum_subforum_count":0,"site-sidebar-layout":"default","site-content-layout":"","ast-site-content-layout":"","site-content-style":"default","site-sidebar-style":"default","ast-global-header-display":"","ast-banner-title-visibility":"","ast-main-header-display":"","ast-hfb-above-header-display":"","ast-hfb-below-header-display":"","ast-hfb-mobile-header-display":"","site-post-title":"","ast-breadcrumbs-content":"","ast-featured-img":"","footer-sml-layout":"","theme-transparent-header-meta":"","adv-header-id-meta":"","stick-header-meta":"","header-above-stick-meta":"","header-main-stick-meta":"","header-below-stick-meta":"","astra-migrate-meta-layouts":"default","ast-page-background-enabled":"default","ast-page-background-meta":{"desktop":{"background-color":"var(--ast-global-color-5)","background-image":"","background-repeat":"repeat","background-position":"center center","background-size":"auto","background-attachment":"scroll","background-type":"","background-media":"","overlay-type":"","overlay-color":"","overlay-opacity":"","overlay-gradient":""},"tablet":{"background-color":"","background-image":"","background-repeat":"repeat","background-position":"center center","background-size":"auto","background-attachment":"scroll","background-type":"","background-media":"","overlay-type":"","overlay-color":"","overlay-opacity":"","overlay-gradient":""},"mobile":{"background-color":"","background-image":"","background-repeat":"repeat","background-position":"center center","background-size":"auto","background-attachment":"scroll","background-type":"","background-media":"","overlay-type":"","overlay-color":"","overlay-opacity":"","overlay-gradient":""}},"ast-content-background-meta":{"desktop":{"background-color":"var(--ast-global-color-4)","background-image":"","background-repeat":"repeat","background-position":"center center","background-size":"auto","background-attachment":"scroll","background-type":"","background-media":"","overlay-type":"","overlay-color":"","overlay-opacity":"","overlay-gradient":""},"tablet":{"background-color":"var(--ast-global-color-4)","background-image":"","background-repeat":"repeat","background-position":"center center","background-size":"auto","background-attachment":"scroll","background-type":"","background-media":"","overlay-type":"","overlay-color":"","overlay-opacity":"","overlay-gradient":""},"mobile":{"background-color":"var(--ast-global-color-4)","background-image":"","background-repeat":"repeat","background-position":"center center","background-size":"auto","background-attachment":"scroll","background-type":"","background-media":"","overlay-type":"","overlay-color":"","overlay-opacity":"","overlay-gradient":""}},"footnotes":""},"class_list":["post-5246","page","type-page","status-publish","hentry"],"post_mailing_queue_ids":[],"_links":{"self":[{"href":"https:\/\/agora.xtec.cat\/ieagustibarbera\/wp-json\/wp\/v2\/pages\/5246","targetHints":{"allow":["GET"]}}],"collection":[{"href":"https:\/\/agora.xtec.cat\/ieagustibarbera\/wp-json\/wp\/v2\/pages"}],"about":[{"href":"https:\/\/agora.xtec.cat\/ieagustibarbera\/wp-json\/wp\/v2\/types\/page"}],"author":[{"embeddable":true,"href":"https:\/\/agora.xtec.cat\/ieagustibarbera\/wp-json\/wp\/v2\/users\/49"}],"replies":[{"embeddable":true,"href":"https:\/\/agora.xtec.cat\/ieagustibarbera\/wp-json\/wp\/v2\/comments?post=5246"}],"version-history":[{"count":4,"href":"https:\/\/agora.xtec.cat\/ieagustibarbera\/wp-json\/wp\/v2\/pages\/5246\/revisions"}],"predecessor-version":[{"id":5395,"href":"https:\/\/agora.xtec.cat\/ieagustibarbera\/wp-json\/wp\/v2\/pages\/5246\/revisions\/5395"}],"wp:attachment":[{"href":"https:\/\/agora.xtec.cat\/ieagustibarbera\/wp-json\/wp\/v2\/media?parent=5246"}],"curies":[{"name":"wp","href":"https:\/\/api.w.org\/{rel}","templated":true}]}}