{"id":5143,"date":"2025-02-10T13:52:41","date_gmt":"2025-02-10T12:52:41","guid":{"rendered":"https:\/\/agora.xtec.cat\/ieagustibarbera\/?page_id=5143"},"modified":"2025-02-10T13:52:41","modified_gmt":"2025-02-10T12:52:41","slug":"material-i-llibres-llicencies","status":"publish","type":"page","link":"https:\/\/agora.xtec.cat\/ieagustibarbera\/lescola\/material-escolar\/departaments\/material-i-llibres-llicencies\/","title":{"rendered":"Material i Llibres-Llic\u00e8ncies"},"content":{"rendered":"<h3>Educaci\u00f3 B\u00e0sica (Prim\u00e0ria i Secund\u00e0ria)<\/h3>\n<p>Curs 24-25<\/p>\n<p><a href=\"https:\/\/agora.xtec.cat\/ieagustibarbera\/lescola\/material-escolar\/material-educacio-infantil\/\">Material escolar I3, I4 i I5<\/a><\/p>\n<p><a href=\"https:\/\/agora.xtec.cat\/ieagustibarbera\/lescola\/material-escolar\/llibres-i-material-cicle-inicial\/\" target=\"_blank\" rel=\"noopener\">Material i llibres de cicle inicial<\/a><\/p>\n<p><a href=\"https:\/\/agora.xtec.cat\/ieagustibarbera\/lescola\/material-escolar\/llibres-i-material-cicle-mitja\/\" target=\"_blank\" rel=\"noopener\">Material i llibres de cicle mitj\u00e0<\/a><\/p>\n<p><a href=\"https:\/\/agora.xtec.cat\/ieagustibarbera\/lescola\/material-escolar\/llibres-i-material-cicle-superior\/\" target=\"_blank\" rel=\"noopener\">Material i llibres de cicle superior<\/a><\/p>\n<p><a href=\"https:\/\/drive.google.com\/file\/d\/17MQLVBDiSoYyQOTQ2vo6hb5dxwVAVGuh\/view?usp=drive_link\">Material, llic\u00e8ncies digitals<\/a> i <a href=\"https:\/\/drive.google.com\/file\/d\/1zLXYeg3xs6hRKulJzldboBF6qEZ9YYN0\/view?usp=drive_link\">socialitzaci\u00f3<\/a> de <strong>1r ESO<\/strong><\/p>\n<p><a href=\"https:\/\/drive.google.com\/file\/d\/1Vt2BpoGYc1oKO5jkWsyurC9WSxtrLFGK\/view?usp=drive_link\">Material, llic\u00e8ncies digitals<\/a> i <a href=\"https:\/\/drive.google.com\/file\/d\/1XSal-ZCah8ncb1SFEPSadQmNpASpmoRb\/view?usp=drive_link\">socialitzaci\u00f3<\/a> de <strong>2n ESO<\/strong><\/p>\n<p><a href=\"https:\/\/drive.google.com\/file\/d\/1bqg1QHnd5_U3XRsOeQR0D7r7y20D9V8H\/view?usp=drive_link\">Material, llic\u00e8ncies digitals<\/a> i <a href=\"https:\/\/drive.google.com\/file\/d\/1G3-FcuAd6yIfHBmSCvbgrgwsO4AXV1vt\/view?usp=drive_link\">socialitzaci\u00f3<\/a> de <strong>3r ESO<\/strong><\/p>\n<p><a href=\"https:\/\/drive.google.com\/file\/d\/1_VQEwvPKS69Lk4NULjbgpoQvEE2a0zQy\/view?usp=drive_link\">Material, llic\u00e8ncies digitals<\/a> i <a href=\"https:\/\/drive.google.com\/file\/d\/1R47pHiMwWnh1mR9TRc4tyjqR_dKc3bGK\/view?usp=drive_link\">socialitzaci\u00f3<\/a> de <strong>4t ESO<\/strong><\/p>\n<p>La reutilitzaci\u00f3 de llibres de lectura (projecte de socialitzaci\u00f3) nom\u00e9s es fa un \u00fanic pagament quan l&#8217;alumne\/a es matricula per primer cop a l&#8217;etapa de secund\u00e0ria.<\/p>\n<p>VAL ESCOLAR 60 \u20ac. Les fam\u00edlies poden escollir que se\u2019ls descomptin els 60 \u20ac de la quota de material, llic\u00e8ncies digitals o pagar la quota de manera \u00edntegra.<\/p>\n","protected":false},"excerpt":{"rendered":"<p>Educaci\u00f3 B\u00e0sica (Prim\u00e0ria i Secund\u00e0ria) Curs 24-25 Material escolar I3, I4 i I5 Material i llibres de cicle inicial Material i llibres de cicle mitj\u00e0 Material i llibres de cicle superior Material, llic\u00e8ncies digitals i socialitzaci\u00f3 de 1r ESO Material, llic\u00e8ncies digitals i socialitzaci\u00f3 de 2n ESO Material, llic\u00e8ncies digitals i socialitzaci\u00f3 de 3r ESO [&hellip;]<\/p>\n","protected":false},"author":49,"featured_media":0,"parent":384,"menu_order":0,"comment_status":"closed","ping_status":"closed","template":"","meta":{"_bbp_topic_count":0,"_bbp_reply_count":0,"_bbp_total_topic_count":0,"_bbp_total_reply_count":0,"_bbp_voice_count":0,"_bbp_anonymous_reply_count":0,"_bbp_topic_count_hidden":0,"_bbp_reply_count_hidden":0,"_bbp_forum_subforum_count":0,"site-sidebar-layout":"default","site-content-layout":"","ast-site-content-layout":"","site-content-style":"default","site-sidebar-style":"default","ast-global-header-display":"","ast-banner-title-visibility":"","ast-main-header-display":"","ast-hfb-above-header-display":"","ast-hfb-below-header-display":"","ast-hfb-mobile-header-display":"","site-post-title":"","ast-breadcrumbs-content":"","ast-featured-img":"","footer-sml-layout":"","theme-transparent-header-meta":"","adv-header-id-meta":"","stick-header-meta":"","header-above-stick-meta":"","header-main-stick-meta":"","header-below-stick-meta":"","astra-migrate-meta-layouts":"default","ast-page-background-enabled":"default","ast-page-background-meta":{"desktop":{"background-color":"var(--ast-global-color-5)","background-image":"","background-repeat":"repeat","background-position":"center center","background-size":"auto","background-attachment":"scroll","background-type":"","background-media":"","overlay-type":"","overlay-color":"","overlay-opacity":"","overlay-gradient":""},"tablet":{"background-color":"","background-image":"","background-repeat":"repeat","background-position":"center center","background-size":"auto","background-attachment":"scroll","background-type":"","background-media":"","overlay-type":"","overlay-color":"","overlay-opacity":"","overlay-gradient":""},"mobile":{"background-color":"","background-image":"","background-repeat":"repeat","background-position":"center center","background-size":"auto","background-attachment":"scroll","background-type":"","background-media":"","overlay-type":"","overlay-color":"","overlay-opacity":"","overlay-gradient":""}},"ast-content-background-meta":{"desktop":{"background-color":"var(--ast-global-color-4)","background-image":"","background-repeat":"repeat","background-position":"center center","background-size":"auto","background-attachment":"scroll","background-type":"","background-media":"","overlay-type":"","overlay-color":"","overlay-opacity":"","overlay-gradient":""},"tablet":{"background-color":"var(--ast-global-color-4)","background-image":"","background-repeat":"repeat","background-position":"center center","background-size":"auto","background-attachment":"scroll","background-type":"","background-media":"","overlay-type":"","overlay-color":"","overlay-opacity":"","overlay-gradient":""},"mobile":{"background-color":"var(--ast-global-color-4)","background-image":"","background-repeat":"repeat","background-position":"center center","background-size":"auto","background-attachment":"scroll","background-type":"","background-media":"","overlay-type":"","overlay-color":"","overlay-opacity":"","overlay-gradient":""}},"footnotes":""},"class_list":["post-5143","page","type-page","status-publish","hentry"],"post_mailing_queue_ids":[],"_links":{"self":[{"href":"https:\/\/agora.xtec.cat\/ieagustibarbera\/wp-json\/wp\/v2\/pages\/5143","targetHints":{"allow":["GET"]}}],"collection":[{"href":"https:\/\/agora.xtec.cat\/ieagustibarbera\/wp-json\/wp\/v2\/pages"}],"about":[{"href":"https:\/\/agora.xtec.cat\/ieagustibarbera\/wp-json\/wp\/v2\/types\/page"}],"author":[{"embeddable":true,"href":"https:\/\/agora.xtec.cat\/ieagustibarbera\/wp-json\/wp\/v2\/users\/49"}],"replies":[{"embeddable":true,"href":"https:\/\/agora.xtec.cat\/ieagustibarbera\/wp-json\/wp\/v2\/comments?post=5143"}],"version-history":[{"count":1,"href":"https:\/\/agora.xtec.cat\/ieagustibarbera\/wp-json\/wp\/v2\/pages\/5143\/revisions"}],"predecessor-version":[{"id":5144,"href":"https:\/\/agora.xtec.cat\/ieagustibarbera\/wp-json\/wp\/v2\/pages\/5143\/revisions\/5144"}],"up":[{"embeddable":true,"href":"https:\/\/agora.xtec.cat\/ieagustibarbera\/wp-json\/wp\/v2\/pages\/384"}],"wp:attachment":[{"href":"https:\/\/agora.xtec.cat\/ieagustibarbera\/wp-json\/wp\/v2\/media?parent=5143"}],"curies":[{"name":"wp","href":"https:\/\/api.w.org\/{rel}","templated":true}]}}