{"id":4818,"date":"2023-06-08T11:04:15","date_gmt":"2023-06-08T09:04:15","guid":{"rendered":"https:\/\/agora.xtec.cat\/ieagustibarbera\/?page_id=4818"},"modified":"2023-06-08T11:04:15","modified_gmt":"2023-06-08T09:04:15","slug":"competencia-digital-de-lalumnat","status":"publish","type":"page","link":"https:\/\/agora.xtec.cat\/ieagustibarbera\/competencia-digital-de-lalumnat\/","title":{"rendered":"Compet\u00e8ncia digital de lalumnat"},"content":{"rendered":"<p><span style=\"font-weight: 400;\">En el marc del Pla d\u2019Educaci\u00f3 digital de Catalunya un dels objectius a assolir \u00e9s la millora de la compet\u00e8ncia digital de l\u2019alumnat. Aquestes compet\u00e8ncies estan definides al Digcomp:<\/span><\/p>\n<p><a href=\"https:\/\/agora.xtec.cat\/ieagustibarbera\/wp-content\/uploads\/usu625\/2023\/06\/FIC-Modul-3-Sessio-1-Marc-de-la-Competencia-digital-1-1.jpg\"><img loading=\"lazy\" decoding=\"async\" class=\"alignnone size-large wp-image-4819\" src=\"https:\/\/agora.xtec.cat\/ieagustibarbera\/wp-content\/uploads\/usu625\/2023\/06\/FIC-Modul-3-Sessio-1-Marc-de-la-Competencia-digital-1-1.jpg\" alt=\"\" width=\"960\" height=\"540\" srcset=\"https:\/\/agora.xtec.cat\/ieagustibarbera\/wp-content\/uploads\/usu625\/2023\/06\/FIC-Modul-3-Sessio-1-Marc-de-la-Competencia-digital-1-1.jpg 960w, https:\/\/agora.xtec.cat\/ieagustibarbera\/wp-content\/uploads\/usu625\/2023\/06\/FIC-Modul-3-Sessio-1-Marc-de-la-Competencia-digital-1-1-300x169.jpg 300w, https:\/\/agora.xtec.cat\/ieagustibarbera\/wp-content\/uploads\/usu625\/2023\/06\/FIC-Modul-3-Sessio-1-Marc-de-la-Competencia-digital-1-1-768x432.jpg 768w\" sizes=\"auto, (max-width: 960px) 100vw, 960px\" \/><\/a><\/p>\n<p><span style=\"font-weight: 400;\">A nivell de centre s\u2019ha iniciat el treball del desplegament de la compet\u00e8ncia digital de l\u2019alumnat recollint les activitats que es fan al centre on es treballen aquestes compet\u00e8ncies:<\/span><\/p>\n<p><span style=\"font-weight: 400;\">Educaci\u00f3 Infantil: activitats amb tauleta i a P4 i P5 es fa un taller de rob\u00f2tica amb les Beeboots.<\/span><\/p>\n<p><span style=\"font-weight: 400;\">Educaci\u00f3 Prim\u00e0ria: S\u2019inicia el treball amb ell Classroom.<\/span><\/p>\n<p><span style=\"font-weight: 400;\">Educaci\u00f3 secund\u00e0ria: Es treballa amb el Classroom i en l\u2019\u00e0mbit cient\u00edficotecnol\u00f2gic i matem\u00e0tic es treballa amb simuladors. A 3r ESO es treballa tamb\u00e9 la rob\u00f2tica amb la programaci\u00f3 per blocs amb Scratch amb el Lego Spike.<\/span><\/p>\n<p><span style=\"font-weight: 400;\">Tamb\u00e9 s\u2019est\u00e0 treballant en l\u2019elaboraci\u00f3 d\u2019un document on es detalli el desplegament de la compet\u00e8ncia digital de l\u2019alumnat (planificat com a actuaci\u00f3 dins l\u2019Estrag\u00e8gia digital de centre).<\/span><\/p>\n","protected":false},"excerpt":{"rendered":"<p>En el marc del Pla d\u2019Educaci\u00f3 digital de Catalunya un dels objectius a assolir \u00e9s la millora de la compet\u00e8ncia digital de l\u2019alumnat. Aquestes compet\u00e8ncies estan definides al Digcomp: A nivell de centre s\u2019ha iniciat el treball del desplegament de la compet\u00e8ncia digital de l\u2019alumnat recollint les activitats que es fan al centre on es [&hellip;]<\/p>\n","protected":false},"author":1,"featured_media":0,"parent":0,"menu_order":0,"comment_status":"closed","ping_status":"closed","template":"","meta":{"_bbp_topic_count":0,"_bbp_reply_count":0,"_bbp_total_topic_count":0,"_bbp_total_reply_count":0,"_bbp_voice_count":0,"_bbp_anonymous_reply_count":0,"_bbp_topic_count_hidden":0,"_bbp_reply_count_hidden":0,"_bbp_forum_subforum_count":0,"site-sidebar-layout":"default","site-content-layout":"","ast-site-content-layout":"","site-content-style":"default","site-sidebar-style":"default","ast-global-header-display":"","ast-banner-title-visibility":"","ast-main-header-display":"","ast-hfb-above-header-display":"","ast-hfb-below-header-display":"","ast-hfb-mobile-header-display":"","site-post-title":"","ast-breadcrumbs-content":"","ast-featured-img":"","footer-sml-layout":"","theme-transparent-header-meta":"","adv-header-id-meta":"","stick-header-meta":"","header-above-stick-meta":"","header-main-stick-meta":"","header-below-stick-meta":"","astra-migrate-meta-layouts":"default","ast-page-background-enabled":"default","ast-page-background-meta":{"desktop":{"background-color":"var(--ast-global-color-5)","background-image":"","background-repeat":"repeat","background-position":"center center","background-size":"auto","background-attachment":"scroll","background-type":"","background-media":"","overlay-type":"","overlay-color":"","overlay-opacity":"","overlay-gradient":""},"tablet":{"background-color":"","background-image":"","background-repeat":"repeat","background-position":"center center","background-size":"auto","background-attachment":"scroll","background-type":"","background-media":"","overlay-type":"","overlay-color":"","overlay-opacity":"","overlay-gradient":""},"mobile":{"background-color":"","background-image":"","background-repeat":"repeat","background-position":"center center","background-size":"auto","background-attachment":"scroll","background-type":"","background-media":"","overlay-type":"","overlay-color":"","overlay-opacity":"","overlay-gradient":""}},"ast-content-background-meta":{"desktop":{"background-color":"var(--ast-global-color-4)","background-image":"","background-repeat":"repeat","background-position":"center center","background-size":"auto","background-attachment":"scroll","background-type":"","background-media":"","overlay-type":"","overlay-color":"","overlay-opacity":"","overlay-gradient":""},"tablet":{"background-color":"var(--ast-global-color-4)","background-image":"","background-repeat":"repeat","background-position":"center center","background-size":"auto","background-attachment":"scroll","background-type":"","background-media":"","overlay-type":"","overlay-color":"","overlay-opacity":"","overlay-gradient":""},"mobile":{"background-color":"var(--ast-global-color-4)","background-image":"","background-repeat":"repeat","background-position":"center center","background-size":"auto","background-attachment":"scroll","background-type":"","background-media":"","overlay-type":"","overlay-color":"","overlay-opacity":"","overlay-gradient":""}},"footnotes":""},"class_list":["post-4818","page","type-page","status-publish","hentry"],"post_mailing_queue_ids":[],"_links":{"self":[{"href":"https:\/\/agora.xtec.cat\/ieagustibarbera\/wp-json\/wp\/v2\/pages\/4818","targetHints":{"allow":["GET"]}}],"collection":[{"href":"https:\/\/agora.xtec.cat\/ieagustibarbera\/wp-json\/wp\/v2\/pages"}],"about":[{"href":"https:\/\/agora.xtec.cat\/ieagustibarbera\/wp-json\/wp\/v2\/types\/page"}],"author":[{"embeddable":true,"href":"https:\/\/agora.xtec.cat\/ieagustibarbera\/wp-json\/wp\/v2\/users\/1"}],"replies":[{"embeddable":true,"href":"https:\/\/agora.xtec.cat\/ieagustibarbera\/wp-json\/wp\/v2\/comments?post=4818"}],"version-history":[{"count":1,"href":"https:\/\/agora.xtec.cat\/ieagustibarbera\/wp-json\/wp\/v2\/pages\/4818\/revisions"}],"predecessor-version":[{"id":4820,"href":"https:\/\/agora.xtec.cat\/ieagustibarbera\/wp-json\/wp\/v2\/pages\/4818\/revisions\/4820"}],"wp:attachment":[{"href":"https:\/\/agora.xtec.cat\/ieagustibarbera\/wp-json\/wp\/v2\/media?parent=4818"}],"curies":[{"name":"wp","href":"https:\/\/api.w.org\/{rel}","templated":true}]}}