{"id":4534,"date":"2022-06-29T21:11:42","date_gmt":"2022-06-29T19:11:42","guid":{"rendered":"https:\/\/agora.xtec.cat\/ieagustibarbera\/?page_id=4534"},"modified":"2026-02-19T15:18:16","modified_gmt":"2026-02-19T14:18:16","slug":"equip-docent","status":"publish","type":"page","link":"https:\/\/agora.xtec.cat\/ieagustibarbera\/equip-docent\/","title":{"rendered":"Equip Docent"},"content":{"rendered":"<ul>\n<li aria-level=\"2\"><b>Coordinadors\/es de Cicle:<\/b>\n<ul>\n<li aria-level=\"2\"><span style=\"font-weight: 400;\">Coordinadora d\u2019EI: Tere Margalef.<\/span><\/li>\n<li aria-level=\"2\"><span style=\"font-weight: 400;\">Coordinadora de CI: Mariela Chillida.<\/span><\/li>\n<li aria-level=\"2\"><span style=\"font-weight: 400;\">Coordinadora de CM: Joan Zaragoza.<\/span><\/li>\n<li aria-level=\"2\"><span style=\"font-weight: 400;\">Coordinadora de CS: M\u00aa Jos\u00e9 Mahiques.<\/span><\/li>\n<li aria-level=\"2\"><span style=\"font-weight: 400;\">Coordinadora 1r i 2n d\u2019ESO: Rosal\u00e9n Chillida.\u00a0<\/span><\/li>\n<li aria-level=\"2\"><span style=\"font-weight: 400;\">Coordinadora 3r i 4t d\u2019ESO: Joana Ort\u00ed.<\/span><\/li>\n<\/ul>\n<\/li>\n<\/ul>\n<ul>\n<li style=\"list-style-type: none;\"><\/li>\n<\/ul>\n<ul>\n<li><strong>Tutories de centre:<\/strong>\n<ul>\n<li style=\"font-weight: 400;\" aria-level=\"3\"><span style=\"font-weight: 400;\">I3 (1 l\u00ednia): Montserrat Llobera.<\/span><\/li>\n<li style=\"font-weight: 400;\" aria-level=\"3\"><span style=\"font-weight: 400;\">I4 (1 l\u00ednia): Tere Margalef.<\/span><\/li>\n<li style=\"font-weight: 400;\" aria-level=\"3\"><span style=\"font-weight: 400;\">I5: (1 l\u00ednia): Andrea Morales.<\/span><\/li>\n<li style=\"font-weight: 400;\" aria-level=\"3\"><span style=\"font-weight: 400;\">1r PRI: Mariela Chillida (A), Neus Arasa (B).<\/span><\/li>\n<li style=\"font-weight: 400;\" aria-level=\"3\"><span style=\"font-weight: 400;\">2n PRI:\u00a0 M\u00aa Jos\u00e9 Garcia (A), Lourdes Mart\u00ednez (B).<\/span><\/li>\n<li style=\"font-weight: 400;\" aria-level=\"3\"><span style=\"font-weight: 400;\">3r PRI: \u00c0ngels Forcadell (A), Merc\u00e8 Albuixech (B).<\/span><\/li>\n<li style=\"font-weight: 400;\" aria-level=\"3\"><span style=\"font-weight: 400;\">4t PRI: Carme Uni\u00f3 (A), Josep Beltran (B).<\/span><\/li>\n<li style=\"font-weight: 400;\" aria-level=\"3\"><span style=\"font-weight: 400;\">5\u00e8 PRI: M\u00aa Jos\u00e9 Mahiques (A), Oriol Esteve (B).<\/span><\/li>\n<li style=\"font-weight: 400;\" aria-level=\"3\"><span style=\"font-weight: 400;\">6\u00e8 PRI: Montse Anguera (A), Jessica Bertomeu (B).<\/span><\/li>\n<\/ul>\n<ul>\n<li style=\"font-weight: 400;\" aria-level=\"3\"><span style=\"font-weight: 400;\">Tutoria SIEI infantil i prim\u00e0ria: Sara Tirado.<\/span><\/li>\n<li style=\"font-weight: 400;\" aria-level=\"3\"><span style=\"font-weight: 400;\">Tutoria Aula d\u2019Acollida: Rosa M\u00aa Foix.<\/span><\/li>\n<li style=\"font-weight: 400;\" aria-level=\"3\"><span style=\"font-weight: 400;\">Tutories 1r ESO: Claudia Belenguer (A).\u00a0<\/span>\n<ul style=\"list-style-type: circle;\">\n<li style=\"font-weight: 400;\" aria-level=\"3\"><span style=\"font-weight: 400;\">Orientaci\u00f3 1r ESO i cotutora: Roser Romeu.<\/span><\/li>\n<\/ul>\n<\/li>\n<li style=\"font-weight: 400;\" aria-level=\"3\"><span style=\"font-weight: 400;\">Tutories 2n ESO: Montse Ruiz (A) i Ra\u00fcl Paris (B).<\/span>\n<ul style=\"list-style-type: circle;\">\n<li style=\"font-weight: 400;\" aria-level=\"3\">Orientaci\u00f3 2n ESO i cotutora: Clara Ferrer.<\/li>\n<\/ul>\n<\/li>\n<li style=\"font-weight: 400;\" aria-level=\"3\"><span style=\"font-weight: 400;\">Tutories 3r ESO: N\u00faria Matheu (A) i Mariona Revert\u00e9(B).\u00a0<\/span>\n<ul style=\"list-style-type: circle;\">\n<li style=\"font-weight: 400;\" aria-level=\"3\"><span style=\"font-weight: 400;\">Orientaci\u00f3 3r ESO i cotutora: Cinta Alvaro.<\/span><\/li>\n<\/ul>\n<\/li>\n<li style=\"font-weight: 400;\" aria-level=\"3\"><span style=\"font-weight: 400;\">Tutories 4t ESO: Carlos Bell\u00e9s (A) i <\/span><span style=\"font-weight: 400;\">N\u00faria Falc\u00f3 (B).<\/span>\n<ul style=\"list-style-type: circle;\">\n<li style=\"font-weight: 400;\" aria-level=\"3\"><span style=\"font-weight: 400;\">Orientaci\u00f3 4t ESO i cotutora: Elea Hern\u00e1ndez.\u00a0<\/span><\/li>\n<\/ul>\n<\/li>\n<li style=\"font-weight: 400;\" aria-level=\"3\"><span style=\"font-weight: 400;\">Referents SIEI:<\/span><span style=\"font-weight: 400;\"> Elea Hern\u00e1ndez i<\/span><span style=\"font-weight: 400;\"> Cinta Alvaro.<\/span><\/li>\n<li style=\"font-weight: 400;\" aria-level=\"3\"><span style=\"font-weight: 400;\">Tutoria Projecte de Diversificaci\u00f3 Curricular (PDC): M\u00aa Elena Mir\u00f3.\u00a0\u00a0<\/span>\n<ul style=\"list-style-type: circle;\">\n<li style=\"font-weight: 400;\" aria-level=\"3\"><span style=\"font-weight: 400;\">Orientaci\u00f3 PDC: Roser Romeu.<\/span><\/li>\n<\/ul>\n<\/li>\n<li style=\"font-weight: 400;\" aria-level=\"3\"><span style=\"font-weight: 400;\">Tutoria Aula d\u2019Acollida (ADC): Ra\u00fcl Paris.<\/span><\/li>\n<\/ul>\n<\/li>\n<\/ul>\n<ul>\n<li style=\"list-style-type: none;\">\n<ul>\n<li style=\"list-style-type: none;\"><\/li>\n<\/ul>\n<\/li>\n<\/ul>\n<ul>\n<li aria-level=\"2\"><b>Altres c\u00e0rrecs:<\/b>\n<ul>\n<li aria-level=\"2\"><span style=\"font-weight: 400;\">Coordinadora d\u2019atenci\u00f3 a la diversitat: Anna Montagut.<\/span><\/li>\n<li aria-level=\"2\"><span style=\"font-weight: 400;\">Coordinadora de prevenci\u00f3 de riscos laborals: \u00c0ngels Ruiz.<\/span><\/li>\n<li aria-level=\"2\"><span style=\"font-weight: 400;\">Coordinadora pluriling\u00fce: Joana Ort\u00ed.<\/span><\/li>\n<li aria-level=\"2\"><span style=\"font-weight: 400;\">Coordinadora digital i de pensament computacional: Montse Anguera (TIC i p\u00e0gina web) i M\u00aa Elena Mir\u00f3 (pensament computacional).<\/span>\n<ul style=\"list-style-type: circle;\">\n<li aria-level=\"2\">P\u00e0gina web i xarxes socials: M\u00edriam Calvet.<\/li>\n<\/ul>\n<\/li>\n<li aria-level=\"2\"><span style=\"font-weight: 400;\">Coordinadora de la Revista Agustinet: Montse Ruiz.<\/span><\/li>\n<li aria-level=\"2\"><span style=\"font-weight: 400;\">Coordinadora per la sostenibilitat: Merc\u00e8 Albuixech (Xarxa Escoles Verdes) i Meritxell Pons (patis din\u00e0mics).\u00a0<\/span><\/li>\n<li aria-level=\"2\"><span style=\"font-weight: 400;\">Cap d\u2019\u00e0mbit social i coordinadora d\u2019EF: Meritxell Pons.<\/span><\/li>\n<li aria-level=\"2\"><span style=\"font-weight: 400;\">Cap d\u2019\u00e0mbit cientificotecnol\u00f2gic i matem\u00e0tic: M\u00aa Elena Mir\u00f3.<\/span><\/li>\n<li aria-level=\"2\"><span style=\"font-weight: 400;\">Cap d\u2019\u00e0mbit ling\u00fc\u00edstic: Sara Sanz.<\/span><\/li>\n<li aria-level=\"2\"><span style=\"font-weight: 400;\">Cap d\u2019\u00e0mbit d\u2019orientaci\u00f3: Clara Ferr\u00e9.<\/span><\/li>\n<li aria-level=\"2\"><span style=\"font-weight: 400;\">Coordinaci\u00f3 taller-laboratori: Gema Esparducer.<\/span><\/li>\n<li aria-level=\"2\"><span style=\"font-weight: 400;\">Coordinadora de coeducaci\u00f3, conviv\u00e8ncia i benestar de l&#8217;alumnat (COCOBE): Roser Romeu.<\/span><\/li>\n<li aria-level=\"2\"><span style=\"font-weight: 400;\">Coordinadora imatge i activitats extraordin\u00e0ries: Roser Carceller.<\/span><\/li>\n<li aria-level=\"2\"><span style=\"font-weight: 400;\">Coordinadora biblioteca: \u00c0ngels Forcadell.<\/span><\/li>\n<\/ul>\n<\/li>\n<\/ul>\n<ul>\n<li style=\"list-style-type: none;\"><\/li>\n<\/ul>\n<p>&nbsp;<\/p>\n","protected":false},"excerpt":{"rendered":"<p>Coordinadors\/es de Cicle: Coordinadora d\u2019EI: Tere Margalef. Coordinadora de CI: Mariela Chillida. Coordinadora de CM: Joan Zaragoza. Coordinadora de CS: M\u00aa Jos\u00e9 Mahiques. Coordinadora 1r i 2n d\u2019ESO: Rosal\u00e9n Chillida.\u00a0 Coordinadora 3r i 4t d\u2019ESO: Joana Ort\u00ed. Tutories de centre: I3 (1 l\u00ednia): Montserrat Llobera. I4 (1 l\u00ednia): Tere Margalef. I5: (1 l\u00ednia): Andrea Morales. [&hellip;]<\/p>\n","protected":false},"author":49,"featured_media":0,"parent":0,"menu_order":0,"comment_status":"closed","ping_status":"closed","template":"","meta":{"_bbp_topic_count":0,"_bbp_reply_count":0,"_bbp_total_topic_count":0,"_bbp_total_reply_count":0,"_bbp_voice_count":0,"_bbp_anonymous_reply_count":0,"_bbp_topic_count_hidden":0,"_bbp_reply_count_hidden":0,"_bbp_forum_subforum_count":0,"site-sidebar-layout":"default","site-content-layout":"","ast-site-content-layout":"default","site-content-style":"default","site-sidebar-style":"default","ast-global-header-display":"","ast-banner-title-visibility":"","ast-main-header-display":"","ast-hfb-above-header-display":"","ast-hfb-below-header-display":"","ast-hfb-mobile-header-display":"","site-post-title":"","ast-breadcrumbs-content":"","ast-featured-img":"","footer-sml-layout":"","theme-transparent-header-meta":"default","adv-header-id-meta":"","stick-header-meta":"","header-above-stick-meta":"","header-main-stick-meta":"","header-below-stick-meta":"","astra-migrate-meta-layouts":"set","ast-page-background-enabled":"default","ast-page-background-meta":{"desktop":{"background-color":"var(--ast-global-color-5)","background-image":"","background-repeat":"repeat","background-position":"center center","background-size":"auto","background-attachment":"scroll","background-type":"","background-media":"","overlay-type":"","overlay-color":"","overlay-opacity":"","overlay-gradient":""},"tablet":{"background-color":"","background-image":"","background-repeat":"repeat","background-position":"center center","background-size":"auto","background-attachment":"scroll","background-type":"","background-media":"","overlay-type":"","overlay-color":"","overlay-opacity":"","overlay-gradient":""},"mobile":{"background-color":"","background-image":"","background-repeat":"repeat","background-position":"center center","background-size":"auto","background-attachment":"scroll","background-type":"","background-media":"","overlay-type":"","overlay-color":"","overlay-opacity":"","overlay-gradient":""}},"ast-content-background-meta":{"desktop":{"background-color":"var(--ast-global-color-4)","background-image":"","background-repeat":"repeat","background-position":"center center","background-size":"auto","background-attachment":"scroll","background-type":"","background-media":"","overlay-type":"","overlay-color":"","overlay-opacity":"","overlay-gradient":""},"tablet":{"background-color":"var(--ast-global-color-4)","background-image":"","background-repeat":"repeat","background-position":"center center","background-size":"auto","background-attachment":"scroll","background-type":"","background-media":"","overlay-type":"","overlay-color":"","overlay-opacity":"","overlay-gradient":""},"mobile":{"background-color":"var(--ast-global-color-4)","background-image":"","background-repeat":"repeat","background-position":"center center","background-size":"auto","background-attachment":"scroll","background-type":"","background-media":"","overlay-type":"","overlay-color":"","overlay-opacity":"","overlay-gradient":""}},"footnotes":""},"class_list":["post-4534","page","type-page","status-publish","hentry"],"post_mailing_queue_ids":[],"_links":{"self":[{"href":"https:\/\/agora.xtec.cat\/ieagustibarbera\/wp-json\/wp\/v2\/pages\/4534","targetHints":{"allow":["GET"]}}],"collection":[{"href":"https:\/\/agora.xtec.cat\/ieagustibarbera\/wp-json\/wp\/v2\/pages"}],"about":[{"href":"https:\/\/agora.xtec.cat\/ieagustibarbera\/wp-json\/wp\/v2\/types\/page"}],"author":[{"embeddable":true,"href":"https:\/\/agora.xtec.cat\/ieagustibarbera\/wp-json\/wp\/v2\/users\/49"}],"replies":[{"embeddable":true,"href":"https:\/\/agora.xtec.cat\/ieagustibarbera\/wp-json\/wp\/v2\/comments?post=4534"}],"version-history":[{"count":6,"href":"https:\/\/agora.xtec.cat\/ieagustibarbera\/wp-json\/wp\/v2\/pages\/4534\/revisions"}],"predecessor-version":[{"id":5583,"href":"https:\/\/agora.xtec.cat\/ieagustibarbera\/wp-json\/wp\/v2\/pages\/4534\/revisions\/5583"}],"wp:attachment":[{"href":"https:\/\/agora.xtec.cat\/ieagustibarbera\/wp-json\/wp\/v2\/media?parent=4534"}],"curies":[{"name":"wp","href":"https:\/\/api.w.org\/{rel}","templated":true}]}}