{"id":4527,"date":"2022-06-29T20:46:28","date_gmt":"2022-06-29T18:46:28","guid":{"rendered":"https:\/\/agora.xtec.cat\/ieagustibarbera\/?page_id=4527"},"modified":"2025-08-18T18:41:50","modified_gmt":"2025-08-18T16:41:50","slug":"horari","status":"publish","type":"page","link":"https:\/\/agora.xtec.cat\/ieagustibarbera\/horari\/","title":{"rendered":"Horari"},"content":{"rendered":"<p>L&#8217;horari lectiu de l&#8217;alumnat durant al curs 2025-2026 \u00e9s el seg\u00fcent:<\/p>\n<p><strong>EDUCACI\u00d3 INFANTIL i PRIM\u00c0RIA:<\/strong><\/p>\n<p>De dilluns a divendres:\u00a0 9:00-12:30 h\u00a0 \u00a0i\u00a0 15:00-16:30 h.<\/p>\n<p>&nbsp;<\/p>\n<p><strong>EDUCACI\u00d3 SECUND\u00c0RIA:<\/strong><\/p>\n<p>Dilluns, dimecres i divendres: 8:30-15:00 h, amb 30 min d&#8217;esbarjo d&#8217;11:30-12:00 h.<\/p>\n<p>Dimarts i dijous: 8:30-13:00 h amb 30 min d&#8217;esbarjo de 11:30-12:00 h i a la tarda d&#8217;14:45-16:45 h.<\/p>\n<p>&nbsp;<\/p>\n<ul>\n<li><b>Jornada intensiva:<\/b><\/li>\n<\/ul>\n<p><span style=\"font-weight: 400;\">El 19 de desembre de 2025: per a l&#8217;alumnat d&#8217;infantil i prim\u00e0ria, l&#8217;horari \u00e9s de 09:00 h a 13:00 h i, de 8:30-13:00 h per a l&#8217;alumnat de secund\u00e0ria.<\/span><\/p>\n<p><span style=\"font-weight: 400;\">Del 8 al 19 de juny de 2026 de 09:00 h a 13:00 h per a tot l&#8217;alumnat del centre.<\/span><\/p>\n","protected":false},"excerpt":{"rendered":"<p>L&#8217;horari lectiu de l&#8217;alumnat durant al curs 2025-2026 \u00e9s el seg\u00fcent: EDUCACI\u00d3 INFANTIL i PRIM\u00c0RIA: De dilluns a divendres:\u00a0 9:00-12:30 h\u00a0 \u00a0i\u00a0 15:00-16:30 h. &nbsp; EDUCACI\u00d3 SECUND\u00c0RIA: Dilluns, dimecres i divendres: 8:30-15:00 h, amb 30 min d&#8217;esbarjo d&#8217;11:30-12:00 h. Dimarts i dijous: 8:30-13:00 h amb 30 min d&#8217;esbarjo de 11:30-12:00 h i a la tarda [&hellip;]<\/p>\n","protected":false},"author":49,"featured_media":0,"parent":0,"menu_order":0,"comment_status":"closed","ping_status":"closed","template":"","meta":{"_bbp_topic_count":0,"_bbp_reply_count":0,"_bbp_total_topic_count":0,"_bbp_total_reply_count":0,"_bbp_voice_count":0,"_bbp_anonymous_reply_count":0,"_bbp_topic_count_hidden":0,"_bbp_reply_count_hidden":0,"_bbp_forum_subforum_count":0,"site-sidebar-layout":"default","site-content-layout":"","ast-site-content-layout":"","site-content-style":"default","site-sidebar-style":"default","ast-global-header-display":"","ast-banner-title-visibility":"","ast-main-header-display":"","ast-hfb-above-header-display":"","ast-hfb-below-header-display":"","ast-hfb-mobile-header-display":"","site-post-title":"","ast-breadcrumbs-content":"","ast-featured-img":"","footer-sml-layout":"","theme-transparent-header-meta":"","adv-header-id-meta":"","stick-header-meta":"","header-above-stick-meta":"","header-main-stick-meta":"","header-below-stick-meta":"","astra-migrate-meta-layouts":"default","ast-page-background-enabled":"default","ast-page-background-meta":{"desktop":{"background-color":"var(--ast-global-color-5)","background-image":"","background-repeat":"repeat","background-position":"center center","background-size":"auto","background-attachment":"scroll","background-type":"","background-media":"","overlay-type":"","overlay-color":"","overlay-opacity":"","overlay-gradient":""},"tablet":{"background-color":"","background-image":"","background-repeat":"repeat","background-position":"center center","background-size":"auto","background-attachment":"scroll","background-type":"","background-media":"","overlay-type":"","overlay-color":"","overlay-opacity":"","overlay-gradient":""},"mobile":{"background-color":"","background-image":"","background-repeat":"repeat","background-position":"center center","background-size":"auto","background-attachment":"scroll","background-type":"","background-media":"","overlay-type":"","overlay-color":"","overlay-opacity":"","overlay-gradient":""}},"ast-content-background-meta":{"desktop":{"background-color":"var(--ast-global-color-4)","background-image":"","background-repeat":"repeat","background-position":"center center","background-size":"auto","background-attachment":"scroll","background-type":"","background-media":"","overlay-type":"","overlay-color":"","overlay-opacity":"","overlay-gradient":""},"tablet":{"background-color":"var(--ast-global-color-4)","background-image":"","background-repeat":"repeat","background-position":"center center","background-size":"auto","background-attachment":"scroll","background-type":"","background-media":"","overlay-type":"","overlay-color":"","overlay-opacity":"","overlay-gradient":""},"mobile":{"background-color":"var(--ast-global-color-4)","background-image":"","background-repeat":"repeat","background-position":"center center","background-size":"auto","background-attachment":"scroll","background-type":"","background-media":"","overlay-type":"","overlay-color":"","overlay-opacity":"","overlay-gradient":""}},"footnotes":""},"class_list":["post-4527","page","type-page","status-publish","hentry"],"post_mailing_queue_ids":[],"_links":{"self":[{"href":"https:\/\/agora.xtec.cat\/ieagustibarbera\/wp-json\/wp\/v2\/pages\/4527","targetHints":{"allow":["GET"]}}],"collection":[{"href":"https:\/\/agora.xtec.cat\/ieagustibarbera\/wp-json\/wp\/v2\/pages"}],"about":[{"href":"https:\/\/agora.xtec.cat\/ieagustibarbera\/wp-json\/wp\/v2\/types\/page"}],"author":[{"embeddable":true,"href":"https:\/\/agora.xtec.cat\/ieagustibarbera\/wp-json\/wp\/v2\/users\/49"}],"replies":[{"embeddable":true,"href":"https:\/\/agora.xtec.cat\/ieagustibarbera\/wp-json\/wp\/v2\/comments?post=4527"}],"version-history":[{"count":5,"href":"https:\/\/agora.xtec.cat\/ieagustibarbera\/wp-json\/wp\/v2\/pages\/4527\/revisions"}],"predecessor-version":[{"id":5241,"href":"https:\/\/agora.xtec.cat\/ieagustibarbera\/wp-json\/wp\/v2\/pages\/4527\/revisions\/5241"}],"wp:attachment":[{"href":"https:\/\/agora.xtec.cat\/ieagustibarbera\/wp-json\/wp\/v2\/media?parent=4527"}],"curies":[{"name":"wp","href":"https:\/\/api.w.org\/{rel}","templated":true}]}}