{"id":4221,"date":"2022-04-20T12:31:15","date_gmt":"2022-04-20T10:31:15","guid":{"rendered":"https:\/\/agora.xtec.cat\/ieagustibarbera\/?page_id=4221"},"modified":"2023-01-18T11:43:26","modified_gmt":"2023-01-18T10:43:26","slug":"acollida-digital","status":"publish","type":"page","link":"https:\/\/agora.xtec.cat\/ieagustibarbera\/acollida-digital\/","title":{"rendered":"Acollida digital"},"content":{"rendered":"<p>El document que presentem forma part del proc\u00e9s de definici\u00f3 de criteris i orientacions per a configurar el model de centre digital de l&#8217;Institut Escola Agust\u00ed Barber\u00e0.<\/p>\n<p>T\u00e9 l\u2019objectiu com\u00fa d\u2019unificar criteris d\u2019actuaci\u00f3 per a l\u2019acolliment del nou professorat que s\u2019incorpora al centre en mat\u00e8ria de tecnologies de la informaci\u00f3 i les comunicacions (TIC) i de l\u2019alumnat.<\/p>\n<p>En el moment de la incorporaci\u00f3 al centre la\u00a0<strong>direcci\u00f3<\/strong> explicar\u00e0 als nous docents el protocol d\u2019acolliment TAC, les actuacions que es descriuen a continuaci\u00f3 i els responsables a executar-les. Tamb\u00e9 li facilitar\u00e0 una c\u00f2pia del \u201c<strong>Pla d\u2019acollida digital<\/strong>\u201d.<\/p>\n<ul>\n<li style=\"list-style-type: none;\">\n<ul>\n<li style=\"list-style-type: none;\">\n<ul style=\"list-style-type: circle;\">\n<li><strong>Acollida digital docent<\/strong><\/li>\n<\/ul>\n<p><iframe loading=\"lazy\" src=\"https:\/\/docs.google.com\/document\/d\/e\/2PACX-1vRbpMEJGokx12_H8Vq9RsTGAZu3oxuE39zKXXVGg0kKV1yWZN8Eyr1kQXPHcwsqmh4tAgvk27AVpRHF\/pub?embedded=true\" width=\"1000\" height=\"500\"><\/iframe><\/li>\n<li style=\"list-style-type: none;\">\n<ul style=\"list-style-type: circle;\">\n<li><strong>Acollida digital alumnat<\/strong><\/li>\n<\/ul>\n<p><iframe loading=\"lazy\" src=\"https:\/\/docs.google.com\/document\/d\/e\/2PACX-1vQmk-4mgSw_BXI-BrCXcKsiLJAibqlFInJr0VFRBXCxte0l3jX3z6xAvtFr4q6Mww\/pub?embedded=true\" width=\"1000\" height=\"500\"><\/iframe><\/li>\n<\/ul>\n<\/li>\n<\/ul>\n<p>&nbsp;<\/p>\n<ul>\n<li style=\"list-style-type: none;\">\n<ul style=\"list-style-type: circle;\">\n<li><strong>Acollida digital Fam\u00edlies<\/strong><\/li>\n<\/ul>\n<\/li>\n<\/ul>\n<p><iframe loading=\"lazy\" src=\"https:\/\/docs.google.com\/document\/d\/e\/2PACX-1vQOuR_BhFVo0aTM3qVU4U0SE8vRbwq2TE799Cwi905l7WqH9iLaRm70WKgAAzmTcP43D3hMLATvBO21\/pub?embedded=true\" width=\"1000\" height=\"500\"><\/iframe><\/p>\n","protected":false},"excerpt":{"rendered":"<p>El document que presentem forma part del proc\u00e9s de definici\u00f3 de criteris i orientacions per a configurar el model de centre digital de l&#8217;Institut Escola Agust\u00ed Barber\u00e0. T\u00e9 l\u2019objectiu com\u00fa d\u2019unificar criteris d\u2019actuaci\u00f3 per a l\u2019acolliment del nou professorat que s\u2019incorpora al centre en mat\u00e8ria de tecnologies de la informaci\u00f3 i les comunicacions (TIC) i [&hellip;]<\/p>\n","protected":false},"author":1,"featured_media":0,"parent":0,"menu_order":0,"comment_status":"closed","ping_status":"closed","template":"","meta":{"_bbp_topic_count":0,"_bbp_reply_count":0,"_bbp_total_topic_count":0,"_bbp_total_reply_count":0,"_bbp_voice_count":0,"_bbp_anonymous_reply_count":0,"_bbp_topic_count_hidden":0,"_bbp_reply_count_hidden":0,"_bbp_forum_subforum_count":0,"site-sidebar-layout":"default","site-content-layout":"","ast-site-content-layout":"","site-content-style":"default","site-sidebar-style":"default","ast-global-header-display":"","ast-banner-title-visibility":"","ast-main-header-display":"","ast-hfb-above-header-display":"","ast-hfb-below-header-display":"","ast-hfb-mobile-header-display":"","site-post-title":"","ast-breadcrumbs-content":"","ast-featured-img":"","footer-sml-layout":"","theme-transparent-header-meta":"","adv-header-id-meta":"","stick-header-meta":"","header-above-stick-meta":"","header-main-stick-meta":"","header-below-stick-meta":"","astra-migrate-meta-layouts":"default","ast-page-background-enabled":"default","ast-page-background-meta":{"desktop":{"background-color":"var(--ast-global-color-5)","background-image":"","background-repeat":"repeat","background-position":"center center","background-size":"auto","background-attachment":"scroll","background-type":"","background-media":"","overlay-type":"","overlay-color":"","overlay-opacity":"","overlay-gradient":""},"tablet":{"background-color":"","background-image":"","background-repeat":"repeat","background-position":"center center","background-size":"auto","background-attachment":"scroll","background-type":"","background-media":"","overlay-type":"","overlay-color":"","overlay-opacity":"","overlay-gradient":""},"mobile":{"background-color":"","background-image":"","background-repeat":"repeat","background-position":"center center","background-size":"auto","background-attachment":"scroll","background-type":"","background-media":"","overlay-type":"","overlay-color":"","overlay-opacity":"","overlay-gradient":""}},"ast-content-background-meta":{"desktop":{"background-color":"var(--ast-global-color-4)","background-image":"","background-repeat":"repeat","background-position":"center center","background-size":"auto","background-attachment":"scroll","background-type":"","background-media":"","overlay-type":"","overlay-color":"","overlay-opacity":"","overlay-gradient":""},"tablet":{"background-color":"var(--ast-global-color-4)","background-image":"","background-repeat":"repeat","background-position":"center center","background-size":"auto","background-attachment":"scroll","background-type":"","background-media":"","overlay-type":"","overlay-color":"","overlay-opacity":"","overlay-gradient":""},"mobile":{"background-color":"var(--ast-global-color-4)","background-image":"","background-repeat":"repeat","background-position":"center center","background-size":"auto","background-attachment":"scroll","background-type":"","background-media":"","overlay-type":"","overlay-color":"","overlay-opacity":"","overlay-gradient":""}},"footnotes":""},"class_list":["post-4221","page","type-page","status-publish","hentry"],"post_mailing_queue_ids":[],"_links":{"self":[{"href":"https:\/\/agora.xtec.cat\/ieagustibarbera\/wp-json\/wp\/v2\/pages\/4221","targetHints":{"allow":["GET"]}}],"collection":[{"href":"https:\/\/agora.xtec.cat\/ieagustibarbera\/wp-json\/wp\/v2\/pages"}],"about":[{"href":"https:\/\/agora.xtec.cat\/ieagustibarbera\/wp-json\/wp\/v2\/types\/page"}],"author":[{"embeddable":true,"href":"https:\/\/agora.xtec.cat\/ieagustibarbera\/wp-json\/wp\/v2\/users\/1"}],"replies":[{"embeddable":true,"href":"https:\/\/agora.xtec.cat\/ieagustibarbera\/wp-json\/wp\/v2\/comments?post=4221"}],"version-history":[{"count":4,"href":"https:\/\/agora.xtec.cat\/ieagustibarbera\/wp-json\/wp\/v2\/pages\/4221\/revisions"}],"predecessor-version":[{"id":4605,"href":"https:\/\/agora.xtec.cat\/ieagustibarbera\/wp-json\/wp\/v2\/pages\/4221\/revisions\/4605"}],"wp:attachment":[{"href":"https:\/\/agora.xtec.cat\/ieagustibarbera\/wp-json\/wp\/v2\/media?parent=4221"}],"curies":[{"name":"wp","href":"https:\/\/api.w.org\/{rel}","templated":true}]}}