{"id":4031,"date":"2022-03-09T12:33:27","date_gmt":"2022-03-09T11:33:27","guid":{"rendered":"https:\/\/agora.xtec.cat\/ieagustibarbera\/?page_id=4031"},"modified":"2022-03-10T15:10:02","modified_gmt":"2022-03-10T14:10:02","slug":"portals-i-xarxes-digitals","status":"publish","type":"page","link":"https:\/\/agora.xtec.cat\/ieagustibarbera\/portals-i-xarxes-digitals\/","title":{"rendered":"PORTALS I XARXES DIGITALS"},"content":{"rendered":"<p>Enlla\u00e7os d&#8217;inter\u00e8s:<\/p>\n<ul>\n<li><strong>P\u00e0gina web<\/strong> de l&#8217;IEAB: <a href=\"https:\/\/agora.xtec.cat\/ieagustibarbera\/\">https:\/\/agora.xtec.cat\/ieagustibarbera\/<\/a><\/li>\n<li>P\u00e0gina de <strong><a href=\"https:\/\/es-es.facebook.com\/Institut-Escola-Agust%C3%AD-Barber%C3%A0-1914029645575925\/\">Facebook<\/a><\/strong><\/li>\n<li>Perfil d&#8217;<strong>Instagram<\/strong>:\n<ul>\n<li><a href=\"https:\/\/www.instagram.com\/ieagustibarbera\/\">@ieagustibarbera<\/a><\/li>\n<\/ul>\n<\/li>\n<\/ul>\n<p>&nbsp;<\/p>\n<p><a href=\"https:\/\/agora.xtec.cat\/ieagustibarbera\/wp-content\/uploads\/usu625\/2022\/03\/gdfhdhdhd.jpg\"><img loading=\"lazy\" decoding=\"async\" class=\"aligncenter size-full wp-image-4059\" src=\"https:\/\/agora.xtec.cat\/ieagustibarbera\/wp-content\/uploads\/usu625\/2022\/03\/gdfhdhdhd.jpg\" alt=\"\" width=\"949\" height=\"290\" srcset=\"https:\/\/agora.xtec.cat\/ieagustibarbera\/wp-content\/uploads\/usu625\/2022\/03\/gdfhdhdhd.jpg 949w, https:\/\/agora.xtec.cat\/ieagustibarbera\/wp-content\/uploads\/usu625\/2022\/03\/gdfhdhdhd-300x92.jpg 300w, https:\/\/agora.xtec.cat\/ieagustibarbera\/wp-content\/uploads\/usu625\/2022\/03\/gdfhdhdhd-768x235.jpg 768w\" sizes=\"auto, (max-width: 949px) 100vw, 949px\" \/><\/a><\/p>\n<p>&nbsp;<\/p>\n<p>&nbsp;<\/p>\n<p>&nbsp;<\/p>\n<p>&nbsp;<\/p>\n<p>&nbsp;<\/p>\n<p>&nbsp;<\/p>\n<p>&nbsp;<\/p>\n","protected":false},"excerpt":{"rendered":"<p>Enlla\u00e7os d&#8217;inter\u00e8s: P\u00e0gina web de l&#8217;IEAB: https:\/\/agora.xtec.cat\/ieagustibarbera\/ P\u00e0gina de Facebook Perfil d&#8217;Instagram: @ieagustibarbera &nbsp; &nbsp; &nbsp; &nbsp; &nbsp; &nbsp; &nbsp; &nbsp;<\/p>\n","protected":false},"author":49,"featured_media":0,"parent":0,"menu_order":0,"comment_status":"closed","ping_status":"closed","template":"","meta":{"_bbp_topic_count":0,"_bbp_reply_count":0,"_bbp_total_topic_count":0,"_bbp_total_reply_count":0,"_bbp_voice_count":0,"_bbp_anonymous_reply_count":0,"_bbp_topic_count_hidden":0,"_bbp_reply_count_hidden":0,"_bbp_forum_subforum_count":0,"site-sidebar-layout":"default","site-content-layout":"","ast-site-content-layout":"","site-content-style":"default","site-sidebar-style":"default","ast-global-header-display":"","ast-banner-title-visibility":"","ast-main-header-display":"","ast-hfb-above-header-display":"","ast-hfb-below-header-display":"","ast-hfb-mobile-header-display":"","site-post-title":"","ast-breadcrumbs-content":"","ast-featured-img":"","footer-sml-layout":"","theme-transparent-header-meta":"","adv-header-id-meta":"","stick-header-meta":"","header-above-stick-meta":"","header-main-stick-meta":"","header-below-stick-meta":"","astra-migrate-meta-layouts":"default","ast-page-background-enabled":"default","ast-page-background-meta":{"desktop":{"background-color":"var(--ast-global-color-5)","background-image":"","background-repeat":"repeat","background-position":"center center","background-size":"auto","background-attachment":"scroll","background-type":"","background-media":"","overlay-type":"","overlay-color":"","overlay-opacity":"","overlay-gradient":""},"tablet":{"background-color":"","background-image":"","background-repeat":"repeat","background-position":"center center","background-size":"auto","background-attachment":"scroll","background-type":"","background-media":"","overlay-type":"","overlay-color":"","overlay-opacity":"","overlay-gradient":""},"mobile":{"background-color":"","background-image":"","background-repeat":"repeat","background-position":"center center","background-size":"auto","background-attachment":"scroll","background-type":"","background-media":"","overlay-type":"","overlay-color":"","overlay-opacity":"","overlay-gradient":""}},"ast-content-background-meta":{"desktop":{"background-color":"var(--ast-global-color-4)","background-image":"","background-repeat":"repeat","background-position":"center center","background-size":"auto","background-attachment":"scroll","background-type":"","background-media":"","overlay-type":"","overlay-color":"","overlay-opacity":"","overlay-gradient":""},"tablet":{"background-color":"var(--ast-global-color-4)","background-image":"","background-repeat":"repeat","background-position":"center center","background-size":"auto","background-attachment":"scroll","background-type":"","background-media":"","overlay-type":"","overlay-color":"","overlay-opacity":"","overlay-gradient":""},"mobile":{"background-color":"var(--ast-global-color-4)","background-image":"","background-repeat":"repeat","background-position":"center center","background-size":"auto","background-attachment":"scroll","background-type":"","background-media":"","overlay-type":"","overlay-color":"","overlay-opacity":"","overlay-gradient":""}},"footnotes":""},"class_list":["post-4031","page","type-page","status-publish","hentry"],"post_mailing_queue_ids":[],"_links":{"self":[{"href":"https:\/\/agora.xtec.cat\/ieagustibarbera\/wp-json\/wp\/v2\/pages\/4031","targetHints":{"allow":["GET"]}}],"collection":[{"href":"https:\/\/agora.xtec.cat\/ieagustibarbera\/wp-json\/wp\/v2\/pages"}],"about":[{"href":"https:\/\/agora.xtec.cat\/ieagustibarbera\/wp-json\/wp\/v2\/types\/page"}],"author":[{"embeddable":true,"href":"https:\/\/agora.xtec.cat\/ieagustibarbera\/wp-json\/wp\/v2\/users\/49"}],"replies":[{"embeddable":true,"href":"https:\/\/agora.xtec.cat\/ieagustibarbera\/wp-json\/wp\/v2\/comments?post=4031"}],"version-history":[{"count":4,"href":"https:\/\/agora.xtec.cat\/ieagustibarbera\/wp-json\/wp\/v2\/pages\/4031\/revisions"}],"predecessor-version":[{"id":4060,"href":"https:\/\/agora.xtec.cat\/ieagustibarbera\/wp-json\/wp\/v2\/pages\/4031\/revisions\/4060"}],"wp:attachment":[{"href":"https:\/\/agora.xtec.cat\/ieagustibarbera\/wp-json\/wp\/v2\/media?parent=4031"}],"curies":[{"name":"wp","href":"https:\/\/api.w.org\/{rel}","templated":true}]}}