{"id":4017,"date":"2022-03-09T12:31:34","date_gmt":"2022-03-09T11:31:34","guid":{"rendered":"https:\/\/agora.xtec.cat\/ieagustibarbera\/?page_id=4017"},"modified":"2022-04-07T12:47:29","modified_gmt":"2022-04-07T10:47:29","slug":"estrategia-digital-de-centre-edc","status":"publish","type":"page","link":"https:\/\/agora.xtec.cat\/ieagustibarbera\/estrategia-digital-de-centre-edc\/","title":{"rendered":"ESTRAT\u00c8GIA DIGITAL DE CENTRE (EDC)"},"content":{"rendered":"<p>L\u2019<a href=\"https:\/\/educacio.gencat.cat\/ca\/departament\/publicacions\/colleccions\/pla-educacio-digital\/estrategia-digital-centre\/index.html\">EDC (Estrat\u00e8gia Digital de Centre)<\/a> \u00e9s una evoluci\u00f3 del Pla TAC. D\u2019una banda, s\u2019alinea amb el Pla d\u2019Educaci\u00f3 Digital de Catalunya (<a href=\"http:\/\/educacio.gencat.cat\/web\/.content\/home\/departament\/publicacions\/colleccions\/pla-educacio-digital\/pla-educacio-digital-catalunya\/pla-educacio-digital.pdf\" target=\"_blank\" rel=\"noopener noreferrer\">PEDC<\/a>), i per altra, incorpora els canvis socials i tecnol\u00f2gics que s\u2019han anat esdevenint. El tercer canvi rellevant \u00e9s la incorporaci\u00f3 en l\u2019EDC de l\u2019apartat que recull tots els documents de centre que fan refer\u00e8ncia a la seva cultura digital (protocols d\u2019\u00fas de dispositius, NOFC\u2026).<\/p>\n<p>Els <strong>objectius<\/strong> de l&#8217;EDC es poden agrupar en <strong>cinc \u00e0mbits<\/strong>, que tenen com a fita el m\u00e0xim assoliment de la compet\u00e8ncia digital de l\u2019alumnat, del professorat i del centre:<\/p>\n<ul class=\"n8H08c UVNKR\">\n<li class=\"TYR86d wXCUfe zfr3Q\" dir=\"ltr\">Assoliment de la compet\u00e8ncia digital.<\/li>\n<li class=\"TYR86d wXCUfe zfr3Q\" dir=\"ltr\">Planificaci\u00f3 estrat\u00e8gica i organitzaci\u00f3.<\/li>\n<li class=\"TYR86d wXCUfe zfr3Q\" dir=\"ltr\">Metodologies did\u00e0ctiques i innovaci\u00f3.<\/li>\n<li class=\"TYR86d wXCUfe zfr3Q\" dir=\"ltr\">Inclusi\u00f3 digital i de g\u00e8nere.<\/li>\n<li class=\"TYR86d wXCUfe zfr3Q\" dir=\"ltr\">Seguretat i protecci\u00f3 de dades.<\/li>\n<\/ul>\n<table style=\"width: 100%; border-collapse: collapse; background-color: #5cf785;\">\n<tbody>\n<tr>\n<td style=\"width: 20%; text-align: center;\"><a href=\"https:\/\/agora.xtec.cat\/ieagustibarbera\/diagnosi\/\" target=\"_blank\" rel=\"noopener\"><strong>DIAGNOSI<\/strong><\/a><\/td>\n<td style=\"width: 20%; text-align: center;\"><a href=\"https:\/\/agora.xtec.cat\/ieagustibarbera\/objectius\/\" target=\"_blank\" rel=\"noopener\"><strong>OBJECTIUS<\/strong><\/a><\/td>\n<td style=\"width: 20%; text-align: center;\"><a href=\"https:\/\/agora.xtec.cat\/ieagustibarbera\/planificacio-activitats\/\" target=\"_blank\" rel=\"noopener\"><strong>PLANIFICACI\u00d3 ACTIVITATS<\/strong><\/a><\/td>\n<td style=\"width: 20%; text-align: center;\"><a href=\"https:\/\/agora.xtec.cat\/ieagustibarbera\/avaluacio\/\" target=\"_blank\" rel=\"noopener\"><strong>AVALUACI\u00d3<\/strong><\/a><\/td>\n<td style=\"width: 20%; text-align: center;\"><a href=\"https:\/\/agora.xtec.cat\/ieagustibarbera\/cultura-digital\/\" target=\"_blank\" rel=\"noopener\"><strong>CULTURA DIGITIAL<\/strong><\/a><\/td>\n<\/tr>\n<\/tbody>\n<\/table>\n","protected":false},"excerpt":{"rendered":"<p>L\u2019EDC (Estrat\u00e8gia Digital de Centre) \u00e9s una evoluci\u00f3 del Pla TAC. D\u2019una banda, s\u2019alinea amb el Pla d\u2019Educaci\u00f3 Digital de Catalunya (PEDC), i per altra, incorpora els canvis socials i tecnol\u00f2gics que s\u2019han anat esdevenint. El tercer canvi rellevant \u00e9s la incorporaci\u00f3 en l\u2019EDC de l\u2019apartat que recull tots els documents de centre que fan [&hellip;]<\/p>\n","protected":false},"author":49,"featured_media":0,"parent":0,"menu_order":0,"comment_status":"closed","ping_status":"closed","template":"","meta":{"_bbp_topic_count":0,"_bbp_reply_count":0,"_bbp_total_topic_count":0,"_bbp_total_reply_count":0,"_bbp_voice_count":0,"_bbp_anonymous_reply_count":0,"_bbp_topic_count_hidden":0,"_bbp_reply_count_hidden":0,"_bbp_forum_subforum_count":0,"site-sidebar-layout":"default","site-content-layout":"","ast-site-content-layout":"","site-content-style":"default","site-sidebar-style":"default","ast-global-header-display":"","ast-banner-title-visibility":"","ast-main-header-display":"","ast-hfb-above-header-display":"","ast-hfb-below-header-display":"","ast-hfb-mobile-header-display":"","site-post-title":"","ast-breadcrumbs-content":"","ast-featured-img":"","footer-sml-layout":"","theme-transparent-header-meta":"","adv-header-id-meta":"","stick-header-meta":"","header-above-stick-meta":"","header-main-stick-meta":"","header-below-stick-meta":"","astra-migrate-meta-layouts":"default","ast-page-background-enabled":"default","ast-page-background-meta":{"desktop":{"background-color":"var(--ast-global-color-5)","background-image":"","background-repeat":"repeat","background-position":"center center","background-size":"auto","background-attachment":"scroll","background-type":"","background-media":"","overlay-type":"","overlay-color":"","overlay-opacity":"","overlay-gradient":""},"tablet":{"background-color":"","background-image":"","background-repeat":"repeat","background-position":"center center","background-size":"auto","background-attachment":"scroll","background-type":"","background-media":"","overlay-type":"","overlay-color":"","overlay-opacity":"","overlay-gradient":""},"mobile":{"background-color":"","background-image":"","background-repeat":"repeat","background-position":"center center","background-size":"auto","background-attachment":"scroll","background-type":"","background-media":"","overlay-type":"","overlay-color":"","overlay-opacity":"","overlay-gradient":""}},"ast-content-background-meta":{"desktop":{"background-color":"var(--ast-global-color-4)","background-image":"","background-repeat":"repeat","background-position":"center center","background-size":"auto","background-attachment":"scroll","background-type":"","background-media":"","overlay-type":"","overlay-color":"","overlay-opacity":"","overlay-gradient":""},"tablet":{"background-color":"var(--ast-global-color-4)","background-image":"","background-repeat":"repeat","background-position":"center center","background-size":"auto","background-attachment":"scroll","background-type":"","background-media":"","overlay-type":"","overlay-color":"","overlay-opacity":"","overlay-gradient":""},"mobile":{"background-color":"var(--ast-global-color-4)","background-image":"","background-repeat":"repeat","background-position":"center center","background-size":"auto","background-attachment":"scroll","background-type":"","background-media":"","overlay-type":"","overlay-color":"","overlay-opacity":"","overlay-gradient":""}},"footnotes":""},"class_list":["post-4017","page","type-page","status-publish","hentry"],"post_mailing_queue_ids":[],"_links":{"self":[{"href":"https:\/\/agora.xtec.cat\/ieagustibarbera\/wp-json\/wp\/v2\/pages\/4017","targetHints":{"allow":["GET"]}}],"collection":[{"href":"https:\/\/agora.xtec.cat\/ieagustibarbera\/wp-json\/wp\/v2\/pages"}],"about":[{"href":"https:\/\/agora.xtec.cat\/ieagustibarbera\/wp-json\/wp\/v2\/types\/page"}],"author":[{"embeddable":true,"href":"https:\/\/agora.xtec.cat\/ieagustibarbera\/wp-json\/wp\/v2\/users\/49"}],"replies":[{"embeddable":true,"href":"https:\/\/agora.xtec.cat\/ieagustibarbera\/wp-json\/wp\/v2\/comments?post=4017"}],"version-history":[{"count":3,"href":"https:\/\/agora.xtec.cat\/ieagustibarbera\/wp-json\/wp\/v2\/pages\/4017\/revisions"}],"predecessor-version":[{"id":4217,"href":"https:\/\/agora.xtec.cat\/ieagustibarbera\/wp-json\/wp\/v2\/pages\/4017\/revisions\/4217"}],"wp:attachment":[{"href":"https:\/\/agora.xtec.cat\/ieagustibarbera\/wp-json\/wp\/v2\/media?parent=4017"}],"curies":[{"name":"wp","href":"https:\/\/api.w.org\/{rel}","templated":true}]}}