{"id":384,"date":"2016-11-15T20:06:00","date_gmt":"2016-11-15T19:06:00","guid":{"rendered":"http:\/\/agora.xtec.cat\/ieagustibarbera\/\/?page_id=384"},"modified":"2025-08-20T11:39:55","modified_gmt":"2025-08-20T09:39:55","slug":"departaments","status":"publish","type":"page","link":"https:\/\/agora.xtec.cat\/ieagustibarbera\/lescola\/material-escolar\/departaments\/","title":{"rendered":"\u00c0MBITS"},"content":{"rendered":"<p>A l&#8217;ESO, els i les docents ens organitzem per \u00e0mbits i s\u00f3n els seg\u00fcents:<\/p>\n<ul style=\"list-style-type: circle;\">\n<li><strong>L&#8217;\u00e0mbit cientificotecnol\u00f2gic i matem\u00e0tic:<\/strong><\/li>\n<\/ul>\n<ul>\n<li style=\"list-style-type: none;\">\n<ul style=\"list-style-type: disc;\">\n<li>F\u00edsica i Qu\u00edmica: N\u00faria Falc\u00f3 i Gemma Barreres.<\/li>\n<li>Biologia i Geologia: Carlos Bell\u00e9s i Irene Verge.<\/li>\n<li>Tecnologia i Rob\u00f2tica i Programaci\u00f3: Elena Mir\u00f3 i M\u00edriam Calvet.<\/li>\n<li>Matem\u00e0tiques i economia: Rosal\u00e9n Chillida i Javier Sendra.<\/li>\n<\/ul>\n<\/li>\n<\/ul>\n<ul style=\"list-style-type: circle;\">\n<li><strong>L&#8217;\u00e0mbit ling\u00fc\u00edstic:<\/strong>\n<ul style=\"list-style-type: disc;\">\n<li>Llengua i literatura Catalana: Gina Mart\u00ed i J\u00e8nnifer Revert\u00e9.<\/li>\n<li>Llengua i literatura Castellana: Montse Ruiz i Sara Sanz.<\/li>\n<li>Llengua Anglesa: Mariona Revert\u00e9 i Gisela Verge.<\/li>\n<li>Llengua Francesa: Joana Ort\u00ed.<\/li>\n<\/ul>\n<\/li>\n<\/ul>\n<ul style=\"list-style-type: circle;\">\n<li><strong>L&#8217;\u00e0mbit social:<\/strong>\n<ul style=\"list-style-type: disc;\">\n<li>Geografia i Hist\u00f2ria: Cl\u00e0udia Belenguer i Francesc Armand.<\/li>\n<li>Educaci\u00f3 F\u00edsica: Meritxell Pons.<\/li>\n<li>Educaci\u00f3 musical: Jorge Such.<\/li>\n<li>Educaci\u00f3 Visual, pl\u00e0stica i audiovisual: N\u00faria Matheu.<\/li>\n<li>Religi\u00f3: Cruz Sabat\u00e9.<\/li>\n<\/ul>\n<\/li>\n<\/ul>\n<ul style=\"list-style-type: circle;\">\n<li><strong>L&#8217;\u00e0mbit d&#8217;orientaci\u00f3:<\/strong>\n<ul style=\"list-style-type: disc;\">\n<li>POE: Roser Romeu, Elea Hern\u00e1ndez, Clara Ferrer i Cinta Alvaro.\n<ul style=\"list-style-type: square;\">\n<li>Referents SIEI: Elea Hern\u00e1ndez i Cinta Alvaro.<\/li>\n<\/ul>\n<\/li>\n<\/ul>\n<\/li>\n<\/ul>\n","protected":false},"excerpt":{"rendered":"<p>A l&#8217;ESO, els i les docents ens organitzem per \u00e0mbits i s\u00f3n els seg\u00fcents: L&#8217;\u00e0mbit cientificotecnol\u00f2gic i matem\u00e0tic: F\u00edsica i Qu\u00edmica: N\u00faria Falc\u00f3 i Gemma Barreres. Biologia i Geologia: Carlos Bell\u00e9s i Irene Verge. Tecnologia i Rob\u00f2tica i Programaci\u00f3: Elena Mir\u00f3 i M\u00edriam Calvet. Matem\u00e0tiques i economia: Rosal\u00e9n Chillida i Javier Sendra. L&#8217;\u00e0mbit ling\u00fc\u00edstic: Llengua [&hellip;]<\/p>\n","protected":false},"author":1,"featured_media":0,"parent":36,"menu_order":0,"comment_status":"closed","ping_status":"closed","template":"","meta":{"_bbp_topic_count":0,"_bbp_reply_count":0,"_bbp_total_topic_count":0,"_bbp_total_reply_count":0,"_bbp_voice_count":0,"_bbp_anonymous_reply_count":0,"_bbp_topic_count_hidden":0,"_bbp_reply_count_hidden":0,"_bbp_forum_subforum_count":0,"site-sidebar-layout":"default","site-content-layout":"","ast-site-content-layout":"","site-content-style":"default","site-sidebar-style":"default","ast-global-header-display":"","ast-banner-title-visibility":"","ast-main-header-display":"","ast-hfb-above-header-display":"","ast-hfb-below-header-display":"","ast-hfb-mobile-header-display":"","site-post-title":"","ast-breadcrumbs-content":"","ast-featured-img":"","footer-sml-layout":"","theme-transparent-header-meta":"","adv-header-id-meta":"","stick-header-meta":"","header-above-stick-meta":"","header-main-stick-meta":"","header-below-stick-meta":"","astra-migrate-meta-layouts":"default","ast-page-background-enabled":"default","ast-page-background-meta":{"desktop":{"background-color":"var(--ast-global-color-5)","background-image":"","background-repeat":"repeat","background-position":"center center","background-size":"auto","background-attachment":"scroll","background-type":"","background-media":"","overlay-type":"","overlay-color":"","overlay-opacity":"","overlay-gradient":""},"tablet":{"background-color":"","background-image":"","background-repeat":"repeat","background-position":"center center","background-size":"auto","background-attachment":"scroll","background-type":"","background-media":"","overlay-type":"","overlay-color":"","overlay-opacity":"","overlay-gradient":""},"mobile":{"background-color":"","background-image":"","background-repeat":"repeat","background-position":"center center","background-size":"auto","background-attachment":"scroll","background-type":"","background-media":"","overlay-type":"","overlay-color":"","overlay-opacity":"","overlay-gradient":""}},"ast-content-background-meta":{"desktop":{"background-color":"var(--ast-global-color-4)","background-image":"","background-repeat":"repeat","background-position":"center center","background-size":"auto","background-attachment":"scroll","background-type":"","background-media":"","overlay-type":"","overlay-color":"","overlay-opacity":"","overlay-gradient":""},"tablet":{"background-color":"var(--ast-global-color-4)","background-image":"","background-repeat":"repeat","background-position":"center center","background-size":"auto","background-attachment":"scroll","background-type":"","background-media":"","overlay-type":"","overlay-color":"","overlay-opacity":"","overlay-gradient":""},"mobile":{"background-color":"var(--ast-global-color-4)","background-image":"","background-repeat":"repeat","background-position":"center center","background-size":"auto","background-attachment":"scroll","background-type":"","background-media":"","overlay-type":"","overlay-color":"","overlay-opacity":"","overlay-gradient":""}},"footnotes":""},"class_list":["post-384","page","type-page","status-publish","hentry"],"post_mailing_queue_ids":[],"_links":{"self":[{"href":"https:\/\/agora.xtec.cat\/ieagustibarbera\/wp-json\/wp\/v2\/pages\/384","targetHints":{"allow":["GET"]}}],"collection":[{"href":"https:\/\/agora.xtec.cat\/ieagustibarbera\/wp-json\/wp\/v2\/pages"}],"about":[{"href":"https:\/\/agora.xtec.cat\/ieagustibarbera\/wp-json\/wp\/v2\/types\/page"}],"author":[{"embeddable":true,"href":"https:\/\/agora.xtec.cat\/ieagustibarbera\/wp-json\/wp\/v2\/users\/1"}],"replies":[{"embeddable":true,"href":"https:\/\/agora.xtec.cat\/ieagustibarbera\/wp-json\/wp\/v2\/comments?post=384"}],"version-history":[{"count":5,"href":"https:\/\/agora.xtec.cat\/ieagustibarbera\/wp-json\/wp\/v2\/pages\/384\/revisions"}],"predecessor-version":[{"id":5369,"href":"https:\/\/agora.xtec.cat\/ieagustibarbera\/wp-json\/wp\/v2\/pages\/384\/revisions\/5369"}],"up":[{"embeddable":true,"href":"https:\/\/agora.xtec.cat\/ieagustibarbera\/wp-json\/wp\/v2\/pages\/36"}],"wp:attachment":[{"href":"https:\/\/agora.xtec.cat\/ieagustibarbera\/wp-json\/wp\/v2\/media?parent=384"}],"curies":[{"name":"wp","href":"https:\/\/api.w.org\/{rel}","templated":true}]}}