{"id":38,"date":"2014-09-18T12:34:08","date_gmt":"2014-09-18T11:34:08","guid":{"rendered":"http:\/\/agora.xtec.cat\/ieagustibarbera\/\/?page_id=38"},"modified":"2016-09-15T14:51:41","modified_gmt":"2016-09-15T13:51:41","slug":"salut","status":"publish","type":"page","link":"https:\/\/agora.xtec.cat\/ieagustibarbera\/lescola\/salut\/","title":{"rendered":"Salut i Drets d&#8217;imatge"},"content":{"rendered":"<p><strong>PROGRAMA DE SALUT<\/strong><\/p>\n<p>Cada curs el CAP de refer\u00e8ncia de l\u2019escola, organitza les intervencions al centre, d\u2019acord amb el Decret 155\/1993 d\u20191 de juny d\u2019actualitzaci\u00f3 del programa de Salut Escolar.<\/p>\n<p>Les activitats que estan previstes inicialment, <strong>a falta de confirmar<\/strong>, de les que rebran informaci\u00f3 en el seu moment s\u00f3n:<\/p>\n<p>\u2013 6\u00e8 de prim\u00e0ria: Vacunaci\u00f3 Hepatitis A, VPH (nenes), Varicel\u00b7la i MCC.<\/p>\n<p>\u2013 1r i 6\u00e8 de prim\u00e0ria: Revisi\u00f3 bucodental.<\/p>\n<p><strong>ADMINISTRACI\u00d3 DE MEDICAMENTS<\/strong><\/p>\n<p>Per normativa del Departament d\u2019Ensenyament, per administrar medicaments als alumnes cal que el pare, mare o tutor legal aporti una recepta o informe del metge o metgessa on consti el nom de l\u2019alumne\/a, la pauta i el nom del medicament que ha de prendre i la forma d\u2019administraci\u00f3. Aix\u00ed mateix, el pare, mare o tutor legal ha d\u2019aportar un escrit on es demani i s\u2019autoritzi al personal del centre educatiu que administri al fill o filla la medicaci\u00f3 prescrita sempre que sigui imprescindible la seva administraci\u00f3 en horari lectiu.<\/p>\n<p><strong>Important. <\/strong>Quan un\/a alumne\/a es troba malament o s\u2019ha fet mal de manera evident o suposadament, s\u2019avisar\u00e0 a la fam\u00edlia per tal que en siguin coneixedors i el vinguin a buscar. Siguin conscients que de vegades \u00e9s dif\u00edcil saber la import\u00e0ncia de la possible lesi\u00f3 o de la malaltia si no es porta al metge.<\/p>\n<p>Els alumnes que tenen febre no poden romandre a l\u2019escola i s\u2019han de venir a buscar. Informarem que un alumne\/a t\u00e9 febre quan t\u00e9 38\u00ba o m\u00e9s.<\/p>\n<p>En cas d\u2019accident o indisposici\u00f3 important i\/o urgent, s\u2019avisar\u00e0 a la fam\u00edlia i al servei m\u00e8dic d\u2019urg\u00e8ncies. Si no es pot contactar amb la fam\u00edlia l\u2019escola s\u2019encarregar\u00e0 d\u2019acompanyar l\u2019alumne\/a en el trasllat al centre d\u2019urg\u00e8ncies.<\/p>\n<p><strong>\u00daS D\u2019IMATGES DE L&#8217;ALUMNAT<br \/>\n<\/strong><\/p>\n<p>At\u00e8s que el dret a la pr\u00f2pia imatge est\u00e0 reconegut en l\u2019article 18.1 de la Constituci\u00f3 i regulat per la Llei org\u00e0nica 1\/1982, de 5 de maig, sobre el dret a l\u2019honor, a la intimitat personal i familiar i a la pr\u00f2pia imatge i que el dret a l\u2019autodeterminaci\u00f3 informativa tamb\u00e9 est\u00e0 reconegut en el text constitucional en l\u2019art. 18.4 i regulat per la Llei org\u00e0nica 15\/1999, de 13 de desembre, de protecci\u00f3 de dades de car\u00e0cter personal es fa necessari que, pr\u00e8viament a la publicaci\u00f3 a les p\u00e0gines web dels centres educatius d\u2019imatges (fotos i v\u00eddeos) d\u2019alumnes on aquests siguin clarament identificables s\u2019hagi obtingut el consentiment dels pares, mares o tutors legals.<\/p>\n<p>El consentiment, en el cas d\u2019imatges clarament identificables (fotos i v\u00eddeos), s\u2019est\u00e9n tamb\u00e9 a la reproducci\u00f3 d\u2019imatges en televisi\u00f3, revistes i publicacions de l\u2019entorn educatiu i cultural, llibres o qualsevol altre mitj\u00e0 de difusi\u00f3 educativa p\u00fablica i premsa. Aix\u00ed mateix, l\u2019autoritzaci\u00f3 es fa extensible als treballs elaborats per l\u2019alumnat i que s\u2019hagin de publicar\/exposar en el bloc, web o altres mitjans digitals, gr\u00e0fics o d\u2019exposici\u00f3 p\u00fablica.<\/p>\n<p>&nbsp;<\/p>\n<p>&nbsp;<\/p>\n<p>&nbsp;<\/p>\n<p>&nbsp;<\/p>\n<p>&nbsp;<\/p>\n","protected":false},"excerpt":{"rendered":"<p>PROGRAMA DE SALUT Cada curs el CAP de refer\u00e8ncia de l\u2019escola, organitza les intervencions al centre, d\u2019acord amb el Decret 155\/1993 d\u20191 de juny d\u2019actualitzaci\u00f3 del programa de Salut Escolar. Les activitats que estan previstes inicialment, a falta de confirmar, de les que rebran informaci\u00f3 en el seu moment s\u00f3n: \u2013 6\u00e8 de prim\u00e0ria: Vacunaci\u00f3 [&hellip;]<\/p>\n","protected":false},"author":1,"featured_media":0,"parent":22,"menu_order":80,"comment_status":"closed","ping_status":"closed","template":"page-templates\/side-menu.php","meta":{"_bbp_topic_count":0,"_bbp_reply_count":0,"_bbp_total_topic_count":0,"_bbp_total_reply_count":0,"_bbp_voice_count":0,"_bbp_anonymous_reply_count":0,"_bbp_topic_count_hidden":0,"_bbp_reply_count_hidden":0,"_bbp_forum_subforum_count":0,"site-sidebar-layout":"default","site-content-layout":"","ast-site-content-layout":"","site-content-style":"default","site-sidebar-style":"default","ast-global-header-display":"","ast-banner-title-visibility":"","ast-main-header-display":"","ast-hfb-above-header-display":"","ast-hfb-below-header-display":"","ast-hfb-mobile-header-display":"","site-post-title":"","ast-breadcrumbs-content":"","ast-featured-img":"","footer-sml-layout":"","theme-transparent-header-meta":"","adv-header-id-meta":"","stick-header-meta":"","header-above-stick-meta":"","header-main-stick-meta":"","header-below-stick-meta":"","astra-migrate-meta-layouts":"default","ast-page-background-enabled":"default","ast-page-background-meta":{"desktop":{"background-color":"var(--ast-global-color-5)","background-image":"","background-repeat":"repeat","background-position":"center center","background-size":"auto","background-attachment":"scroll","background-type":"","background-media":"","overlay-type":"","overlay-color":"","overlay-opacity":"","overlay-gradient":""},"tablet":{"background-color":"","background-image":"","background-repeat":"repeat","background-position":"center center","background-size":"auto","background-attachment":"scroll","background-type":"","background-media":"","overlay-type":"","overlay-color":"","overlay-opacity":"","overlay-gradient":""},"mobile":{"background-color":"","background-image":"","background-repeat":"repeat","background-position":"center center","background-size":"auto","background-attachment":"scroll","background-type":"","background-media":"","overlay-type":"","overlay-color":"","overlay-opacity":"","overlay-gradient":""}},"ast-content-background-meta":{"desktop":{"background-color":"var(--ast-global-color-4)","background-image":"","background-repeat":"repeat","background-position":"center center","background-size":"auto","background-attachment":"scroll","background-type":"","background-media":"","overlay-type":"","overlay-color":"","overlay-opacity":"","overlay-gradient":""},"tablet":{"background-color":"var(--ast-global-color-4)","background-image":"","background-repeat":"repeat","background-position":"center center","background-size":"auto","background-attachment":"scroll","background-type":"","background-media":"","overlay-type":"","overlay-color":"","overlay-opacity":"","overlay-gradient":""},"mobile":{"background-color":"var(--ast-global-color-4)","background-image":"","background-repeat":"repeat","background-position":"center center","background-size":"auto","background-attachment":"scroll","background-type":"","background-media":"","overlay-type":"","overlay-color":"","overlay-opacity":"","overlay-gradient":""}},"footnotes":""},"class_list":["post-38","page","type-page","status-publish","hentry"],"post_mailing_queue_ids":[],"_links":{"self":[{"href":"https:\/\/agora.xtec.cat\/ieagustibarbera\/wp-json\/wp\/v2\/pages\/38","targetHints":{"allow":["GET"]}}],"collection":[{"href":"https:\/\/agora.xtec.cat\/ieagustibarbera\/wp-json\/wp\/v2\/pages"}],"about":[{"href":"https:\/\/agora.xtec.cat\/ieagustibarbera\/wp-json\/wp\/v2\/types\/page"}],"author":[{"embeddable":true,"href":"https:\/\/agora.xtec.cat\/ieagustibarbera\/wp-json\/wp\/v2\/users\/1"}],"replies":[{"embeddable":true,"href":"https:\/\/agora.xtec.cat\/ieagustibarbera\/wp-json\/wp\/v2\/comments?post=38"}],"version-history":[{"count":3,"href":"https:\/\/agora.xtec.cat\/ieagustibarbera\/wp-json\/wp\/v2\/pages\/38\/revisions"}],"predecessor-version":[{"id":258,"href":"https:\/\/agora.xtec.cat\/ieagustibarbera\/wp-json\/wp\/v2\/pages\/38\/revisions\/258"}],"up":[{"embeddable":true,"href":"https:\/\/agora.xtec.cat\/ieagustibarbera\/wp-json\/wp\/v2\/pages\/22"}],"wp:attachment":[{"href":"https:\/\/agora.xtec.cat\/ieagustibarbera\/wp-json\/wp\/v2\/media?parent=38"}],"curies":[{"name":"wp","href":"https:\/\/api.w.org\/{rel}","templated":true}]}}