{"id":36,"date":"2014-09-18T12:33:11","date_gmt":"2014-09-18T11:33:11","guid":{"rendered":"http:\/\/agora.xtec.cat\/ieagustibarbera\/\/?page_id=36"},"modified":"2025-09-07T18:33:48","modified_gmt":"2025-09-07T16:33:48","slug":"material-escolar","status":"publish","type":"page","link":"https:\/\/agora.xtec.cat\/ieagustibarbera\/lescola\/material-escolar\/","title":{"rendered":"Material escolar"},"content":{"rendered":"<h3>Educaci\u00f3 infantil:<\/h3>\n<h3 style=\"text-align: left;\"><a href=\"https:\/\/agora.xtec.cat\/ieagustibarbera\/\/lescola\/material-escolar\/material-educacio-infantil\/\">I3-I4-I5<\/a><\/h3>\n<p>&nbsp;<\/p>\n<h3>Educaci\u00f3 Prim\u00e0ria:<\/h3>\n<h3 style=\"text-align: left;\"><a href=\"https:\/\/agora.xtec.cat\/ieagustibarbera\/\/lescola\/material-escolar\/llibres-i-material-cicle-inicial\/\">Cicle Inicial 1r-2n<\/a><\/h3>\n<h3 style=\"text-align: left;\"><a href=\"https:\/\/agora.xtec.cat\/ieagustibarbera\/\/lescola\/material-escolar\/llibres-i-material-cicle-mitja\/\">Cicle Mitj\u00e0 3r-4t<\/a><\/h3>\n<h3 style=\"text-align: left;\"><a href=\"https:\/\/agora.xtec.cat\/ieagustibarbera\/\/lescola\/material-escolar\/llibres-i-material-cicle-superior\/\">Cicle Superior 5\u00e8-6\u00e8<\/a><\/h3>\n<p>&nbsp;<\/p>\n<h3>Educaci\u00f3 secund\u00e0ria:<\/h3>\n<ul>\n<li>\n<h4>1r Cicle d&#8217;ESO:<\/h4>\n<\/li>\n<\/ul>\n<h3 style=\"text-align: left;\"><a href=\"https:\/\/agora.xtec.cat\/ieagustibarbera\/material-i-socialitzacio-llibres-1r-eso\/\">\u00a01r ESO<\/a><\/h3>\n<h3 style=\"text-align: left;\"><a href=\"https:\/\/agora.xtec.cat\/ieagustibarbera\/material-i-socialitzacio-llibres-2n-eso\/\" target=\"_blank\" rel=\"noopener\">\u00a02n ESO<\/a><\/h3>\n<ul>\n<li>\n<h5>2n Cicle d&#8217;ESO:<\/h5>\n<\/li>\n<\/ul>\n<h3 style=\"text-align: left;\"><a href=\"https:\/\/agora.xtec.cat\/ieagustibarbera\/material-i-socialitzacio-llibres-3r-eso\/\" target=\"_blank\" rel=\"noopener\">3r ESO<\/a><\/h3>\n<h3 style=\"text-align: left;\"><a href=\"https:\/\/agora.xtec.cat\/ieagustibarbera\/material-i-socialitzacio-llibres-4t-eso\/\" target=\"_blank\" rel=\"noopener\">4t ESO<\/a><\/h3>\n","protected":false},"excerpt":{"rendered":"<p>Educaci\u00f3 infantil: I3-I4-I5 &nbsp; Educaci\u00f3 Prim\u00e0ria: Cicle Inicial 1r-2n Cicle Mitj\u00e0 3r-4t Cicle Superior 5\u00e8-6\u00e8 &nbsp; Educaci\u00f3 secund\u00e0ria: 1r Cicle d&#8217;ESO: \u00a01r ESO \u00a02n ESO 2n Cicle d&#8217;ESO: 3r ESO 4t ESO<\/p>\n","protected":false},"author":1,"featured_media":0,"parent":22,"menu_order":70,"comment_status":"closed","ping_status":"closed","template":"page-templates\/side-menu.php","meta":{"_bbp_topic_count":0,"_bbp_reply_count":0,"_bbp_total_topic_count":0,"_bbp_total_reply_count":0,"_bbp_voice_count":0,"_bbp_anonymous_reply_count":0,"_bbp_topic_count_hidden":0,"_bbp_reply_count_hidden":0,"_bbp_forum_subforum_count":0,"site-sidebar-layout":"default","site-content-layout":"","ast-site-content-layout":"","site-content-style":"default","site-sidebar-style":"default","ast-global-header-display":"","ast-banner-title-visibility":"","ast-main-header-display":"","ast-hfb-above-header-display":"","ast-hfb-below-header-display":"","ast-hfb-mobile-header-display":"","site-post-title":"","ast-breadcrumbs-content":"","ast-featured-img":"","footer-sml-layout":"","theme-transparent-header-meta":"","adv-header-id-meta":"","stick-header-meta":"","header-above-stick-meta":"","header-main-stick-meta":"","header-below-stick-meta":"","astra-migrate-meta-layouts":"default","ast-page-background-enabled":"default","ast-page-background-meta":{"desktop":{"background-color":"var(--ast-global-color-5)","background-image":"","background-repeat":"repeat","background-position":"center center","background-size":"auto","background-attachment":"scroll","background-type":"","background-media":"","overlay-type":"","overlay-color":"","overlay-opacity":"","overlay-gradient":""},"tablet":{"background-color":"","background-image":"","background-repeat":"repeat","background-position":"center center","background-size":"auto","background-attachment":"scroll","background-type":"","background-media":"","overlay-type":"","overlay-color":"","overlay-opacity":"","overlay-gradient":""},"mobile":{"background-color":"","background-image":"","background-repeat":"repeat","background-position":"center center","background-size":"auto","background-attachment":"scroll","background-type":"","background-media":"","overlay-type":"","overlay-color":"","overlay-opacity":"","overlay-gradient":""}},"ast-content-background-meta":{"desktop":{"background-color":"var(--ast-global-color-4)","background-image":"","background-repeat":"repeat","background-position":"center center","background-size":"auto","background-attachment":"scroll","background-type":"","background-media":"","overlay-type":"","overlay-color":"","overlay-opacity":"","overlay-gradient":""},"tablet":{"background-color":"var(--ast-global-color-4)","background-image":"","background-repeat":"repeat","background-position":"center center","background-size":"auto","background-attachment":"scroll","background-type":"","background-media":"","overlay-type":"","overlay-color":"","overlay-opacity":"","overlay-gradient":""},"mobile":{"background-color":"var(--ast-global-color-4)","background-image":"","background-repeat":"repeat","background-position":"center center","background-size":"auto","background-attachment":"scroll","background-type":"","background-media":"","overlay-type":"","overlay-color":"","overlay-opacity":"","overlay-gradient":""}},"footnotes":""},"class_list":["post-36","page","type-page","status-publish","hentry"],"post_mailing_queue_ids":[],"_links":{"self":[{"href":"https:\/\/agora.xtec.cat\/ieagustibarbera\/wp-json\/wp\/v2\/pages\/36","targetHints":{"allow":["GET"]}}],"collection":[{"href":"https:\/\/agora.xtec.cat\/ieagustibarbera\/wp-json\/wp\/v2\/pages"}],"about":[{"href":"https:\/\/agora.xtec.cat\/ieagustibarbera\/wp-json\/wp\/v2\/types\/page"}],"author":[{"embeddable":true,"href":"https:\/\/agora.xtec.cat\/ieagustibarbera\/wp-json\/wp\/v2\/users\/1"}],"replies":[{"embeddable":true,"href":"https:\/\/agora.xtec.cat\/ieagustibarbera\/wp-json\/wp\/v2\/comments?post=36"}],"version-history":[{"count":8,"href":"https:\/\/agora.xtec.cat\/ieagustibarbera\/wp-json\/wp\/v2\/pages\/36\/revisions"}],"predecessor-version":[{"id":5423,"href":"https:\/\/agora.xtec.cat\/ieagustibarbera\/wp-json\/wp\/v2\/pages\/36\/revisions\/5423"}],"up":[{"embeddable":true,"href":"https:\/\/agora.xtec.cat\/ieagustibarbera\/wp-json\/wp\/v2\/pages\/22"}],"wp:attachment":[{"href":"https:\/\/agora.xtec.cat\/ieagustibarbera\/wp-json\/wp\/v2\/media?parent=36"}],"curies":[{"name":"wp","href":"https:\/\/api.w.org\/{rel}","templated":true}]}}