{"id":30,"date":"2014-09-18T12:30:23","date_gmt":"2014-09-18T11:30:23","guid":{"rendered":"http:\/\/agora.xtec.cat\/ieagustibarbera\/\/?page_id=30"},"modified":"2023-07-27T11:18:15","modified_gmt":"2023-07-27T09:18:15","slug":"instal%c2%b7lacions","status":"publish","type":"page","link":"https:\/\/agora.xtec.cat\/ieagustibarbera\/lescola\/instal%c2%b7lacions\/","title":{"rendered":"Instal\u00b7lacions"},"content":{"rendered":"<p class=\"western\" align=\"justify\"><span style=\"font-size: medium;\">L&#8217;Institut Escola Agust\u00ed Barber\u00e0 consta de tres edificis on s&#8217;imparteixen classes i un petit magatzem, tots dintre d&#8217;un mateix recinte ubicat al carrer Madrid, 51-55 de la ciutat d&#8217;Amposta.<\/span><\/p>\n<p align=\"justify\"><strong><span style=\"font-size: medium;\"> L&#8217;edifici principal, <\/span><\/strong><span style=\"font-size: medium;\">despr\u00e9s de les modificacions que al llarg del temps s&#8217;han anat fent, consta de dues plantes amb els seg\u00fcents espais:<\/span><\/p>\n<p align=\"justify\"><span style=\"font-size: medium;\"> &#8211; Planta baixa: 6 Aules, 1 Aula d&#8217;Educaci\u00f3 Especial, Direcci\u00f3, Secretaria, Sala de Professorat, Sala d&#8217;usos m\u00faltiples-Biblioteca, Cuina, Menjador, Sala de Material, Sala de caldera de calefacci\u00f3, Sala del Servei de neteja, Sala de distribuci\u00f3 el\u00e8ctrica, Lavabos Professorat i Lavabos Alumnat,1 aula d\u2019Acollida, Aula SIEI i 1 Aula Oberta.<\/span><\/p>\n<p align=\"justify\"><span style=\"font-size: medium;\"> &#8211; Planta superior: 9 Aules, 1 laboratori de Ci\u00e8ncies i 1 taller de Tecnologia, <\/span><span style=\"font-size: medium;\">Sala de Professorat, <\/span><span style=\"font-size: medium;\">L<\/span><span style=\"font-family: inherit; font-size: medium;\">avabos <\/span><span style=\"font-family: inherit; font-size: medium;\">Professorat i Lavabos Alumnat.<\/span><\/p>\n<p align=\"justify\"><strong><span style=\"font-size: medium;\"> El segon edifici tamb\u00e9 t\u00e9 dues plantes:<\/span><\/strong><\/p>\n<p align=\"justify\"><span style=\"font-size: medium;\"> &#8211; Planta baixa: 2 Aules d&#8217;infantil, 1 despatx polivalent, 1 Tutoria, Sala de Material, Lavabos Professorat i Lavabos Alumnat.<\/span><\/p>\n<p align=\"justify\"><span style=\"font-size: medium;\"> &#8211; Planta superior: 1 Aula d&#8217;infantil, 1 Sala de Psicomotricitat, Sala de Material i lavabos.<\/span><\/p>\n<p align=\"justify\"><strong><span style=\"font-size: medium;\">El tercer edifici t\u00e9 una planta:<\/span><\/strong><\/p>\n<p align=\"justify\"><span style=\"font-size: medium;\">&#8211;\u00a0 2 Aules, 1 despatx polivalent i lavabos.<\/span><\/p>\n<p align=\"justify\"><strong><span style=\"font-size: medium;\"> Petit magatzem per guardar el material d&#8217;Educaci\u00f3 F\u00edsica i material en des\u00fas.<\/span><\/strong><\/p>\n<p align=\"justify\"><strong><span style=\"font-size: medium;\">La zona d&#8217;esbarjo \u00e9s com\u00fa a tots tres edificis i t\u00e9 dues pistes poliesportives.<\/span><\/strong><\/p>\n<p align=\"justify\"><strong><span style=\"font-size: medium;\"> En un petit rac\u00f3 del pat\u00ed est\u00e0 situat un hortet en el qual sembrem verdures Ecol\u00f2giques (projecte Escoles Verdes).<\/span><\/strong><\/p>\n","protected":false},"excerpt":{"rendered":"<p>L&#8217;Institut Escola Agust\u00ed Barber\u00e0 consta de tres edificis on s&#8217;imparteixen classes i un petit magatzem, tots dintre d&#8217;un mateix recinte ubicat al carrer Madrid, 51-55 de la ciutat d&#8217;Amposta. L&#8217;edifici principal, despr\u00e9s de les modificacions que al llarg del temps s&#8217;han anat fent, consta de dues plantes amb els seg\u00fcents espais: &#8211; Planta baixa: 6 [&hellip;]<\/p>\n","protected":false},"author":1,"featured_media":0,"parent":22,"menu_order":40,"comment_status":"closed","ping_status":"closed","template":"page-templates\/side-menu.php","meta":{"_bbp_topic_count":0,"_bbp_reply_count":0,"_bbp_total_topic_count":0,"_bbp_total_reply_count":0,"_bbp_voice_count":0,"_bbp_anonymous_reply_count":0,"_bbp_topic_count_hidden":0,"_bbp_reply_count_hidden":0,"_bbp_forum_subforum_count":0,"site-sidebar-layout":"default","site-content-layout":"","ast-site-content-layout":"","site-content-style":"default","site-sidebar-style":"default","ast-global-header-display":"","ast-banner-title-visibility":"","ast-main-header-display":"","ast-hfb-above-header-display":"","ast-hfb-below-header-display":"","ast-hfb-mobile-header-display":"","site-post-title":"","ast-breadcrumbs-content":"","ast-featured-img":"","footer-sml-layout":"","theme-transparent-header-meta":"","adv-header-id-meta":"","stick-header-meta":"","header-above-stick-meta":"","header-main-stick-meta":"","header-below-stick-meta":"","astra-migrate-meta-layouts":"default","ast-page-background-enabled":"default","ast-page-background-meta":{"desktop":{"background-color":"var(--ast-global-color-5)","background-image":"","background-repeat":"repeat","background-position":"center center","background-size":"auto","background-attachment":"scroll","background-type":"","background-media":"","overlay-type":"","overlay-color":"","overlay-opacity":"","overlay-gradient":""},"tablet":{"background-color":"","background-image":"","background-repeat":"repeat","background-position":"center center","background-size":"auto","background-attachment":"scroll","background-type":"","background-media":"","overlay-type":"","overlay-color":"","overlay-opacity":"","overlay-gradient":""},"mobile":{"background-color":"","background-image":"","background-repeat":"repeat","background-position":"center center","background-size":"auto","background-attachment":"scroll","background-type":"","background-media":"","overlay-type":"","overlay-color":"","overlay-opacity":"","overlay-gradient":""}},"ast-content-background-meta":{"desktop":{"background-color":"var(--ast-global-color-4)","background-image":"","background-repeat":"repeat","background-position":"center center","background-size":"auto","background-attachment":"scroll","background-type":"","background-media":"","overlay-type":"","overlay-color":"","overlay-opacity":"","overlay-gradient":""},"tablet":{"background-color":"var(--ast-global-color-4)","background-image":"","background-repeat":"repeat","background-position":"center center","background-size":"auto","background-attachment":"scroll","background-type":"","background-media":"","overlay-type":"","overlay-color":"","overlay-opacity":"","overlay-gradient":""},"mobile":{"background-color":"var(--ast-global-color-4)","background-image":"","background-repeat":"repeat","background-position":"center center","background-size":"auto","background-attachment":"scroll","background-type":"","background-media":"","overlay-type":"","overlay-color":"","overlay-opacity":"","overlay-gradient":""}},"footnotes":""},"class_list":["post-30","page","type-page","status-publish","hentry"],"post_mailing_queue_ids":[],"_links":{"self":[{"href":"https:\/\/agora.xtec.cat\/ieagustibarbera\/wp-json\/wp\/v2\/pages\/30","targetHints":{"allow":["GET"]}}],"collection":[{"href":"https:\/\/agora.xtec.cat\/ieagustibarbera\/wp-json\/wp\/v2\/pages"}],"about":[{"href":"https:\/\/agora.xtec.cat\/ieagustibarbera\/wp-json\/wp\/v2\/types\/page"}],"author":[{"embeddable":true,"href":"https:\/\/agora.xtec.cat\/ieagustibarbera\/wp-json\/wp\/v2\/users\/1"}],"replies":[{"embeddable":true,"href":"https:\/\/agora.xtec.cat\/ieagustibarbera\/wp-json\/wp\/v2\/comments?post=30"}],"version-history":[{"count":4,"href":"https:\/\/agora.xtec.cat\/ieagustibarbera\/wp-json\/wp\/v2\/pages\/30\/revisions"}],"predecessor-version":[{"id":4904,"href":"https:\/\/agora.xtec.cat\/ieagustibarbera\/wp-json\/wp\/v2\/pages\/30\/revisions\/4904"}],"up":[{"embeddable":true,"href":"https:\/\/agora.xtec.cat\/ieagustibarbera\/wp-json\/wp\/v2\/pages\/22"}],"wp:attachment":[{"href":"https:\/\/agora.xtec.cat\/ieagustibarbera\/wp-json\/wp\/v2\/media?parent=30"}],"curies":[{"name":"wp","href":"https:\/\/api.w.org\/{rel}","templated":true}]}}