{"id":28,"date":"2014-09-18T12:29:35","date_gmt":"2014-09-18T11:29:35","guid":{"rendered":"http:\/\/agora.xtec.cat\/ieagustibarbera\/\/?page_id=28"},"modified":"2026-02-18T15:23:15","modified_gmt":"2026-02-18T14:23:15","slug":"consell-escolar","status":"publish","type":"page","link":"https:\/\/agora.xtec.cat\/ieagustibarbera\/lescola\/consell-escolar\/","title":{"rendered":"Consell escolar"},"content":{"rendered":"<p>La constituci\u00f3 del consell escolar va tenir lloc, el dia 16\/02\/2025 a les 19:30 h, sota la presid\u00e8ncia del director, Marc Forn\u00f3s i Monllau.<\/p>\n<p>Director: Marc Forn\u00f3s Monllau<\/p>\n<p>Cap d&#8217;estudis: Sara Tirado Germ\u00e1n<\/p>\n<p>Secret\u00e0ria: Sabrina Calvet Matamoros<\/p>\n<p>Altres c\u00e0rrecs directius: J\u00e8nnifer Revert\u00e9 Ferrando<\/p>\n<p>Representant de l&#8217;Ajuntament: N\u00faria Marco Selma<\/p>\n<p>Representants de l&#8217;alumnat:<\/p>\n<ol>\n<li>Florentin Luis Sandu<\/li>\n<li>Lluc Gonz\u00e0lez Peiro<\/li>\n<li>Zhixuan Wu<\/li>\n<\/ol>\n<p>Representant de l&#8217;AFA: Adela Tom\u00e0s<\/p>\n<p>Representant de les fam\u00edlies:<\/p>\n<ol>\n<li>M\u00aa Jes\u00fas Juan Cabello<\/li>\n<li>M\u00aa Jos\u00e9 Mahiques Serrano<\/li>\n<li>M\u00f2nica M\u00faria Beltri<\/li>\n<\/ol>\n<p>Representant PAE: N\u00faria Gisbert Arbiol<\/p>\n<p>Representant PAS: Carme Subirats March<\/p>\n<p>Representants dels docents:<\/p>\n<ol>\n<li>\u00c0ngels Ruiz Fabregat<\/li>\n<li>Francesc Armand Vizcarro Gaspar\u00edn<\/li>\n<li>J\u00e8ssica Bertomeu Calvet<\/li>\n<li>Mariona Revert\u00e9 Roca<\/li>\n<li>Meritxell Pons Monta\u00f1\u00e9s<\/li>\n<li>M\u00edriam Calvet Revert\u00e9<\/li>\n<li>Roser Romeu Bel<\/li>\n<\/ol>\n<p>&nbsp;<\/p>\n<p>&nbsp;<\/p>\n","protected":false},"excerpt":{"rendered":"<p>La constituci\u00f3 del consell escolar va tenir lloc, el dia 16\/02\/2025 a les 19:30 h, sota la presid\u00e8ncia del director, Marc Forn\u00f3s i Monllau. Director: Marc Forn\u00f3s Monllau Cap d&#8217;estudis: Sara Tirado Germ\u00e1n Secret\u00e0ria: Sabrina Calvet Matamoros Altres c\u00e0rrecs directius: J\u00e8nnifer Revert\u00e9 Ferrando Representant de l&#8217;Ajuntament: N\u00faria Marco Selma Representants de l&#8217;alumnat: Florentin Luis Sandu [&hellip;]<\/p>\n","protected":false},"author":1,"featured_media":0,"parent":22,"menu_order":30,"comment_status":"closed","ping_status":"closed","template":"","meta":{"_bbp_topic_count":0,"_bbp_reply_count":0,"_bbp_total_topic_count":0,"_bbp_total_reply_count":0,"_bbp_voice_count":0,"_bbp_anonymous_reply_count":0,"_bbp_topic_count_hidden":0,"_bbp_reply_count_hidden":0,"_bbp_forum_subforum_count":0,"site-sidebar-layout":"default","site-content-layout":"","ast-site-content-layout":"default","site-content-style":"default","site-sidebar-style":"default","ast-global-header-display":"","ast-banner-title-visibility":"","ast-main-header-display":"","ast-hfb-above-header-display":"","ast-hfb-below-header-display":"","ast-hfb-mobile-header-display":"","site-post-title":"","ast-breadcrumbs-content":"","ast-featured-img":"","footer-sml-layout":"","theme-transparent-header-meta":"default","adv-header-id-meta":"","stick-header-meta":"","header-above-stick-meta":"","header-main-stick-meta":"","header-below-stick-meta":"","astra-migrate-meta-layouts":"set","ast-page-background-enabled":"default","ast-page-background-meta":{"desktop":{"background-color":"var(--ast-global-color-5)","background-image":"","background-repeat":"repeat","background-position":"center center","background-size":"auto","background-attachment":"scroll","background-type":"","background-media":"","overlay-type":"","overlay-color":"","overlay-opacity":"","overlay-gradient":""},"tablet":{"background-color":"","background-image":"","background-repeat":"repeat","background-position":"center center","background-size":"auto","background-attachment":"scroll","background-type":"","background-media":"","overlay-type":"","overlay-color":"","overlay-opacity":"","overlay-gradient":""},"mobile":{"background-color":"","background-image":"","background-repeat":"repeat","background-position":"center center","background-size":"auto","background-attachment":"scroll","background-type":"","background-media":"","overlay-type":"","overlay-color":"","overlay-opacity":"","overlay-gradient":""}},"ast-content-background-meta":{"desktop":{"background-color":"var(--ast-global-color-4)","background-image":"","background-repeat":"repeat","background-position":"center center","background-size":"auto","background-attachment":"scroll","background-type":"","background-media":"","overlay-type":"","overlay-color":"","overlay-opacity":"","overlay-gradient":""},"tablet":{"background-color":"var(--ast-global-color-4)","background-image":"","background-repeat":"repeat","background-position":"center center","background-size":"auto","background-attachment":"scroll","background-type":"","background-media":"","overlay-type":"","overlay-color":"","overlay-opacity":"","overlay-gradient":""},"mobile":{"background-color":"var(--ast-global-color-4)","background-image":"","background-repeat":"repeat","background-position":"center center","background-size":"auto","background-attachment":"scroll","background-type":"","background-media":"","overlay-type":"","overlay-color":"","overlay-opacity":"","overlay-gradient":""}},"footnotes":""},"class_list":["post-28","page","type-page","status-publish","hentry"],"post_mailing_queue_ids":[],"_links":{"self":[{"href":"https:\/\/agora.xtec.cat\/ieagustibarbera\/wp-json\/wp\/v2\/pages\/28","targetHints":{"allow":["GET"]}}],"collection":[{"href":"https:\/\/agora.xtec.cat\/ieagustibarbera\/wp-json\/wp\/v2\/pages"}],"about":[{"href":"https:\/\/agora.xtec.cat\/ieagustibarbera\/wp-json\/wp\/v2\/types\/page"}],"author":[{"embeddable":true,"href":"https:\/\/agora.xtec.cat\/ieagustibarbera\/wp-json\/wp\/v2\/users\/1"}],"replies":[{"embeddable":true,"href":"https:\/\/agora.xtec.cat\/ieagustibarbera\/wp-json\/wp\/v2\/comments?post=28"}],"version-history":[{"count":7,"href":"https:\/\/agora.xtec.cat\/ieagustibarbera\/wp-json\/wp\/v2\/pages\/28\/revisions"}],"predecessor-version":[{"id":5563,"href":"https:\/\/agora.xtec.cat\/ieagustibarbera\/wp-json\/wp\/v2\/pages\/28\/revisions\/5563"}],"up":[{"embeddable":true,"href":"https:\/\/agora.xtec.cat\/ieagustibarbera\/wp-json\/wp\/v2\/pages\/22"}],"wp:attachment":[{"href":"https:\/\/agora.xtec.cat\/ieagustibarbera\/wp-json\/wp\/v2\/media?parent=28"}],"curies":[{"name":"wp","href":"https:\/\/api.w.org\/{rel}","templated":true}]}}