{"id":235,"date":"2016-08-31T12:50:05","date_gmt":"2016-08-31T11:50:05","guid":{"rendered":"http:\/\/agora.xtec.cat\/ieagustibarbera\/\/?page_id=235"},"modified":"2026-03-24T12:42:22","modified_gmt":"2026-03-24T11:42:22","slug":"documents-del-centre","status":"publish","type":"page","link":"https:\/\/agora.xtec.cat\/ieagustibarbera\/lescola\/documents-del-centre\/","title":{"rendered":"Documents del Centre"},"content":{"rendered":"<div dir=\"ltr\">\n<ul>\n<li>PEC (Projecte Educatiu de Centre).<\/li>\n<li><a href=\"https:\/\/www.calameo.com\/read\/0078045836898a57f77a0\">NOFC<\/a> (Normes d&#8217;Organitzaci\u00f3 i Funcionament de Centre).<\/li>\n<li><a href=\"https:\/\/www.calameo.com\/read\/00780458395537847201b\">Projecte Ling\u00fc\u00edstic.<\/a><\/li>\n<li><a href=\"https:\/\/www.calameo.com\/read\/007804583599f5b26943d\">Carta de Comprom\u00eds.<\/a><\/li>\n<li><a href=\"https:\/\/www.calameo.com\/read\/0078045832ea808a33a42\">Pla de Funcionament de Transport Escolar.<\/a><\/li>\n<li><a href=\"https:\/\/agora.xtec.cat\/ieagustibarbera\/estrategia-digital-de-centre-edc\/\">PLA d&#8217;ESTRAT\u00c8GIA DIGITAL DE CENTRE<\/a>\n<ul>\n<li><a href=\"https:\/\/agora.xtec.cat\/ieagustibarbera\/estrategia-digital-de-centre-edc\/\">ESTRAT\u00c8GIA DIGITAL DE CENTRE.<\/a><\/li>\n<li><a href=\"https:\/\/agora.xtec.cat\/ieagustibarbera\/cultura-digital\/\">CULTURA DIGITAL.<\/a><\/li>\n<\/ul>\n<\/li>\n<\/ul>\n<\/div>\n","protected":false},"excerpt":{"rendered":"<p>PEC (Projecte Educatiu de Centre). NOFC (Normes d&#8217;Organitzaci\u00f3 i Funcionament de Centre). Projecte Ling\u00fc\u00edstic. Carta de Comprom\u00eds. Pla de Funcionament de Transport Escolar. PLA d&#8217;ESTRAT\u00c8GIA DIGITAL DE CENTRE ESTRAT\u00c8GIA DIGITAL DE CENTRE. CULTURA DIGITAL.<\/p>\n","protected":false},"author":1,"featured_media":0,"parent":22,"menu_order":50,"comment_status":"closed","ping_status":"closed","template":"","meta":{"_bbp_topic_count":0,"_bbp_reply_count":0,"_bbp_total_topic_count":0,"_bbp_total_reply_count":0,"_bbp_voice_count":0,"_bbp_anonymous_reply_count":0,"_bbp_topic_count_hidden":0,"_bbp_reply_count_hidden":0,"_bbp_forum_subforum_count":0,"site-sidebar-layout":"default","site-content-layout":"","ast-site-content-layout":"default","site-content-style":"default","site-sidebar-style":"default","ast-global-header-display":"","ast-banner-title-visibility":"","ast-main-header-display":"","ast-hfb-above-header-display":"","ast-hfb-below-header-display":"","ast-hfb-mobile-header-display":"","site-post-title":"","ast-breadcrumbs-content":"","ast-featured-img":"","footer-sml-layout":"","theme-transparent-header-meta":"default","adv-header-id-meta":"","stick-header-meta":"","header-above-stick-meta":"","header-main-stick-meta":"","header-below-stick-meta":"","astra-migrate-meta-layouts":"set","ast-page-background-enabled":"default","ast-page-background-meta":{"desktop":{"background-color":"var(--ast-global-color-5)","background-image":"","background-repeat":"repeat","background-position":"center center","background-size":"auto","background-attachment":"scroll","background-type":"","background-media":"","overlay-type":"","overlay-color":"","overlay-opacity":"","overlay-gradient":""},"tablet":{"background-color":"","background-image":"","background-repeat":"repeat","background-position":"center center","background-size":"auto","background-attachment":"scroll","background-type":"","background-media":"","overlay-type":"","overlay-color":"","overlay-opacity":"","overlay-gradient":""},"mobile":{"background-color":"","background-image":"","background-repeat":"repeat","background-position":"center center","background-size":"auto","background-attachment":"scroll","background-type":"","background-media":"","overlay-type":"","overlay-color":"","overlay-opacity":"","overlay-gradient":""}},"ast-content-background-meta":{"desktop":{"background-color":"var(--ast-global-color-4)","background-image":"","background-repeat":"repeat","background-position":"center center","background-size":"auto","background-attachment":"scroll","background-type":"","background-media":"","overlay-type":"","overlay-color":"","overlay-opacity":"","overlay-gradient":""},"tablet":{"background-color":"var(--ast-global-color-4)","background-image":"","background-repeat":"repeat","background-position":"center center","background-size":"auto","background-attachment":"scroll","background-type":"","background-media":"","overlay-type":"","overlay-color":"","overlay-opacity":"","overlay-gradient":""},"mobile":{"background-color":"var(--ast-global-color-4)","background-image":"","background-repeat":"repeat","background-position":"center center","background-size":"auto","background-attachment":"scroll","background-type":"","background-media":"","overlay-type":"","overlay-color":"","overlay-opacity":"","overlay-gradient":""}},"footnotes":""},"class_list":["post-235","page","type-page","status-publish","hentry"],"post_mailing_queue_ids":[],"_links":{"self":[{"href":"https:\/\/agora.xtec.cat\/ieagustibarbera\/wp-json\/wp\/v2\/pages\/235","targetHints":{"allow":["GET"]}}],"collection":[{"href":"https:\/\/agora.xtec.cat\/ieagustibarbera\/wp-json\/wp\/v2\/pages"}],"about":[{"href":"https:\/\/agora.xtec.cat\/ieagustibarbera\/wp-json\/wp\/v2\/types\/page"}],"author":[{"embeddable":true,"href":"https:\/\/agora.xtec.cat\/ieagustibarbera\/wp-json\/wp\/v2\/users\/1"}],"replies":[{"embeddable":true,"href":"https:\/\/agora.xtec.cat\/ieagustibarbera\/wp-json\/wp\/v2\/comments?post=235"}],"version-history":[{"count":7,"href":"https:\/\/agora.xtec.cat\/ieagustibarbera\/wp-json\/wp\/v2\/pages\/235\/revisions"}],"predecessor-version":[{"id":5659,"href":"https:\/\/agora.xtec.cat\/ieagustibarbera\/wp-json\/wp\/v2\/pages\/235\/revisions\/5659"}],"up":[{"embeddable":true,"href":"https:\/\/agora.xtec.cat\/ieagustibarbera\/wp-json\/wp\/v2\/pages\/22"}],"wp:attachment":[{"href":"https:\/\/agora.xtec.cat\/ieagustibarbera\/wp-json\/wp\/v2\/media?parent=235"}],"curies":[{"name":"wp","href":"https:\/\/api.w.org\/{rel}","templated":true}]}}