{"id":69,"date":"2014-09-18T10:15:07","date_gmt":"2014-09-18T09:15:07","guid":{"rendered":"http:\/\/agora.xtec.cat\/ie3dabril\/?page_id=69"},"modified":"2016-12-09T13:01:44","modified_gmt":"2016-12-09T12:01:44","slug":"menjador-escolar","status":"publish","type":"page","link":"https:\/\/agora.xtec.cat\/ie3dabril\/serveis\/menjador-escolar\/","title":{"rendered":"Menjador escolar"},"content":{"rendered":"<p style=\"color: #000000;\">\u00a0El centre disposa de menjador escolar, que s&#8217;organitza d&#8217;acord al que disposa el Decret 160\/1996, de 14 de maig, i seguint el preceptiu pla de menjador escolar que l\u2018empresa responsable elabora a l&#8217;efecte. Aquest pla seguir\u00e0 criteris alimentaris i educatius, i inclour\u00e0 tant l&#8217;organitzaci\u00f3 dels \u00e0pats com el desenvolupament d&#8217;activitats educatives de lleure per part de l&#8217;alumnat.<\/p>\n<p style=\"color: #000000;\">El funcionament i gesti\u00f3 del menjador escolar \u00e9s responsabilitat de l\u2018AMPA. L\u2018empresa de c\u00e0tering \u00e9s l\u2018encarregada de servir el menjar i gestionar els monitors del menjador.<\/p>\n<p style=\"color: #000000;\">El funcionament del menjador escolar segueix les directrius del Consell Escolar del centre, sota el control i supervisi\u00f3 de la comissi\u00f3 de menjador. El reglament del menjador recull l\u2018organitzaci\u00f3 concreta de grups, horaris, espais disponibles, etc. del centre.<\/p>\n<p style=\"color: #000000;\">\u00a0Pel que fa a l&#8217;alumnat, aquest es regir\u00e0 per les normes generals del centre establertes en aquest NOFC.<\/p>\n<p style=\"color: #000000;\">\u00a0L\u2018horari de menjador ocupa la franja interlectiva de migdia, temps en qu\u00e8 l&#8217;alumnat est\u00e0 sota la responsabilitat de l&#8217;equip de monitores que l&#8217;empresa estipuli.<\/p>\n<p style=\"color: #000000;\">\u00a0\u00c9s responsabilitat de l\u2018empresa adjudicat\u00e0ria vetllar pel manteniment, conservaci\u00f3 i reparaci\u00f3, si s\u2018escau, dels materials del centre que es puguin malmetre pel seu \u00fas en horari de menjador.<\/p>\n<p style=\"color: #000000;\">\u00a0En casos de comportaments greument perjudicials per a la conviv\u00e8ncia, l\u2018alumne\/a pot ser expulsat temporal o definitivament del servei de menjador escolar.<\/p>\n<p style=\"color: #000000;\">\u00a0La valoraci\u00f3 del funcionament d\u2018aquest servei s\u2018inclour\u00e0 a les respectives mem\u00f2ries anuals.<\/p>\n<p style=\"color: #000000;\">\u00a0El centre facilitar\u00e0, quan sigui el cas, la documentaci\u00f3 necess\u00e0ria per aportar-la al Consell Comarcal per sol\u00b7licitar l\u2018ajut corresponent.<\/p>\n<p style=\"color: #000000;\">A continuaci\u00f3 teniu el document sobre la reglamentaci\u00f3 del menjador escolar :<\/p>\n<p style=\"color: #000000;\"><a href=\"http:\/\/agora.xtec.cat\/ie3dabril\/wp-content\/uploads\/usu1564\/2014\/09\/REGLAMENT-DEL-MENJADOR.pdf\">Reglament del menjador escolar<\/a><\/p>\n<p style=\"color: #000000;\">\n","protected":false},"excerpt":{"rendered":"<p>\u00a0El centre disposa de menjador escolar, que s&#8217;organitza d&#8217;acord al que disposa el Decret 160\/1996, de 14 de maig, i seguint el preceptiu pla de menjador escolar que l\u2018empresa responsable elabora a l&#8217;efecte. Aquest pla seguir\u00e0 criteris alimentaris i educatius, i inclour\u00e0 tant l&#8217;organitzaci\u00f3 dels \u00e0pats com el desenvolupament d&#8217;activitats educatives de lleure per part [&hellip;]<\/p>\n","protected":false},"author":1,"featured_media":0,"parent":63,"menu_order":20,"comment_status":"closed","ping_status":"closed","template":"page-templates\/side-menu.php","meta":{"_bbp_topic_count":0,"_bbp_reply_count":0,"_bbp_total_topic_count":0,"_bbp_total_reply_count":0,"_bbp_voice_count":0,"_bbp_anonymous_reply_count":0,"_bbp_topic_count_hidden":0,"_bbp_reply_count_hidden":0,"_bbp_forum_subforum_count":0,"site-sidebar-layout":"default","site-content-layout":"","ast-site-content-layout":"","site-content-style":"default","site-sidebar-style":"default","ast-global-header-display":"","ast-banner-title-visibility":"","ast-main-header-display":"","ast-hfb-above-header-display":"","ast-hfb-below-header-display":"","ast-hfb-mobile-header-display":"","site-post-title":"","ast-breadcrumbs-content":"","ast-featured-img":"","footer-sml-layout":"","theme-transparent-header-meta":"","adv-header-id-meta":"","stick-header-meta":"","header-above-stick-meta":"","header-main-stick-meta":"","header-below-stick-meta":"","astra-migrate-meta-layouts":"default","ast-page-background-enabled":"default","ast-page-background-meta":{"desktop":{"background-color":"var(--ast-global-color-4)","background-image":"","background-repeat":"repeat","background-position":"center center","background-size":"auto","background-attachment":"scroll","background-type":"","background-media":"","overlay-type":"","overlay-color":"","overlay-opacity":"","overlay-gradient":""},"tablet":{"background-color":"","background-image":"","background-repeat":"repeat","background-position":"center center","background-size":"auto","background-attachment":"scroll","background-type":"","background-media":"","overlay-type":"","overlay-color":"","overlay-opacity":"","overlay-gradient":""},"mobile":{"background-color":"","background-image":"","background-repeat":"repeat","background-position":"center center","background-size":"auto","background-attachment":"scroll","background-type":"","background-media":"","overlay-type":"","overlay-color":"","overlay-opacity":"","overlay-gradient":""}},"ast-content-background-meta":{"desktop":{"background-color":"var(--ast-global-color-5)","background-image":"","background-repeat":"repeat","background-position":"center center","background-size":"auto","background-attachment":"scroll","background-type":"","background-media":"","overlay-type":"","overlay-color":"","overlay-opacity":"","overlay-gradient":""},"tablet":{"background-color":"var(--ast-global-color-5)","background-image":"","background-repeat":"repeat","background-position":"center center","background-size":"auto","background-attachment":"scroll","background-type":"","background-media":"","overlay-type":"","overlay-color":"","overlay-opacity":"","overlay-gradient":""},"mobile":{"background-color":"var(--ast-global-color-5)","background-image":"","background-repeat":"repeat","background-position":"center center","background-size":"auto","background-attachment":"scroll","background-type":"","background-media":"","overlay-type":"","overlay-color":"","overlay-opacity":"","overlay-gradient":""}},"footnotes":""},"class_list":["post-69","page","type-page","status-publish","hentry"],"post_mailing_queue_ids":[],"_links":{"self":[{"href":"https:\/\/agora.xtec.cat\/ie3dabril\/wp-json\/wp\/v2\/pages\/69","targetHints":{"allow":["GET"]}}],"collection":[{"href":"https:\/\/agora.xtec.cat\/ie3dabril\/wp-json\/wp\/v2\/pages"}],"about":[{"href":"https:\/\/agora.xtec.cat\/ie3dabril\/wp-json\/wp\/v2\/types\/page"}],"author":[{"embeddable":true,"href":"https:\/\/agora.xtec.cat\/ie3dabril\/wp-json\/wp\/v2\/users\/1"}],"replies":[{"embeddable":true,"href":"https:\/\/agora.xtec.cat\/ie3dabril\/wp-json\/wp\/v2\/comments?post=69"}],"version-history":[{"count":3,"href":"https:\/\/agora.xtec.cat\/ie3dabril\/wp-json\/wp\/v2\/pages\/69\/revisions"}],"predecessor-version":[{"id":475,"href":"https:\/\/agora.xtec.cat\/ie3dabril\/wp-json\/wp\/v2\/pages\/69\/revisions\/475"}],"up":[{"embeddable":true,"href":"https:\/\/agora.xtec.cat\/ie3dabril\/wp-json\/wp\/v2\/pages\/63"}],"wp:attachment":[{"href":"https:\/\/agora.xtec.cat\/ie3dabril\/wp-json\/wp\/v2\/media?parent=69"}],"curies":[{"name":"wp","href":"https:\/\/api.w.org\/{rel}","templated":true}]}}