{"id":49,"date":"2014-09-17T16:55:55","date_gmt":"2014-09-17T16:55:55","guid":{"rendered":"http:\/\/agora.xtec.cat\/ie3dabril\/?page_id=49"},"modified":"2025-11-06T19:05:42","modified_gmt":"2025-11-06T18:05:42","slug":"normes-dorganitzacio-i-funcionament","status":"publish","type":"page","link":"https:\/\/agora.xtec.cat\/ie3dabril\/linstitut\/normes-dorganitzacio-i-funcionament\/","title":{"rendered":"Documentaci\u00f3 de centre"},"content":{"rendered":"<p>A continuaci\u00f3 disposeu del documents :<\/p>\n<p><a href=\"https:\/\/agora.xtec.cat\/ie3dabril\/wp-content\/uploads\/usu1564\/2025\/11\/2024-28-PdDireccio-Aurea-Marti-Iglesias.pdf\" target=\"_blank\" rel=\"noopener\">Projecte de direcci\u00f3<\/a><\/p>\n<p><a href=\"https:\/\/agora.xtec.cat\/ie3dabril\/wp-content\/uploads\/usu1564\/2025\/11\/PGA-2025-26.docx.pdf\" target=\"_blank\" rel=\"noopener\">PGA 2025-26<\/a><\/p>\n<p><span id=\"m_-263138794939919760gmail-docs-internal-guid-ca7bd289-7fff-be88-30f0-e8efeecde7b8\"><span style=\"font-family: arial, sans-serif;\">PEC<\/span><\/span>\u00a0\u00a0(Pendent)<\/p>\n<p><span style=\"font-family: arial, sans-serif;\">PEM<\/span>\u00a0\u00a0(Pendent)<\/p>\n<p><span style=\"font-family: arial, sans-serif;\">NOFC<\/span>\u00a0\u00a0(Pendent)<\/p>\n<p><span style=\"font-family: arial, sans-serif;\">Pla d&#8217;actuaci\u00f3 de l&#8217;Enfocament Restauratiu Global (ERG)<\/span>\u00a0(Pendent)<\/p>\n<p><a href=\"https:\/\/agora.xtec.cat\/ie3dabril\/wp-content\/uploads\/usu1564\/2025\/11\/Pla-de-comunicacio_curs.pdf\" target=\"_blank\" rel=\"noopener\">Pla de comunicaci\u00f3<\/a><\/p>\n<p><a href=\"https:\/\/agora.xtec.cat\/ie3dabril\/wp-content\/uploads\/usu1564\/2025\/11\/Pla-acollida-del-professorat-25-26.pdf\" target=\"_blank\" rel=\"noopener\">Pla d&#8217;acollida docent<\/a><\/p>\n<p><a style=\"color: #2795b6;\" href=\"https:\/\/agora.xtec.cat\/ie3dabril\/wp-content\/uploads\/usu1564\/2022\/07\/projecte-liguistic_web.pdf\" target=\"_blank\" rel=\"noopener\">Projecte ling\u00fc\u00edstic<\/a><\/p>\n<p><a style=\"color: #2795b6;\" href=\"https:\/\/sites.google.com\/ie3dabril.cat\/estratgia-digital-de-centre?usp=sharing&amp;pli=1\" target=\"_blank\" rel=\"noopener\">Estrat\u00e8gia digital de centre<\/a><\/p>\n<p><a href=\"https:\/\/agora.xtec.cat\/ie3dabril\/wp-content\/uploads\/usu1564\/2025\/11\/PLA-DEMERGENCIA-2025-26.pdf\" target=\"_blank\" rel=\"noopener\">Pla d&#8217;emerg\u00e8ncia<\/a><\/p>\n<p><a style=\"color: #2795b6;\" href=\"https:\/\/agora.xtec.cat\/ie3dabril\/wp-content\/uploads\/usu1564\/2025\/02\/CARTA-DE-COMPROMIS-IE-3-DABRIL.docx.pdf\" target=\"_blank\" rel=\"noopener\">Carta de comprom\u00eds educatiu<\/a><\/p>\n<p>Criteris d&#8217;avaluaci\u00f3 \u00a0(Pendent)<\/p>\n<p><a href=\"https:\/\/agora.xtec.cat\/ie3dabril\/wp-content\/uploads\/usu1564\/2025\/11\/Pla_de_funcionament_de_transport_TEB.pdf\" target=\"_blank\" rel=\"noopener\">Pla de justificaci\u00f3 del transport<\/a><\/p>\n","protected":false},"excerpt":{"rendered":"<p>A continuaci\u00f3 disposeu del documents : Projecte de direcci\u00f3 PGA 2025-26 PEC\u00a0\u00a0(Pendent) PEM\u00a0\u00a0(Pendent) NOFC\u00a0\u00a0(Pendent) Pla d&#8217;actuaci\u00f3 de l&#8217;Enfocament Restauratiu Global (ERG)\u00a0(Pendent) Pla de comunicaci\u00f3 Pla d&#8217;acollida docent Projecte ling\u00fc\u00edstic Estrat\u00e8gia digital de centre Pla d&#8217;emerg\u00e8ncia Carta de comprom\u00eds educatiu Criteris d&#8217;avaluaci\u00f3 \u00a0(Pendent) Pla de justificaci\u00f3 del transport<\/p>\n","protected":false},"author":1,"featured_media":0,"parent":19,"menu_order":60,"comment_status":"closed","ping_status":"closed","template":"page-templates\/side-menu.php","meta":{"_bbp_topic_count":0,"_bbp_reply_count":0,"_bbp_total_topic_count":0,"_bbp_total_reply_count":0,"_bbp_voice_count":0,"_bbp_anonymous_reply_count":0,"_bbp_topic_count_hidden":0,"_bbp_reply_count_hidden":0,"_bbp_forum_subforum_count":0,"site-sidebar-layout":"default","site-content-layout":"","ast-site-content-layout":"","site-content-style":"default","site-sidebar-style":"default","ast-global-header-display":"","ast-banner-title-visibility":"","ast-main-header-display":"","ast-hfb-above-header-display":"","ast-hfb-below-header-display":"","ast-hfb-mobile-header-display":"","site-post-title":"","ast-breadcrumbs-content":"","ast-featured-img":"","footer-sml-layout":"","theme-transparent-header-meta":"","adv-header-id-meta":"","stick-header-meta":"","header-above-stick-meta":"","header-main-stick-meta":"","header-below-stick-meta":"","astra-migrate-meta-layouts":"default","ast-page-background-enabled":"default","ast-page-background-meta":{"desktop":{"background-color":"var(--ast-global-color-4)","background-image":"","background-repeat":"repeat","background-position":"center center","background-size":"auto","background-attachment":"scroll","background-type":"","background-media":"","overlay-type":"","overlay-color":"","overlay-opacity":"","overlay-gradient":""},"tablet":{"background-color":"","background-image":"","background-repeat":"repeat","background-position":"center center","background-size":"auto","background-attachment":"scroll","background-type":"","background-media":"","overlay-type":"","overlay-color":"","overlay-opacity":"","overlay-gradient":""},"mobile":{"background-color":"","background-image":"","background-repeat":"repeat","background-position":"center center","background-size":"auto","background-attachment":"scroll","background-type":"","background-media":"","overlay-type":"","overlay-color":"","overlay-opacity":"","overlay-gradient":""}},"ast-content-background-meta":{"desktop":{"background-color":"var(--ast-global-color-5)","background-image":"","background-repeat":"repeat","background-position":"center center","background-size":"auto","background-attachment":"scroll","background-type":"","background-media":"","overlay-type":"","overlay-color":"","overlay-opacity":"","overlay-gradient":""},"tablet":{"background-color":"var(--ast-global-color-5)","background-image":"","background-repeat":"repeat","background-position":"center center","background-size":"auto","background-attachment":"scroll","background-type":"","background-media":"","overlay-type":"","overlay-color":"","overlay-opacity":"","overlay-gradient":""},"mobile":{"background-color":"var(--ast-global-color-5)","background-image":"","background-repeat":"repeat","background-position":"center center","background-size":"auto","background-attachment":"scroll","background-type":"","background-media":"","overlay-type":"","overlay-color":"","overlay-opacity":"","overlay-gradient":""}},"footnotes":""},"class_list":["post-49","page","type-page","status-publish","hentry"],"post_mailing_queue_ids":[],"_links":{"self":[{"href":"https:\/\/agora.xtec.cat\/ie3dabril\/wp-json\/wp\/v2\/pages\/49","targetHints":{"allow":["GET"]}}],"collection":[{"href":"https:\/\/agora.xtec.cat\/ie3dabril\/wp-json\/wp\/v2\/pages"}],"about":[{"href":"https:\/\/agora.xtec.cat\/ie3dabril\/wp-json\/wp\/v2\/types\/page"}],"author":[{"embeddable":true,"href":"https:\/\/agora.xtec.cat\/ie3dabril\/wp-json\/wp\/v2\/users\/1"}],"replies":[{"embeddable":true,"href":"https:\/\/agora.xtec.cat\/ie3dabril\/wp-json\/wp\/v2\/comments?post=49"}],"version-history":[{"count":6,"href":"https:\/\/agora.xtec.cat\/ie3dabril\/wp-json\/wp\/v2\/pages\/49\/revisions"}],"predecessor-version":[{"id":3087,"href":"https:\/\/agora.xtec.cat\/ie3dabril\/wp-json\/wp\/v2\/pages\/49\/revisions\/3087"}],"up":[{"embeddable":true,"href":"https:\/\/agora.xtec.cat\/ie3dabril\/wp-json\/wp\/v2\/pages\/19"}],"wp:attachment":[{"href":"https:\/\/agora.xtec.cat\/ie3dabril\/wp-json\/wp\/v2\/media?parent=49"}],"curies":[{"name":"wp","href":"https:\/\/api.w.org\/{rel}","templated":true}]}}