{"id":43,"date":"2014-09-17T16:45:07","date_gmt":"2014-09-17T16:45:07","guid":{"rendered":"http:\/\/agora.xtec.cat\/ie3dabril\/?page_id=43"},"modified":"2025-11-06T18:49:34","modified_gmt":"2025-11-06T17:49:34","slug":"consell-escolar","status":"publish","type":"page","link":"https:\/\/agora.xtec.cat\/ie3dabril\/linstitut\/consell-escolar\/","title":{"rendered":"Consell escolar"},"content":{"rendered":"<p>El consell escolar \u00e9s l&#8217;\u00f2rgan col\u00b7legiat de participaci\u00f3 de la comunitat escolar en el govern del centre.<br \/>\nCorresponen al consell escolar les facultats establertes a l\u2018article 148 de la Llei d\u2018educaci\u00f3.<br \/>\nEl centre determina la composici\u00f3 del consell escolar en les normes d&#8217;organitzaci\u00f3 i funcionament, d&#8217;acord amb el projecte educatiu i respectant la legislaci\u00f3 vigent.<\/p>\n<p>Les funcions del consell escolar s\u00f3n les que estableix l&#8217;article 148.3 de la Llei d&#8217;educaci\u00f3. A m\u00e9s, li correspon vetllar i donar suport a l&#8217;equip directiu per al compliment de la programaci\u00f3 anual del centre i del projecte de direcci\u00f3 el qual, en el marc del projecte educatiu del centre, vincula l&#8217;acci\u00f3 del conjunt d&#8217;\u00f2rgans de govern unipersonals i col\u00b7legiats d&#8217;acord amb l&#8217;article 144.4 de la Llei d&#8217;educaci\u00f3.<\/p>\n<p>El consell escolar ha d&#8217;aprovar les seves normes de funcionament. En all\u00f2 que no estigui previst s&#8217;han d&#8217;aplicar les normes reguladores dels \u00f2rgans col\u00b7legiats de l&#8217;Administraci\u00f3 de la Generalitat.<\/p>\n<p>El consell escolar del centre es reuneix preceptivament una vegada al trimestre i sempre que el convoca el director o directora del centre o ho sol\u00b7licita al menys un ter\u00e7 de les seves persones membres. A m\u00e9s, s&#8217;ha de fer una reuni\u00f3 a principi de curs i una altra a la seva finalitzaci\u00f3.<\/p>\n<p>Les decisions del consell escolar es prenen normalment per consens. Si no \u00e9s possible arribar-hi, la decisi\u00f3 s&#8217;adopta per majoria de les persones membres presents, llevat dels casos en qu\u00e8 la normativa determini una altra majoria qualificada.<\/p>\n<p>La convocat\u00f2ria de les reunions s&#8217;ha de trametre per la presid\u00e8ncia del consell amb una antelaci\u00f3 m\u00ednima de 48 hores, juntament amb la documentaci\u00f3 que hagi de ser objecte de debat, i, si escau, d&#8217;aprovaci\u00f3. El consell escolar es pot reunir d&#8217;urg\u00e8ncia, sense termini m\u00ednim per a la tramesa de la convocat\u00f2ria, si totes les persones membres hi estan d&#8217;acord.<\/p>\n<div><b><u>Composici\u00f3 del Consell escolar del nostre centre:<\/u><\/b><\/div>\n<div><\/div>\n<div><\/div>\n<div><\/div>\n<div>\n<div dir=\"ltr\" align=\"left\">\n<table>\n<colgroup>\n<col width=\"148\" \/>\n<col width=\"230\" \/><\/colgroup>\n<tbody>\n<tr>\n<td rowspan=\"6\">\n<p dir=\"ltr\">7 MEMBRES NATS<\/p>\n<\/td>\n<td>\n<p dir=\"ltr\">1 Directora<\/p>\n<\/td>\n<\/tr>\n<tr>\n<td>\n<p dir=\"ltr\">2 Cap d&#8217;estudis<\/p>\n<\/td>\n<\/tr>\n<tr>\n<td>\n<p dir=\"ltr\">1 Representant de l&#8217;Ajuntament<\/p>\n<\/td>\n<\/tr>\n<tr>\n<td>\n<p dir=\"ltr\">1 Representant del PAS<\/p>\n<\/td>\n<\/tr>\n<tr>\n<td>\n<p dir=\"ltr\">1 Representant del PAE<\/p>\n<\/td>\n<\/tr>\n<tr>\n<td>\n<p dir=\"ltr\">1 Secret\u00e0ria (sense vot)<\/p>\n<\/td>\n<\/tr>\n<tr>\n<td>\n<p dir=\"ltr\">7 REPRESENTANTS DOCENTS<\/p>\n<\/td>\n<td>\n<p dir=\"ltr\">7 representants de docents<\/p>\n<\/td>\n<\/tr>\n<tr>\n<td rowspan=\"3\">\n<p dir=\"ltr\">7 REPRESENTANTS FAM\u00cdLIES I ALUMNAT<\/p>\n<\/td>\n<td>\n<p dir=\"ltr\">4 Representant de fam\u00edlies<\/p>\n<\/td>\n<\/tr>\n<tr>\n<td>\n<p dir=\"ltr\">1 Representant de l&#8217;AFA<\/p>\n<\/td>\n<\/tr>\n<tr>\n<td>\n<p dir=\"ltr\">2 Representants de l&#8217;alumnat<\/p>\n<\/td>\n<\/tr>\n<\/tbody>\n<\/table>\n<\/div>\n<\/div>\n<div><span class=\"gmail_signature_prefix\">\u00a0<\/span><\/div>\n<div><strong><u>Comissions del Consell Escolar:<\/u><\/strong><\/div>\n<div>\n<p>Les comissions del Consell Escolar s\u00f3n\u00a0<strong>grups de treball espec\u00edfics<\/strong>\u00a0formats per membres d\u2019aquest \u00f2rgan col\u00b7legiat. El seu objectiu \u00e9s\u00a0<strong>analitzar, proposar i fer seguiment<\/strong>\u00a0d\u2019aspectes concrets del funcionament i la vida del centre, per tal de\u00a0<strong>millorar la gesti\u00f3 i la participaci\u00f3<\/strong>\u00a0de tota la comunitat educativa.<\/p>\n<p>Cada comissi\u00f3 t\u00e9 unes\u00a0<strong>funcions concretes<\/strong>\u00a0i actua sempre en coordinaci\u00f3 amb el\u00a0<strong>Consell Escolar<\/strong>, al qual eleva les seves propostes i conclusions.<\/p>\n<p>Entre les comissions del nostre centre hi ha les seg\u00fcents:<\/p>\n<p><strong>&#8211; Comissi\u00f3 Permanent<\/strong><\/p>\n<p><strong>&#8211; Comissi\u00f3 Econ\u00f2mica<\/strong><\/p>\n<p><strong>&#8211; Comissi\u00f3 de Conviv\u00e8ncia<\/strong><\/p>\n<p><strong>&#8211; Comissi\u00f3 de Menjador<\/strong><\/p>\n<p>Aquestes comissions s\u00f3n un\u00a0<strong>espai de participaci\u00f3 i corresponsabilitat<\/strong>, on es promou el treball col\u00b7laboratiu entre docents, fam\u00edlies, alumnat i equip directiu.<\/p>\n<\/div>\n<div><\/div>\n","protected":false},"excerpt":{"rendered":"<p>El consell escolar \u00e9s l&#8217;\u00f2rgan col\u00b7legiat de participaci\u00f3 de la comunitat escolar en el govern del centre. Corresponen al consell escolar les facultats establertes a l\u2018article 148 de la Llei d\u2018educaci\u00f3. El centre determina la composici\u00f3 del consell escolar en les normes d&#8217;organitzaci\u00f3 i funcionament, d&#8217;acord amb el projecte educatiu i respectant la legislaci\u00f3 vigent. [&hellip;]<\/p>\n","protected":false},"author":1,"featured_media":0,"parent":19,"menu_order":40,"comment_status":"closed","ping_status":"closed","template":"page-templates\/side-menu.php","meta":{"_bbp_topic_count":0,"_bbp_reply_count":0,"_bbp_total_topic_count":0,"_bbp_total_reply_count":0,"_bbp_voice_count":0,"_bbp_anonymous_reply_count":0,"_bbp_topic_count_hidden":0,"_bbp_reply_count_hidden":0,"_bbp_forum_subforum_count":0,"site-sidebar-layout":"default","site-content-layout":"","ast-site-content-layout":"","site-content-style":"default","site-sidebar-style":"default","ast-global-header-display":"","ast-banner-title-visibility":"","ast-main-header-display":"","ast-hfb-above-header-display":"","ast-hfb-below-header-display":"","ast-hfb-mobile-header-display":"","site-post-title":"","ast-breadcrumbs-content":"","ast-featured-img":"","footer-sml-layout":"","theme-transparent-header-meta":"","adv-header-id-meta":"","stick-header-meta":"","header-above-stick-meta":"","header-main-stick-meta":"","header-below-stick-meta":"","astra-migrate-meta-layouts":"default","ast-page-background-enabled":"default","ast-page-background-meta":{"desktop":{"background-color":"var(--ast-global-color-4)","background-image":"","background-repeat":"repeat","background-position":"center center","background-size":"auto","background-attachment":"scroll","background-type":"","background-media":"","overlay-type":"","overlay-color":"","overlay-opacity":"","overlay-gradient":""},"tablet":{"background-color":"","background-image":"","background-repeat":"repeat","background-position":"center center","background-size":"auto","background-attachment":"scroll","background-type":"","background-media":"","overlay-type":"","overlay-color":"","overlay-opacity":"","overlay-gradient":""},"mobile":{"background-color":"","background-image":"","background-repeat":"repeat","background-position":"center center","background-size":"auto","background-attachment":"scroll","background-type":"","background-media":"","overlay-type":"","overlay-color":"","overlay-opacity":"","overlay-gradient":""}},"ast-content-background-meta":{"desktop":{"background-color":"var(--ast-global-color-5)","background-image":"","background-repeat":"repeat","background-position":"center center","background-size":"auto","background-attachment":"scroll","background-type":"","background-media":"","overlay-type":"","overlay-color":"","overlay-opacity":"","overlay-gradient":""},"tablet":{"background-color":"var(--ast-global-color-5)","background-image":"","background-repeat":"repeat","background-position":"center center","background-size":"auto","background-attachment":"scroll","background-type":"","background-media":"","overlay-type":"","overlay-color":"","overlay-opacity":"","overlay-gradient":""},"mobile":{"background-color":"var(--ast-global-color-5)","background-image":"","background-repeat":"repeat","background-position":"center center","background-size":"auto","background-attachment":"scroll","background-type":"","background-media":"","overlay-type":"","overlay-color":"","overlay-opacity":"","overlay-gradient":""}},"footnotes":""},"class_list":["post-43","page","type-page","status-publish","hentry"],"post_mailing_queue_ids":[],"_links":{"self":[{"href":"https:\/\/agora.xtec.cat\/ie3dabril\/wp-json\/wp\/v2\/pages\/43","targetHints":{"allow":["GET"]}}],"collection":[{"href":"https:\/\/agora.xtec.cat\/ie3dabril\/wp-json\/wp\/v2\/pages"}],"about":[{"href":"https:\/\/agora.xtec.cat\/ie3dabril\/wp-json\/wp\/v2\/types\/page"}],"author":[{"embeddable":true,"href":"https:\/\/agora.xtec.cat\/ie3dabril\/wp-json\/wp\/v2\/users\/1"}],"replies":[{"embeddable":true,"href":"https:\/\/agora.xtec.cat\/ie3dabril\/wp-json\/wp\/v2\/comments?post=43"}],"version-history":[{"count":6,"href":"https:\/\/agora.xtec.cat\/ie3dabril\/wp-json\/wp\/v2\/pages\/43\/revisions"}],"predecessor-version":[{"id":3084,"href":"https:\/\/agora.xtec.cat\/ie3dabril\/wp-json\/wp\/v2\/pages\/43\/revisions\/3084"}],"up":[{"embeddable":true,"href":"https:\/\/agora.xtec.cat\/ie3dabril\/wp-json\/wp\/v2\/pages\/19"}],"wp:attachment":[{"href":"https:\/\/agora.xtec.cat\/ie3dabril\/wp-json\/wp\/v2\/media?parent=43"}],"curies":[{"name":"wp","href":"https:\/\/api.w.org\/{rel}","templated":true}]}}