{"id":3107,"date":"2026-01-14T14:27:39","date_gmt":"2026-01-14T13:27:39","guid":{"rendered":"https:\/\/agora.xtec.cat\/ie3dabril\/?page_id=3107"},"modified":"2026-01-14T14:30:08","modified_gmt":"2026-01-14T13:30:08","slug":"comic-de-comunitat-de-mitjans","status":"publish","type":"page","link":"https:\/\/agora.xtec.cat\/ie3dabril\/itineraris-optatius-comunitat-de-mitjans\/comic-de-comunitat-de-mitjans\/","title":{"rendered":"C\u00f2mic de Comunitat de Mitjans"},"content":{"rendered":"<p><span style=\"font-family: Calibri, sans-serif;\"><span style=\"color: #222222;\"><span style=\"font-size: medium;\">A l\u2019optativa del c\u00f2mic hem treballat els diferents elements dels c\u00f2mics: vinyetes, bafarades, onomatopeies,&#8230;I hem pogut crear el nostre propi c\u00f2mic. Aqu\u00ed en teniu un recull!<\/span><\/span> <\/span><\/p>\n<p><a href=\"https:\/\/agora.xtec.cat\/ie3dabril\/wp-content\/uploads\/usu1564\/2026\/01\/Comic1.pdf\" target=\"_blank\" rel=\"noopener\"><img loading=\"lazy\" decoding=\"async\" class=\"wp-image-3108 aligncenter\" src=\"https:\/\/agora.xtec.cat\/ie3dabril\/wp-content\/uploads\/usu1564\/2026\/01\/Comic1_Portada.jpg\" alt=\"\" width=\"499\" height=\"408\" srcset=\"https:\/\/agora.xtec.cat\/ie3dabril\/wp-content\/uploads\/usu1564\/2026\/01\/Comic1_Portada.jpg 1545w, https:\/\/agora.xtec.cat\/ie3dabril\/wp-content\/uploads\/usu1564\/2026\/01\/Comic1_Portada-300x245.jpg 300w, https:\/\/agora.xtec.cat\/ie3dabril\/wp-content\/uploads\/usu1564\/2026\/01\/Comic1_Portada-1024x837.jpg 1024w, https:\/\/agora.xtec.cat\/ie3dabril\/wp-content\/uploads\/usu1564\/2026\/01\/Comic1_Portada-768x628.jpg 768w, https:\/\/agora.xtec.cat\/ie3dabril\/wp-content\/uploads\/usu1564\/2026\/01\/Comic1_Portada-1536x1256.jpg 1536w\" sizes=\"auto, (max-width: 499px) 100vw, 499px\" \/><\/a><\/p>\n","protected":false},"excerpt":{"rendered":"<p>A l\u2019optativa del c\u00f2mic hem treballat els diferents elements dels c\u00f2mics: vinyetes, bafarades, onomatopeies,&#8230;I hem pogut crear el nostre propi c\u00f2mic. Aqu\u00ed en teniu un recull!<\/p>\n","protected":false},"author":3,"featured_media":0,"parent":2920,"menu_order":0,"comment_status":"closed","ping_status":"closed","template":"","meta":{"_bbp_topic_count":0,"_bbp_reply_count":0,"_bbp_total_topic_count":0,"_bbp_total_reply_count":0,"_bbp_voice_count":0,"_bbp_anonymous_reply_count":0,"_bbp_topic_count_hidden":0,"_bbp_reply_count_hidden":0,"_bbp_forum_subforum_count":0,"site-sidebar-layout":"default","site-content-layout":"","ast-site-content-layout":"","site-content-style":"default","site-sidebar-style":"default","ast-global-header-display":"","ast-banner-title-visibility":"","ast-main-header-display":"","ast-hfb-above-header-display":"","ast-hfb-below-header-display":"","ast-hfb-mobile-header-display":"","site-post-title":"","ast-breadcrumbs-content":"","ast-featured-img":"","footer-sml-layout":"","theme-transparent-header-meta":"","adv-header-id-meta":"","stick-header-meta":"","header-above-stick-meta":"","header-main-stick-meta":"","header-below-stick-meta":"","astra-migrate-meta-layouts":"default","ast-page-background-enabled":"default","ast-page-background-meta":{"desktop":{"background-color":"var(--ast-global-color-4)","background-image":"","background-repeat":"repeat","background-position":"center center","background-size":"auto","background-attachment":"scroll","background-type":"","background-media":"","overlay-type":"","overlay-color":"","overlay-opacity":"","overlay-gradient":""},"tablet":{"background-color":"","background-image":"","background-repeat":"repeat","background-position":"center center","background-size":"auto","background-attachment":"scroll","background-type":"","background-media":"","overlay-type":"","overlay-color":"","overlay-opacity":"","overlay-gradient":""},"mobile":{"background-color":"","background-image":"","background-repeat":"repeat","background-position":"center center","background-size":"auto","background-attachment":"scroll","background-type":"","background-media":"","overlay-type":"","overlay-color":"","overlay-opacity":"","overlay-gradient":""}},"ast-content-background-meta":{"desktop":{"background-color":"var(--ast-global-color-5)","background-image":"","background-repeat":"repeat","background-position":"center center","background-size":"auto","background-attachment":"scroll","background-type":"","background-media":"","overlay-type":"","overlay-color":"","overlay-opacity":"","overlay-gradient":""},"tablet":{"background-color":"var(--ast-global-color-5)","background-image":"","background-repeat":"repeat","background-position":"center center","background-size":"auto","background-attachment":"scroll","background-type":"","background-media":"","overlay-type":"","overlay-color":"","overlay-opacity":"","overlay-gradient":""},"mobile":{"background-color":"var(--ast-global-color-5)","background-image":"","background-repeat":"repeat","background-position":"center center","background-size":"auto","background-attachment":"scroll","background-type":"","background-media":"","overlay-type":"","overlay-color":"","overlay-opacity":"","overlay-gradient":""}},"footnotes":""},"class_list":["post-3107","page","type-page","status-publish","hentry"],"post_mailing_queue_ids":[],"_links":{"self":[{"href":"https:\/\/agora.xtec.cat\/ie3dabril\/wp-json\/wp\/v2\/pages\/3107","targetHints":{"allow":["GET"]}}],"collection":[{"href":"https:\/\/agora.xtec.cat\/ie3dabril\/wp-json\/wp\/v2\/pages"}],"about":[{"href":"https:\/\/agora.xtec.cat\/ie3dabril\/wp-json\/wp\/v2\/types\/page"}],"author":[{"embeddable":true,"href":"https:\/\/agora.xtec.cat\/ie3dabril\/wp-json\/wp\/v2\/users\/3"}],"replies":[{"embeddable":true,"href":"https:\/\/agora.xtec.cat\/ie3dabril\/wp-json\/wp\/v2\/comments?post=3107"}],"version-history":[{"count":1,"href":"https:\/\/agora.xtec.cat\/ie3dabril\/wp-json\/wp\/v2\/pages\/3107\/revisions"}],"predecessor-version":[{"id":3110,"href":"https:\/\/agora.xtec.cat\/ie3dabril\/wp-json\/wp\/v2\/pages\/3107\/revisions\/3110"}],"up":[{"embeddable":true,"href":"https:\/\/agora.xtec.cat\/ie3dabril\/wp-json\/wp\/v2\/pages\/2920"}],"wp:attachment":[{"href":"https:\/\/agora.xtec.cat\/ie3dabril\/wp-json\/wp\/v2\/media?parent=3107"}],"curies":[{"name":"wp","href":"https:\/\/api.w.org\/{rel}","templated":true}]}}