{"id":2943,"date":"2025-02-05T20:24:08","date_gmt":"2025-02-05T19:24:08","guid":{"rendered":"https:\/\/agora.xtec.cat\/ie3dabril\/?page_id=2943"},"modified":"2026-01-14T14:22:16","modified_gmt":"2026-01-14T13:22:16","slug":"drama-time-comunitat-de-mitjans","status":"publish","type":"page","link":"https:\/\/agora.xtec.cat\/ie3dabril\/drama-time-comunitat-de-mitjans\/","title":{"rendered":"Drama Time Comunitat de Mitjans"},"content":{"rendered":"<p><span style=\"color: #222222;\"><span style=\"font-family: Calibri, sans-serif;\"><span style=\"font-size: medium;\">Des de l&#8217;optativa\u00a0<i>Drama Time<\/i>\u00a0us presentem l\u2019obra de teatre del primer trimestre.<\/span><\/span><\/span><\/p>\n<p><span style=\"color: #222222;\"><span style=\"font-family: Calibri, sans-serif;\"><span style=\"font-size: medium;\">L\u2019alumnat de 2n, 3r i 4t de prim\u00e0ria, de la comunitat de mitjans, ha preparat l\u2019obra\u00a0<\/span><\/span><\/span><em><span style=\"color: #222222;\"><span style=\"font-family: Calibri, sans-serif;\"><span style=\"font-size: medium;\">Never give up<\/span><\/span><\/span><\/em><span style=\"color: #222222;\"><span style=\"font-family: Calibri, sans-serif;\"><span style=\"font-size: medium;\">, una hist\u00f2ria de companyonia i superaci\u00f3 protagonitzada per un jugador de futbol i el seu equip.<\/span><\/span><\/span><\/p>\n<p><span style=\"color: #222222;\"><span style=\"font-family: Calibri, sans-serif;\"><span style=\"font-size: medium;\">Us convidem a veure l\u2019obra i a gaudir del resultat d\u2019aquest projecte, que ha combinat l\u2019aprenentatge de la llengua anglesa amb l\u2019art esc\u00e8nic.\u00a0<\/span><\/span><\/span><\/p>\n<p><span style=\"color: #222222;\"><span style=\"font-family: Calibri, sans-serif;\"><span style=\"font-size: medium;\">Esperem que us agradi!<\/span><\/span><\/span><\/p>\n<p><iframe loading=\"lazy\" title=\"YouTube video player\" src=\"\/\/www.youtube.com\/embed\/E1RMZh4Y3j4?si=9wl4MY8B_sU4LyXX\" width=\"1120\" height=\"630\" frameborder=\"0\" allowfullscreen=\"allowfullscreen\"><\/iframe><\/p>\n<p>&nbsp;<\/p>\n<p>Aqu\u00ed tenim l&#8217;obra de teatre de l&#8217;optativa d&#8217;angl\u00e8s del 3r trimestre.<\/p>\n<p>Els nens i nenes de <strong>2n, 3r i 4t de prim\u00e0ria<\/strong>, de la\u00a0<strong>comunitat de mitjans<\/strong>, han preparat l\u2019obra\u00a0<strong>\u201cLucy\u2019s Birthday Party\u201d<\/strong>, una hist\u00f2ria alegre i engrescadora que gira entorn d\u2019una festa d\u2019aniversari plena de sorpreses, emocions i bons moments entre amics\/gues.<\/p>\n<p>Us convidem a veure l&#8217;obra i gaudir del resultat d\u2019aquest projecte, que ha combinat l\u2019aprenentatge de la llengua anglesa amb l\u2019art esc\u00e8nic, el treball cooperatiu i, sobretot, la il\u00b7lusi\u00f3 de pujar a l\u2019escenari.<\/p>\n<p><iframe loading=\"lazy\" title=\"YouTube video player\" src=\"\/\/www.youtube.com\/embed\/65qe_bwcoJM?si=8V6zcTM_IhmapMPj\" width=\"1120\" height=\"630\" frameborder=\"0\" allowfullscreen=\"allowfullscreen\" data-mce-fragment=\"1\"><\/iframe><\/p>\n<p dir=\"ltr\">Aquest segon trimestre, els xiquets i xiquetes de la comunitat de mitjans de l&#8217; escola han preparat una obra molt especial plena de creativitat, esfor\u00e7 i molta il\u00b7lusi\u00f3.<\/p>\n<p>La comunitat de mitjans ens sorpr\u00e8n amb <em>&#8220;A Day at the Park&#8221;<\/em>, una obra original que retrata amb tendresa i un toc d&#8217;humor la vida d&#8217;una fam\u00edlia que perd el seu gat durant un dia al parc.<\/p>\n<p>Us convidem a gaudir d&#8217;aquesta producci\u00f3 tan especial, on l&#8217;art i el talent dels nostres petits grans artistes brillen amb llum pr\u00f2pia!<\/p>\n<p dir=\"ltr\"><iframe loading=\"lazy\" title=\"YouTube video player\" src=\"\/\/www.youtube.com\/embed\/TH4q86CZFVA?si=Pz9N4HjEC3gA-w78\" width=\"1120\" height=\"630\" frameborder=\"0\" allowfullscreen=\"allowfullscreen\"><\/iframe><\/p>\n<p dir=\"ltr\">Us presentem les obres de teatre &#8220;Alice in Wonderland &#8221; i &#8220;A day at the airport&#8221; que hem preparat mitjans i grans amb molta il.lusi\u00f3 i esfor\u00e7 a l&#8217;optativa d&#8217;angl\u00e8s :<\/p>\n<p dir=\"ltr\"><iframe loading=\"lazy\" title=\"YouTube video player\" src=\"\/\/www.youtube.com\/embed\/QRNGTkUvLhA?si=izC6ylc4Fzs8JO7g\" width=\"1120\" height=\"630\" frameborder=\"0\" allowfullscreen=\"allowfullscreen\" data-mce-fragment=\"1\"><\/iframe><\/p>\n<p dir=\"ltr\"><iframe loading=\"lazy\" title=\"YouTube video player\" src=\"\/\/www.youtube.com\/embed\/OyN52Swc2B0?si=hnvSPMiDU5w6725v\" width=\"1120\" height=\"630\" frameborder=\"0\" allowfullscreen=\"allowfullscreen\" data-mce-fragment=\"1\"><\/iframe><\/p>\n<p dir=\"ltr\">\n","protected":false},"excerpt":{"rendered":"<p>Des de l&#8217;optativa\u00a0Drama Time\u00a0us presentem l\u2019obra de teatre del primer trimestre. L\u2019alumnat de 2n, 3r i 4t de prim\u00e0ria, de la comunitat de mitjans, ha preparat l\u2019obra\u00a0Never give up, una hist\u00f2ria de companyonia i superaci\u00f3 protagonitzada per un jugador de futbol i el seu equip. Us convidem a veure l\u2019obra i a gaudir del resultat [&hellip;]<\/p>\n","protected":false},"author":3,"featured_media":0,"parent":0,"menu_order":0,"comment_status":"closed","ping_status":"closed","template":"","meta":{"_bbp_topic_count":0,"_bbp_reply_count":0,"_bbp_total_topic_count":0,"_bbp_total_reply_count":0,"_bbp_voice_count":0,"_bbp_anonymous_reply_count":0,"_bbp_topic_count_hidden":0,"_bbp_reply_count_hidden":0,"_bbp_forum_subforum_count":0,"site-sidebar-layout":"default","site-content-layout":"","ast-site-content-layout":"","site-content-style":"default","site-sidebar-style":"default","ast-global-header-display":"","ast-banner-title-visibility":"","ast-main-header-display":"","ast-hfb-above-header-display":"","ast-hfb-below-header-display":"","ast-hfb-mobile-header-display":"","site-post-title":"","ast-breadcrumbs-content":"","ast-featured-img":"","footer-sml-layout":"","theme-transparent-header-meta":"","adv-header-id-meta":"","stick-header-meta":"","header-above-stick-meta":"","header-main-stick-meta":"","header-below-stick-meta":"","astra-migrate-meta-layouts":"default","ast-page-background-enabled":"default","ast-page-background-meta":{"desktop":{"background-color":"var(--ast-global-color-4)","background-image":"","background-repeat":"repeat","background-position":"center center","background-size":"auto","background-attachment":"scroll","background-type":"","background-media":"","overlay-type":"","overlay-color":"","overlay-opacity":"","overlay-gradient":""},"tablet":{"background-color":"","background-image":"","background-repeat":"repeat","background-position":"center center","background-size":"auto","background-attachment":"scroll","background-type":"","background-media":"","overlay-type":"","overlay-color":"","overlay-opacity":"","overlay-gradient":""},"mobile":{"background-color":"","background-image":"","background-repeat":"repeat","background-position":"center center","background-size":"auto","background-attachment":"scroll","background-type":"","background-media":"","overlay-type":"","overlay-color":"","overlay-opacity":"","overlay-gradient":""}},"ast-content-background-meta":{"desktop":{"background-color":"var(--ast-global-color-5)","background-image":"","background-repeat":"repeat","background-position":"center center","background-size":"auto","background-attachment":"scroll","background-type":"","background-media":"","overlay-type":"","overlay-color":"","overlay-opacity":"","overlay-gradient":""},"tablet":{"background-color":"var(--ast-global-color-5)","background-image":"","background-repeat":"repeat","background-position":"center center","background-size":"auto","background-attachment":"scroll","background-type":"","background-media":"","overlay-type":"","overlay-color":"","overlay-opacity":"","overlay-gradient":""},"mobile":{"background-color":"var(--ast-global-color-5)","background-image":"","background-repeat":"repeat","background-position":"center center","background-size":"auto","background-attachment":"scroll","background-type":"","background-media":"","overlay-type":"","overlay-color":"","overlay-opacity":"","overlay-gradient":""}},"footnotes":""},"class_list":["post-2943","page","type-page","status-publish","hentry"],"post_mailing_queue_ids":[],"_links":{"self":[{"href":"https:\/\/agora.xtec.cat\/ie3dabril\/wp-json\/wp\/v2\/pages\/2943","targetHints":{"allow":["GET"]}}],"collection":[{"href":"https:\/\/agora.xtec.cat\/ie3dabril\/wp-json\/wp\/v2\/pages"}],"about":[{"href":"https:\/\/agora.xtec.cat\/ie3dabril\/wp-json\/wp\/v2\/types\/page"}],"author":[{"embeddable":true,"href":"https:\/\/agora.xtec.cat\/ie3dabril\/wp-json\/wp\/v2\/users\/3"}],"replies":[{"embeddable":true,"href":"https:\/\/agora.xtec.cat\/ie3dabril\/wp-json\/wp\/v2\/comments?post=2943"}],"version-history":[{"count":6,"href":"https:\/\/agora.xtec.cat\/ie3dabril\/wp-json\/wp\/v2\/pages\/2943\/revisions"}],"predecessor-version":[{"id":3106,"href":"https:\/\/agora.xtec.cat\/ie3dabril\/wp-json\/wp\/v2\/pages\/2943\/revisions\/3106"}],"wp:attachment":[{"href":"https:\/\/agora.xtec.cat\/ie3dabril\/wp-json\/wp\/v2\/media?parent=2943"}],"curies":[{"name":"wp","href":"https:\/\/api.w.org\/{rel}","templated":true}]}}