{"id":2873,"date":"2025-01-06T12:16:53","date_gmt":"2025-01-06T11:16:53","guid":{"rendered":"https:\/\/agora.xtec.cat\/ie3dabril\/?page_id=2873"},"modified":"2025-03-14T12:18:19","modified_gmt":"2025-03-14T11:18:19","slug":"centre-restauratiu","status":"publish","type":"page","link":"https:\/\/agora.xtec.cat\/ie3dabril\/centre-restauratiu\/","title":{"rendered":"Enfocament Restauratiu Global"},"content":{"rendered":"<p><span style=\"font-weight: 400;\">Davant la necessitat com a centre d\u2019educar per la no viol\u00e8ncia i una bona conviv\u00e8ncia vam decidir realitzar una formaci\u00f3 d\u2019enfocament restauratiu global per tal d&#8217;implementar aquest canvi de mirada.<\/span><\/p>\n<p><span style=\"font-weight: 400;\">A partir del curs 2022-23 els docents del IE 3 d\u2019Abril ens estem formant en aquest programa d\u2019innovaci\u00f3, que des del curs 23-24 en formem part.\u00a0<\/span><\/p>\n<p><span style=\"font-weight: 400;\">Durant el curs actual hem instaurat dins de l\u2019horari setmanal del nostre alumnat els cercles de paraula com a inici i tancament de la setmana.<\/span><\/p>\n<p>&nbsp;<\/p>\n<h3><b>C\u00e0psula restaurativa als caf\u00e8s amb fam\u00edlia<\/b><\/h3>\n<p>El dilluns 3 de mar\u00e7 vam comen\u00e7ar el primer Caf\u00e8 amb fam\u00edlia a l&#8217;IE 3 d&#8217;Abril. Ens hem estrenat en una c\u00e0psula formativa de dues sessions de sensibilitzaci\u00f3 en restaurativa. A l&#8217;escola apostem per aquest enfocament que ens ajuda a gestionar les relacions i els conflictes d&#8217;una manera m\u00e9s respectuosa i constructiva i tota la comunitat educativa ha de ser-ne coneixedora.<\/p>\n<p>A la primera sessi\u00f3 es va parlar sobre l&#8217;escola activa i a la segona vam parlar sobre la comunicaci\u00f3 no violenta. Han estat dues sessions molt profitoses on docents i fam\u00edlies hem pogut compartir una estona enriquidora.<\/p>\n<p><img loading=\"lazy\" decoding=\"async\" class=\"alignleft size-full wp-image-2980\" src=\"https:\/\/agora.xtec.cat\/ie3dabril\/wp-content\/uploads\/usu1564\/2025\/03\/IMG_4866.jpg\" alt=\"\" width=\"1024\" height=\"768\" srcset=\"https:\/\/agora.xtec.cat\/ie3dabril\/wp-content\/uploads\/usu1564\/2025\/03\/IMG_4866.jpg 1024w, https:\/\/agora.xtec.cat\/ie3dabril\/wp-content\/uploads\/usu1564\/2025\/03\/IMG_4866-300x225.jpg 300w, https:\/\/agora.xtec.cat\/ie3dabril\/wp-content\/uploads\/usu1564\/2025\/03\/IMG_4866-768x576.jpg 768w, https:\/\/agora.xtec.cat\/ie3dabril\/wp-content\/uploads\/usu1564\/2025\/03\/IMG_4866-200x150.jpg 200w\" sizes=\"auto, (max-width: 1024px) 100vw, 1024px\" \/><\/p>\n<p><a href=\"https:\/\/agora.xtec.cat\/ie3dabril\/wp-content\/uploads\/usu1564\/2025\/03\/IMG_4866.heic\"><img decoding=\"async\" class=\"alignleft size-full wp-image-2977\" src=\"https:\/\/agora.xtec.cat\/ie3dabril\/wp-content\/uploads\/usu1564\/2025\/03\/IMG_4866.heic\" alt=\"\" \/><\/a> <img loading=\"lazy\" decoding=\"async\" class=\"alignleft size-full wp-image-2978\" src=\"https:\/\/agora.xtec.cat\/ie3dabril\/wp-content\/uploads\/usu1564\/2025\/03\/IMG_5086.jpg\" alt=\"\" width=\"1179\" height=\"846\" srcset=\"https:\/\/agora.xtec.cat\/ie3dabril\/wp-content\/uploads\/usu1564\/2025\/03\/IMG_5086.jpg 1179w, https:\/\/agora.xtec.cat\/ie3dabril\/wp-content\/uploads\/usu1564\/2025\/03\/IMG_5086-300x215.jpg 300w, https:\/\/agora.xtec.cat\/ie3dabril\/wp-content\/uploads\/usu1564\/2025\/03\/IMG_5086-1024x735.jpg 1024w, https:\/\/agora.xtec.cat\/ie3dabril\/wp-content\/uploads\/usu1564\/2025\/03\/IMG_5086-768x551.jpg 768w\" sizes=\"auto, (max-width: 1179px) 100vw, 1179px\" \/><\/p>\n<p>&nbsp;<\/p>\n<p>&nbsp;<\/p>\n<p>&nbsp;<\/p>\n<h3><\/h3>\n<h3><\/h3>\n<h3><strong>El nostre comprom\u00eds amb la conviv\u00e8ncia: Dec\u00e0leg de Centre Restauratiu<\/strong><\/h3>\n<p><img loading=\"lazy\" decoding=\"async\" class=\"aligncenter wp-image-2974\" src=\"https:\/\/agora.xtec.cat\/ie3dabril\/wp-content\/uploads\/usu1564\/2025\/02\/DECALEG-DEL-BON-CENTRE-RESTAURATIU.png\" alt=\"\" width=\"400\" height=\"1000\" srcset=\"https:\/\/agora.xtec.cat\/ie3dabril\/wp-content\/uploads\/usu1564\/2025\/02\/DECALEG-DEL-BON-CENTRE-RESTAURATIU.png 800w, https:\/\/agora.xtec.cat\/ie3dabril\/wp-content\/uploads\/usu1564\/2025\/02\/DECALEG-DEL-BON-CENTRE-RESTAURATIU-120x300.png 120w, https:\/\/agora.xtec.cat\/ie3dabril\/wp-content\/uploads\/usu1564\/2025\/02\/DECALEG-DEL-BON-CENTRE-RESTAURATIU-410x1024.png 410w, https:\/\/agora.xtec.cat\/ie3dabril\/wp-content\/uploads\/usu1564\/2025\/02\/DECALEG-DEL-BON-CENTRE-RESTAURATIU-768x1920.png 768w, https:\/\/agora.xtec.cat\/ie3dabril\/wp-content\/uploads\/usu1564\/2025\/02\/DECALEG-DEL-BON-CENTRE-RESTAURATIU-614x1536.png 614w\" sizes=\"auto, (max-width: 400px) 100vw, 400px\" \/><\/p>\n<p>Apostem per una escola basada en el di\u00e0leg, el respecte i la resoluci\u00f3 positiva dels conflictes.<\/p>\n<p>El\u00a0Dec\u00e0leg de Centre Restauratiu\u00a0recull els principis que ens guien per construir una comunitat educativa on tothom se senti escoltat, valorat i part\u00edcip en la conviv\u00e8ncia.<\/p>\n<p>Junts, fem de l\u2019escola un espai de creixement i reparaci\u00f3!<\/p>\n<p>#Creixemjunts\u00a0 #Construimfutur<\/p>\n","protected":false},"excerpt":{"rendered":"<p>Davant la necessitat com a centre d\u2019educar per la no viol\u00e8ncia i una bona conviv\u00e8ncia vam decidir realitzar una formaci\u00f3 d\u2019enfocament restauratiu global per tal d&#8217;implementar aquest canvi de mirada. A partir del curs 2022-23 els docents del IE 3 d\u2019Abril ens estem formant en aquest programa d\u2019innovaci\u00f3, que des del curs 23-24 en formem [&hellip;]<\/p>\n","protected":false},"author":3,"featured_media":0,"parent":0,"menu_order":0,"comment_status":"closed","ping_status":"closed","template":"","meta":{"_bbp_topic_count":0,"_bbp_reply_count":0,"_bbp_total_topic_count":0,"_bbp_total_reply_count":0,"_bbp_voice_count":0,"_bbp_anonymous_reply_count":0,"_bbp_topic_count_hidden":0,"_bbp_reply_count_hidden":0,"_bbp_forum_subforum_count":0,"site-sidebar-layout":"default","site-content-layout":"","ast-site-content-layout":"","site-content-style":"default","site-sidebar-style":"default","ast-global-header-display":"","ast-banner-title-visibility":"","ast-main-header-display":"","ast-hfb-above-header-display":"","ast-hfb-below-header-display":"","ast-hfb-mobile-header-display":"","site-post-title":"","ast-breadcrumbs-content":"","ast-featured-img":"","footer-sml-layout":"","theme-transparent-header-meta":"","adv-header-id-meta":"","stick-header-meta":"","header-above-stick-meta":"","header-main-stick-meta":"","header-below-stick-meta":"","astra-migrate-meta-layouts":"default","ast-page-background-enabled":"default","ast-page-background-meta":{"desktop":{"background-color":"var(--ast-global-color-4)","background-image":"","background-repeat":"repeat","background-position":"center center","background-size":"auto","background-attachment":"scroll","background-type":"","background-media":"","overlay-type":"","overlay-color":"","overlay-opacity":"","overlay-gradient":""},"tablet":{"background-color":"","background-image":"","background-repeat":"repeat","background-position":"center center","background-size":"auto","background-attachment":"scroll","background-type":"","background-media":"","overlay-type":"","overlay-color":"","overlay-opacity":"","overlay-gradient":""},"mobile":{"background-color":"","background-image":"","background-repeat":"repeat","background-position":"center center","background-size":"auto","background-attachment":"scroll","background-type":"","background-media":"","overlay-type":"","overlay-color":"","overlay-opacity":"","overlay-gradient":""}},"ast-content-background-meta":{"desktop":{"background-color":"var(--ast-global-color-5)","background-image":"","background-repeat":"repeat","background-position":"center center","background-size":"auto","background-attachment":"scroll","background-type":"","background-media":"","overlay-type":"","overlay-color":"","overlay-opacity":"","overlay-gradient":""},"tablet":{"background-color":"var(--ast-global-color-5)","background-image":"","background-repeat":"repeat","background-position":"center center","background-size":"auto","background-attachment":"scroll","background-type":"","background-media":"","overlay-type":"","overlay-color":"","overlay-opacity":"","overlay-gradient":""},"mobile":{"background-color":"var(--ast-global-color-5)","background-image":"","background-repeat":"repeat","background-position":"center center","background-size":"auto","background-attachment":"scroll","background-type":"","background-media":"","overlay-type":"","overlay-color":"","overlay-opacity":"","overlay-gradient":""}},"footnotes":""},"class_list":["post-2873","page","type-page","status-publish","hentry"],"post_mailing_queue_ids":[],"_links":{"self":[{"href":"https:\/\/agora.xtec.cat\/ie3dabril\/wp-json\/wp\/v2\/pages\/2873","targetHints":{"allow":["GET"]}}],"collection":[{"href":"https:\/\/agora.xtec.cat\/ie3dabril\/wp-json\/wp\/v2\/pages"}],"about":[{"href":"https:\/\/agora.xtec.cat\/ie3dabril\/wp-json\/wp\/v2\/types\/page"}],"author":[{"embeddable":true,"href":"https:\/\/agora.xtec.cat\/ie3dabril\/wp-json\/wp\/v2\/users\/3"}],"replies":[{"embeddable":true,"href":"https:\/\/agora.xtec.cat\/ie3dabril\/wp-json\/wp\/v2\/comments?post=2873"}],"version-history":[{"count":6,"href":"https:\/\/agora.xtec.cat\/ie3dabril\/wp-json\/wp\/v2\/pages\/2873\/revisions"}],"predecessor-version":[{"id":2981,"href":"https:\/\/agora.xtec.cat\/ie3dabril\/wp-json\/wp\/v2\/pages\/2873\/revisions\/2981"}],"wp:attachment":[{"href":"https:\/\/agora.xtec.cat\/ie3dabril\/wp-json\/wp\/v2\/media?parent=2873"}],"curies":[{"name":"wp","href":"https:\/\/api.w.org\/{rel}","templated":true}]}}