{"id":27,"date":"2014-09-17T16:24:03","date_gmt":"2014-09-17T16:24:03","guid":{"rendered":"http:\/\/agora.xtec.cat\/ie3dabril\/?page_id=27"},"modified":"2016-12-09T12:10:12","modified_gmt":"2016-12-09T11:10:12","slug":"historia","status":"publish","type":"page","link":"https:\/\/agora.xtec.cat\/ie3dabril\/linstitut\/historia\/","title":{"rendered":"Hist\u00f2ria"},"content":{"rendered":"<h2><strong>Situaci\u00f3<\/strong><\/h2>\n<p>L&#8217;Institut-Escola 3 d&#8217;Abril es troba ubicat al municipi de M\u00f3ra la Nova, amb una superf\u00edcie de 15,93 Km2, situada a un quil\u00f2metre de M\u00f3ra d&#8217;Ebre i a cinquanta de Tarragona, pertany a la comarca de la Ribera d&#8217;Ebre. El municipi es troba ubicat al marge esquerre del riu Ebre, a uns 70 quil\u00f2metres de la seva desembocadura, limitat pels municipis d&#8217;Amposta, Deltebre i Sant Jaume d&#8217;Enveja. \u00c9s el segon municipi en poblaci\u00f3 de la nostra comarca.<\/p>\n<p><a href=\"http:\/\/agora.xtec.cat\/ie3dabril\/wp-content\/uploads\/usu1564\/2014\/09\/GoogleMap.jpg\"><img loading=\"lazy\" decoding=\"async\" class=\"alignnone size-full wp-image-459\" src=\"http:\/\/agora.xtec.cat\/ie3dabril\/wp-content\/uploads\/usu1564\/2014\/09\/GoogleMap.jpg\" alt=\"\" width=\"357\" height=\"300\" srcset=\"https:\/\/agora.xtec.cat\/ie3dabril\/wp-content\/uploads\/usu1564\/2014\/09\/GoogleMap.jpg 357w, https:\/\/agora.xtec.cat\/ie3dabril\/wp-content\/uploads\/usu1564\/2014\/09\/GoogleMap-300x252.jpg 300w\" sizes=\"auto, (max-width: 357px) 100vw, 357px\" \/><\/a><\/p>\n<h2><strong>Orografia<\/strong><\/h2>\n<p>La poblaci\u00f3 ocupa tant el marge dret com l\u2019esquerre del riu Ebre dins la cubeta de<br \/>\nM\u00f3ra, una plana pluvial formada entre la serralada prelitoral i les serralades de<br \/>\nCavalls, P\u00e0ndols, (al\u00e7ada m\u00e0xima 705 m) i serralada del Tormo. (523 m d\u2019al\u00e7ada)<br \/>\nEl terme municipal \u00e9s un del m\u00e9s petits de la comarca, amb un cens actual de 3.179<br \/>\nhabitants a l\u2019any 2009. Els l\u00edmits del terme municipal s\u00f3n:<br \/>\nEl municipi de M\u00f3ra d\u2019Ebre, a ponent. Al N, limita amb el terme de Garcia, i a llevant i<br \/>\nvers migdia amb Tivissa (el termenal passa prop del poble de Darm\u00f3s d\u2019aquest darrer<br \/>\nterme i per la partida del Magrell). Altres partides del terme s\u00f3n los Plans, Sant Pau i l\u2019Escoda.<\/p>\n<p>La vila de M\u00f3ra la Nova \u00e9s l\u2019\u00fanica entitat de poblaci\u00f3 del terme, que per La<br \/>\nseva situaci\u00f3 geogr\u00e0fica privilegiada li ha comportat ser el principal nus de<br \/>\ncomunicacions vi\u00e0ries (tant per carretera com per ferrocarril) de la comarca.<br \/>\nDues importants vies de comunicaci\u00f3 es creuen al terme: la carretera N-420 de<br \/>\nTarragona a Gandesa, que travessa l\u2019Ebre per un pont de ferro bastit al primer<br \/>\nquart del segle XX i reconstru\u00eft despr\u00e9s de la guerra civil, i la carretera C-12<br \/>\nprovinent d\u2019Amposta i que just al l\u00edmit amb el terme de Tivissa s\u2019uneix amb la<br \/>\nC-44 que duu a l\u2019Hospitalet de l\u2019Infant (Baix Camp), on enlla\u00e7a amb l\u2019autopista<br \/>\nAP-7 de Barcelona a Val\u00e8ncia. Anteriorment es passava el riu amb barca. A la<br \/>\nvila de M\u00f3ra la Nova hi ha estaci\u00f3 de ferrocarril de la l\u00ednia Barcelona-Madrid de RENFE.<\/p>\n<p>M\u00f3ra la Nova, que era anomenada antigament els Masos de M\u00f3ra, aconsegu\u00ed<br \/>\nla independ\u00e8ncia municipal de M\u00f3ra d\u2019Ebre el 1830. El nou municipi comprenia<br \/>\nla part de l\u2019esquerra del riu d\u2019aquell antic terme, on hi havia els esmentats<br \/>\nMasos de M\u00f3ra. Aix\u00ed doncs, havia format part del terme del castell de M\u00f3ra, situat a<br \/>\nla dreta de l\u2019Ebre, que fou dels Enten\u00e7a i form\u00e0 part del comtat de Prades.<\/p>\n<p><strong>Les dades demogr\u00e0fiques.<\/strong><br \/>\nEl 1842, poc despr\u00e9s de la separaci\u00f3 i la constituci\u00f3 en municipi independent,<br \/>\na M\u00f3ra la Nova hi havia 698 h. El 1857 el cens comptabilitzava 1 054 h i el<br \/>\n1860 en tenia 1 076, la majoria dels quals habitaven al nucli (169 habitatges).<br \/>\nHi havia, a m\u00e9s, la caseria del Mas de M\u00e9s Avall, amb 2 cases, la dels Masets,<br \/>\namb 8 habitatges, la dels Masos del Mol\u00ed, amb 12 cases i la dels Masos, amb<br \/>\n5 cases, totes habitades permanentment. El 1900 hi havia 1 865 h, 2 145 el<br \/>\n1930, 2 858 el 1960 i 2 940 el 1970. El cens del 1981 registrava 3 127 h que<br \/>\ndescendiren a 2 671 el 1991. Posteriorment la poblaci\u00f3 es recuper\u00e0 i en el cens<br \/>\ndel 2001 es registraren 2 832 h i el 2005, 3 214 h.<br \/>\nSi b\u00e9 la d\u00e8cada de 1980 signific\u00e0 per M\u00f3ra la Nova un allunyament de<br \/>\nles activitats agr\u00edcoles en benefici de la ind\u00fastria i els serveis, consolidats<br \/>\nja aquests darrers com a principal sector d\u2019activitat, al final del segle XX<br \/>\nl\u2019agricultura tornava a viure un bon moment gr\u00e0cies a l\u2019auge dels conreus<br \/>\nde regadiu, que s\u2019havien est\u00e8s per una extensi\u00f3 semblant, i fins i tot una<br \/>\nmica superior, a la del sec\u00e0. Els principals cultius, per\u00f2, continuaven essent<br \/>\nels ametllers i l\u2019olivera, seguits de la vinya i els arbrers fruiters, sobretot<br \/>\npresseguers. En el sector de la ramaderia, malgrat no tenir un gran pes en<br \/>\nl\u2019economia municipal, destaquen les explotacions av\u00edcoles i porcines.<br \/>\nEn la d\u00e8cada del 1990 el sector industrial va anar perdent percentatge<br \/>\nd\u2019ocupaci\u00f3 en relaci\u00f3 a les dades de la d\u00e8cada anterior, per\u00f2 es mant\u00e9 for\u00e7a<br \/>\ndin\u00e0mic gr\u00e0cies, en part, a la instal\u00b7laci\u00f3, el 1991, del pol\u00edgon industrial dels<br \/>\nAubals, que aprofita les condicions favorables en el camp de les comunicacions<br \/>\nper promocionar la instal\u00b7laci\u00f3 d\u2019ind\u00fastries en aquesta part de la comarca.<br \/>\nMoltes de les empreses del terme pertanyen a la ind\u00fastria agroaliment\u00e0ria<br \/>\ni entre aquestes destaca la tasca de la Cooperativa Agr\u00e0ria (1945), que<br \/>\ns\u2019encarrega de la comercialitzaci\u00f3 del vi, l\u2019oli, la fruita seca i la fruita dol\u00e7a,<br \/>\naquesta \u00faltima gr\u00e0cies a la seva afiliaci\u00f3 amb el FARE (Fructicultors Associats<br \/>\nde la Ribera d\u2019Ebre). Tamb\u00e9 existeixen cellers privats que compren una gran<br \/>\nquantitat del ra\u00efm i del vi de les cooperatives de la comarca per elaborar brandi,<br \/>\nvins escumosos i vinagre. Altres empreses destacables del terme pertanyen als<br \/>\nsubsectors de la confecci\u00f3 industrial, la metal\u00b7l\u00fargia, la construcci\u00f3 i el qu\u00edmic<br \/>\n(fabricaci\u00f3 de colorants i pigments).<\/p>\n<p>Durant el segle XX fou especialment important la tasca duta a terme per<br \/>\nl\u2019estaci\u00f3 ferrovi\u00e0ria i el dip\u00f2sit de m\u00e0quines de vapor, com tamb\u00e9 dels tallers<br \/>\nde reparaci\u00f3 de material m\u00f2bil de la l\u00ednia de Barcelona a Madrid. Durant la<br \/>\nd\u00e8cada de 1930 hi havia uns 450 empleats entre personal de m\u00e0quines, de<br \/>\ntallers, oficines i vies i obres. Mentre funcionaren les m\u00e0quines de vapor,<br \/>\nl\u2019estaci\u00f3 constitu\u00ed un punt estrat\u00e8gic, ja que en direcci\u00f3 a Tarragona hi ha una<br \/>\nforta pujada que obligava a desfer-se de vagons i deixar-los a les vies mortes<br \/>\nde l\u2019estaci\u00f3. Amb l\u2019electrificaci\u00f3 i el despla\u00e7ament de la maquin\u00e0ria de vapor,<br \/>\nel personal ferroviari es va reduir for\u00e7a, sobretot a partir del 1972. L\u2019estaci\u00f3,<br \/>\nconsiderada de primera classe, continua tenint un paper preponderant en les<br \/>\ncomunicacions de la comarca.<\/p>\n<p>La vila de M\u00f3ra la Nova destaca per una intensa vitalitat comercial que queda<br \/>\nreflectida cada any en la celebraci\u00f3 de la Fira Agr\u00edcola, Ramadera i Industrial<br \/>\nde M\u00f3ra la Nova, una de les m\u00e9s tradicionals de Catalunya i punt de refer\u00e8ncia<br \/>\nobligat en la vida comercial de les comarques de l\u2019Ebre. Celebrada anualment<br \/>\ndes de 1831, a les darreries d\u2019octubre, constitueix un certamen multisectorial<br \/>\nque ofereix bones ofertes i les darreres novetats en maquin\u00e0ria agr\u00edcola i<br \/>\nindustrial, ramaderia i agricultura, per b\u00e9 que l\u2019apartat comercial \u00e9s el que ha<br \/>\npr\u00e8s m\u00e9s empenta. La vila celebra el mercat setmanal el dimecres.<br \/>\nLes necessitats sanit\u00e0ries s\u00f3n cobertes per un centre d\u2019assist\u00e8ncia prim\u00e0ria que<br \/>\nofereix assist\u00e8ncia en diverses especialitats als pobles del S de la comarca.<br \/>\nEn el camp de l\u2019ensenyament, aquest s\u2019imparteix fins el batxillerat i funciona, a<br \/>\nm\u00e9s, una escola municipal d\u2019arts i oficis.<\/p>\n","protected":false},"excerpt":{"rendered":"<p>Situaci\u00f3 L&#8217;Institut-Escola 3 d&#8217;Abril es troba ubicat al municipi de M\u00f3ra la Nova, amb una superf\u00edcie de 15,93 Km2, situada a un quil\u00f2metre de M\u00f3ra d&#8217;Ebre i a cinquanta de Tarragona, pertany a la comarca de la Ribera d&#8217;Ebre. El municipi es troba ubicat al marge esquerre del riu Ebre, a uns 70 quil\u00f2metres de [&hellip;]<\/p>\n","protected":false},"author":1,"featured_media":0,"parent":19,"menu_order":20,"comment_status":"closed","ping_status":"closed","template":"page-templates\/side-menu.php","meta":{"_bbp_topic_count":0,"_bbp_reply_count":0,"_bbp_total_topic_count":0,"_bbp_total_reply_count":0,"_bbp_voice_count":0,"_bbp_anonymous_reply_count":0,"_bbp_topic_count_hidden":0,"_bbp_reply_count_hidden":0,"_bbp_forum_subforum_count":0,"site-sidebar-layout":"default","site-content-layout":"","ast-site-content-layout":"","site-content-style":"default","site-sidebar-style":"default","ast-global-header-display":"","ast-banner-title-visibility":"","ast-main-header-display":"","ast-hfb-above-header-display":"","ast-hfb-below-header-display":"","ast-hfb-mobile-header-display":"","site-post-title":"","ast-breadcrumbs-content":"","ast-featured-img":"","footer-sml-layout":"","theme-transparent-header-meta":"","adv-header-id-meta":"","stick-header-meta":"","header-above-stick-meta":"","header-main-stick-meta":"","header-below-stick-meta":"","astra-migrate-meta-layouts":"default","ast-page-background-enabled":"default","ast-page-background-meta":{"desktop":{"background-color":"var(--ast-global-color-4)","background-image":"","background-repeat":"repeat","background-position":"center center","background-size":"auto","background-attachment":"scroll","background-type":"","background-media":"","overlay-type":"","overlay-color":"","overlay-opacity":"","overlay-gradient":""},"tablet":{"background-color":"","background-image":"","background-repeat":"repeat","background-position":"center center","background-size":"auto","background-attachment":"scroll","background-type":"","background-media":"","overlay-type":"","overlay-color":"","overlay-opacity":"","overlay-gradient":""},"mobile":{"background-color":"","background-image":"","background-repeat":"repeat","background-position":"center center","background-size":"auto","background-attachment":"scroll","background-type":"","background-media":"","overlay-type":"","overlay-color":"","overlay-opacity":"","overlay-gradient":""}},"ast-content-background-meta":{"desktop":{"background-color":"var(--ast-global-color-5)","background-image":"","background-repeat":"repeat","background-position":"center center","background-size":"auto","background-attachment":"scroll","background-type":"","background-media":"","overlay-type":"","overlay-color":"","overlay-opacity":"","overlay-gradient":""},"tablet":{"background-color":"var(--ast-global-color-5)","background-image":"","background-repeat":"repeat","background-position":"center center","background-size":"auto","background-attachment":"scroll","background-type":"","background-media":"","overlay-type":"","overlay-color":"","overlay-opacity":"","overlay-gradient":""},"mobile":{"background-color":"var(--ast-global-color-5)","background-image":"","background-repeat":"repeat","background-position":"center center","background-size":"auto","background-attachment":"scroll","background-type":"","background-media":"","overlay-type":"","overlay-color":"","overlay-opacity":"","overlay-gradient":""}},"footnotes":""},"class_list":["post-27","page","type-page","status-publish","hentry"],"post_mailing_queue_ids":[],"_links":{"self":[{"href":"https:\/\/agora.xtec.cat\/ie3dabril\/wp-json\/wp\/v2\/pages\/27","targetHints":{"allow":["GET"]}}],"collection":[{"href":"https:\/\/agora.xtec.cat\/ie3dabril\/wp-json\/wp\/v2\/pages"}],"about":[{"href":"https:\/\/agora.xtec.cat\/ie3dabril\/wp-json\/wp\/v2\/types\/page"}],"author":[{"embeddable":true,"href":"https:\/\/agora.xtec.cat\/ie3dabril\/wp-json\/wp\/v2\/users\/1"}],"replies":[{"embeddable":true,"href":"https:\/\/agora.xtec.cat\/ie3dabril\/wp-json\/wp\/v2\/comments?post=27"}],"version-history":[{"count":3,"href":"https:\/\/agora.xtec.cat\/ie3dabril\/wp-json\/wp\/v2\/pages\/27\/revisions"}],"predecessor-version":[{"id":460,"href":"https:\/\/agora.xtec.cat\/ie3dabril\/wp-json\/wp\/v2\/pages\/27\/revisions\/460"}],"up":[{"embeddable":true,"href":"https:\/\/agora.xtec.cat\/ie3dabril\/wp-json\/wp\/v2\/pages\/19"}],"wp:attachment":[{"href":"https:\/\/agora.xtec.cat\/ie3dabril\/wp-json\/wp\/v2\/media?parent=27"}],"curies":[{"name":"wp","href":"https:\/\/api.w.org\/{rel}","templated":true}]}}