{"id":195,"date":"2014-09-22T10:39:39","date_gmt":"2014-09-22T10:39:39","guid":{"rendered":"http:\/\/agora.xtec.cat\/ie3dabril\/?page_id=195"},"modified":"2025-11-05T15:40:04","modified_gmt":"2025-11-05T14:40:04","slug":"sabers","status":"publish","type":"page","link":"https:\/\/agora.xtec.cat\/ie3dabril\/sabers\/","title":{"rendered":"Sabers"},"content":{"rendered":"<p>En el nostre centre es realitzen els seg\u00fcents estudis :<\/p>\n<p>\u2022 Educaci\u00f3 Infantil.<\/p>\n<p>\u2022\u00a0Educaci\u00f3 Prim\u00e0ria.<\/p>\n<p>\u2022 ESO.<\/p>\n<p>El fet de comen\u00e7ar els alumnes al nostre centre a P3 i finalitzar a 4rt d&#8217;ESO, fan que els nostres alumnes tinguin una educaci\u00f3 coherent durant tota la seva educaci\u00f3 obligat\u00f2ria, afavorint el tracte personal, la dedicaci\u00f3, l&#8217;educaci\u00f3 transversal, la integraci\u00f3 de tot l&#8217;alumnat, una alta cohesi\u00f3, etc.<\/p>\n<p>Donada la gran diversitat d&#8217;estudis del nostre centre, us remetem als professionals de cada curs per tal de resoldre els vostres dubtes de cada etapa.<\/p>\n<p>A continuaci\u00f3 trobareu els sabers per als diferents cursos\u00a0 :<\/p>\n<p><a href=\"https:\/\/agora.xtec.cat\/ie3dabril\/wp-content\/uploads\/usu1564\/2025\/10\/I3-Programacio-Anual.pdf\" target=\"_blank\" rel=\"noopener\">I3 Programaci\u00f3 Anual<\/a><\/p>\n<p><a href=\"https:\/\/agora.xtec.cat\/ie3dabril\/wp-content\/uploads\/usu1564\/2025\/10\/I4-Programacio-Anual.pdf\" target=\"_blank\" rel=\"noopener\">I4 Programaci\u00f3 Anual<\/a><\/p>\n<p><a href=\"https:\/\/agora.xtec.cat\/ie3dabril\/wp-content\/uploads\/usu1564\/2025\/10\/I5-Programacio-Anual.pdf\" target=\"_blank\" rel=\"noopener\">I5 Programaci\u00f3 Anual<\/a><\/p>\n<p><a href=\"https:\/\/agora.xtec.cat\/ie3dabril\/wp-content\/uploads\/usu1564\/2025\/10\/PRI1-Programacio-Anual.pdf\" target=\"_blank\" rel=\"noopener\">1r Programaci\u00f3 Anual<\/a><\/p>\n<p><a href=\"https:\/\/agora.xtec.cat\/ie3dabril\/wp-content\/uploads\/usu1564\/2025\/10\/PRI2-Programacio-Anual.pdf\" target=\"_blank\" rel=\"noopener\">2n Programaci\u00f3 Anual<\/a><\/p>\n<p><a href=\"https:\/\/agora.xtec.cat\/ie3dabril\/wp-content\/uploads\/usu1564\/2025\/10\/PRI3-Programacio-Anual.pdf\" target=\"_blank\" rel=\"noopener\">3r Programaci\u00f3 Anual<\/a><\/p>\n<p><a href=\"https:\/\/agora.xtec.cat\/ie3dabril\/wp-content\/uploads\/usu1564\/2025\/10\/PRI4-Programacio-Anual.pdf\" target=\"_blank\" rel=\"noopener\">4t Programaci\u00f3 Anual<\/a><\/p>\n<p><a href=\"https:\/\/agora.xtec.cat\/ie3dabril\/wp-content\/uploads\/usu1564\/2025\/10\/PRI5-Programacio-Anual.pdf\" target=\"_blank\" rel=\"noopener\">5\u00e8 Programaci\u00f3 Anual<\/a><\/p>\n<p><a href=\"https:\/\/agora.xtec.cat\/ie3dabril\/wp-content\/uploads\/usu1564\/2025\/10\/PRI6-Programacio-Anual.pdf\" target=\"_blank\" rel=\"noopener\">6\u00e8 Programaci\u00f3 Anual<\/a><\/p>\n<p><a href=\"https:\/\/agora.xtec.cat\/ie3dabril\/wp-content\/uploads\/usu1564\/2025\/10\/ESO1-Programacio-Anual.pdf\" target=\"_blank\" rel=\"noopener\">1r ESO Programaci\u00f3 Anual<\/a><\/p>\n<p><a href=\"https:\/\/agora.xtec.cat\/ie3dabril\/wp-content\/uploads\/usu1564\/2025\/10\/ESO2-Programacio-Anual.pdf\" target=\"_blank\" rel=\"noopener\">2n ESO Programaci\u00f3 Anual<\/a><\/p>\n<p><a href=\"https:\/\/agora.xtec.cat\/ie3dabril\/wp-content\/uploads\/usu1564\/2025\/10\/ESO3-Programacio-Anual.pdf\" target=\"_blank\" rel=\"noopener\">3r ESO Programaci\u00f3 Anual<\/a><\/p>\n<p><a href=\"https:\/\/agora.xtec.cat\/ie3dabril\/wp-content\/uploads\/usu1564\/2025\/10\/ESO4-Programacio-Anual.pdf\" target=\"_blank\" rel=\"noopener\">4t ESO Programaci\u00f3 Anual<\/a><\/p>\n<p>&nbsp;<\/p>\n","protected":false},"excerpt":{"rendered":"<p>En el nostre centre es realitzen els seg\u00fcents estudis : \u2022 Educaci\u00f3 Infantil. \u2022\u00a0Educaci\u00f3 Prim\u00e0ria. \u2022 ESO. El fet de comen\u00e7ar els alumnes al nostre centre a P3 i finalitzar a 4rt d&#8217;ESO, fan que els nostres alumnes tinguin una educaci\u00f3 coherent durant tota la seva educaci\u00f3 obligat\u00f2ria, afavorint el tracte personal, la dedicaci\u00f3, l&#8217;educaci\u00f3 [&hellip;]<\/p>\n","protected":false},"author":1,"featured_media":0,"parent":0,"menu_order":0,"comment_status":"closed","ping_status":"closed","template":"","meta":{"_bbp_topic_count":0,"_bbp_reply_count":0,"_bbp_total_topic_count":0,"_bbp_total_reply_count":0,"_bbp_voice_count":0,"_bbp_anonymous_reply_count":0,"_bbp_topic_count_hidden":0,"_bbp_reply_count_hidden":0,"_bbp_forum_subforum_count":0,"site-sidebar-layout":"default","site-content-layout":"","ast-site-content-layout":"","site-content-style":"default","site-sidebar-style":"default","ast-global-header-display":"","ast-banner-title-visibility":"","ast-main-header-display":"","ast-hfb-above-header-display":"","ast-hfb-below-header-display":"","ast-hfb-mobile-header-display":"","site-post-title":"","ast-breadcrumbs-content":"","ast-featured-img":"","footer-sml-layout":"","theme-transparent-header-meta":"","adv-header-id-meta":"","stick-header-meta":"","header-above-stick-meta":"","header-main-stick-meta":"","header-below-stick-meta":"","astra-migrate-meta-layouts":"default","ast-page-background-enabled":"default","ast-page-background-meta":{"desktop":{"background-color":"var(--ast-global-color-4)","background-image":"","background-repeat":"repeat","background-position":"center center","background-size":"auto","background-attachment":"scroll","background-type":"","background-media":"","overlay-type":"","overlay-color":"","overlay-opacity":"","overlay-gradient":""},"tablet":{"background-color":"","background-image":"","background-repeat":"repeat","background-position":"center center","background-size":"auto","background-attachment":"scroll","background-type":"","background-media":"","overlay-type":"","overlay-color":"","overlay-opacity":"","overlay-gradient":""},"mobile":{"background-color":"","background-image":"","background-repeat":"repeat","background-position":"center center","background-size":"auto","background-attachment":"scroll","background-type":"","background-media":"","overlay-type":"","overlay-color":"","overlay-opacity":"","overlay-gradient":""}},"ast-content-background-meta":{"desktop":{"background-color":"var(--ast-global-color-5)","background-image":"","background-repeat":"repeat","background-position":"center center","background-size":"auto","background-attachment":"scroll","background-type":"","background-media":"","overlay-type":"","overlay-color":"","overlay-opacity":"","overlay-gradient":""},"tablet":{"background-color":"var(--ast-global-color-5)","background-image":"","background-repeat":"repeat","background-position":"center center","background-size":"auto","background-attachment":"scroll","background-type":"","background-media":"","overlay-type":"","overlay-color":"","overlay-opacity":"","overlay-gradient":""},"mobile":{"background-color":"var(--ast-global-color-5)","background-image":"","background-repeat":"repeat","background-position":"center center","background-size":"auto","background-attachment":"scroll","background-type":"","background-media":"","overlay-type":"","overlay-color":"","overlay-opacity":"","overlay-gradient":""}},"footnotes":""},"class_list":["post-195","page","type-page","status-publish","hentry"],"post_mailing_queue_ids":[],"_links":{"self":[{"href":"https:\/\/agora.xtec.cat\/ie3dabril\/wp-json\/wp\/v2\/pages\/195","targetHints":{"allow":["GET"]}}],"collection":[{"href":"https:\/\/agora.xtec.cat\/ie3dabril\/wp-json\/wp\/v2\/pages"}],"about":[{"href":"https:\/\/agora.xtec.cat\/ie3dabril\/wp-json\/wp\/v2\/types\/page"}],"author":[{"embeddable":true,"href":"https:\/\/agora.xtec.cat\/ie3dabril\/wp-json\/wp\/v2\/users\/1"}],"replies":[{"embeddable":true,"href":"https:\/\/agora.xtec.cat\/ie3dabril\/wp-json\/wp\/v2\/comments?post=195"}],"version-history":[{"count":7,"href":"https:\/\/agora.xtec.cat\/ie3dabril\/wp-json\/wp\/v2\/pages\/195\/revisions"}],"predecessor-version":[{"id":3074,"href":"https:\/\/agora.xtec.cat\/ie3dabril\/wp-json\/wp\/v2\/pages\/195\/revisions\/3074"}],"wp:attachment":[{"href":"https:\/\/agora.xtec.cat\/ie3dabril\/wp-json\/wp\/v2\/media?parent=195"}],"curies":[{"name":"wp","href":"https:\/\/api.w.org\/{rel}","templated":true}]}}