{"id":1545,"date":"2020-03-17T13:16:39","date_gmt":"2020-03-17T12:16:39","guid":{"rendered":"http:\/\/agora.xtec.cat\/ie3dabril\/?page_id=1545"},"modified":"2020-04-16T10:58:17","modified_gmt":"2020-04-16T08:58:17","slug":"cicle-inicial","status":"publish","type":"page","link":"https:\/\/agora.xtec.cat\/ie3dabril\/jo-em-quedo-a-casa\/cicle-inicial\/","title":{"rendered":"Cicle Inicial"},"content":{"rendered":"<p>Donem el tret de sortida al 3r trimestre des del confinament.<\/p>\n<p>Us proposem aquesta activitat perqu\u00e8 ens expliqueu les vostres viv\u00e8ncies. Com? Cada cicle enviar\u00e0 instruccions al seu alumnat per realitzar-la<\/p>\n<p><img loading=\"lazy\" decoding=\"async\" class=\"aligncenter wp-image-1673\" src=\"https:\/\/agora.xtec.cat\/ie3dabril\/wp-content\/uploads\/usu1564\/2020\/04\/ComEstem.jpg\" alt=\"\" width=\"519\" height=\"727\" srcset=\"https:\/\/agora.xtec.cat\/ie3dabril\/wp-content\/uploads\/usu1564\/2020\/04\/ComEstem.jpg 461w, https:\/\/agora.xtec.cat\/ie3dabril\/wp-content\/uploads\/usu1564\/2020\/04\/ComEstem-214x300.jpg 214w\" sizes=\"auto, (max-width: 519px) 100vw, 519px\" \/><\/p>\n<p>&nbsp;<\/p>\n<p>A continuaci\u00f3 teniu les propostes per a l&#8217;alumnat de Cicle Inicial :<\/p>\n<ul>\n<li>Primera setmana :<\/li>\n<\/ul>\n<p><a href=\"https:\/\/agora.xtec.cat\/ie3dabril\/wp-content\/uploads\/usu1564\/2020\/03\/CicleInicial_ensquedemacasa-i-aprenc.pdf\" target=\"_blank\" rel=\"noopener noreferrer\">CicleInicial_#ensquedemacasa i #aprenc<\/a><\/p>\n<ul>\n<li>Segona setmana :<\/li>\n<\/ul>\n<p><a href=\"https:\/\/agora.xtec.cat\/ie3dabril\/wp-content\/uploads\/usu1564\/2020\/03\/CicleInicialPropostes2aSetmana.pdf\" target=\"_blank\" rel=\"noopener noreferrer\">CicleInicialPropostes2aSetmana<\/a><\/p>\n","protected":false},"excerpt":{"rendered":"<p>Donem el tret de sortida al 3r trimestre des del confinament. Us proposem aquesta activitat perqu\u00e8 ens expliqueu les vostres viv\u00e8ncies. Com? Cada cicle enviar\u00e0 instruccions al seu alumnat per realitzar-la &nbsp; A continuaci\u00f3 teniu les propostes per a l&#8217;alumnat de Cicle Inicial : Primera setmana : CicleInicial_#ensquedemacasa i #aprenc Segona setmana : CicleInicialPropostes2aSetmana<\/p>\n","protected":false},"author":3,"featured_media":0,"parent":1537,"menu_order":1,"comment_status":"closed","ping_status":"closed","template":"page-templates\/side-menu.php","meta":{"_bbp_topic_count":0,"_bbp_reply_count":0,"_bbp_total_topic_count":0,"_bbp_total_reply_count":0,"_bbp_voice_count":0,"_bbp_anonymous_reply_count":0,"_bbp_topic_count_hidden":0,"_bbp_reply_count_hidden":0,"_bbp_forum_subforum_count":0,"site-sidebar-layout":"default","site-content-layout":"","ast-site-content-layout":"","site-content-style":"default","site-sidebar-style":"default","ast-global-header-display":"","ast-banner-title-visibility":"","ast-main-header-display":"","ast-hfb-above-header-display":"","ast-hfb-below-header-display":"","ast-hfb-mobile-header-display":"","site-post-title":"","ast-breadcrumbs-content":"","ast-featured-img":"","footer-sml-layout":"","theme-transparent-header-meta":"","adv-header-id-meta":"","stick-header-meta":"","header-above-stick-meta":"","header-main-stick-meta":"","header-below-stick-meta":"","astra-migrate-meta-layouts":"default","ast-page-background-enabled":"default","ast-page-background-meta":{"desktop":{"background-color":"var(--ast-global-color-4)","background-image":"","background-repeat":"repeat","background-position":"center center","background-size":"auto","background-attachment":"scroll","background-type":"","background-media":"","overlay-type":"","overlay-color":"","overlay-opacity":"","overlay-gradient":""},"tablet":{"background-color":"","background-image":"","background-repeat":"repeat","background-position":"center center","background-size":"auto","background-attachment":"scroll","background-type":"","background-media":"","overlay-type":"","overlay-color":"","overlay-opacity":"","overlay-gradient":""},"mobile":{"background-color":"","background-image":"","background-repeat":"repeat","background-position":"center center","background-size":"auto","background-attachment":"scroll","background-type":"","background-media":"","overlay-type":"","overlay-color":"","overlay-opacity":"","overlay-gradient":""}},"ast-content-background-meta":{"desktop":{"background-color":"var(--ast-global-color-5)","background-image":"","background-repeat":"repeat","background-position":"center center","background-size":"auto","background-attachment":"scroll","background-type":"","background-media":"","overlay-type":"","overlay-color":"","overlay-opacity":"","overlay-gradient":""},"tablet":{"background-color":"var(--ast-global-color-5)","background-image":"","background-repeat":"repeat","background-position":"center center","background-size":"auto","background-attachment":"scroll","background-type":"","background-media":"","overlay-type":"","overlay-color":"","overlay-opacity":"","overlay-gradient":""},"mobile":{"background-color":"var(--ast-global-color-5)","background-image":"","background-repeat":"repeat","background-position":"center center","background-size":"auto","background-attachment":"scroll","background-type":"","background-media":"","overlay-type":"","overlay-color":"","overlay-opacity":"","overlay-gradient":""}},"footnotes":""},"class_list":["post-1545","page","type-page","status-publish","hentry"],"post_mailing_queue_ids":[],"_links":{"self":[{"href":"https:\/\/agora.xtec.cat\/ie3dabril\/wp-json\/wp\/v2\/pages\/1545","targetHints":{"allow":["GET"]}}],"collection":[{"href":"https:\/\/agora.xtec.cat\/ie3dabril\/wp-json\/wp\/v2\/pages"}],"about":[{"href":"https:\/\/agora.xtec.cat\/ie3dabril\/wp-json\/wp\/v2\/types\/page"}],"author":[{"embeddable":true,"href":"https:\/\/agora.xtec.cat\/ie3dabril\/wp-json\/wp\/v2\/users\/3"}],"replies":[{"embeddable":true,"href":"https:\/\/agora.xtec.cat\/ie3dabril\/wp-json\/wp\/v2\/comments?post=1545"}],"version-history":[{"count":4,"href":"https:\/\/agora.xtec.cat\/ie3dabril\/wp-json\/wp\/v2\/pages\/1545\/revisions"}],"predecessor-version":[{"id":1677,"href":"https:\/\/agora.xtec.cat\/ie3dabril\/wp-json\/wp\/v2\/pages\/1545\/revisions\/1677"}],"up":[{"embeddable":true,"href":"https:\/\/agora.xtec.cat\/ie3dabril\/wp-json\/wp\/v2\/pages\/1537"}],"wp:attachment":[{"href":"https:\/\/agora.xtec.cat\/ie3dabril\/wp-json\/wp\/v2\/media?parent=1545"}],"curies":[{"name":"wp","href":"https:\/\/api.w.org\/{rel}","templated":true}]}}