{"id":1537,"date":"2020-03-17T12:47:00","date_gmt":"2020-03-17T11:47:00","guid":{"rendered":"http:\/\/agora.xtec.cat\/ie3dabril\/?page_id=1537"},"modified":"2020-04-22T15:08:37","modified_gmt":"2020-04-22T13:08:37","slug":"jo-em-quedo-a-casa","status":"publish","type":"page","link":"https:\/\/agora.xtec.cat\/ie3dabril\/jo-em-quedo-a-casa\/","title":{"rendered":"Jo em quedo a casa"},"content":{"rendered":"<p>Donades les circumst\u00e0ncies en les que ens trobem, com a centre hem hagut de replantejar el curr\u00edculum d&#8217;aquest trimetstre en tots els nivells. Per aix\u00f2 us els fem arribar en els dos documents que teniu a continuaci\u00f3 :<\/p>\n<ul>\n<li><a href=\"https:\/\/agora.xtec.cat\/ie3dabril\/wp-content\/uploads\/usu1564\/2020\/04\/CriterisInfantilPrimaria.pdf\" target=\"_blank\" rel=\"noopener noreferrer\">Educaci\u00f3 Infantil i Prim\u00e0ria<\/a><\/li>\n<li><a href=\"https:\/\/agora.xtec.cat\/ie3dabril\/wp-content\/uploads\/usu1564\/2020\/04\/CriterisESO.pdf\" target=\"_blank\" rel=\"noopener noreferrer\">ESO<\/a><\/li>\n<\/ul>\n<p>I la part m\u00e9s important de tot, qu\u00e8 farem, com treballarem i qu\u00e8 ens proposem :<\/p>\n<p>&nbsp;<\/p>\n<p><img loading=\"lazy\" decoding=\"async\" class=\" wp-image-1689 aligncenter\" src=\"https:\/\/agora.xtec.cat\/ie3dabril\/wp-content\/uploads\/usu1564\/2020\/04\/seguim-410x1024.png\" alt=\"\" width=\"585\" height=\"1465\" \/><\/p>\n<p>&nbsp;<\/p>\n<p>En els seg\u00fcents enlla\u00e7os hi ha les diferents tasques per cadascun dels estudis :<\/p>\n<ul>\n<li><a href=\"https:\/\/agora.xtec.cat\/ie3dabril\/jo-em-quedo-a-casa\/educacio-infantil\/\">Educaci\u00f3 Infantil.<\/a><\/li>\n<li><a href=\"https:\/\/agora.xtec.cat\/ie3dabril\/jo-em-quedo-a-casa\/cicle-inicial\/\">Cicle Inicial.<\/a><\/li>\n<li><a href=\"https:\/\/agora.xtec.cat\/ie3dabril\/jo-em-quedo-a-casa\/cicle-mitja\/\">Cicle Mitj\u00e0.<\/a><\/li>\n<li><a href=\"https:\/\/agora.xtec.cat\/ie3dabril\/jo-em-quedo-a-casa\/cicle-superior\/\">Cicle Superior.<\/a><\/li>\n<li><a href=\"https:\/\/agora.xtec.cat\/ie3dabril\/jo-em-quedo-a-casa\/eso\/\">ESO.<\/a><\/li>\n<\/ul>\n<h1 class=\"article-title\">Iniciatives Solid\u00e0ries<\/h1>\n<p>Per fortuna som una terra solid\u00e0ria, tots i totes volem posar el nostre granet de sorra en la situaci\u00f3 en qu\u00e8 ens trobem. Al centre ens arriben propostes v\u00e0ries que creiem que us poden ser d&#8217;ajut, aix\u00ed que us n&#8217;anirem compartint :<\/p>\n<p>&nbsp;<\/p>\n<h1 class=\"article-title\">5 Consells per aprendre i conviure en fam\u00edlia en situacions de confinament<\/h1>\n<p><img loading=\"lazy\" decoding=\"async\" class=\" wp-image-1650 alignnone\" src=\"https:\/\/agora.xtec.cat\/ie3dabril\/wp-content\/uploads\/usu1564\/2020\/03\/IMG_20200328_101840-709x1024.jpg\" alt=\"\" width=\"970\" height=\"1401\" srcset=\"https:\/\/agora.xtec.cat\/ie3dabril\/wp-content\/uploads\/usu1564\/2020\/03\/IMG_20200328_101840-709x1024.jpg 709w, https:\/\/agora.xtec.cat\/ie3dabril\/wp-content\/uploads\/usu1564\/2020\/03\/IMG_20200328_101840-208x300.jpg 208w, https:\/\/agora.xtec.cat\/ie3dabril\/wp-content\/uploads\/usu1564\/2020\/03\/IMG_20200328_101840-768x1109.jpg 768w, https:\/\/agora.xtec.cat\/ie3dabril\/wp-content\/uploads\/usu1564\/2020\/03\/IMG_20200328_101840.jpg 1125w\" sizes=\"auto, (max-width: 970px) 100vw, 970px\" \/> <img loading=\"lazy\" decoding=\"async\" class=\" wp-image-1651 alignnone\" src=\"https:\/\/agora.xtec.cat\/ie3dabril\/wp-content\/uploads\/usu1564\/2020\/03\/IMG_20200328_101901-709x1024.jpg\" alt=\"\" width=\"969\" height=\"1400\" srcset=\"https:\/\/agora.xtec.cat\/ie3dabril\/wp-content\/uploads\/usu1564\/2020\/03\/IMG_20200328_101901-709x1024.jpg 709w, https:\/\/agora.xtec.cat\/ie3dabril\/wp-content\/uploads\/usu1564\/2020\/03\/IMG_20200328_101901-208x300.jpg 208w, https:\/\/agora.xtec.cat\/ie3dabril\/wp-content\/uploads\/usu1564\/2020\/03\/IMG_20200328_101901-768x1109.jpg 768w, https:\/\/agora.xtec.cat\/ie3dabril\/wp-content\/uploads\/usu1564\/2020\/03\/IMG_20200328_101901.jpg 1125w\" sizes=\"auto, (max-width: 969px) 100vw, 969px\" \/> <img loading=\"lazy\" decoding=\"async\" class=\" wp-image-1652 alignnone\" src=\"https:\/\/agora.xtec.cat\/ie3dabril\/wp-content\/uploads\/usu1564\/2020\/03\/IMG_20200328_101912-709x1024.jpg\" alt=\"\" width=\"971\" height=\"1402\" srcset=\"https:\/\/agora.xtec.cat\/ie3dabril\/wp-content\/uploads\/usu1564\/2020\/03\/IMG_20200328_101912-709x1024.jpg 709w, https:\/\/agora.xtec.cat\/ie3dabril\/wp-content\/uploads\/usu1564\/2020\/03\/IMG_20200328_101912-208x300.jpg 208w, https:\/\/agora.xtec.cat\/ie3dabril\/wp-content\/uploads\/usu1564\/2020\/03\/IMG_20200328_101912-768x1109.jpg 768w, https:\/\/agora.xtec.cat\/ie3dabril\/wp-content\/uploads\/usu1564\/2020\/03\/IMG_20200328_101912.jpg 1125w\" sizes=\"auto, (max-width: 971px) 100vw, 971px\" \/><\/p>\n<p>&nbsp;<\/p>\n<h1><\/h1>\n<h1 class=\"article-title\">Cartes amb el cor<\/h1>\n<p><img loading=\"lazy\" decoding=\"async\" class=\"alignleft wp-image-1645\" src=\"https:\/\/agora.xtec.cat\/ie3dabril\/wp-content\/uploads\/usu1564\/2020\/03\/CartesAmbElCor-724x1024.jpg\" alt=\"\" width=\"845\" height=\"1195\" srcset=\"https:\/\/agora.xtec.cat\/ie3dabril\/wp-content\/uploads\/usu1564\/2020\/03\/CartesAmbElCor-724x1024.jpg 724w, https:\/\/agora.xtec.cat\/ie3dabril\/wp-content\/uploads\/usu1564\/2020\/03\/CartesAmbElCor-212x300.jpg 212w, https:\/\/agora.xtec.cat\/ie3dabril\/wp-content\/uploads\/usu1564\/2020\/03\/CartesAmbElCor-768x1086.jpg 768w, https:\/\/agora.xtec.cat\/ie3dabril\/wp-content\/uploads\/usu1564\/2020\/03\/CartesAmbElCor.jpg 1654w\" sizes=\"auto, (max-width: 845px) 100vw, 845px\" \/><\/p>\n<p>&nbsp;<\/p>\n<p>&nbsp;<\/p>\n<p>&nbsp;<\/p>\n<p>&nbsp;<\/p>\n<p>&nbsp;<\/p>\n<p>&nbsp;<\/p>\n<p>&nbsp;<\/p>\n<p>&nbsp;<\/p>\n<p>&nbsp;<\/p>\n<p>&nbsp;<\/p>\n<p>&nbsp;<\/p>\n<p>&nbsp;<\/p>\n<p>&nbsp;<\/p>\n<p>&nbsp;<\/p>\n<p>&nbsp;<\/p>\n<p>&nbsp;<\/p>\n<p>&nbsp;<\/p>\n<p>&nbsp;<\/p>\n<p>&nbsp;<\/p>\n<p>&nbsp;<\/p>\n<p>&nbsp;<\/p>\n<p>&nbsp;<\/p>\n<p>&nbsp;<\/p>\n<p>&nbsp;<\/p>\n<p>&nbsp;<\/p>\n<p>&nbsp;<\/p>\n<p>&nbsp;<\/p>\n<p><a style=\"font-size: 2.75em; font-weight: bold;\" title=\"Torneigs &quot;Escacs a l'escola&quot;\" href=\"http:\/\/escacs.cat\/index.php\/escoles\/noticies\/27087-\">Torneigs &#8220;Escacs a l&#8217;escola&#8221;<\/a><\/p>\n<aside class=\"article-aside clearfix\">\n<dl class=\"article-info muted\">\n<dd class=\"modified\"><i class=\"fa fa-clock-o\"><\/i>\u00a0<time datetime=\"2020-03-25T09:36:41+00:00\">Darrera actualitzaci\u00f3 el 25 Mar\u00e7 2020<\/time><\/dd>\n<\/dl>\n<div class=\"btn-group pull-right\"><a class=\"btn dropdown-toggle\" href=\"http:\/\/escacs.cat\/index.php\/escoles\/noticies\/27087-#\" data-toggle=\"dropdown\">\u00a0<\/a><\/div>\n<\/aside>\n<section class=\"article-content clearfix\"><img loading=\"lazy\" decoding=\"async\" src=\"http:\/\/escacs.cat\/images\/escacs_online.jpeg\" alt=\"\" width=\"538\" height=\"538\" \/><\/section>\n<section><\/section>\n<section><\/section>\n<section class=\"article-content clearfix\">Des de la FCE volem ajudar-vos a passar millor aquests dies de confinament. \u00c9s per aix\u00f2 que hem organitzat diferents torneigs d&#8217;escacs cada dia, de dilluns a divendres, al mat\u00ed i a la tarda.<\/section>\n<div><\/div>\n<div><\/div>\n<section class=\"article-content clearfix\">\n<div>L&#8217;activitat \u00e9s gratu\u00efta i est\u00e0 oberta a tots els nens i nenes que hi vulguin participar,\u00a0no cal estar federat.\u00a0Podeu trobar tota la informaci\u00f3 detallada a la circular\u00a0<a href=\"http:\/\/escacs.cat\/index.php\/publicacions\/circulars\/27086-\" target=\"_blank\" rel=\"noopener noreferrer\"><strong>CIRCULAR\u00a0CAT\/EBA 14\/2020<\/strong><\/a><\/div>\n<div><\/div>\n<div><\/div>\n<div>Animeu-vos a participar-hi i ajudeu-nos a difondre-ho entre els vostres amics!<\/div>\n<div><\/div>\n<\/section>\n","protected":false},"excerpt":{"rendered":"<p>Donades les circumst\u00e0ncies en les que ens trobem, com a centre hem hagut de replantejar el curr\u00edculum d&#8217;aquest trimetstre en tots els nivells. Per aix\u00f2 us els fem arribar en els dos documents que teniu a continuaci\u00f3 : Educaci\u00f3 Infantil i Prim\u00e0ria ESO I la part m\u00e9s important de tot, qu\u00e8 farem, com treballarem i [&hellip;]<\/p>\n","protected":false},"author":3,"featured_media":0,"parent":0,"menu_order":0,"comment_status":"closed","ping_status":"closed","template":"page-templates\/side-menu.php","meta":{"_bbp_topic_count":0,"_bbp_reply_count":0,"_bbp_total_topic_count":0,"_bbp_total_reply_count":0,"_bbp_voice_count":0,"_bbp_anonymous_reply_count":0,"_bbp_topic_count_hidden":0,"_bbp_reply_count_hidden":0,"_bbp_forum_subforum_count":0,"site-sidebar-layout":"default","site-content-layout":"","ast-site-content-layout":"","site-content-style":"default","site-sidebar-style":"default","ast-global-header-display":"","ast-banner-title-visibility":"","ast-main-header-display":"","ast-hfb-above-header-display":"","ast-hfb-below-header-display":"","ast-hfb-mobile-header-display":"","site-post-title":"","ast-breadcrumbs-content":"","ast-featured-img":"","footer-sml-layout":"","theme-transparent-header-meta":"","adv-header-id-meta":"","stick-header-meta":"","header-above-stick-meta":"","header-main-stick-meta":"","header-below-stick-meta":"","astra-migrate-meta-layouts":"default","ast-page-background-enabled":"default","ast-page-background-meta":{"desktop":{"background-color":"var(--ast-global-color-4)","background-image":"","background-repeat":"repeat","background-position":"center center","background-size":"auto","background-attachment":"scroll","background-type":"","background-media":"","overlay-type":"","overlay-color":"","overlay-opacity":"","overlay-gradient":""},"tablet":{"background-color":"","background-image":"","background-repeat":"repeat","background-position":"center center","background-size":"auto","background-attachment":"scroll","background-type":"","background-media":"","overlay-type":"","overlay-color":"","overlay-opacity":"","overlay-gradient":""},"mobile":{"background-color":"","background-image":"","background-repeat":"repeat","background-position":"center center","background-size":"auto","background-attachment":"scroll","background-type":"","background-media":"","overlay-type":"","overlay-color":"","overlay-opacity":"","overlay-gradient":""}},"ast-content-background-meta":{"desktop":{"background-color":"var(--ast-global-color-5)","background-image":"","background-repeat":"repeat","background-position":"center center","background-size":"auto","background-attachment":"scroll","background-type":"","background-media":"","overlay-type":"","overlay-color":"","overlay-opacity":"","overlay-gradient":""},"tablet":{"background-color":"var(--ast-global-color-5)","background-image":"","background-repeat":"repeat","background-position":"center center","background-size":"auto","background-attachment":"scroll","background-type":"","background-media":"","overlay-type":"","overlay-color":"","overlay-opacity":"","overlay-gradient":""},"mobile":{"background-color":"var(--ast-global-color-5)","background-image":"","background-repeat":"repeat","background-position":"center center","background-size":"auto","background-attachment":"scroll","background-type":"","background-media":"","overlay-type":"","overlay-color":"","overlay-opacity":"","overlay-gradient":""}},"footnotes":""},"class_list":["post-1537","page","type-page","status-publish","hentry"],"post_mailing_queue_ids":[],"_links":{"self":[{"href":"https:\/\/agora.xtec.cat\/ie3dabril\/wp-json\/wp\/v2\/pages\/1537","targetHints":{"allow":["GET"]}}],"collection":[{"href":"https:\/\/agora.xtec.cat\/ie3dabril\/wp-json\/wp\/v2\/pages"}],"about":[{"href":"https:\/\/agora.xtec.cat\/ie3dabril\/wp-json\/wp\/v2\/types\/page"}],"author":[{"embeddable":true,"href":"https:\/\/agora.xtec.cat\/ie3dabril\/wp-json\/wp\/v2\/users\/3"}],"replies":[{"embeddable":true,"href":"https:\/\/agora.xtec.cat\/ie3dabril\/wp-json\/wp\/v2\/comments?post=1537"}],"version-history":[{"count":3,"href":"https:\/\/agora.xtec.cat\/ie3dabril\/wp-json\/wp\/v2\/pages\/1537\/revisions"}],"predecessor-version":[{"id":1690,"href":"https:\/\/agora.xtec.cat\/ie3dabril\/wp-json\/wp\/v2\/pages\/1537\/revisions\/1690"}],"wp:attachment":[{"href":"https:\/\/agora.xtec.cat\/ie3dabril\/wp-json\/wp\/v2\/media?parent=1537"}],"curies":[{"name":"wp","href":"https:\/\/api.w.org\/{rel}","templated":true}]}}