{"id":1217,"date":"2019-03-19T12:37:30","date_gmt":"2019-03-19T11:37:30","guid":{"rendered":"http:\/\/agora.xtec.cat\/ie3dabril\/?page_id=1217"},"modified":"2019-06-12T14:02:29","modified_gmt":"2019-06-12T12:02:29","slug":"etwinning","status":"publish","type":"page","link":"https:\/\/agora.xtec.cat\/ie3dabril\/linstitut\/blocs-tematics\/etwinning\/","title":{"rendered":"eTwinning"},"content":{"rendered":"<p>&nbsp;<\/p>\n<p><a href=\"https:\/\/agora.xtec.cat\/ie3dabril\/wp-content\/uploads\/usu1564\/2019\/03\/etwinning.png\"><img loading=\"lazy\" decoding=\"async\" class=\"alignleft size-full wp-image-1221\" src=\"https:\/\/agora.xtec.cat\/ie3dabril\/wp-content\/uploads\/usu1564\/2019\/03\/etwinning.png\" alt=\"\" width=\"356\" height=\"142\" srcset=\"https:\/\/agora.xtec.cat\/ie3dabril\/wp-content\/uploads\/usu1564\/2019\/03\/etwinning.png 356w, https:\/\/agora.xtec.cat\/ie3dabril\/wp-content\/uploads\/usu1564\/2019\/03\/etwinning-300x120.png 300w\" sizes=\"auto, (max-width: 356px) 100vw, 356px\" \/><\/a><\/p>\n<p>&nbsp;<\/p>\n<p>&nbsp;<\/p>\n<p>&nbsp;<\/p>\n<p>&nbsp;<\/p>\n<p><strong>eTwinning Project \ud83d\ude42<\/strong><\/p>\n<p>El passat segon trimestre, els alumnes de 3r d\u2019ESO de l\u2019IE 3 d\u2019Abril, van comen\u00e7ar un projecte anomenat \u201c<em>Let\u2019s find foreing friends<\/em>\u201d, que vol dir \u201cfem amics fora\u201d. Aquest projecte creat per a cercar vincles amb diferents instituts d\u2019arreu d\u2019Europa, tots amb un punt en com\u00fa, la llengua en que ho fan: l\u2019angl\u00e8s.<\/p>\n<p>Els alumnes de 3r d\u2019ESO ho han fet amb uns alumnes de 3r d\u2019ESO d\u2019\u00c0ustria, de l\u2019escola <em>TNMS Eferding Nord<\/em>. Per poder contactar amb ells van utilitzar una aplicaci\u00f3 anomenada <em>Toony Tools<\/em>, que proporciona una xarxa on pots tindre una comunicaci\u00f3 immediata entre ells.<\/p>\n<p>Van comen\u00e7ar cadasc\u00fa fent una breu presentaci\u00f3 sobre els seus <em>hobbies<\/em> i aficions, a part de les nostres tradicions. Despr\u00e9s van fer parelles (un de cada pa\u00eds) i es van enviar una presentaci\u00f3 m\u00e9s detallada de cadasc\u00fa. Poc a poc van fent m\u00e9s activitats interaccionant amb els alumnes de l\u2019altre pa\u00eds, actualment, s\u2019est\u00e0 creant una revista comuna on tots els alumnes hi fiquen un granet de sorra, parlant cadasc\u00fa de temes interessants, culturals i tradicionals de cada pa\u00eds, evidentment tot amb angl\u00e8s, la llengua que els uneix. Est\u00e0 previst arribar a fer videotrucades amb els altres alumnes i conversar amb ells, entre moltes m\u00e9s activitats que organitzar\u00e0 la professora encarregada del projecte (Eva Salvad\u00f3) i la de l\u2019escola d\u2019\u00c0ustria (Eva Heider-Stadler).<\/p>\n<p>Aquestes imatges s\u00f3n alguns exemples de la primera activitat, que consistia en realitzar un <em>collage <\/em>amb les nostres aficions:<\/p>\n<p><a href=\"https:\/\/agora.xtec.cat\/ie3dabril\/wp-content\/uploads\/usu1564\/2019\/06\/1.png\"><img loading=\"lazy\" decoding=\"async\" class=\"alignnone size-full wp-image-1341\" src=\"https:\/\/agora.xtec.cat\/ie3dabril\/wp-content\/uploads\/usu1564\/2019\/06\/1.png\" alt=\"\" width=\"723\" height=\"544\" srcset=\"https:\/\/agora.xtec.cat\/ie3dabril\/wp-content\/uploads\/usu1564\/2019\/06\/1.png 723w, https:\/\/agora.xtec.cat\/ie3dabril\/wp-content\/uploads\/usu1564\/2019\/06\/1-300x226.png 300w, https:\/\/agora.xtec.cat\/ie3dabril\/wp-content\/uploads\/usu1564\/2019\/06\/1-200x150.png 200w\" sizes=\"auto, (max-width: 723px) 100vw, 723px\" \/><\/a><\/p>\n<p>(Georgina L\u00f3pez)<\/p>\n<p><a href=\"https:\/\/agora.xtec.cat\/ie3dabril\/wp-content\/uploads\/usu1564\/2019\/06\/2.png\"><img loading=\"lazy\" decoding=\"async\" class=\"alignnone size-full wp-image-1342\" src=\"https:\/\/agora.xtec.cat\/ie3dabril\/wp-content\/uploads\/usu1564\/2019\/06\/2.png\" alt=\"\" width=\"723\" height=\"544\" srcset=\"https:\/\/agora.xtec.cat\/ie3dabril\/wp-content\/uploads\/usu1564\/2019\/06\/2.png 723w, https:\/\/agora.xtec.cat\/ie3dabril\/wp-content\/uploads\/usu1564\/2019\/06\/2-300x226.png 300w, https:\/\/agora.xtec.cat\/ie3dabril\/wp-content\/uploads\/usu1564\/2019\/06\/2-200x150.png 200w\" sizes=\"auto, (max-width: 723px) 100vw, 723px\" \/><\/a><\/p>\n<p>&nbsp;<\/p>\n<p><span style=\"font-family: inherit; font-size: 1em;\">\u00a0 \u00a0 \u00a0(Bato) TNMS Eferding Nord<\/span><\/p>\n","protected":false},"excerpt":{"rendered":"<p>&nbsp; &nbsp; &nbsp; &nbsp; &nbsp; eTwinning Project \ud83d\ude42 El passat segon trimestre, els alumnes de 3r d\u2019ESO de l\u2019IE 3 d\u2019Abril, van comen\u00e7ar un projecte anomenat \u201cLet\u2019s find foreing friends\u201d, que vol dir \u201cfem amics fora\u201d. Aquest projecte creat per a cercar vincles amb diferents instituts d\u2019arreu d\u2019Europa, tots amb un punt en com\u00fa, la [&hellip;]<\/p>\n","protected":false},"author":3,"featured_media":0,"parent":583,"menu_order":0,"comment_status":"closed","ping_status":"closed","template":"","meta":{"_bbp_topic_count":0,"_bbp_reply_count":0,"_bbp_total_topic_count":0,"_bbp_total_reply_count":0,"_bbp_voice_count":0,"_bbp_anonymous_reply_count":0,"_bbp_topic_count_hidden":0,"_bbp_reply_count_hidden":0,"_bbp_forum_subforum_count":0,"site-sidebar-layout":"default","site-content-layout":"","ast-site-content-layout":"","site-content-style":"default","site-sidebar-style":"default","ast-global-header-display":"","ast-banner-title-visibility":"","ast-main-header-display":"","ast-hfb-above-header-display":"","ast-hfb-below-header-display":"","ast-hfb-mobile-header-display":"","site-post-title":"","ast-breadcrumbs-content":"","ast-featured-img":"","footer-sml-layout":"","theme-transparent-header-meta":"","adv-header-id-meta":"","stick-header-meta":"","header-above-stick-meta":"","header-main-stick-meta":"","header-below-stick-meta":"","astra-migrate-meta-layouts":"default","ast-page-background-enabled":"default","ast-page-background-meta":{"desktop":{"background-color":"var(--ast-global-color-4)","background-image":"","background-repeat":"repeat","background-position":"center center","background-size":"auto","background-attachment":"scroll","background-type":"","background-media":"","overlay-type":"","overlay-color":"","overlay-opacity":"","overlay-gradient":""},"tablet":{"background-color":"","background-image":"","background-repeat":"repeat","background-position":"center center","background-size":"auto","background-attachment":"scroll","background-type":"","background-media":"","overlay-type":"","overlay-color":"","overlay-opacity":"","overlay-gradient":""},"mobile":{"background-color":"","background-image":"","background-repeat":"repeat","background-position":"center center","background-size":"auto","background-attachment":"scroll","background-type":"","background-media":"","overlay-type":"","overlay-color":"","overlay-opacity":"","overlay-gradient":""}},"ast-content-background-meta":{"desktop":{"background-color":"var(--ast-global-color-5)","background-image":"","background-repeat":"repeat","background-position":"center center","background-size":"auto","background-attachment":"scroll","background-type":"","background-media":"","overlay-type":"","overlay-color":"","overlay-opacity":"","overlay-gradient":""},"tablet":{"background-color":"var(--ast-global-color-5)","background-image":"","background-repeat":"repeat","background-position":"center center","background-size":"auto","background-attachment":"scroll","background-type":"","background-media":"","overlay-type":"","overlay-color":"","overlay-opacity":"","overlay-gradient":""},"mobile":{"background-color":"var(--ast-global-color-5)","background-image":"","background-repeat":"repeat","background-position":"center center","background-size":"auto","background-attachment":"scroll","background-type":"","background-media":"","overlay-type":"","overlay-color":"","overlay-opacity":"","overlay-gradient":""}},"footnotes":""},"class_list":["post-1217","page","type-page","status-publish","hentry"],"post_mailing_queue_ids":[],"_links":{"self":[{"href":"https:\/\/agora.xtec.cat\/ie3dabril\/wp-json\/wp\/v2\/pages\/1217","targetHints":{"allow":["GET"]}}],"collection":[{"href":"https:\/\/agora.xtec.cat\/ie3dabril\/wp-json\/wp\/v2\/pages"}],"about":[{"href":"https:\/\/agora.xtec.cat\/ie3dabril\/wp-json\/wp\/v2\/types\/page"}],"author":[{"embeddable":true,"href":"https:\/\/agora.xtec.cat\/ie3dabril\/wp-json\/wp\/v2\/users\/3"}],"replies":[{"embeddable":true,"href":"https:\/\/agora.xtec.cat\/ie3dabril\/wp-json\/wp\/v2\/comments?post=1217"}],"version-history":[{"count":3,"href":"https:\/\/agora.xtec.cat\/ie3dabril\/wp-json\/wp\/v2\/pages\/1217\/revisions"}],"predecessor-version":[{"id":1343,"href":"https:\/\/agora.xtec.cat\/ie3dabril\/wp-json\/wp\/v2\/pages\/1217\/revisions\/1343"}],"up":[{"embeddable":true,"href":"https:\/\/agora.xtec.cat\/ie3dabril\/wp-json\/wp\/v2\/pages\/583"}],"wp:attachment":[{"href":"https:\/\/agora.xtec.cat\/ie3dabril\/wp-json\/wp\/v2\/media?parent=1217"}],"curies":[{"name":"wp","href":"https:\/\/api.w.org\/{rel}","templated":true}]}}