{"id":9,"date":"2014-09-12T10:15:01","date_gmt":"2014-09-12T10:15:01","guid":{"rendered":"http:\/\/agora.xtec.cat\/ie-piera\/?page_id=9"},"modified":"2026-03-02T12:22:38","modified_gmt":"2026-03-02T11:22:38","slug":"pagina-dinici-buida","status":"publish","type":"page","link":"https:\/\/agora.xtec.cat\/ie-piera\/","title":{"rendered":""},"content":{"rendered":"\n<p class=\"has-text-align-left\"><strong>Preinscripci\u00f3 escolar curs 2026-2027<\/strong><\/p>\n\n\n\n<p>Benvolgudes fam\u00edlies,<\/p>\n\n\n\n<p>Us informem que properament s\u2019obrir\u00e0 el per\u00edode de <strong>preinscripci\u00f3 escolar per al curs 2026-2027<\/strong>. \u00c9s un moment important per iniciar o continuar el cam\u00ed educatiu dels vostres fills i filles al nostre centre.<\/p>\n\n\n\n<p>Al nostre web hi trobareu tota la informaci\u00f3 necess\u00e0ria sobre calendari, documentaci\u00f3 requerida i passos a seguir per formalitzar la sol\u00b7licitud.<\/p>\n\n\n\n<p>Per a qualsevol dubte, podeu posar-vos en contacte amb la secretaria del centre. Estarem encantats d\u2019acompanyar-vos en aquest proc\u00e9s.<\/p>\n\n\n\n<div class=\"wp-block-file\"><a id=\"wp-block-file--media-818cf56f-16c1-4142-94c8-60438f71bebc\" href=\"https:\/\/agora.xtec.cat\/ie-piera\/wp-content\/uploads\/usu2524\/2026\/02\/Preinscripcio26_27.docx\">Preinscripci\u00f326_27<\/a><a href=\"https:\/\/agora.xtec.cat\/ie-piera\/wp-content\/uploads\/usu2524\/2026\/02\/Preinscripcio26_27.docx\" class=\"wp-block-file__button wp-element-button\" download aria-describedby=\"wp-block-file--media-818cf56f-16c1-4142-94c8-60438f71bebc\">Baixa<\/a><\/div>\n\n\n\n<p><\/p>\n","protected":false},"excerpt":{"rendered":"<p>Preinscripci\u00f3 escolar curs 2026-2027<\/p>\n<p>Benvolgudes fam\u00edlies,<\/p>\n<p>Us informem que properament s\u2019obrir\u00e0 el per\u00edode de preinscripci\u00f3 escolar per al curs 2026-2027. \u00c9s un moment important per iniciar o continuar el cam\u00ed educatiu dels vostres fills i filles al nostre centre.<\/p>\n<p>Al nostre web hi trobareu tota la informaci\u00f3 necess\u00e0ria&hellip;  <a href=\"https:\/\/agora.xtec.cat\/ie-piera\/\" title=\"Read \">Llegeix m\u00e9s\u00bb<\/a><\/p>\n","protected":false},"author":1,"featured_media":0,"parent":7,"menu_order":0,"comment_status":"closed","ping_status":"closed","template":"page-templates\/front-page.php","meta":{"_bbp_topic_count":0,"_bbp_reply_count":0,"_bbp_total_topic_count":0,"_bbp_total_reply_count":0,"_bbp_voice_count":0,"_bbp_anonymous_reply_count":0,"_bbp_topic_count_hidden":0,"_bbp_reply_count_hidden":0,"_bbp_forum_subforum_count":0,"footnotes":""},"class_list":["post-9","page","type-page","status-publish","hentry"],"post_mailing_queue_ids":[],"_links":{"self":[{"href":"https:\/\/agora.xtec.cat\/ie-piera\/wp-json\/wp\/v2\/pages\/9","targetHints":{"allow":["GET"]}}],"collection":[{"href":"https:\/\/agora.xtec.cat\/ie-piera\/wp-json\/wp\/v2\/pages"}],"about":[{"href":"https:\/\/agora.xtec.cat\/ie-piera\/wp-json\/wp\/v2\/types\/page"}],"author":[{"embeddable":true,"href":"https:\/\/agora.xtec.cat\/ie-piera\/wp-json\/wp\/v2\/users\/1"}],"replies":[{"embeddable":true,"href":"https:\/\/agora.xtec.cat\/ie-piera\/wp-json\/wp\/v2\/comments?post=9"}],"version-history":[{"count":6,"href":"https:\/\/agora.xtec.cat\/ie-piera\/wp-json\/wp\/v2\/pages\/9\/revisions"}],"predecessor-version":[{"id":1681,"href":"https:\/\/agora.xtec.cat\/ie-piera\/wp-json\/wp\/v2\/pages\/9\/revisions\/1681"}],"up":[{"embeddable":true,"href":"https:\/\/agora.xtec.cat\/ie-piera\/wp-json\/wp\/v2\/pages\/7"}],"wp:attachment":[{"href":"https:\/\/agora.xtec.cat\/ie-piera\/wp-json\/wp\/v2\/media?parent=9"}],"curies":[{"name":"wp","href":"https:\/\/api.w.org\/{rel}","templated":true}]}}