{"id":890,"date":"2021-09-16T16:18:21","date_gmt":"2021-09-16T14:18:21","guid":{"rendered":"https:\/\/agora.xtec.cat\/ie-josepmxandri\/?page_id=890"},"modified":"2025-02-08T15:29:16","modified_gmt":"2025-02-08T14:29:16","slug":"projecte-de-convivencia","status":"publish","type":"page","link":"https:\/\/agora.xtec.cat\/ie-josepmxandri\/lescola\/documentacio-de-centre\/projecte-de-convivencia\/","title":{"rendered":"Projecte de conviv\u00e8ncia"},"content":{"rendered":"<table>\n<tbody>\n<tr>\n<td><i><span style=\"font-weight: 400;\">En el marc d&#8217;una societat tecnol\u00f2gicament complexa, culturalment diversa, socialment l\u00edquida i econ\u00f2micament desequilibrada amb canvis permanents, importants moviments migratoris i noves i preocupants formes d&#8217;exclusi\u00f3, entenem la conviv\u00e8ncia, no la simple coexist\u00e8ncia, com la necess\u00e0ria relaci\u00f3 entre persones basada en xarxes de sentit compartit. L&#8217;escola \u00e9s el reflex de la societat i, alhora, \u00e9s un espai privilegiat on tots els ciutadans i ciutadanes adquireixen uns coneixements i uns h\u00e0bits de socialitzaci\u00f3 i de relaci\u00f3 amb els altres.\u00a0<\/span><\/i><\/p>\n<p><i><span style=\"font-weight: 400;\">Un dels seus objectius b\u00e0sics ha de ser ensenyar i aprendre a viure i conviure; ha de fomentar i liderar la conviv\u00e8ncia, tant a l\u2019interior del centre educatiu com al seu entorn immediat<\/span><\/i><span style=\"font-weight: 400;\">\u00a0<\/span><\/td>\n<\/tr>\n<\/tbody>\n<\/table>\n<p><b><i>Declaraci\u00f3 de la Seu d\u2019Urgell. 4t Congr\u00e9s \u201cEducaci\u00f3 i Entorn\u201d. La Seu d\u2019Urgell. 2008 .<\/i><\/b><\/p>\n<p><a href=\"https:\/\/drive.google.com\/file\/d\/1vtWxKN3nbe3v3rnwYd332724nJJVSRnK\/view?usp=sharing\">PROJECTE DE CONVIV\u00c8NCIA INSTITUT ESCOLA<\/a><\/p>\n","protected":false},"excerpt":{"rendered":"<p>En el marc d&#8217;una societat tecnol\u00f2gicament complexa, culturalment diversa, socialment l\u00edquida i econ\u00f2micament desequilibrada amb canvis permanents, importants moviments migratoris i noves i preocupants formes d&#8217;exclusi\u00f3, entenem la conviv\u00e8ncia, no la simple coexist\u00e8ncia, com la necess\u00e0ria relaci\u00f3 entre persones basada en xarxes de sentit compartit.&hellip;  <a href=\"https:\/\/agora.xtec.cat\/ie-josepmxandri\/lescola\/documentacio-de-centre\/projecte-de-convivencia\/\" title=\"Read Projecte de conviv\u00e8ncia\">Llegeix m\u00e9s\u00bb<\/a><\/p>\n","protected":false},"author":4,"featured_media":0,"parent":1145,"menu_order":4,"comment_status":"closed","ping_status":"closed","template":"page-templates\/side-menu.php","meta":{"_bbp_topic_count":0,"_bbp_reply_count":0,"_bbp_total_topic_count":0,"_bbp_total_reply_count":0,"_bbp_voice_count":0,"_bbp_anonymous_reply_count":0,"_bbp_topic_count_hidden":0,"_bbp_reply_count_hidden":0,"_bbp_forum_subforum_count":0,"footnotes":""},"class_list":["post-890","page","type-page","status-publish","hentry"],"post_mailing_queue_ids":[],"_links":{"self":[{"href":"https:\/\/agora.xtec.cat\/ie-josepmxandri\/wp-json\/wp\/v2\/pages\/890","targetHints":{"allow":["GET"]}}],"collection":[{"href":"https:\/\/agora.xtec.cat\/ie-josepmxandri\/wp-json\/wp\/v2\/pages"}],"about":[{"href":"https:\/\/agora.xtec.cat\/ie-josepmxandri\/wp-json\/wp\/v2\/types\/page"}],"author":[{"embeddable":true,"href":"https:\/\/agora.xtec.cat\/ie-josepmxandri\/wp-json\/wp\/v2\/users\/4"}],"replies":[{"embeddable":true,"href":"https:\/\/agora.xtec.cat\/ie-josepmxandri\/wp-json\/wp\/v2\/comments?post=890"}],"version-history":[{"count":2,"href":"https:\/\/agora.xtec.cat\/ie-josepmxandri\/wp-json\/wp\/v2\/pages\/890\/revisions"}],"predecessor-version":[{"id":893,"href":"https:\/\/agora.xtec.cat\/ie-josepmxandri\/wp-json\/wp\/v2\/pages\/890\/revisions\/893"}],"up":[{"embeddable":true,"href":"https:\/\/agora.xtec.cat\/ie-josepmxandri\/wp-json\/wp\/v2\/pages\/1145"}],"wp:attachment":[{"href":"https:\/\/agora.xtec.cat\/ie-josepmxandri\/wp-json\/wp\/v2\/media?parent=890"}],"curies":[{"name":"wp","href":"https:\/\/api.w.org\/{rel}","templated":true}]}}