{"id":858,"date":"2021-07-13T19:33:37","date_gmt":"2021-07-13T17:33:37","guid":{"rendered":"https:\/\/agora.xtec.cat\/ie-josepmxandri\/?page_id=858"},"modified":"2025-02-08T16:04:58","modified_gmt":"2025-02-08T15:04:58","slug":"espais-daprenentatge","status":"publish","type":"page","link":"https:\/\/agora.xtec.cat\/ie-josepmxandri\/espais-daprenentatge\/","title":{"rendered":"ESPAIS D&#8217;APRENENTATGE"},"content":{"rendered":"<h3 style=\"text-align: center;\">ELS ESPAIS D&#8217;APRENENTATGE A L&#8217;INSTITUT ESCOLA<\/h3>\n<p><a href=\"https:\/\/agora.xtec.cat\/ie-josepmxandri\/wp-content\/uploads\/usu1857\/2021\/07\/Captura-de-Pantalla-2021-07-13-a-les-15.43.22.png\"><img loading=\"lazy\" decoding=\"async\" class=\"alignnone size-large wp-image-859\" src=\"https:\/\/agora.xtec.cat\/ie-josepmxandri\/wp-content\/uploads\/usu1857\/2021\/07\/Captura-de-Pantalla-2021-07-13-a-les-15.43.22-1024x608.png\" alt=\"\" width=\"1024\" height=\"608\" srcset=\"https:\/\/agora.xtec.cat\/ie-josepmxandri\/wp-content\/uploads\/usu1857\/2021\/07\/Captura-de-Pantalla-2021-07-13-a-les-15.43.22-1024x608.png 1024w, https:\/\/agora.xtec.cat\/ie-josepmxandri\/wp-content\/uploads\/usu1857\/2021\/07\/Captura-de-Pantalla-2021-07-13-a-les-15.43.22-300x178.png 300w, https:\/\/agora.xtec.cat\/ie-josepmxandri\/wp-content\/uploads\/usu1857\/2021\/07\/Captura-de-Pantalla-2021-07-13-a-les-15.43.22-768x456.png 768w, https:\/\/agora.xtec.cat\/ie-josepmxandri\/wp-content\/uploads\/usu1857\/2021\/07\/Captura-de-Pantalla-2021-07-13-a-les-15.43.22.png 1334w\" sizes=\"auto, (max-width: 1024px) 100vw, 1024px\" \/><\/a><\/p>\n<p>L&#8217;institut escola vetlla per disposar d&#8217;uns espais que ajudin a infants i joves a sentir-s&#8217;hi a gust, que siguin c\u00f2modes i aportin benestar. Espais amb els est\u00edmuls necessaris per tal que l&#8217;aprenent trobi propostes, reptes i desafiaments que l&#8217;emocionin, que l&#8217;impliquin en el seu proc\u00e9s d&#8217;aprenentatge.<\/p>\n<p>Espais per compartir, per aprendre junts.<\/p>\n<p>Podeu visualitzar els diferents espais d&#8217;aprenentatge clicant a la llegenda de les fotografies.<\/p>\n<p><img loading=\"lazy\" decoding=\"async\" class=\"size-large wp-image-922 aligncenter\" src=\"https:\/\/agora.xtec.cat\/ie-josepmxandri\/wp-content\/uploads\/usu1857\/2021\/10\/espais-1024x763.jpg\" alt=\"\" width=\"1024\" height=\"763\" srcset=\"https:\/\/agora.xtec.cat\/ie-josepmxandri\/wp-content\/uploads\/usu1857\/2021\/10\/espais-1024x763.jpg 1024w, https:\/\/agora.xtec.cat\/ie-josepmxandri\/wp-content\/uploads\/usu1857\/2021\/10\/espais-300x224.jpg 300w, https:\/\/agora.xtec.cat\/ie-josepmxandri\/wp-content\/uploads\/usu1857\/2021\/10\/espais-768x573.jpg 768w, https:\/\/agora.xtec.cat\/ie-josepmxandri\/wp-content\/uploads\/usu1857\/2021\/10\/espais-200x150.jpg 200w, https:\/\/agora.xtec.cat\/ie-josepmxandri\/wp-content\/uploads\/usu1857\/2021\/10\/espais.jpg 1116w\" sizes=\"auto, (max-width: 1024px) 100vw, 1024px\" \/><\/p>\n<h6 style=\"text-align: center;\"><\/h6>\n<p style=\"text-align: center;\"><strong><span style=\"color: #993300;\"><a style=\"color: #993300;\" href=\"https:\/\/photos.app.goo.gl\/E2SdrELfFJU8XnWs7\">enlla\u00e7 a la galeria de fotos: GENER 22\/23: espais d&#8217;aprenentatge de les tres etapes educatives. espai ling\u00fc\u00edstic i espai cient\u00edfic tecnol\u00f2gic i matem\u00e0tic. <\/a><\/span><\/strong><\/p>\n<p style=\"text-align: center;\"><strong><span style=\"color: #993300;\"><a style=\"color: #993300;\" href=\"https:\/\/photos.app.goo.gl\/wbMnt7qtJtsgKxHz8\">enlla\u00e7 a la galeria de fotos: MAR\u00c7 23\/24: espais aprenentatge.<\/a><\/span><\/strong><\/p>\n<p>&nbsp;<\/p>\n<p>&nbsp;<\/p>\n<p>&nbsp;<\/p>\n<p>&nbsp;<\/p>\n<p>&nbsp;<\/p>\n<p>&nbsp;<\/p>\n<p>&nbsp;<\/p>\n<p>&nbsp;<\/p>\n<p>&nbsp;<\/p>\n<p>&nbsp;<\/p>\n","protected":false},"excerpt":{"rendered":"<p>ELS ESPAIS D&#8217;APRENENTATGE A L&#8217;INSTITUT ESCOLA<br \/>\n<a href=\"https:\/\/agora.xtec.cat\/ie-josepmxandri\/wp-content\/uploads\/usu1857\/2021\/07\/Captura-de-Pantalla-2021-07-13-a-les-15.43.22.png\"><\/a><br \/>\nL&#8217;institut escola vetlla per disposar d&#8217;uns espais que ajudin a infants i joves a sentir-s&#8217;hi a gust, que siguin c\u00f2modes i aportin benestar. Espais amb els est\u00edmuls necessaris per tal que l&#8217;aprenent trobi propostes, reptes i desafiaments que l&#8217;emocionin,&hellip;  <a href=\"https:\/\/agora.xtec.cat\/ie-josepmxandri\/espais-daprenentatge\/\" title=\"Read ESPAIS D&#8217;APRENENTATGE\">Llegeix m\u00e9s\u00bb<\/a><\/p>\n","protected":false},"author":4,"featured_media":0,"parent":0,"menu_order":0,"comment_status":"closed","ping_status":"closed","template":"","meta":{"_bbp_topic_count":0,"_bbp_reply_count":0,"_bbp_total_topic_count":0,"_bbp_total_reply_count":0,"_bbp_voice_count":0,"_bbp_anonymous_reply_count":0,"_bbp_topic_count_hidden":0,"_bbp_reply_count_hidden":0,"_bbp_forum_subforum_count":0,"footnotes":""},"class_list":["post-858","page","type-page","status-publish","hentry"],"post_mailing_queue_ids":[],"_links":{"self":[{"href":"https:\/\/agora.xtec.cat\/ie-josepmxandri\/wp-json\/wp\/v2\/pages\/858","targetHints":{"allow":["GET"]}}],"collection":[{"href":"https:\/\/agora.xtec.cat\/ie-josepmxandri\/wp-json\/wp\/v2\/pages"}],"about":[{"href":"https:\/\/agora.xtec.cat\/ie-josepmxandri\/wp-json\/wp\/v2\/types\/page"}],"author":[{"embeddable":true,"href":"https:\/\/agora.xtec.cat\/ie-josepmxandri\/wp-json\/wp\/v2\/users\/4"}],"replies":[{"embeddable":true,"href":"https:\/\/agora.xtec.cat\/ie-josepmxandri\/wp-json\/wp\/v2\/comments?post=858"}],"version-history":[{"count":5,"href":"https:\/\/agora.xtec.cat\/ie-josepmxandri\/wp-json\/wp\/v2\/pages\/858\/revisions"}],"predecessor-version":[{"id":1261,"href":"https:\/\/agora.xtec.cat\/ie-josepmxandri\/wp-json\/wp\/v2\/pages\/858\/revisions\/1261"}],"wp:attachment":[{"href":"https:\/\/agora.xtec.cat\/ie-josepmxandri\/wp-json\/wp\/v2\/media?parent=858"}],"curies":[{"name":"wp","href":"https:\/\/api.w.org\/{rel}","templated":true}]}}