{"id":77,"date":"2014-09-18T14:05:08","date_gmt":"2014-09-18T13:05:08","guid":{"rendered":"http:\/\/agora.xtec.cat\/ie-josepmxandri\/\/?page_id=77"},"modified":"2025-02-08T15:27:48","modified_gmt":"2025-02-08T14:27:48","slug":"projecte-educatiu-de-centre","status":"publish","type":"page","link":"https:\/\/agora.xtec.cat\/ie-josepmxandri\/lescola\/documentacio-de-centre\/projecte-educatiu-de-centre\/","title":{"rendered":"Projecte educatiu de centre"},"content":{"rendered":"<p><a href=\"https:\/\/drive.google.com\/file\/d\/1B9uL3B2NOplFdQZDY4Grz7yQUiO_hn_Q\/view?usp=sharing\">Aquest document<\/a> \u00e9s el projecte educatiu de l\u2019Institut escola Josep Maria Xandri.<\/p>\n<p>Recull la identitat del centre, els objectius proposats i es defineixen les l\u00ednies d\u2019actuaci\u00f3 que portarem a terme des de la nostra escola per aconseguir que aquesta sigui singular i expressi el proc\u00e9s educatiu que es seguir\u00e0 per aconseguir que\u00a0 l\u2019escola esdevingui un entorn d\u2019aprenentatge innovador i adequat a les necessitats actuals.<\/p>\n<p>Aquest projecte \u00e9s vinculant i realista ja que per definir-lo s\u2019ha tingut en compte l\u2019entorn i les seves necessitats procedents de tots aquells qui formen la comunitat educativa i s\u2019ha elaborat seguint el Projecte de direcci\u00f3 vigent, garantint aix\u00ed el desenvolupament de totes les activitats educatives en la l\u00ednia aqu\u00ed presentada.<\/p>\n<p>Aquest projecte enumera i explicita els principis educatius amb els que com a instituci\u00f3 ens identifiquem.<\/p>\n<h4 style=\"text-align: center;\"><strong>PLANTEJAMENTS INSTITUCIONALS<\/strong><\/h4>\n<p><a href=\"https:\/\/agora.xtec.cat\/ie-josepmxandri\/wp-content\/uploads\/usu1857\/2021\/07\/PLANTEJAMENTS.jpg\"><img loading=\"lazy\" decoding=\"async\" class=\"wp-image-849 aligncenter\" src=\"https:\/\/agora.xtec.cat\/ie-josepmxandri\/wp-content\/uploads\/usu1857\/2021\/07\/PLANTEJAMENTS-1024x618.jpg\" alt=\"\" width=\"528\" height=\"319\" srcset=\"https:\/\/agora.xtec.cat\/ie-josepmxandri\/wp-content\/uploads\/usu1857\/2021\/07\/PLANTEJAMENTS-1024x618.jpg 1024w, https:\/\/agora.xtec.cat\/ie-josepmxandri\/wp-content\/uploads\/usu1857\/2021\/07\/PLANTEJAMENTS-300x181.jpg 300w, https:\/\/agora.xtec.cat\/ie-josepmxandri\/wp-content\/uploads\/usu1857\/2021\/07\/PLANTEJAMENTS-768x464.jpg 768w, https:\/\/agora.xtec.cat\/ie-josepmxandri\/wp-content\/uploads\/usu1857\/2021\/07\/PLANTEJAMENTS.jpg 1574w\" sizes=\"auto, (max-width: 528px) 100vw, 528px\" \/><\/a><\/p>\n<h5><strong>PILARS D&#8217;APRENENTATGE. IDEARI DE CENTRE:<\/strong> 7 principis de l&#8217;aprenentatge, 4 pilars de l&#8217;educaci\u00f3, 17 ODS i aportacions de la neuroci\u00e8ncia.<\/h5>\n<p><a href=\"https:\/\/agora.xtec.cat\/ie-josepmxandri\/wp-content\/uploads\/usu1857\/2021\/07\/7principis.jpeg\"><img loading=\"lazy\" decoding=\"async\" class=\"alignnone wp-image-851\" src=\"https:\/\/agora.xtec.cat\/ie-josepmxandri\/wp-content\/uploads\/usu1857\/2021\/07\/7principis-714x1024.jpeg\" alt=\"\" width=\"390\" height=\"560\" srcset=\"https:\/\/agora.xtec.cat\/ie-josepmxandri\/wp-content\/uploads\/usu1857\/2021\/07\/7principis-714x1024.jpeg 714w, https:\/\/agora.xtec.cat\/ie-josepmxandri\/wp-content\/uploads\/usu1857\/2021\/07\/7principis-209x300.jpeg 209w, https:\/\/agora.xtec.cat\/ie-josepmxandri\/wp-content\/uploads\/usu1857\/2021\/07\/7principis-768x1102.jpeg 768w, https:\/\/agora.xtec.cat\/ie-josepmxandri\/wp-content\/uploads\/usu1857\/2021\/07\/7principis.jpeg 1115w\" sizes=\"auto, (max-width: 390px) 100vw, 390px\" \/><\/a><a href=\"https:\/\/agora.xtec.cat\/ie-josepmxandri\/wp-content\/uploads\/usu1857\/2021\/07\/4-PILARS.jpeg\"><img loading=\"lazy\" decoding=\"async\" class=\"wp-image-850 aligncenter\" src=\"https:\/\/agora.xtec.cat\/ie-josepmxandri\/wp-content\/uploads\/usu1857\/2021\/07\/4-PILARS.jpeg\" alt=\"\" width=\"444\" height=\"333\" srcset=\"https:\/\/agora.xtec.cat\/ie-josepmxandri\/wp-content\/uploads\/usu1857\/2021\/07\/4-PILARS.jpeg 437w, https:\/\/agora.xtec.cat\/ie-josepmxandri\/wp-content\/uploads\/usu1857\/2021\/07\/4-PILARS-300x225.jpeg 300w, https:\/\/agora.xtec.cat\/ie-josepmxandri\/wp-content\/uploads\/usu1857\/2021\/07\/4-PILARS-200x150.jpeg 200w\" sizes=\"auto, (max-width: 444px) 100vw, 444px\" \/><\/a><\/p>\n<p><a href=\"https:\/\/agora.xtec.cat\/ie-josepmxandri\/wp-content\/uploads\/usu1857\/2021\/07\/Captura-de-Pantalla-2021-07-13-a-les-15.09.32.png\"><img loading=\"lazy\" decoding=\"async\" class=\"alignnone wp-image-852\" src=\"https:\/\/agora.xtec.cat\/ie-josepmxandri\/wp-content\/uploads\/usu1857\/2021\/07\/Captura-de-Pantalla-2021-07-13-a-les-15.09.32-1024x762.png\" alt=\"\" width=\"419\" height=\"311\" srcset=\"https:\/\/agora.xtec.cat\/ie-josepmxandri\/wp-content\/uploads\/usu1857\/2021\/07\/Captura-de-Pantalla-2021-07-13-a-les-15.09.32-1024x762.png 1024w, https:\/\/agora.xtec.cat\/ie-josepmxandri\/wp-content\/uploads\/usu1857\/2021\/07\/Captura-de-Pantalla-2021-07-13-a-les-15.09.32-300x223.png 300w, https:\/\/agora.xtec.cat\/ie-josepmxandri\/wp-content\/uploads\/usu1857\/2021\/07\/Captura-de-Pantalla-2021-07-13-a-les-15.09.32-768x572.png 768w, https:\/\/agora.xtec.cat\/ie-josepmxandri\/wp-content\/uploads\/usu1857\/2021\/07\/Captura-de-Pantalla-2021-07-13-a-les-15.09.32.png 1228w\" sizes=\"auto, (max-width: 419px) 100vw, 419px\" \/>. \u00a0<\/a><\/p>\n<p>&nbsp;<\/p>\n<h6><img loading=\"lazy\" decoding=\"async\" class=\"wp-image-853 aligncenter\" src=\"https:\/\/agora.xtec.cat\/ie-josepmxandri\/wp-content\/uploads\/usu1857\/2021\/07\/Captura-de-Pantalla-2021-07-13-a-les-15.09.17-1024x655.png\" alt=\"\" width=\"483\" height=\"309\" srcset=\"https:\/\/agora.xtec.cat\/ie-josepmxandri\/wp-content\/uploads\/usu1857\/2021\/07\/Captura-de-Pantalla-2021-07-13-a-les-15.09.17-1024x655.png 1024w, https:\/\/agora.xtec.cat\/ie-josepmxandri\/wp-content\/uploads\/usu1857\/2021\/07\/Captura-de-Pantalla-2021-07-13-a-les-15.09.17-300x192.png 300w, https:\/\/agora.xtec.cat\/ie-josepmxandri\/wp-content\/uploads\/usu1857\/2021\/07\/Captura-de-Pantalla-2021-07-13-a-les-15.09.17-768x491.png 768w, https:\/\/agora.xtec.cat\/ie-josepmxandri\/wp-content\/uploads\/usu1857\/2021\/07\/Captura-de-Pantalla-2021-07-13-a-les-15.09.17.png 1048w\" sizes=\"auto, (max-width: 483px) 100vw, 483px\" \/><\/h6>\n<h6><\/h6>\n<h6><span style=\"color: #993300;\">I treballar per les seg\u00fcents finalitats educatives&#8230;<\/span><\/h6>\n<p><img loading=\"lazy\" decoding=\"async\" class=\"alignnone size-full wp-image-911\" src=\"https:\/\/agora.xtec.cat\/ie-josepmxandri\/wp-content\/uploads\/usu1857\/2021\/10\/les-5-c.jpg\" alt=\"\" width=\"583\" height=\"367\" srcset=\"https:\/\/agora.xtec.cat\/ie-josepmxandri\/wp-content\/uploads\/usu1857\/2021\/10\/les-5-c.jpg 583w, https:\/\/agora.xtec.cat\/ie-josepmxandri\/wp-content\/uploads\/usu1857\/2021\/10\/les-5-c-300x189.jpg 300w\" sizes=\"auto, (max-width: 583px) 100vw, 583px\" \/><\/p>\n<p>&nbsp;<\/p>\n<p>&nbsp;<\/p>\n","protected":false},"excerpt":{"rendered":"<p><a href=\"https:\/\/drive.google.com\/file\/d\/1B9uL3B2NOplFdQZDY4Grz7yQUiO_hn_Q\/view?usp=sharing\">Aquest document<\/a> \u00e9s el projecte educatiu de l\u2019Institut escola Josep Maria Xandri.<br \/>\nRecull la identitat del centre, els objectius proposats i es defineixen les l\u00ednies d\u2019actuaci\u00f3 que portarem a terme des de la nostra escola per aconseguir que aquesta sigui singular i expressi el proc\u00e9s&hellip;  <a href=\"https:\/\/agora.xtec.cat\/ie-josepmxandri\/lescola\/documentacio-de-centre\/projecte-educatiu-de-centre\/\" title=\"Read Projecte educatiu de centre\">Llegeix m\u00e9s\u00bb<\/a><\/p>\n","protected":false},"author":1,"featured_media":0,"parent":1145,"menu_order":1,"comment_status":"closed","ping_status":"closed","template":"page-templates\/side-menu.php","meta":{"_bbp_topic_count":0,"_bbp_reply_count":0,"_bbp_total_topic_count":0,"_bbp_total_reply_count":0,"_bbp_voice_count":0,"_bbp_anonymous_reply_count":0,"_bbp_topic_count_hidden":0,"_bbp_reply_count_hidden":0,"_bbp_forum_subforum_count":0,"footnotes":""},"class_list":["post-77","page","type-page","status-publish","hentry"],"post_mailing_queue_ids":[],"_links":{"self":[{"href":"https:\/\/agora.xtec.cat\/ie-josepmxandri\/wp-json\/wp\/v2\/pages\/77","targetHints":{"allow":["GET"]}}],"collection":[{"href":"https:\/\/agora.xtec.cat\/ie-josepmxandri\/wp-json\/wp\/v2\/pages"}],"about":[{"href":"https:\/\/agora.xtec.cat\/ie-josepmxandri\/wp-json\/wp\/v2\/types\/page"}],"author":[{"embeddable":true,"href":"https:\/\/agora.xtec.cat\/ie-josepmxandri\/wp-json\/wp\/v2\/users\/1"}],"replies":[{"embeddable":true,"href":"https:\/\/agora.xtec.cat\/ie-josepmxandri\/wp-json\/wp\/v2\/comments?post=77"}],"version-history":[{"count":4,"href":"https:\/\/agora.xtec.cat\/ie-josepmxandri\/wp-json\/wp\/v2\/pages\/77\/revisions"}],"predecessor-version":[{"id":981,"href":"https:\/\/agora.xtec.cat\/ie-josepmxandri\/wp-json\/wp\/v2\/pages\/77\/revisions\/981"}],"up":[{"embeddable":true,"href":"https:\/\/agora.xtec.cat\/ie-josepmxandri\/wp-json\/wp\/v2\/pages\/1145"}],"wp:attachment":[{"href":"https:\/\/agora.xtec.cat\/ie-josepmxandri\/wp-json\/wp\/v2\/media?parent=77"}],"curies":[{"name":"wp","href":"https:\/\/api.w.org\/{rel}","templated":true}]}}