{"id":73,"date":"2014-09-18T14:01:51","date_gmt":"2014-09-18T13:01:51","guid":{"rendered":"http:\/\/agora.xtec.cat\/ie-josepmxandri\/\/?page_id=73"},"modified":"2025-02-08T15:28:29","modified_gmt":"2025-02-08T14:28:29","slug":"projecte-linguistic","status":"publish","type":"page","link":"https:\/\/agora.xtec.cat\/ie-josepmxandri\/lescola\/documentacio-de-centre\/projecte-linguistic\/","title":{"rendered":"Projecte ling\u00fc\u00edstic"},"content":{"rendered":"<p>El projecte ling\u00fc\u00edstic del centre \u00e9s un dels documents que tenim pendent de revisi\u00f3.<\/p>\n<p>Aquest projecte ling\u00fc\u00edstic \u00e9s l\u2019instrument que possibilita l\u2019organitzaci\u00f3 i gesti\u00f3 dels aspectes referents a l\u2019estat, \u00fas i tractament curricular de les lleng\u00fces en els diferents \u00e0mbits del centre i d\u2019acord amb la normativa vigent. \u00c9s fruit de la reflexi\u00f3 conjunta de tots els docents i ha estat aprovat pel claustre i el consell escolar.<\/p>\n<p>Pret\u00e9n recollir tots aquells principis que s\u00f3n compartits per la comunitat educativa respecte a la plena normalitzaci\u00f3 de la llengua catalana i la integraci\u00f3 a la nostra cultura, sense menystenir l\u2019ensenyament reglat i aprenentatge d\u2019altres lleng\u00fces al centre.<\/p>\n<p>Talment, \u00e9s un instrument que vincula\u00a0 alumnes, mestres, fam\u00edlies i altre personal del centre amb l\u2019objectiu com\u00fa d\u2019assolir la finalitat per a la qual es redacta.<\/p>\n<p>&nbsp;<\/p>\n","protected":false},"excerpt":{"rendered":"<p>El projecte ling\u00fc\u00edstic del centre \u00e9s un dels documents que tenim pendent de revisi\u00f3.<br \/>\nAquest projecte ling\u00fc\u00edstic \u00e9s l\u2019instrument que possibilita l\u2019organitzaci\u00f3 i gesti\u00f3 dels aspectes referents a l\u2019estat, \u00fas i tractament curricular de les lleng\u00fces en els diferents \u00e0mbits del centre i d\u2019acord amb la&hellip;  <a href=\"https:\/\/agora.xtec.cat\/ie-josepmxandri\/lescola\/documentacio-de-centre\/projecte-linguistic\/\" title=\"Read Projecte ling\u00fc\u00edstic\">Llegeix m\u00e9s\u00bb<\/a><\/p>\n","protected":false},"author":1,"featured_media":0,"parent":1145,"menu_order":2,"comment_status":"closed","ping_status":"closed","template":"page-templates\/side-menu.php","meta":{"_bbp_topic_count":0,"_bbp_reply_count":0,"_bbp_total_topic_count":0,"_bbp_total_reply_count":0,"_bbp_voice_count":0,"_bbp_anonymous_reply_count":0,"_bbp_topic_count_hidden":0,"_bbp_reply_count_hidden":0,"_bbp_forum_subforum_count":0,"footnotes":""},"class_list":["post-73","page","type-page","status-publish","hentry"],"post_mailing_queue_ids":[],"_links":{"self":[{"href":"https:\/\/agora.xtec.cat\/ie-josepmxandri\/wp-json\/wp\/v2\/pages\/73","targetHints":{"allow":["GET"]}}],"collection":[{"href":"https:\/\/agora.xtec.cat\/ie-josepmxandri\/wp-json\/wp\/v2\/pages"}],"about":[{"href":"https:\/\/agora.xtec.cat\/ie-josepmxandri\/wp-json\/wp\/v2\/types\/page"}],"author":[{"embeddable":true,"href":"https:\/\/agora.xtec.cat\/ie-josepmxandri\/wp-json\/wp\/v2\/users\/1"}],"replies":[{"embeddable":true,"href":"https:\/\/agora.xtec.cat\/ie-josepmxandri\/wp-json\/wp\/v2\/comments?post=73"}],"version-history":[{"count":3,"href":"https:\/\/agora.xtec.cat\/ie-josepmxandri\/wp-json\/wp\/v2\/pages\/73\/revisions"}],"predecessor-version":[{"id":805,"href":"https:\/\/agora.xtec.cat\/ie-josepmxandri\/wp-json\/wp\/v2\/pages\/73\/revisions\/805"}],"up":[{"embeddable":true,"href":"https:\/\/agora.xtec.cat\/ie-josepmxandri\/wp-json\/wp\/v2\/pages\/1145"}],"wp:attachment":[{"href":"https:\/\/agora.xtec.cat\/ie-josepmxandri\/wp-json\/wp\/v2\/media?parent=73"}],"curies":[{"name":"wp","href":"https:\/\/api.w.org\/{rel}","templated":true}]}}