{"id":66,"date":"2014-09-18T12:40:47","date_gmt":"2014-09-18T11:40:47","guid":{"rendered":"http:\/\/agora.xtec.cat\/ie-josepmxandri\/\/?page_id=66"},"modified":"2021-10-06T12:57:35","modified_gmt":"2021-10-06T10:57:35","slug":"projectes-descola","status":"publish","type":"page","link":"https:\/\/agora.xtec.cat\/ie-josepmxandri\/lescola\/projectes-descola\/","title":{"rendered":"Projectes de l&#8217;Institut Escola"},"content":{"rendered":"<p>A l&#8217;escola fem un projecte per curs que el treballa\u00a0 tota l\u2019escola i \u00e9s l\u2019eix tem\u00e0tic. La difusi\u00f3 d&#8217;aquest projecte es fa en dues fases, Carnestoltes i festa final de curs.<\/p>\n<p>Tamb\u00e9 fem projectes per celebrar les festes tradicionals i la cultura: castanyada, Sant Jordi, Sardages i la cobla, pastorets, donaci\u00f3 de sang, taller de poesia, Duatl\u00f3 i projecte rius. A m\u00e9s a m\u00e9s la programaci\u00f3 de diferents projectes per comunitats segons necessitats de centre, inquietuds dels alumnes i\/o necessitats curriculars.<\/p>\n<p>Els projectes d&#8217;entorn que treballem s\u00f3n:<\/p>\n<ul>\n<li style=\"list-style-type: none;\">\n<ul>\n<li><strong>Projecte BIBLIOTECA<\/strong>: coordinats amb la biblioteca del poble, l\u2019escola en far\u00e0 \u00fas una sessi\u00f3 setmanal per a cada curs durant l\u2019horari no lectiu de la biblioteca. La cessi\u00f3 de l\u2019espai ens permetr\u00e0 disposar del pr\u00e9stec d\u2019una varietat m\u00e9s gran de llibres i a m\u00e9s a m\u00e9s treballar i fomentar la lectura.<\/li>\n<li><strong>Projecte ARMIF<\/strong>: projecte innovador per fomentar l\u2019autoavaluaci\u00f3 docent per a millorar\u00a0 i assegurar les compet\u00e8ncies professionals a estudiants del grau de magisteri. L\u2019escola formar\u00e0 part del projecte treballant durant quatre anys per aquesta millora.<\/li>\n<li><strong>Projecte Aprenentatge i Servei<\/strong>: Es tracta d\u2019una proposta educativa que combina processos d\u2019aprenentatge i de servei a la comunitat en un sol projecte ben articulat. Un projecte en el qual els participants es formen treballant sobre necessitats reals del seu entorn amb l\u2019objectiu de millorar. Es portar\u00e0 a terme a la resid\u00e8ncia i centre de dia entre tots els alumnes de l\u2019escola i els avis. Aquest projecte t\u00e9 per objectiu millorar el respecte, prendre consci\u00e8ncia de les etapes de la vida i de la necessitat de compartir i aprendre en diferents entorns. Els alumnes preparen activitats i propostes relacionades amb els projectes que estaran treballant durant l\u2019any.<\/li>\n<li><strong>Projecte Emprenedoria:<\/strong> L&#8217;emprenedoria a l&#8217;escola\u00a0es planteja amb l&#8217;objectiu que l&#8217;alumnat assoleixi unes compet\u00e8ncies que li permetin tenir una\u00a0actitud activa de transformaci\u00f3 de les idees en projectes. L\u2019objectiu del treball de l\u2019emprenedoria \u00e9s promoure en els infants les compet\u00e8ncies, valors i actituds \u2014autonomia, iniciativa personal, creativitat, planificaci\u00f3, organitzaci\u00f3, presa de decisions, treball en equip que fomenten una actitud de superaci\u00f3 personal davant la vida. L\u2019escola d\u00f3na un gir al projecte aportant una part m\u00e9s \u00e8tica. Per aquest motiu els alumnes que hi participen no obtenen beneficis ni recompenses. Els diners obtinguts van directament a alguna ONG o associaci\u00f3.<\/li>\n<li><strong>Projecte voluntariat:<\/strong> projecte impulsat per l\u2019AMPA i l\u2019escola. Entenent l\u2019entorn proper com a espai necessari pel desenvolupament de les capacitats, l\u2019escola aposta per fer sortides setmanals pel voltant del poble amb l\u2019ajuda de mares, pares i\/o familiars voluntaris. El projecte pret\u00e9n establir relacions entre escola i fam\u00edlies a trav\u00e9s de l\u2019acompanyament de sortides matinals durant tot el curs.<\/li>\n<li><strong>Projecte artista a l\u2019aula: <\/strong>un espai on l\u2019alumnat t\u00e9 l&#8217;oportunitat d\u2019interactuar amb un professional que no \u00e9s docent; un artista que ens connecta amb el m\u00f3n dels adults, amb un ofici real relacionat amb l\u2019art. A l\u2019espai C treballem l\u2019art dins l\u2019escola, mitjan\u00e7ant la creaci\u00f3 d\u2019un estudi art\u00edstic lliure coordinat pels nens i nenes de l\u2019escola conjuntament amb un artista resident. L\u2019objectiu principal \u00e9s adquirir coneixement i inter\u00e8s pels processos art\u00edstics a partir de l\u2019experi\u00e8ncia directa amb l\u2019artista.\u00a0 Aquest contacte proporciona un enriquiment mutu. L\u2019artista tamb\u00e9 es deixa interpel\u00b7lar pels nens i nenes amb la intenci\u00f3 d\u2019aconseguir un espai autogestionat pels alumnes.<\/li>\n<li><strong>Pla de consum de fruita:<\/strong> es participa amb tots els alumnes de l\u2019escola per fomentar h\u00e0bits saludables. Es pret\u00e9n que els alumnes prenguin consci\u00e8ncia de la necessitat de menjar sa.<\/li>\n<li><strong>Centre de pr\u00e0ctiques:<\/strong> l\u2019escola \u00e9s centre formador d\u2019estudiants de grau de mestres i acull a aquells que ho sol\u00b7liciten.<\/li>\n<\/ul>\n<\/li>\n<\/ul>\n","protected":false},"excerpt":{"rendered":"<p>A l&#8217;escola fem un projecte per curs que el treballa\u00a0 tota l\u2019escola i \u00e9s l\u2019eix tem\u00e0tic. La difusi\u00f3 d&#8217;aquest projecte es fa en dues fases, Carnestoltes i festa final de curs.<br \/>\nTamb\u00e9 fem projectes per celebrar les festes tradicionals i la cultura: castanyada, Sant Jordi, Sardages&hellip;  <a href=\"https:\/\/agora.xtec.cat\/ie-josepmxandri\/lescola\/projectes-descola\/\" title=\"Read Projectes de l&#8217;Institut Escola\">Llegeix m\u00e9s\u00bb<\/a><\/p>\n","protected":false},"author":1,"featured_media":0,"parent":22,"menu_order":6,"comment_status":"closed","ping_status":"closed","template":"page-templates\/side-menu.php","meta":{"_bbp_topic_count":0,"_bbp_reply_count":0,"_bbp_total_topic_count":0,"_bbp_total_reply_count":0,"_bbp_voice_count":0,"_bbp_anonymous_reply_count":0,"_bbp_topic_count_hidden":0,"_bbp_reply_count_hidden":0,"_bbp_forum_subforum_count":0,"footnotes":""},"class_list":["post-66","page","type-page","status-publish","hentry"],"post_mailing_queue_ids":[],"_links":{"self":[{"href":"https:\/\/agora.xtec.cat\/ie-josepmxandri\/wp-json\/wp\/v2\/pages\/66","targetHints":{"allow":["GET"]}}],"collection":[{"href":"https:\/\/agora.xtec.cat\/ie-josepmxandri\/wp-json\/wp\/v2\/pages"}],"about":[{"href":"https:\/\/agora.xtec.cat\/ie-josepmxandri\/wp-json\/wp\/v2\/types\/page"}],"author":[{"embeddable":true,"href":"https:\/\/agora.xtec.cat\/ie-josepmxandri\/wp-json\/wp\/v2\/users\/1"}],"replies":[{"embeddable":true,"href":"https:\/\/agora.xtec.cat\/ie-josepmxandri\/wp-json\/wp\/v2\/comments?post=66"}],"version-history":[{"count":3,"href":"https:\/\/agora.xtec.cat\/ie-josepmxandri\/wp-json\/wp\/v2\/pages\/66\/revisions"}],"predecessor-version":[{"id":777,"href":"https:\/\/agora.xtec.cat\/ie-josepmxandri\/wp-json\/wp\/v2\/pages\/66\/revisions\/777"}],"up":[{"embeddable":true,"href":"https:\/\/agora.xtec.cat\/ie-josepmxandri\/wp-json\/wp\/v2\/pages\/22"}],"wp:attachment":[{"href":"https:\/\/agora.xtec.cat\/ie-josepmxandri\/wp-json\/wp\/v2\/media?parent=66"}],"curies":[{"name":"wp","href":"https:\/\/api.w.org\/{rel}","templated":true}]}}