{"id":593,"date":"2019-12-04T14:17:53","date_gmt":"2019-12-04T13:17:53","guid":{"rendered":"http:\/\/agora.xtec.cat\/ie-josepmxandri\/\/?page_id=593"},"modified":"2021-11-23T22:36:16","modified_gmt":"2021-11-23T21:36:16","slug":"comissions-mixtes","status":"publish","type":"page","link":"https:\/\/agora.xtec.cat\/ie-josepmxandri\/escola-informa\/comissions-mixtes\/","title":{"rendered":"Comissions mixtes"},"content":{"rendered":"<p><span style=\"font-weight: 400;\">Les comissions mixtes s\u00f3n espais de participaci\u00f3 activa de tota la comunitat educativa (fam\u00edlies, mestres, alumnes i ajuntament) per incidir directament en la millora constant de l\u2019entorn d\u2019aprenentatge de l\u2019escola.<\/span><\/p>\n<p>Actualment a l&#8217;escola tenim creades i en funcionament les seg\u00fcents comissions:<\/p>\n<ol>\n<li>COMISSI\u00d3 MIXTA D&#8217;INNOVACI\u00d3 PEDAG\u00d2GICA<\/li>\n<\/ol>\n<p>2. COMISSI\u00d3 MIXTA DEL DUATL\u00d3<\/p>\n<p>3. COMISSI\u00d3 MIXTA DE DOCUMENTACI\u00d3 D&#8217;ESCOLA<\/p>\n<p>4. COMISSI\u00d3 MIXTA D&#8217;H\u00c0BITS SALUDABLES<\/p>\n<p>5. COMISSI\u00d3 MIXTA DE CURES (EN CONSTRUCCI\u00d3)<\/p>\n<p>&nbsp;<\/p>\n","protected":false},"excerpt":{"rendered":"<p>Les comissions mixtes s\u00f3n espais de participaci\u00f3 activa de tota la comunitat educativa (fam\u00edlies, mestres, alumnes i ajuntament) per incidir directament en la millora constant de l\u2019entorn d\u2019aprenentatge de l\u2019escola.<br \/>\nActualment a l&#8217;escola tenim creades i en funcionament les seg\u00fcents comissions:<\/p>\n<ol>\n<li>COMISSI\u00d3 MIXTA D&#8217;INNOVACI\u00d3 PEDAG\u00d2GICA<\/li>\n<\/ol>\n<p>2. COMISSI\u00d3 MIXTA&hellip;  <a href=\"https:\/\/agora.xtec.cat\/ie-josepmxandri\/escola-informa\/comissions-mixtes\/\" title=\"Read Comissions mixtes\">Llegeix m\u00e9s\u00bb<\/a><\/p>\n","protected":false},"author":4,"featured_media":0,"parent":587,"menu_order":1,"comment_status":"closed","ping_status":"closed","template":"page-templates\/side-menu.php","meta":{"_bbp_topic_count":0,"_bbp_reply_count":0,"_bbp_total_topic_count":0,"_bbp_total_reply_count":0,"_bbp_voice_count":0,"_bbp_anonymous_reply_count":0,"_bbp_topic_count_hidden":0,"_bbp_reply_count_hidden":0,"_bbp_forum_subforum_count":0,"footnotes":""},"class_list":["post-593","page","type-page","status-publish","hentry"],"post_mailing_queue_ids":[],"_links":{"self":[{"href":"https:\/\/agora.xtec.cat\/ie-josepmxandri\/wp-json\/wp\/v2\/pages\/593","targetHints":{"allow":["GET"]}}],"collection":[{"href":"https:\/\/agora.xtec.cat\/ie-josepmxandri\/wp-json\/wp\/v2\/pages"}],"about":[{"href":"https:\/\/agora.xtec.cat\/ie-josepmxandri\/wp-json\/wp\/v2\/types\/page"}],"author":[{"embeddable":true,"href":"https:\/\/agora.xtec.cat\/ie-josepmxandri\/wp-json\/wp\/v2\/users\/4"}],"replies":[{"embeddable":true,"href":"https:\/\/agora.xtec.cat\/ie-josepmxandri\/wp-json\/wp\/v2\/comments?post=593"}],"version-history":[{"count":3,"href":"https:\/\/agora.xtec.cat\/ie-josepmxandri\/wp-json\/wp\/v2\/pages\/593\/revisions"}],"predecessor-version":[{"id":941,"href":"https:\/\/agora.xtec.cat\/ie-josepmxandri\/wp-json\/wp\/v2\/pages\/593\/revisions\/941"}],"up":[{"embeddable":true,"href":"https:\/\/agora.xtec.cat\/ie-josepmxandri\/wp-json\/wp\/v2\/pages\/587"}],"wp:attachment":[{"href":"https:\/\/agora.xtec.cat\/ie-josepmxandri\/wp-json\/wp\/v2\/media?parent=593"}],"curies":[{"name":"wp","href":"https:\/\/api.w.org\/{rel}","templated":true}]}}