{"id":587,"date":"2019-12-04T12:24:08","date_gmt":"2019-12-04T11:24:08","guid":{"rendered":"http:\/\/agora.xtec.cat\/ie-josepmxandri\/\/?page_id=587"},"modified":"2026-02-06T08:05:34","modified_gmt":"2026-02-06T07:05:34","slug":"escola-informa","status":"publish","type":"page","link":"https:\/\/agora.xtec.cat\/ie-josepmxandri\/escola-informa\/","title":{"rendered":"Institut Escola informa"},"content":{"rendered":"<p>En aquesta p\u00e0gina pots trobar informaci\u00f3 sobre documents,\u00a0\u00a0activitats extraescolars que organitza l&#8217;AMPA aix\u00ed com les formes de participaci\u00f3 que teniu les fam\u00edlies.<\/p>\n","protected":false},"excerpt":{"rendered":"<p>En aquesta p\u00e0gina pots trobar informaci\u00f3 sobre documents,\u00a0\u00a0activitats extraescolars que organitza l&#8217;AMPA aix\u00ed com les formes de participaci\u00f3 que teniu les fam\u00edlies.<\/p>\n","protected":false},"author":4,"featured_media":0,"parent":0,"menu_order":0,"comment_status":"closed","ping_status":"closed","template":"page-templates\/side-menu.php","meta":{"_bbp_topic_count":0,"_bbp_reply_count":0,"_bbp_total_topic_count":0,"_bbp_total_reply_count":0,"_bbp_voice_count":0,"_bbp_anonymous_reply_count":0,"_bbp_topic_count_hidden":0,"_bbp_reply_count_hidden":0,"_bbp_forum_subforum_count":0,"footnotes":""},"class_list":["post-587","page","type-page","status-publish","hentry"],"post_mailing_queue_ids":[],"_links":{"self":[{"href":"https:\/\/agora.xtec.cat\/ie-josepmxandri\/wp-json\/wp\/v2\/pages\/587","targetHints":{"allow":["GET"]}}],"collection":[{"href":"https:\/\/agora.xtec.cat\/ie-josepmxandri\/wp-json\/wp\/v2\/pages"}],"about":[{"href":"https:\/\/agora.xtec.cat\/ie-josepmxandri\/wp-json\/wp\/v2\/types\/page"}],"author":[{"embeddable":true,"href":"https:\/\/agora.xtec.cat\/ie-josepmxandri\/wp-json\/wp\/v2\/users\/4"}],"replies":[{"embeddable":true,"href":"https:\/\/agora.xtec.cat\/ie-josepmxandri\/wp-json\/wp\/v2\/comments?post=587"}],"version-history":[{"count":3,"href":"https:\/\/agora.xtec.cat\/ie-josepmxandri\/wp-json\/wp\/v2\/pages\/587\/revisions"}],"predecessor-version":[{"id":729,"href":"https:\/\/agora.xtec.cat\/ie-josepmxandri\/wp-json\/wp\/v2\/pages\/587\/revisions\/729"}],"wp:attachment":[{"href":"https:\/\/agora.xtec.cat\/ie-josepmxandri\/wp-json\/wp\/v2\/media?parent=587"}],"curies":[{"name":"wp","href":"https:\/\/api.w.org\/{rel}","templated":true}]}}