{"id":26,"date":"2014-09-18T12:24:32","date_gmt":"2014-09-18T11:24:32","guid":{"rendered":"http:\/\/agora.xtec.cat\/ie-josepmxandri\/\/?page_id=26"},"modified":"2021-03-06T15:53:51","modified_gmt":"2021-03-06T14:53:51","slug":"plantejaments-institucionals","status":"publish","type":"page","link":"https:\/\/agora.xtec.cat\/ie-josepmxandri\/lescola\/plantejaments-institucionals\/","title":{"rendered":"Plantejaments institucionals"},"content":{"rendered":"<p><b>VALORS\u00a0<\/b><\/p>\n<p><span style=\"font-weight: 400;\">L\u2019Institut escola Josep Maria Xandri pren com a valor de refer\u00e8ncia el RESPECTE, entenent que aquest valor inclou la\u00a0<\/span><\/p>\n<p><span style=\"font-weight: 400;\">resta de valors. Des del respecte com a valor transversal fomentarem primordialment la participaci\u00f3, la\u00a0<\/span><\/p>\n<p><span style=\"font-weight: 400;\">comunicaci\u00f3, el comprom\u00eds, la diversitat, la identitat, la llibertat, la sostenibilitat, la inclusi\u00f3, la responsabilitat,\u00a0<\/span><\/p>\n<p><span style=\"font-weight: 400;\">la confian\u00e7a, l\u2019autonomia i l\u2019esfor\u00e7.<\/span><\/p>\n<p><b>MISSI\u00d3\u00a0<\/b><\/p>\n<p><span style=\"font-weight: 400;\">La missi\u00f3 de l\u2019Institut escola Josep Maria Xandri \u00e9s aconseguir que tots i cadascun dels alumnes aprenguin i que aquest\u00a0<\/span><\/p>\n<p><span style=\"font-weight: 400;\">aprenentatge sigui de qualitat a fi que esdevinguin ciutadans responsables, compromesos, cr\u00edtics i actius envers\u00a0<\/span><\/p>\n<p><span style=\"font-weight: 400;\">la societat.\u00a0<\/span><\/p>\n<p><b>VISI\u00d3\u00a0<\/b><\/p>\n<p><span style=\"font-weight: 400;\">Volem una escola que faciliti un entorn d\u2019aprenentatge innovador on l\u2019aprenentatge de l\u2019alumne\/a sigui de\u00a0<\/span><\/p>\n<p><span style=\"font-weight: 400;\">forma aut\u00f2noma, a trav\u00e9s de la viv\u00e8ncia, fruit de l\u2019experimentaci\u00f3, que sigui emocionant i motivador, a trav\u00e9s\u00a0<\/span><\/p>\n<p><span style=\"font-weight: 400;\">de la investigaci\u00f3, que sigui actiu, mitjan\u00e7ant l\u2019avaluaci\u00f3 i amb la coresponsabilitat de les fam\u00edlies. I tot dins un\u00a0<\/span><\/p>\n<p><span style=\"font-weight: 400;\">marc de respecte. <\/span><\/p>\n<p>&nbsp;<\/p>\n","protected":false},"excerpt":{"rendered":"<p>VALORS\u00a0<br \/>\nL\u2019Institut escola Josep Maria Xandri pren com a valor de refer\u00e8ncia el RESPECTE, entenent que aquest valor inclou la\u00a0<br \/>\nresta de valors. Des del respecte com a valor transversal fomentarem primordialment la participaci\u00f3, la\u00a0<br \/>\ncomunicaci\u00f3, el comprom\u00eds, la diversitat, la identitat, la llibertat, la sostenibilitat, la inclusi\u00f3,&hellip;  <a href=\"https:\/\/agora.xtec.cat\/ie-josepmxandri\/lescola\/plantejaments-institucionals\/\" title=\"Read Plantejaments institucionals\">Llegeix m\u00e9s\u00bb<\/a><\/p>\n","protected":false},"author":1,"featured_media":0,"parent":22,"menu_order":2,"comment_status":"closed","ping_status":"closed","template":"page-templates\/side-menu.php","meta":{"_bbp_topic_count":0,"_bbp_reply_count":0,"_bbp_total_topic_count":0,"_bbp_total_reply_count":0,"_bbp_voice_count":0,"_bbp_anonymous_reply_count":0,"_bbp_topic_count_hidden":0,"_bbp_reply_count_hidden":0,"_bbp_forum_subforum_count":0,"footnotes":""},"class_list":["post-26","page","type-page","status-publish","hentry"],"post_mailing_queue_ids":[],"_links":{"self":[{"href":"https:\/\/agora.xtec.cat\/ie-josepmxandri\/wp-json\/wp\/v2\/pages\/26","targetHints":{"allow":["GET"]}}],"collection":[{"href":"https:\/\/agora.xtec.cat\/ie-josepmxandri\/wp-json\/wp\/v2\/pages"}],"about":[{"href":"https:\/\/agora.xtec.cat\/ie-josepmxandri\/wp-json\/wp\/v2\/types\/page"}],"author":[{"embeddable":true,"href":"https:\/\/agora.xtec.cat\/ie-josepmxandri\/wp-json\/wp\/v2\/users\/1"}],"replies":[{"embeddable":true,"href":"https:\/\/agora.xtec.cat\/ie-josepmxandri\/wp-json\/wp\/v2\/comments?post=26"}],"version-history":[{"count":3,"href":"https:\/\/agora.xtec.cat\/ie-josepmxandri\/wp-json\/wp\/v2\/pages\/26\/revisions"}],"predecessor-version":[{"id":790,"href":"https:\/\/agora.xtec.cat\/ie-josepmxandri\/wp-json\/wp\/v2\/pages\/26\/revisions\/790"}],"up":[{"embeddable":true,"href":"https:\/\/agora.xtec.cat\/ie-josepmxandri\/wp-json\/wp\/v2\/pages\/22"}],"wp:attachment":[{"href":"https:\/\/agora.xtec.cat\/ie-josepmxandri\/wp-json\/wp\/v2\/media?parent=26"}],"curies":[{"name":"wp","href":"https:\/\/api.w.org\/{rel}","templated":true}]}}