{"id":1255,"date":"2025-02-08T15:54:42","date_gmt":"2025-02-08T14:54:42","guid":{"rendered":"https:\/\/agora.xtec.cat\/ie-josepmxandri\/?page_id=1255"},"modified":"2025-09-18T16:13:45","modified_gmt":"2025-09-18T14:13:45","slug":"normes-dorganitzacio-i-funcionament-de-centre","status":"publish","type":"page","link":"https:\/\/agora.xtec.cat\/ie-josepmxandri\/normes-dorganitzacio-i-funcionament-de-centre\/","title":{"rendered":"Normes d&#8217;organitzaci\u00f3 i funcionament de centre"},"content":{"rendered":"<p>La Llei d\u2019educaci\u00f3 de Catalunya (LEC) estableix que un dels principis organitzatius pel qual s\u2019ha de regir el sistema educatiu ha de ser el de l\u2019autonomia de cada centre. Aix\u00ed doncs, la present Normativa d\u2019Organitzaci\u00f3 i Funcionament de Centre ha estat elaborada amb l\u2019aportaci\u00f3 de criteris i propostes per part dels docents, degudament aprovat en sessi\u00f3 de Claustre i t\u00e9 el suport del Consell Escolar, d\u2019acord amb la normativa vigent.<\/p>\n<p><a href=\"https:\/\/docs.google.com\/document\/d\/1zKxmJQb04ACW1BQMrmfzjz-eKkwOfRCELhBtWtrx4wo\/edit?usp=sharing\"><strong>NOFC<\/strong><\/a><\/p>\n","protected":false},"excerpt":{"rendered":"<p>La Llei d\u2019educaci\u00f3 de Catalunya (LEC) estableix que un dels principis organitzatius pel qual s\u2019ha de regir el sistema educatiu ha de ser el de l\u2019autonomia de cada centre. Aix\u00ed doncs, la present Normativa d\u2019Organitzaci\u00f3 i Funcionament de Centre ha estat elaborada amb l\u2019aportaci\u00f3 de&hellip;  <a href=\"https:\/\/agora.xtec.cat\/ie-josepmxandri\/normes-dorganitzacio-i-funcionament-de-centre\/\" title=\"Read Normes d&#8217;organitzaci\u00f3 i funcionament de centre\">Llegeix m\u00e9s\u00bb<\/a><\/p>\n","protected":false},"author":4,"featured_media":0,"parent":0,"menu_order":0,"comment_status":"closed","ping_status":"closed","template":"","meta":{"_bbp_topic_count":0,"_bbp_reply_count":0,"_bbp_total_topic_count":0,"_bbp_total_reply_count":0,"_bbp_voice_count":0,"_bbp_anonymous_reply_count":0,"_bbp_topic_count_hidden":0,"_bbp_reply_count_hidden":0,"_bbp_forum_subforum_count":0,"footnotes":""},"class_list":["post-1255","page","type-page","status-publish","hentry"],"post_mailing_queue_ids":[],"_links":{"self":[{"href":"https:\/\/agora.xtec.cat\/ie-josepmxandri\/wp-json\/wp\/v2\/pages\/1255","targetHints":{"allow":["GET"]}}],"collection":[{"href":"https:\/\/agora.xtec.cat\/ie-josepmxandri\/wp-json\/wp\/v2\/pages"}],"about":[{"href":"https:\/\/agora.xtec.cat\/ie-josepmxandri\/wp-json\/wp\/v2\/types\/page"}],"author":[{"embeddable":true,"href":"https:\/\/agora.xtec.cat\/ie-josepmxandri\/wp-json\/wp\/v2\/users\/4"}],"replies":[{"embeddable":true,"href":"https:\/\/agora.xtec.cat\/ie-josepmxandri\/wp-json\/wp\/v2\/comments?post=1255"}],"version-history":[{"count":3,"href":"https:\/\/agora.xtec.cat\/ie-josepmxandri\/wp-json\/wp\/v2\/pages\/1255\/revisions"}],"predecessor-version":[{"id":1304,"href":"https:\/\/agora.xtec.cat\/ie-josepmxandri\/wp-json\/wp\/v2\/pages\/1255\/revisions\/1304"}],"wp:attachment":[{"href":"https:\/\/agora.xtec.cat\/ie-josepmxandri\/wp-json\/wp\/v2\/media?parent=1255"}],"curies":[{"name":"wp","href":"https:\/\/api.w.org\/{rel}","templated":true}]}}