{"id":1102,"date":"2024-03-07T08:53:22","date_gmt":"2024-03-07T07:53:22","guid":{"rendered":"https:\/\/agora.xtec.cat\/ie-josepmxandri\/?page_id=1102"},"modified":"2026-03-10T12:36:35","modified_gmt":"2026-03-10T11:36:35","slug":"documentacio-grafica","status":"publish","type":"page","link":"https:\/\/agora.xtec.cat\/ie-josepmxandri\/documentacio-grafica\/","title":{"rendered":"DOCUMENTACI\u00d3 GR\u00c0FICA"},"content":{"rendered":"<p>Mensualment, l&#8217;equip de reporters d&#8217;ESO del Xandri elabora una revista per poder explicar les not\u00edcies del centre. Us deixem aqu\u00ed les que ja han publicat:<\/p>\n<table style=\"border-collapse: collapse; width: 100%; height: 184px;\">\n<tbody>\n<tr style=\"height: 48px;\">\n<td style=\"width: 20%; height: 48px;\"><a href=\"https:\/\/drive.google.com\/file\/d\/1VNRrLBznO65-ykzqF6RrO5TCEAlKduMo\/view?usp=sharing\">juny 23<\/a><\/td>\n<td style=\"width: 20%; height: 48px;\"><a href=\"https:\/\/drive.google.com\/file\/d\/1L7l25LLsrTymMndwriwPM0SfLy3ehGVq\/view?usp=drive_link\">juliol 23<\/a><\/td>\n<td style=\"width: 20%; height: 48px;\"><a href=\"https:\/\/drive.google.com\/file\/d\/1u_EINRy-ubhEaMSW3hRm3J2ab9oBqV6k\/view?usp=drive_link\">octubre 23<\/a><\/td>\n<td style=\"width: 20%; height: 48px;\"><a href=\"https:\/\/drive.google.com\/file\/d\/1u_EINRy-ubhEaMSW3hRm3J2ab9oBqV6k\/view?usp=sharing\">novembre 23<\/a><\/td>\n<td style=\"width: 20%; height: 48px;\"><a href=\"https:\/\/drive.google.com\/file\/d\/197sZYpwMOK369i97qjEGireZ4pY7h3UI\/view?usp=sharing\">desembre 23<\/a><\/td>\n<\/tr>\n<tr style=\"height: 48px;\">\n<td style=\"width: 20%; height: 48px;\"><a href=\"https:\/\/drive.google.com\/file\/d\/1ggCwYrn4xtFxgL1ydnCmsOv5uI6tPKv0\/view?usp=sharing\">febrer\/mar\u00e7 24<\/a><\/td>\n<td style=\"width: 20%; height: 48px;\"><a href=\"https:\/\/drive.google.com\/file\/d\/1j0w2PIC95CeNgKAnj1Me5Dn6aUsceR10\/view?usp=sharing\">abril 24<\/a><\/td>\n<td style=\"width: 20%; height: 48px;\"><a href=\"https:\/\/drive.google.com\/file\/d\/1z3FsL9I2pt9ilVwPcexLA-pCLwyFcXGm\/view?usp=sharing\">maig 24<\/a><\/td>\n<td style=\"width: 20%; height: 48px;\"><a href=\"https:\/\/drive.google.com\/file\/d\/1LVMlOxt2qe51oh6-K6BJL5OxG35jyoJ8\/view?usp=sharing\">setembre\/octubre 24<\/a><\/td>\n<td style=\"width: 20%; height: 48px;\"><a href=\"https:\/\/drive.google.com\/file\/d\/1Ww7OGyzIIT9NhCGkjrGPFdZnPQPGGye-\/view?usp=drive_link\">desembre 24<\/a><\/td>\n<\/tr>\n<tr style=\"height: 48px;\">\n<td style=\"width: 20%; height: 48px;\"><a href=\"https:\/\/drive.google.com\/file\/d\/1yRDJggrpg5hcJENjR1QOaCz_SOf3aWGn\/view?usp=drive_link\">febrer\/mar\u00e7 25<\/a><\/td>\n<td style=\"width: 20%; height: 48px;\"><a href=\"https:\/\/drive.google.com\/file\/d\/1o81-yLzDWEF_pZn0N5KoHButNVOnbKP8\/view?usp=sharing\">mar\u00e7 25<\/a><\/td>\n<td style=\"width: 20%; height: 48px;\"><a href=\"https:\/\/drive.google.com\/file\/d\/1Ehi-OPqwJfWO2Kxsq5kkYOS9AygVzh3z\/view?usp=sharing\">maig 25<\/a><\/td>\n<td style=\"width: 20%; height: 48px;\"><a href=\"https:\/\/drive.google.com\/file\/d\/1nQ3A1EUB6VnDwRZJcB4gxqT_leLmlBcZ\/view?usp=sharing\">juny 25<\/a><\/td>\n<td style=\"width: 20%; height: 48px;\"><a href=\"https:\/\/drive.google.com\/file\/d\/1guRhVDX0wYVeP9xzDlnyIl7y-FnasZl0\/view?usp=drive_link\">novembre 25<\/a><\/td>\n<\/tr>\n<tr style=\"height: 40px;\">\n<td style=\"width: 20%; height: 40px;\"><a href=\"https:\/\/drive.google.com\/file\/d\/1vWfRfjoVXSlkmVE8spqSsziQ6CKxwjx5\/view?usp=sharing\">desembre 25<\/a><\/td>\n<td style=\"width: 20%; height: 40px;\"><a href=\"https:\/\/drive.google.com\/file\/d\/1P2UE1J0egK1cIReZRsmnIOhQIMqLm-Fe\/view?usp=drive_link\">febrer 26<\/a><\/td>\n<td style=\"width: 20%; height: 40px;\"><\/td>\n<td style=\"width: 20%; height: 40px;\"><\/td>\n<td style=\"width: 20%; height: 40px;\"><\/td>\n<\/tr>\n<\/tbody>\n<\/table>\n<p>&nbsp;<\/p>\n<p>Tamb\u00e9 us deixem el recull de v\u00eddeos (alguns elaborats conjuntament amb docents.cat) que s&#8217;han anat enregistrant per poder apropar la l\u00ednia pedag\u00f2gica del centre.<\/p>\n<p>Documental espais lliure circulaci\u00f3 comunitat de petits (maig 2024)<\/p>\n<div style=\"padding: 56.25% 0 0 0; position: relative;\"><iframe style=\"position: absolute; top: 0; left: 0; width: 100%; height: 100%;\" title=\"Espais Xandri Petits\" src=\"https:\/\/player.vimeo.com\/video\/1060564637?h=4628fb8ef7&amp;badge=0&amp;autopause=0&amp;player_id=0&amp;app_id=58479\" frameborder=\"0\"><\/iframe><\/div>\n<p><script src=\"https:\/\/player.vimeo.com\/api\/player.js\"><\/script><\/p>\n<p>Documental espais lliure circulaci\u00f3 comunitat de mitjans i grans (mar\u00e7 2024)<\/p>\n<div style=\"padding: 56.25% 0 0 0; position: relative;\"><iframe style=\"position: absolute; top: 0; left: 0; width: 100%; height: 100%;\" title=\"Espais_Xandri\" src=\"https:\/\/player.vimeo.com\/video\/912294281?h=a388ed425d&amp;badge=0&amp;autopause=0&amp;player_id=0&amp;app_id=58479\" frameborder=\"0\"><\/iframe><\/div>\n<p><script src=\"https:\/\/player.vimeo.com\/api\/player.js\"><\/script><\/p>\n<p>Documental capses de ci\u00e8ncies (juny 2022)<\/p>\n<div style=\"padding: 50% 0 0 0; position: relative;\"><iframe style=\"position: absolute; top: 0; left: 0; width: 100%; height: 100%;\" title=\"Les capses d'aprenentatge. Comunitat de grans. IE Josep Maria Xandri\" src=\"https:\/\/player.vimeo.com\/video\/753071655?h=490850002e&amp;badge=0&amp;autopause=0&amp;player_id=0&amp;app_id=58479\" frameborder=\"0\"><\/iframe><\/div>\n<p><script src=\"https:\/\/player.vimeo.com\/api\/player.js\"><\/script><\/p>\n<p>&nbsp;<\/p>\n<p>&nbsp;<\/p>\n","protected":false},"excerpt":{"rendered":"<p>Mensualment, l&#8217;equip de reporters d&#8217;ESO del Xandri elabora una revista per poder explicar les not\u00edcies del centre. Us deixem aqu\u00ed les que ja han publicat:<\/p>\n<p><a href=\"https:\/\/drive.google.com\/file\/d\/1VNRrLBznO65-ykzqF6RrO5TCEAlKduMo\/view?usp=sharing\">juny 23<\/a><br \/>\n<a href=\"https:\/\/drive.google.com\/file\/d\/1L7l25LLsrTymMndwriwPM0SfLy3ehGVq\/view?usp=drive_link\">juliol 23<\/a><br \/>\n<a href=\"https:\/\/drive.google.com\/file\/d\/1u_EINRy-ubhEaMSW3hRm3J2ab9oBqV6k\/view?usp=drive_link\">octubre 23<\/a><br \/>\n<a href=\"https:\/\/drive.google.com\/file\/d\/1u_EINRy-ubhEaMSW3hRm3J2ab9oBqV6k\/view?usp=sharing\">novembre 23<\/a><br \/>\n<a href=\"https:\/\/drive.google.com\/file\/d\/197sZYpwMOK369i97qjEGireZ4pY7h3UI\/view?usp=sharing\">desembre 23<\/a><\/p>\n<p><a href=\"https:\/\/drive.google.com\/file\/d\/1ggCwYrn4xtFxgL1ydnCmsOv5uI6tPKv0\/view?usp=sharing\">febrer\/mar\u00e7 24<\/a><br \/>\n<a href=\"https:\/\/drive.google.com\/file\/d\/1j0w2PIC95CeNgKAnj1Me5Dn6aUsceR10\/view?usp=sharing\">abril 24<\/a><br \/>\n<a href=\"https:\/\/drive.google.com\/file\/d\/1z3FsL9I2pt9ilVwPcexLA-pCLwyFcXGm\/view?usp=sharing\">maig 24<\/a><br \/>\n<a href=\"https:\/\/drive.google.com\/file\/d\/1LVMlOxt2qe51oh6-K6BJL5OxG35jyoJ8\/view?usp=sharing\">setembre\/octubre 24<\/a><br \/>\n<a href=\"https:\/\/drive.google.com\/file\/d\/1Ww7OGyzIIT9NhCGkjrGPFdZnPQPGGye-\/view?usp=drive_link\">desembre 24<\/a><\/p>\n<p><a&hellip;  <a href=\"https:\/\/agora.xtec.cat\/ie-josepmxandri\/documentacio-grafica\/\" title=\"Read DOCUMENTACI\u00d3 GR\u00c0FICA\">Llegeix m\u00e9s\u00bb<\/a><\/p>\n","protected":false},"author":4,"featured_media":0,"parent":0,"menu_order":0,"comment_status":"closed","ping_status":"closed","template":"page-templates\/side-menu.php","meta":{"_bbp_topic_count":0,"_bbp_reply_count":0,"_bbp_total_topic_count":0,"_bbp_total_reply_count":0,"_bbp_voice_count":0,"_bbp_anonymous_reply_count":0,"_bbp_topic_count_hidden":0,"_bbp_reply_count_hidden":0,"_bbp_forum_subforum_count":0,"footnotes":""},"class_list":["post-1102","page","type-page","status-publish","hentry"],"post_mailing_queue_ids":[],"_links":{"self":[{"href":"https:\/\/agora.xtec.cat\/ie-josepmxandri\/wp-json\/wp\/v2\/pages\/1102","targetHints":{"allow":["GET"]}}],"collection":[{"href":"https:\/\/agora.xtec.cat\/ie-josepmxandri\/wp-json\/wp\/v2\/pages"}],"about":[{"href":"https:\/\/agora.xtec.cat\/ie-josepmxandri\/wp-json\/wp\/v2\/types\/page"}],"author":[{"embeddable":true,"href":"https:\/\/agora.xtec.cat\/ie-josepmxandri\/wp-json\/wp\/v2\/users\/4"}],"replies":[{"embeddable":true,"href":"https:\/\/agora.xtec.cat\/ie-josepmxandri\/wp-json\/wp\/v2\/comments?post=1102"}],"version-history":[{"count":6,"href":"https:\/\/agora.xtec.cat\/ie-josepmxandri\/wp-json\/wp\/v2\/pages\/1102\/revisions"}],"predecessor-version":[{"id":1368,"href":"https:\/\/agora.xtec.cat\/ie-josepmxandri\/wp-json\/wp\/v2\/pages\/1102\/revisions\/1368"}],"wp:attachment":[{"href":"https:\/\/agora.xtec.cat\/ie-josepmxandri\/wp-json\/wp\/v2\/media?parent=1102"}],"curies":[{"name":"wp","href":"https:\/\/api.w.org\/{rel}","templated":true}]}}