{"id":7284,"date":"2026-03-09T20:35:47","date_gmt":"2026-03-09T19:35:47","guid":{"rendered":"https:\/\/agora.xtec.cat\/ie-joanmiro\/?page_id=7284"},"modified":"2026-03-09T20:39:41","modified_gmt":"2026-03-09T19:39:41","slug":"bustia-de-comunicacio-representants-de-les-families","status":"publish","type":"page","link":"https:\/\/agora.xtec.cat\/ie-joanmiro\/bustia-de-comunicacio-representants-de-les-families\/","title":{"rendered":"B\u00fastia de comunicaci\u00f3 representants de les fam\u00edlies"},"content":{"rendered":"<h3><span role=\"gridcell\">familiesjoanmiro<span class=\"atwho-query\">@gmail.com<\/span><\/span><\/h3>\n","protected":false},"excerpt":{"rendered":"<p>familiesjoanmiro@gmail.com<\/p>\n","protected":false},"author":1,"featured_media":0,"parent":0,"menu_order":0,"comment_status":"closed","ping_status":"closed","template":"","meta":{"_bbp_topic_count":0,"_bbp_reply_count":0,"_bbp_total_topic_count":0,"_bbp_total_reply_count":0,"_bbp_voice_count":0,"_bbp_anonymous_reply_count":0,"_bbp_topic_count_hidden":0,"_bbp_reply_count_hidden":0,"_bbp_forum_subforum_count":0,"footnotes":""},"class_list":["post-7284","page","type-page","status-publish","hentry"],"post_mailing_queue_ids":[],"_links":{"self":[{"href":"https:\/\/agora.xtec.cat\/ie-joanmiro\/wp-json\/wp\/v2\/pages\/7284","targetHints":{"allow":["GET"]}}],"collection":[{"href":"https:\/\/agora.xtec.cat\/ie-joanmiro\/wp-json\/wp\/v2\/pages"}],"about":[{"href":"https:\/\/agora.xtec.cat\/ie-joanmiro\/wp-json\/wp\/v2\/types\/page"}],"author":[{"embeddable":true,"href":"https:\/\/agora.xtec.cat\/ie-joanmiro\/wp-json\/wp\/v2\/users\/1"}],"replies":[{"embeddable":true,"href":"https:\/\/agora.xtec.cat\/ie-joanmiro\/wp-json\/wp\/v2\/comments?post=7284"}],"version-history":[{"count":2,"href":"https:\/\/agora.xtec.cat\/ie-joanmiro\/wp-json\/wp\/v2\/pages\/7284\/revisions"}],"predecessor-version":[{"id":7287,"href":"https:\/\/agora.xtec.cat\/ie-joanmiro\/wp-json\/wp\/v2\/pages\/7284\/revisions\/7287"}],"wp:attachment":[{"href":"https:\/\/agora.xtec.cat\/ie-joanmiro\/wp-json\/wp\/v2\/media?parent=7284"}],"curies":[{"name":"wp","href":"https:\/\/api.w.org\/{rel}","templated":true}]}}