{"id":7281,"date":"2026-03-09T20:30:54","date_gmt":"2026-03-09T19:30:54","guid":{"rendered":"https:\/\/agora.xtec.cat\/ie-joanmiro\/?page_id=7281"},"modified":"2026-03-09T20:30:54","modified_gmt":"2026-03-09T19:30:54","slug":"representants-del-consell-escolar","status":"publish","type":"page","link":"https:\/\/agora.xtec.cat\/ie-joanmiro\/representants-del-consell-escolar\/","title":{"rendered":"Representants del Consell Escolar"},"content":{"rendered":"<p dir=\"ltr\"><strong>Directora i\u00a0 Presidenta:\u00a0<\/strong>Eva Tarrag\u00f3 Rev\u00e9s.<\/p>\n<p dir=\"ltr\"><strong>Cap d\u2019Estudis:<\/strong> Sergi Rodriguez Boquera.<\/p>\n<p dir=\"ltr\"><strong>Secret\u00e0ria:<\/strong> Ver\u00f2nica Rossell Mar\u00edn.<\/p>\n<p dir=\"ltr\"><strong>Representants equip docent:<\/strong> Elena Quintero Saurina,\u00a0Esther Madrid Mari,\u00a0Gisela Cabr\u00e9 Fust\u00e9,\u00a0Nerea\u00a0Fav\u00e0\u00a0Franch,S\u00f2nia Romera Figuerola.<\/p>\n<p dir=\"ltr\"><strong>Representant de l\u2019Ajuntament:<\/strong>\u00a0Elvira Montagut P\u00e9rez<\/p>\n<p dir=\"ltr\"><strong>Representants de les fam\u00edlies:<\/strong>\u00a0Leticia Deniau Solanas,\u00a0Nat\u00e0lia Llorens N\u00fa\u00f1ez,\u00a0Marta Nogu\u00e9s Nat,Caterina Princep P\u00e9rez<\/p>\n<p dir=\"ltr\"><strong>Representant de l\u2019AFA:\u00a0<\/strong>Ariadna Mani Sol\u00e9<\/p>\n<p dir=\"ltr\"><strong>Representant del PAE:<\/strong>\u00a0Eila Rodes Lambea<\/p>\n<p dir=\"ltr\"><strong>Representant del PAS:<\/strong>\u00a0Montserrat Fern\u00e1ndez S\u00e1nchez<\/p>\n","protected":false},"excerpt":{"rendered":"<p>Directora i\u00a0 Presidenta:\u00a0Eva Tarrag\u00f3 Rev\u00e9s.<br \/>\nCap d\u2019Estudis: Sergi Rodriguez Boquera.<br \/>\nSecret\u00e0ria: Ver\u00f2nica Rossell Mar\u00edn.<br \/>\nRepresentants equip docent: Elena Quintero Saurina,\u00a0Esther Madrid Mari,\u00a0Gisela Cabr\u00e9 Fust\u00e9,\u00a0Nerea\u00a0Fav\u00e0\u00a0Franch,S\u00f2nia Romera Figuerola.<br \/>\nRepresentant de l\u2019Ajuntament:\u00a0Elvira Montagut P\u00e9rez<br \/>\nRepresentants de les fam\u00edlies:\u00a0Leticia Deniau Solanas,\u00a0Nat\u00e0lia Llorens N\u00fa\u00f1ez,\u00a0Marta Nogu\u00e9s Nat,Caterina Princep P\u00e9rez<br \/>\nRepresentant de l\u2019AFA:\u00a0Ariadna Mani Sol\u00e9<br \/>\nRepresentant del PAE:\u00a0Eila Rodes&hellip;  <a href=\"https:\/\/agora.xtec.cat\/ie-joanmiro\/representants-del-consell-escolar\/\" title=\"Read Representants del Consell Escolar\">Llegeix m\u00e9s\u00bb<\/a><\/p>\n","protected":false},"author":1,"featured_media":0,"parent":0,"menu_order":0,"comment_status":"closed","ping_status":"closed","template":"","meta":{"_bbp_topic_count":0,"_bbp_reply_count":0,"_bbp_total_topic_count":0,"_bbp_total_reply_count":0,"_bbp_voice_count":0,"_bbp_anonymous_reply_count":0,"_bbp_topic_count_hidden":0,"_bbp_reply_count_hidden":0,"_bbp_forum_subforum_count":0,"footnotes":""},"class_list":["post-7281","page","type-page","status-publish","hentry"],"post_mailing_queue_ids":[],"_links":{"self":[{"href":"https:\/\/agora.xtec.cat\/ie-joanmiro\/wp-json\/wp\/v2\/pages\/7281","targetHints":{"allow":["GET"]}}],"collection":[{"href":"https:\/\/agora.xtec.cat\/ie-joanmiro\/wp-json\/wp\/v2\/pages"}],"about":[{"href":"https:\/\/agora.xtec.cat\/ie-joanmiro\/wp-json\/wp\/v2\/types\/page"}],"author":[{"embeddable":true,"href":"https:\/\/agora.xtec.cat\/ie-joanmiro\/wp-json\/wp\/v2\/users\/1"}],"replies":[{"embeddable":true,"href":"https:\/\/agora.xtec.cat\/ie-joanmiro\/wp-json\/wp\/v2\/comments?post=7281"}],"version-history":[{"count":1,"href":"https:\/\/agora.xtec.cat\/ie-joanmiro\/wp-json\/wp\/v2\/pages\/7281\/revisions"}],"predecessor-version":[{"id":7282,"href":"https:\/\/agora.xtec.cat\/ie-joanmiro\/wp-json\/wp\/v2\/pages\/7281\/revisions\/7282"}],"wp:attachment":[{"href":"https:\/\/agora.xtec.cat\/ie-joanmiro\/wp-json\/wp\/v2\/media?parent=7281"}],"curies":[{"name":"wp","href":"https:\/\/api.w.org\/{rel}","templated":true}]}}