{"id":64,"date":"2014-09-18T12:39:08","date_gmt":"2014-09-18T11:39:08","guid":{"rendered":"http:\/\/agora.xtec.cat\/ie-joanmiro\/?page_id=64"},"modified":"2022-05-17T15:28:52","modified_gmt":"2022-05-17T13:28:52","slug":"projecte-educatiu","status":"publish","type":"page","link":"https:\/\/agora.xtec.cat\/ie-joanmiro\/documents-de-centre\/projecte-educatiu\/","title":{"rendered":"Projecte Educatiu de Centre"},"content":{"rendered":"<p><a href=\"https:\/\/agora.xtec.cat\/ie-joanmiro\/wp-content\/uploads\/usu1319\/2022\/02\/PEC_ESCOLA-JOAN-MIRO-Miami-Platja-Curs-2021_2022_compressed-1.pdf\"><img loading=\"lazy\" decoding=\"async\" class=\"wp-image-6003 aligncenter\" src=\"https:\/\/agora.xtec.cat\/ie-joanmiro\/wp-content\/uploads\/usu1319\/2022\/02\/IMG-20220225-WA0003-733x1024.jpg\" alt=\"\" width=\"180\" height=\"252\" srcset=\"https:\/\/agora.xtec.cat\/ie-joanmiro\/wp-content\/uploads\/usu1319\/2022\/02\/IMG-20220225-WA0003-733x1024.jpg 733w, https:\/\/agora.xtec.cat\/ie-joanmiro\/wp-content\/uploads\/usu1319\/2022\/02\/IMG-20220225-WA0003-215x300.jpg 215w, https:\/\/agora.xtec.cat\/ie-joanmiro\/wp-content\/uploads\/usu1319\/2022\/02\/IMG-20220225-WA0003-768x1073.jpg 768w, https:\/\/agora.xtec.cat\/ie-joanmiro\/wp-content\/uploads\/usu1319\/2022\/02\/IMG-20220225-WA0003.jpg 1019w\" sizes=\"auto, (max-width: 180px) 100vw, 180px\" \/><\/a><\/p>\n<p style=\"text-align: center;\"><a href=\"https:\/\/agora.xtec.cat\/ie-joanmiro\/wp-content\/uploads\/usu1319\/2022\/02\/PEC_ESCOLA-JOAN-MIRO-Miami-Platja-Curs-2021_2022_compressed-1.pdf\">PEC Escola Joan Mir\u00f3<\/a><\/p>\n<p>El <strong>projecte educatiu de centre<\/strong> es basa en els seg\u00fcents <strong>principis b\u00e0sics<\/strong>:<\/p>\n<p>&#8211; Inclusi\u00f3 de tots els membres de la comunitat educativa, encaminada a connectar amb el sentiment de pertinen\u00e7a al centre, amb la funci\u00f3 i lloc que ocupa cadasc\u00fa, per ser m\u00e9s efica\u00e7 i eficient.<\/p>\n<p>&#8211; Actuacions compartides per enfortir els vincles fam\u00edlia i escola.<\/p>\n<p>&#8211; Mirada respectuosa envers els infants i les fam\u00edlies.<\/p>\n<p>&#8211; Coordinaci\u00f3 perqu\u00e8 tots els agents que intervenen s\u2019hi sentin vinculats, identificats i compromesos.<\/p>\n<p>&#8211; Emerg\u00e8ncia d\u2019un clima emocional que faciliti el creixement, el benestar, el di\u00e0leg , la conviv\u00e8ncia, i la motivaci\u00f3 cap a l\u2019aprenentatge.<\/p>\n<p>&#8211; Ampliaci\u00f3 de la mirada encaminada a fets i situacions que incideixen en la vida di\u00e0ria.<\/p>\n<p>&#8211; Actuacions de treball en equip dels docents establint objectius i criteris comuns tenint en compte una mirada global.<\/p>\n<p>&#8211; Confian\u00e7a, reflexi\u00f3, di\u00e0leg i consens com a instruments b\u00e0sics pel treball i aprenentatge compartit.<\/p>\n<p>&#8211; Flexibilitat en els plantejaments i estructures organitzatives i metodol\u00f2giques per promoure iniciatives que permetin la millora continua per assolir els objectius proposats.<\/p>\n<p>&#8211; Innovaci\u00f3 i transformaci\u00f3 educativa per ajustar les respostes als nous reptes educatius.<\/p>\n<p>&#8211; Activitats encaminades cap un l\u2019aprenentatge global, viu, actiu i al llarg de la vida, activant les intel\u2022lig\u00e8ncies m\u00faltiples de l\u2019alumnat.<\/p>\n<p>&#8211; Atenci\u00f3 a la diversitat amb actuacions inclusives.<\/p>\n<p>&#8211; La cultura avaluativa constant que permeti la reflexi\u00f3 i l\u2019an\u00e0lisi per aconseguir una millora en tots els \u00e0mbits.<\/p>\n<p><em><strong>MISSI\u00d3<\/strong><\/em><\/p>\n<p>Enfocament pedag\u00f2gic per crear condicions id\u00f2nies per a qu\u00e8 l\u2019escola sigui un espai d\u2019aprenentatge per la vida, posant la mirada en les relacions i els vincles, per arribar a l\u2019\u00e8xit educatiu.<\/p>\n<p><em><strong>VISI\u00d3<\/strong><\/em><\/p>\n<p>&#8211; Contribuir a la millora de l\u2019\u00e8xit educatiu de tots els alumnes, mitjan\u00e7ant l&#8217;adquisici\u00f3 de les compet\u00e8ncies, les habilitats, els valors i les actituds per respondre de forma satisfact\u00f2ria als reptes de la vida professional, i participar en la societat.<br \/>\n&#8211; Promoure la cohesi\u00f3 social mitjan\u00e7ant l\u2019educaci\u00f3 intercultural, basada en l\u2019equitat i el dret a la difer\u00e8ncia, i el foment de l\u2019\u00fas de la llengua catalana com un espai com\u00fa de conviv\u00e8ncia.<br \/>\n&#8211; Afavorir el treball i l&#8217;aprenentatge en xarxa en el s\u00ed del centre i entre els diferents agents de l\u2019entorn per aconseguir continu\u00eftat i coher\u00e8ncia educativa.<\/p>\n<p><em><strong>VALORS<\/strong><\/em><\/p>\n<p>La nostra tasca educativa t\u00e9 com a repte desenvolupar en els nostres alumnes l\u2019autoestima, la responsabilitat, la cooperaci\u00f3 i l\u2019autonomia.<br \/>\nEn aquest sentit potencien els valors de:<br \/>\n&#8211; Difusi\u00f3 de les tradicions, arrels, cultura, llengua&#8230;<br \/>\n&#8211; El pluriling\u00fcisme com valor comunicatiu i d\u2019obertura al m\u00f3n.<br \/>\n&#8211; La creativitat, la curiositat i la iniciativa i el sentit cr\u00edtic.<br \/>\n&#8211; La felicitat, gaudiment i satisfacci\u00f3 personal que obtenim com a recompensa pel nostre esfor\u00e7, comprom\u00eds, implicaci\u00f3 personal i const\u00e0ncia.<br \/>\n&#8211; El respecte vers un mateix, l\u2019altre i l\u2019entorn.<br \/>\n&#8211; L\u2019aplicaci\u00f3 del sentit com\u00fa davant qualsevol situaci\u00f3.<br \/>\n&#8211; La inclusi\u00f3, la toler\u00e0ncia, l\u2019ajuda entre iguals i la cooperaci\u00f3 amb la resta de grup.<br \/>\n&#8211; El di\u00e0leg com a mitj\u00e0 per a comunicar-nos i aconseguir exposar les nostres idees d\u2019una forma emp\u00e0tica.<\/p>\n","protected":false},"excerpt":{"rendered":"<p><a href=\"https:\/\/agora.xtec.cat\/ie-joanmiro\/wp-content\/uploads\/usu1319\/2022\/02\/PEC_ESCOLA-JOAN-MIRO-Miami-Platja-Curs-2021_2022_compressed-1.pdf\"><\/a><br \/>\n<a href=\"https:\/\/agora.xtec.cat\/ie-joanmiro\/wp-content\/uploads\/usu1319\/2022\/02\/PEC_ESCOLA-JOAN-MIRO-Miami-Platja-Curs-2021_2022_compressed-1.pdf\">PEC Escola Joan Mir\u00f3<\/a><br \/>\nEl projecte educatiu de centre es basa en els seg\u00fcents principis b\u00e0sics:<br \/>\n&#8211; Inclusi\u00f3 de tots els membres de la comunitat educativa, encaminada a connectar amb el sentiment de pertinen\u00e7a al centre, amb la funci\u00f3 i lloc que ocupa cadasc\u00fa, per&hellip;  <a href=\"https:\/\/agora.xtec.cat\/ie-joanmiro\/documents-de-centre\/projecte-educatiu\/\" title=\"Read Projecte Educatiu de Centre\">Llegeix m\u00e9s\u00bb<\/a><\/p>\n","protected":false},"author":1,"featured_media":0,"parent":4316,"menu_order":1,"comment_status":"closed","ping_status":"closed","template":"page-templates\/side-menu.php","meta":{"_bbp_topic_count":0,"_bbp_reply_count":0,"_bbp_total_topic_count":0,"_bbp_total_reply_count":0,"_bbp_voice_count":0,"_bbp_anonymous_reply_count":0,"_bbp_topic_count_hidden":0,"_bbp_reply_count_hidden":0,"_bbp_forum_subforum_count":0,"footnotes":""},"class_list":["post-64","page","type-page","status-publish","hentry"],"post_mailing_queue_ids":[],"_links":{"self":[{"href":"https:\/\/agora.xtec.cat\/ie-joanmiro\/wp-json\/wp\/v2\/pages\/64","targetHints":{"allow":["GET"]}}],"collection":[{"href":"https:\/\/agora.xtec.cat\/ie-joanmiro\/wp-json\/wp\/v2\/pages"}],"about":[{"href":"https:\/\/agora.xtec.cat\/ie-joanmiro\/wp-json\/wp\/v2\/types\/page"}],"author":[{"embeddable":true,"href":"https:\/\/agora.xtec.cat\/ie-joanmiro\/wp-json\/wp\/v2\/users\/1"}],"replies":[{"embeddable":true,"href":"https:\/\/agora.xtec.cat\/ie-joanmiro\/wp-json\/wp\/v2\/comments?post=64"}],"version-history":[{"count":3,"href":"https:\/\/agora.xtec.cat\/ie-joanmiro\/wp-json\/wp\/v2\/pages\/64\/revisions"}],"predecessor-version":[{"id":6169,"href":"https:\/\/agora.xtec.cat\/ie-joanmiro\/wp-json\/wp\/v2\/pages\/64\/revisions\/6169"}],"up":[{"embeddable":true,"href":"https:\/\/agora.xtec.cat\/ie-joanmiro\/wp-json\/wp\/v2\/pages\/4316"}],"wp:attachment":[{"href":"https:\/\/agora.xtec.cat\/ie-joanmiro\/wp-json\/wp\/v2\/media?parent=64"}],"curies":[{"name":"wp","href":"https:\/\/api.w.org\/{rel}","templated":true}]}}