{"id":5522,"date":"2020-11-04T15:55:12","date_gmt":"2020-11-04T14:55:12","guid":{"rendered":"http:\/\/agora.xtec.cat\/ie-joanmiro\/?page_id=5522"},"modified":"2020-11-04T15:55:12","modified_gmt":"2020-11-04T14:55:12","slug":"ambit-artistic-3","status":"publish","type":"page","link":"https:\/\/agora.xtec.cat\/ie-joanmiro\/ambit-artistic-3\/","title":{"rendered":"\u00c0mbit Art\u00edstic"},"content":{"rendered":"<table>\n<tbody>\n<tr>\n<td><a href=\"https:\/\/agora.xtec.cat\/ie-joanmiro\/wp-content\/uploads\/usu1319\/2020\/11\/\u00c0MBIT-ART\u00cdSTIC.-Continguts-Comuns-Prim\u00e0ria.pdf\">Continguts comuns<\/a><\/td>\n<\/tr>\n<tr>\n<td><a href=\"https:\/\/agora.xtec.cat\/ie-joanmiro\/wp-content\/uploads\/usu1319\/2020\/11\/\u00c0MBIT-ART\u00cdSTIC-M\u00daSICA-I-DANSA.-Continguts-Prim\u00e0ria.pdf\">Educaci\u00f3 Art\u00edstica: M\u00fasica i dansa<\/a><\/td>\n<\/tr>\n<tr>\n<td><a href=\"https:\/\/agora.xtec.cat\/ie-joanmiro\/wp-content\/uploads\/usu1319\/2020\/11\/\u00c0MBIT-ART\u00cdSTIC-VISUAL-I-PL\u00c0STICA.-Continguts-Prim\u00e0ria.pdf\">Educaci\u00f3 Art\u00edstica: Visual i pl\u00e0stica<\/a><\/td>\n<\/tr>\n<\/tbody>\n<\/table>\n","protected":false},"excerpt":{"rendered":"<p><a href=\"https:\/\/agora.xtec.cat\/ie-joanmiro\/wp-content\/uploads\/usu1319\/2020\/11\/\u00c0MBIT-ART\u00cdSTIC.-Continguts-Comuns-Prim\u00e0ria.pdf\">Continguts comuns<\/a><\/p>\n<p><a href=\"https:\/\/agora.xtec.cat\/ie-joanmiro\/wp-content\/uploads\/usu1319\/2020\/11\/\u00c0MBIT-ART\u00cdSTIC-M\u00daSICA-I-DANSA.-Continguts-Prim\u00e0ria.pdf\">Educaci\u00f3 Art\u00edstica: M\u00fasica i dansa<\/a><\/p>\n<p><a href=\"https:\/\/agora.xtec.cat\/ie-joanmiro\/wp-content\/uploads\/usu1319\/2020\/11\/\u00c0MBIT-ART\u00cdSTIC-VISUAL-I-PL\u00c0STICA.-Continguts-Prim\u00e0ria.pdf\">Educaci\u00f3 Art\u00edstica: Visual i pl\u00e0stica<\/a><\/p>\n","protected":false},"author":1,"featured_media":0,"parent":0,"menu_order":0,"comment_status":"closed","ping_status":"closed","template":"","meta":{"_bbp_topic_count":0,"_bbp_reply_count":0,"_bbp_total_topic_count":0,"_bbp_total_reply_count":0,"_bbp_voice_count":0,"_bbp_anonymous_reply_count":0,"_bbp_topic_count_hidden":0,"_bbp_reply_count_hidden":0,"_bbp_forum_subforum_count":0,"footnotes":""},"class_list":["post-5522","page","type-page","status-publish","hentry"],"post_mailing_queue_ids":[],"_links":{"self":[{"href":"https:\/\/agora.xtec.cat\/ie-joanmiro\/wp-json\/wp\/v2\/pages\/5522","targetHints":{"allow":["GET"]}}],"collection":[{"href":"https:\/\/agora.xtec.cat\/ie-joanmiro\/wp-json\/wp\/v2\/pages"}],"about":[{"href":"https:\/\/agora.xtec.cat\/ie-joanmiro\/wp-json\/wp\/v2\/types\/page"}],"author":[{"embeddable":true,"href":"https:\/\/agora.xtec.cat\/ie-joanmiro\/wp-json\/wp\/v2\/users\/1"}],"replies":[{"embeddable":true,"href":"https:\/\/agora.xtec.cat\/ie-joanmiro\/wp-json\/wp\/v2\/comments?post=5522"}],"version-history":[{"count":1,"href":"https:\/\/agora.xtec.cat\/ie-joanmiro\/wp-json\/wp\/v2\/pages\/5522\/revisions"}],"predecessor-version":[{"id":5526,"href":"https:\/\/agora.xtec.cat\/ie-joanmiro\/wp-json\/wp\/v2\/pages\/5522\/revisions\/5526"}],"wp:attachment":[{"href":"https:\/\/agora.xtec.cat\/ie-joanmiro\/wp-json\/wp\/v2\/media?parent=5522"}],"curies":[{"name":"wp","href":"https:\/\/api.w.org\/{rel}","templated":true}]}}