{"id":5508,"date":"2020-11-04T15:42:26","date_gmt":"2020-11-04T14:42:26","guid":{"rendered":"http:\/\/agora.xtec.cat\/ie-joanmiro\/?page_id=5508"},"modified":"2020-11-20T13:07:55","modified_gmt":"2020-11-20T12:07:55","slug":"ambit-linguistic-3","status":"publish","type":"page","link":"https:\/\/agora.xtec.cat\/ie-joanmiro\/ambit-linguistic-3\/","title":{"rendered":"\u00c0mbit Ling\u00fc\u00edstic"},"content":{"rendered":"<table>\n<tbody>\n<tr>\n<td><a href=\"https:\/\/agora.xtec.cat\/ie-joanmiro\/wp-content\/uploads\/usu1319\/2020\/11\/\u00c0MBIT-LING\u00dc\u00cdSTIC-Continguts-Comuns.pdf\">Continguts comuns<\/a><\/td>\n<\/tr>\n<tr>\n<td><a href=\"https:\/\/agora.xtec.cat\/ie-joanmiro\/wp-content\/uploads\/usu1319\/2020\/11\/LLENGUA-CATALANA.-Continguts-Prim\u00e0ria.pdf\">Llengua Catalana<\/a><\/td>\n<\/tr>\n<tr>\n<td><a href=\"https:\/\/agora.xtec.cat\/ie-joanmiro\/wp-content\/uploads\/usu1319\/2020\/11\/LLENGUA-CASTELLANA.-Continguts-Prim\u00e0ria.pdf\">Llengua Castellana<\/a><\/td>\n<\/tr>\n<tr>\n<td><a href=\"https:\/\/agora.xtec.cat\/ie-joanmiro\/wp-content\/uploads\/usu1319\/2020\/11\/ANGL\u00c8S-Continguts-Prim\u00e0ria.pdf\">Llengua Anglesa<\/a><\/td>\n<\/tr>\n<\/tbody>\n<\/table>\n","protected":false},"excerpt":{"rendered":"<p><a href=\"https:\/\/agora.xtec.cat\/ie-joanmiro\/wp-content\/uploads\/usu1319\/2020\/11\/\u00c0MBIT-LING\u00dc\u00cdSTIC-Continguts-Comuns.pdf\">Continguts comuns<\/a><\/p>\n<p><a href=\"https:\/\/agora.xtec.cat\/ie-joanmiro\/wp-content\/uploads\/usu1319\/2020\/11\/LLENGUA-CATALANA.-Continguts-Prim\u00e0ria.pdf\">Llengua Catalana<\/a><\/p>\n<p><a href=\"https:\/\/agora.xtec.cat\/ie-joanmiro\/wp-content\/uploads\/usu1319\/2020\/11\/LLENGUA-CASTELLANA.-Continguts-Prim\u00e0ria.pdf\">Llengua Castellana<\/a><\/p>\n<p><a href=\"https:\/\/agora.xtec.cat\/ie-joanmiro\/wp-content\/uploads\/usu1319\/2020\/11\/ANGL\u00c8S-Continguts-Prim\u00e0ria.pdf\">Llengua Anglesa<\/a><\/p>\n","protected":false},"author":1,"featured_media":0,"parent":0,"menu_order":0,"comment_status":"closed","ping_status":"closed","template":"","meta":{"_bbp_topic_count":0,"_bbp_reply_count":0,"_bbp_total_topic_count":0,"_bbp_total_reply_count":0,"_bbp_voice_count":0,"_bbp_anonymous_reply_count":0,"_bbp_topic_count_hidden":0,"_bbp_reply_count_hidden":0,"_bbp_forum_subforum_count":0,"footnotes":""},"class_list":["post-5508","page","type-page","status-publish","hentry"],"post_mailing_queue_ids":[],"_links":{"self":[{"href":"https:\/\/agora.xtec.cat\/ie-joanmiro\/wp-json\/wp\/v2\/pages\/5508","targetHints":{"allow":["GET"]}}],"collection":[{"href":"https:\/\/agora.xtec.cat\/ie-joanmiro\/wp-json\/wp\/v2\/pages"}],"about":[{"href":"https:\/\/agora.xtec.cat\/ie-joanmiro\/wp-json\/wp\/v2\/types\/page"}],"author":[{"embeddable":true,"href":"https:\/\/agora.xtec.cat\/ie-joanmiro\/wp-json\/wp\/v2\/users\/1"}],"replies":[{"embeddable":true,"href":"https:\/\/agora.xtec.cat\/ie-joanmiro\/wp-json\/wp\/v2\/comments?post=5508"}],"version-history":[{"count":3,"href":"https:\/\/agora.xtec.cat\/ie-joanmiro\/wp-json\/wp\/v2\/pages\/5508\/revisions"}],"predecessor-version":[{"id":5544,"href":"https:\/\/agora.xtec.cat\/ie-joanmiro\/wp-json\/wp\/v2\/pages\/5508\/revisions\/5544"}],"wp:attachment":[{"href":"https:\/\/agora.xtec.cat\/ie-joanmiro\/wp-json\/wp\/v2\/media?parent=5508"}],"curies":[{"name":"wp","href":"https:\/\/api.w.org\/{rel}","templated":true}]}}