{"id":36,"date":"2014-09-18T12:33:11","date_gmt":"2014-09-18T11:33:11","guid":{"rendered":"http:\/\/agora.xtec.cat\/ceip-elpigros\/?page_id=36"},"modified":"2025-07-08T12:19:15","modified_gmt":"2025-07-08T10:19:15","slug":"material-escolar","status":"publish","type":"page","link":"https:\/\/agora.xtec.cat\/ie-elpigros-santcebria\/lescola\/material-escolar\/","title":{"rendered":"Llibres i llic\u00e8ncies digitals"},"content":{"rendered":"<p>A continuaci\u00f3 us deixem els enlla\u00e7os dels llibres de text necessaris pel curs 2025-2026:<\/p>\n<p><strong>EDUCACI\u00d3 PRIM\u00c0RIA<\/strong><\/p>\n<p><a href=\"https:\/\/agora.xtec.cat\/ie-elpigros-santcebria\/wp-content\/uploads\/usu931\/2025\/07\/LLIBRES-1r.docx.pdf\">1r<\/a><\/p>\n<p><a href=\"https:\/\/agora.xtec.cat\/ie-elpigros-santcebria\/wp-content\/uploads\/usu931\/2025\/07\/LLIBRES-2n.docx.pdf\">2n<\/a><\/p>\n<p><a href=\"https:\/\/agora.xtec.cat\/ie-elpigros-santcebria\/wp-content\/uploads\/usu931\/2025\/07\/LLIBRES-3r.docx.pdf\">3r<\/a><\/p>\n<p><a href=\"https:\/\/agora.xtec.cat\/ie-elpigros-santcebria\/wp-content\/uploads\/usu931\/2025\/07\/LLIBRES-4t.pdf\">4t<\/a><\/p>\n<p><a href=\"https:\/\/agora.xtec.cat\/ie-elpigros-santcebria\/wp-content\/uploads\/usu931\/2025\/07\/LLIBRES-5e.docx.pdf\">5\u00e8<\/a><\/p>\n<p><a href=\"https:\/\/agora.xtec.cat\/ie-elpigros-santcebria\/wp-content\/uploads\/usu931\/2025\/07\/LLIBRES-6e.docx.pdf\">6\u00e8<\/a><\/p>\n<p>&nbsp;<\/p>\n<p><strong>ESO<\/strong><\/p>\n<p><a href=\"https:\/\/agora.xtec.cat\/ie-elpigros-santcebria\/wp-content\/uploads\/usu931\/2025\/07\/LLIBRES-1r-ESO_25-26_actualitzat.pdf\">1r ESO<\/a><\/p>\n<p><a href=\"https:\/\/agora.xtec.cat\/ie-elpigros-santcebria\/wp-content\/uploads\/usu931\/2025\/07\/LLIBRES-2n-ESO-_25-26.docx.pdf\">2n ESO<\/a><\/p>\n<p><a href=\"https:\/\/agora.xtec.cat\/ie-elpigros-santcebria\/wp-content\/uploads\/usu931\/2025\/07\/LLIBRES-3r-ESO_2526.docx.pdf\">3r ESO<\/a><\/p>\n<p><a href=\"https:\/\/agora.xtec.cat\/ie-elpigros-santcebria\/wp-content\/uploads\/usu931\/2025\/07\/LLIBRES-4t-ESO.docx.pdf\">4t ESO<\/a><\/p>\n<p>&nbsp;<\/p>\n<p><a href=\"https:\/\/agora.xtec.cat\/ie-elpigros-santcebria\/wp-content\/uploads\/usu931\/2025\/07\/EI-I-PRIM_material-families.docx.pdf\">Informaci\u00f3 material infantil i prim\u00e0ria<\/a><\/p>\n<p><a href=\"https:\/\/agora.xtec.cat\/ie-elpigros-santcebria\/wp-content\/uploads\/usu931\/2025\/07\/ESO_material-families.docx.pdf\">Informaci\u00f3 material ESO<\/a><\/p>\n<p>&nbsp;<\/p>\n","protected":false},"excerpt":{"rendered":"<p>A continuaci\u00f3 us deixem els enlla\u00e7os dels llibres de text necessaris pel curs 2025-2026: EDUCACI\u00d3 PRIM\u00c0RIA 1r 2n 3r 4t 5\u00e8 6\u00e8 &nbsp; ESO 1r ESO 2n ESO 3r ESO 4t ESO &nbsp; Informaci\u00f3 material infantil i prim\u00e0ria Informaci\u00f3 material ESO &nbsp;<\/p>\n","protected":false},"author":1,"featured_media":0,"parent":22,"menu_order":5,"comment_status":"closed","ping_status":"closed","template":"page-templates\/side-menu.php","meta":{"_bbp_topic_count":0,"_bbp_reply_count":0,"_bbp_total_topic_count":0,"_bbp_total_reply_count":0,"_bbp_voice_count":0,"_bbp_anonymous_reply_count":0,"_bbp_topic_count_hidden":0,"_bbp_reply_count_hidden":0,"_bbp_forum_subforum_count":0,"site-sidebar-layout":"default","site-content-layout":"","ast-site-content-layout":"","site-content-style":"default","site-sidebar-style":"default","ast-global-header-display":"","ast-banner-title-visibility":"","ast-main-header-display":"","ast-hfb-above-header-display":"","ast-hfb-below-header-display":"","ast-hfb-mobile-header-display":"","site-post-title":"","ast-breadcrumbs-content":"","ast-featured-img":"","footer-sml-layout":"","theme-transparent-header-meta":"","adv-header-id-meta":"","stick-header-meta":"","header-above-stick-meta":"","header-main-stick-meta":"","header-below-stick-meta":"","astra-migrate-meta-layouts":"default","ast-page-background-enabled":"default","ast-page-background-meta":{"desktop":{"background-color":"var(--ast-global-color-4)","background-image":"","background-repeat":"repeat","background-position":"center center","background-size":"auto","background-attachment":"scroll","background-type":"","background-media":"","overlay-type":"","overlay-color":"","overlay-opacity":"","overlay-gradient":""},"tablet":{"background-color":"","background-image":"","background-repeat":"repeat","background-position":"center center","background-size":"auto","background-attachment":"scroll","background-type":"","background-media":"","overlay-type":"","overlay-color":"","overlay-opacity":"","overlay-gradient":""},"mobile":{"background-color":"","background-image":"","background-repeat":"repeat","background-position":"center center","background-size":"auto","background-attachment":"scroll","background-type":"","background-media":"","overlay-type":"","overlay-color":"","overlay-opacity":"","overlay-gradient":""}},"ast-content-background-meta":{"desktop":{"background-color":"var(--ast-global-color-5)","background-image":"","background-repeat":"repeat","background-position":"center center","background-size":"auto","background-attachment":"scroll","background-type":"","background-media":"","overlay-type":"","overlay-color":"","overlay-opacity":"","overlay-gradient":""},"tablet":{"background-color":"var(--ast-global-color-5)","background-image":"","background-repeat":"repeat","background-position":"center center","background-size":"auto","background-attachment":"scroll","background-type":"","background-media":"","overlay-type":"","overlay-color":"","overlay-opacity":"","overlay-gradient":""},"mobile":{"background-color":"var(--ast-global-color-5)","background-image":"","background-repeat":"repeat","background-position":"center center","background-size":"auto","background-attachment":"scroll","background-type":"","background-media":"","overlay-type":"","overlay-color":"","overlay-opacity":"","overlay-gradient":""}},"footnotes":""},"class_list":["post-36","page","type-page","status-publish","hentry"],"post_mailing_queue_ids":[],"_links":{"self":[{"href":"https:\/\/agora.xtec.cat\/ie-elpigros-santcebria\/wp-json\/wp\/v2\/pages\/36","targetHints":{"allow":["GET"]}}],"collection":[{"href":"https:\/\/agora.xtec.cat\/ie-elpigros-santcebria\/wp-json\/wp\/v2\/pages"}],"about":[{"href":"https:\/\/agora.xtec.cat\/ie-elpigros-santcebria\/wp-json\/wp\/v2\/types\/page"}],"author":[{"embeddable":true,"href":"https:\/\/agora.xtec.cat\/ie-elpigros-santcebria\/wp-json\/wp\/v2\/users\/1"}],"replies":[{"embeddable":true,"href":"https:\/\/agora.xtec.cat\/ie-elpigros-santcebria\/wp-json\/wp\/v2\/comments?post=36"}],"version-history":[{"count":6,"href":"https:\/\/agora.xtec.cat\/ie-elpigros-santcebria\/wp-json\/wp\/v2\/pages\/36\/revisions"}],"predecessor-version":[{"id":3262,"href":"https:\/\/agora.xtec.cat\/ie-elpigros-santcebria\/wp-json\/wp\/v2\/pages\/36\/revisions\/3262"}],"up":[{"embeddable":true,"href":"https:\/\/agora.xtec.cat\/ie-elpigros-santcebria\/wp-json\/wp\/v2\/pages\/22"}],"wp:attachment":[{"href":"https:\/\/agora.xtec.cat\/ie-elpigros-santcebria\/wp-json\/wp\/v2\/media?parent=36"}],"curies":[{"name":"wp","href":"https:\/\/api.w.org\/{rel}","templated":true}]}}