{"id":24,"date":"2014-09-18T12:23:15","date_gmt":"2014-09-18T11:23:15","guid":{"rendered":"http:\/\/agora.xtec.cat\/ceip-elpigros\/?page_id=24"},"modified":"2026-03-11T21:47:36","modified_gmt":"2026-03-11T20:47:36","slug":"on-som","status":"publish","type":"page","link":"https:\/\/agora.xtec.cat\/ie-elpigros-santcebria\/lescola\/on-som\/","title":{"rendered":"On som"},"content":{"rendered":"\n<p><strong>Institut-Escola El Pi Gros<\/strong><br><span style=\"font-family: times new roman,times,serif; font-size: large;\">1 d&#8217;octubre de 2017,1<\/span><\/p>\n\n\n\n<p><span style=\"font-family: times new roman,times,serif; font-size: large;\"><strong>Tel\u00e8fon: <\/strong>937630175<\/span><\/p>\n\n\n\n<p><span style=\"font-family: times new roman,times,serif; font-size: large;\"><strong>Fax: <\/strong>937631116<\/span><\/p>\n\n\n\n<p><span style=\"font-family: times new roman,times,serif; font-size: large;\"><strong>EMail:&nbsp;<a href=\"http:\/\/a8025800@xtec.cat\">a8077034<\/a><\/strong><a href=\"http:\/\/a8025800@xtec.cat\">@xtec.cat<\/a><\/span><\/p>\n\n\n\n<figure class=\"wp-block-image\"><a href=\"https:\/\/www.google.com\/maps\/d\/viewer?ll=41.618755%2C2.601501&amp;spn=0.002815%2C0.005756&amp;hl=es&amp;msa=0&amp;source=embed&amp;ie=UTF8&amp;mid=1cgOrwSpNpdQ6b1b0KOdj_bJEoAU\" rel=\"attachment wp-att-1032\"><img loading=\"lazy\" decoding=\"async\" width=\"1024\" height=\"400\" src=\"http:\/\/agora.xtec.cat\/ceip-elpigros\/wp-content\/uploads\/usu931\/2014\/09\/MapaElPiGros-1024x400.png\" alt=\"MapaElPiGros\" class=\"wp-image-1032\" srcset=\"https:\/\/agora.xtec.cat\/ie-elpigros-santcebria\/wp-content\/uploads\/usu931\/2014\/09\/MapaElPiGros-1024x400.png 1024w, https:\/\/agora.xtec.cat\/ie-elpigros-santcebria\/wp-content\/uploads\/usu931\/2014\/09\/MapaElPiGros-300x117.png 300w, https:\/\/agora.xtec.cat\/ie-elpigros-santcebria\/wp-content\/uploads\/usu931\/2014\/09\/MapaElPiGros-768x300.png 768w, https:\/\/agora.xtec.cat\/ie-elpigros-santcebria\/wp-content\/uploads\/usu931\/2014\/09\/MapaElPiGros.png 1280w\" sizes=\"auto, (max-width: 1024px) 100vw, 1024px\" \/><\/a><\/figure>\n\n\n\n<p><\/p>\n\n\n\n<p><span style=\"font-family: times new roman,times,serif; font-size: large;\"><strong>Poblaci\u00f3<\/strong> (2008) : 3.344 hab.<br><strong>Extensi\u00f3<\/strong><\/span> <span style=\"font-family: times new roman,times,serif; font-size: large;\"> (km2): 15,79<br><strong>P.J. Electoral<\/strong><\/span> <span style=\"font-family: times new roman,times,serif; font-size: large;\">: Arenys de Mar<br><strong>P.J. Administratiu<\/strong><\/span> <span style=\"font-family: times new roman,times,serif; font-size: large;\">: Arenys de Mar<br><strong>Comarca<\/strong><\/span> <span style=\"font-family: times new roman,times,serif; font-size: large;\">: Maresme<\/span><\/p>\n\n\n\n<p>&nbsp;<\/p>\n\n\n\n<p>&nbsp;<\/p>\n","protected":false},"excerpt":{"rendered":"<p>Institut-Escola El Pi Gros1 d&#8217;octubre de 2017,1 Tel\u00e8fon: 937630175 Fax: 937631116 EMail:&nbsp;a8077034@xtec.cat Poblaci\u00f3 (2008) : 3.344 hab.Extensi\u00f3 (km2): 15,79P.J. Electoral : Arenys de MarP.J. Administratiu : Arenys de MarComarca : Maresme &nbsp; &nbsp;<\/p>\n","protected":false},"author":1,"featured_media":0,"parent":22,"menu_order":1,"comment_status":"closed","ping_status":"closed","template":"","meta":{"_bbp_topic_count":0,"_bbp_reply_count":0,"_bbp_total_topic_count":0,"_bbp_total_reply_count":0,"_bbp_voice_count":0,"_bbp_anonymous_reply_count":0,"_bbp_topic_count_hidden":0,"_bbp_reply_count_hidden":0,"_bbp_forum_subforum_count":0,"site-sidebar-layout":"no-sidebar","site-content-layout":"","ast-site-content-layout":"default","site-content-style":"default","site-sidebar-style":"default","ast-global-header-display":"","ast-banner-title-visibility":"","ast-main-header-display":"","ast-hfb-above-header-display":"","ast-hfb-below-header-display":"","ast-hfb-mobile-header-display":"","site-post-title":"","ast-breadcrumbs-content":"","ast-featured-img":"","footer-sml-layout":"","theme-transparent-header-meta":"","adv-header-id-meta":"","stick-header-meta":"","header-above-stick-meta":"","header-main-stick-meta":"","header-below-stick-meta":"","astra-migrate-meta-layouts":"set","ast-page-background-enabled":"default","ast-page-background-meta":{"desktop":{"background-color":"var(--ast-global-color-4)","background-image":"","background-repeat":"repeat","background-position":"center center","background-size":"auto","background-attachment":"scroll","background-type":"","background-media":"","overlay-type":"","overlay-color":"","overlay-opacity":"","overlay-gradient":""},"tablet":{"background-color":"","background-image":"","background-repeat":"repeat","background-position":"center center","background-size":"auto","background-attachment":"scroll","background-type":"","background-media":"","overlay-type":"","overlay-color":"","overlay-opacity":"","overlay-gradient":""},"mobile":{"background-color":"","background-image":"","background-repeat":"repeat","background-position":"center center","background-size":"auto","background-attachment":"scroll","background-type":"","background-media":"","overlay-type":"","overlay-color":"","overlay-opacity":"","overlay-gradient":""}},"ast-content-background-meta":{"desktop":{"background-color":"var(--ast-global-color-5)","background-image":"","background-repeat":"repeat","background-position":"center center","background-size":"auto","background-attachment":"scroll","background-type":"","background-media":"","overlay-type":"","overlay-color":"","overlay-opacity":"","overlay-gradient":""},"tablet":{"background-color":"var(--ast-global-color-5)","background-image":"","background-repeat":"repeat","background-position":"center center","background-size":"auto","background-attachment":"scroll","background-type":"","background-media":"","overlay-type":"","overlay-color":"","overlay-opacity":"","overlay-gradient":""},"mobile":{"background-color":"var(--ast-global-color-5)","background-image":"","background-repeat":"repeat","background-position":"center center","background-size":"auto","background-attachment":"scroll","background-type":"","background-media":"","overlay-type":"","overlay-color":"","overlay-opacity":"","overlay-gradient":""}},"footnotes":""},"class_list":["post-24","page","type-page","status-publish","hentry"],"post_mailing_queue_ids":[],"_links":{"self":[{"href":"https:\/\/agora.xtec.cat\/ie-elpigros-santcebria\/wp-json\/wp\/v2\/pages\/24","targetHints":{"allow":["GET"]}}],"collection":[{"href":"https:\/\/agora.xtec.cat\/ie-elpigros-santcebria\/wp-json\/wp\/v2\/pages"}],"about":[{"href":"https:\/\/agora.xtec.cat\/ie-elpigros-santcebria\/wp-json\/wp\/v2\/types\/page"}],"author":[{"embeddable":true,"href":"https:\/\/agora.xtec.cat\/ie-elpigros-santcebria\/wp-json\/wp\/v2\/users\/1"}],"replies":[{"embeddable":true,"href":"https:\/\/agora.xtec.cat\/ie-elpigros-santcebria\/wp-json\/wp\/v2\/comments?post=24"}],"version-history":[{"count":4,"href":"https:\/\/agora.xtec.cat\/ie-elpigros-santcebria\/wp-json\/wp\/v2\/pages\/24\/revisions"}],"predecessor-version":[{"id":3495,"href":"https:\/\/agora.xtec.cat\/ie-elpigros-santcebria\/wp-json\/wp\/v2\/pages\/24\/revisions\/3495"}],"up":[{"embeddable":true,"href":"https:\/\/agora.xtec.cat\/ie-elpigros-santcebria\/wp-json\/wp\/v2\/pages\/22"}],"wp:attachment":[{"href":"https:\/\/agora.xtec.cat\/ie-elpigros-santcebria\/wp-json\/wp\/v2\/media?parent=24"}],"curies":[{"name":"wp","href":"https:\/\/api.w.org\/{rel}","templated":true}]}}