{"id":1729,"date":"2019-09-28T10:52:11","date_gmt":"2019-09-28T08:52:11","guid":{"rendered":"http:\/\/agora.xtec.cat\/ceip-elpigros\/?page_id=1729"},"modified":"2025-10-01T14:13:39","modified_gmt":"2025-10-01T12:13:39","slug":"quotes-i-pagaments","status":"publish","type":"page","link":"https:\/\/agora.xtec.cat\/ie-elpigros-santcebria\/lescola\/quotes-i-pagaments\/","title":{"rendered":"Quotes i pagaments"},"content":{"rendered":"<p><span style=\"font-family: arial, sans-serif;\">La quota de\u00a0<strong>material escolar<\/strong> \u00e9s de 90 euros per l&#8217;alumnat d&#8217;educaci\u00f3 infantil, 90 euros per l&#8217;alumnat de prim\u00e0ria i de 85 euros per l&#8217;alumnat d&#8217;ESO.<\/span><\/p>\n<p><span style=\"font-family: arial, sans-serif;\">El preu dels llibres de text i llic\u00e8ncies digitals per cada curs, el podeu consultar al <a href=\"https:\/\/ampaelpigros.wordpress.com\/\">blog de l&#8217;AFA<\/a>. <\/span><\/p>\n<p>Les <strong>sortides escolars (curs 25-26)<\/strong> es paguen totes de forma conjunta en un o dos pagaments, segons el preu total. Cada sortida t\u00e9 un cost diferent, ja que s\u2019ajusta al m\u00e0xim el preu tenint en compte el preu de les activitats i l\u2019autocar. Aquest preu detallat el podreu veure a l&#8217;autoritzaci\u00f3 que us reparteixen els tutors\/es a principi de curs. El preu aproximat de les sortides anuals per alumne \u00e9s de:<\/p>\n<ul>\n<li>I3: 58\u20ac<\/li>\n<li>I4: 84\u20ac<\/li>\n<li>I5: 84\u20ac<a href=\"https:\/\/ampaelpigros.files.wordpress.com\/2019\/06\/llibres-ei-_19_20.pdf\" target=\"_blank\" rel=\"noopener noreferrer\" data-saferedirecturl=\"https:\/\/www.google.com\/url?q=https:\/\/ampaelpigros.files.wordpress.com\/2019\/06\/llibres-ei-_19_20.pdf&amp;source=gmail&amp;ust=1579100795186000&amp;usg=AFQjCNF7Ao6cBVzwrujtrWRB_UgjofGEGw\"><br \/>\n<\/a><\/li>\n<li>1r: 92\u20ac<a href=\"https:\/\/ampaelpigros.files.wordpress.com\/2019\/06\/llibres-ci_19_20.pdf\" target=\"_blank\" rel=\"noopener noreferrer\" data-saferedirecturl=\"https:\/\/www.google.com\/url?q=https:\/\/ampaelpigros.files.wordpress.com\/2019\/06\/llibres-ci_19_20.pdf&amp;source=gmail&amp;ust=1579100795186000&amp;usg=AFQjCNHHz-BfjvYKx3uXfYxCEEogHNKSzQ\"><br \/>\n<\/a><\/li>\n<li>2n: 92\u20ac<a href=\"https:\/\/ampaelpigros.files.wordpress.com\/2019\/06\/llibres-ci_19_20.pdf\" target=\"_blank\" rel=\"noopener noreferrer\" data-saferedirecturl=\"https:\/\/www.google.com\/url?q=https:\/\/ampaelpigros.files.wordpress.com\/2019\/06\/llibres-ci_19_20.pdf&amp;source=gmail&amp;ust=1579100795186000&amp;usg=AFQjCNHHz-BfjvYKx3uXfYxCEEogHNKSzQ\"><br \/>\n<\/a><\/li>\n<li>3r: 108\u20ac<a href=\"https:\/\/ampaelpigros.files.wordpress.com\/2019\/06\/llibres-cm-_19_20.pdf\" target=\"_blank\" rel=\"noopener noreferrer\" data-saferedirecturl=\"https:\/\/www.google.com\/url?q=https:\/\/ampaelpigros.files.wordpress.com\/2019\/06\/llibres-cm-_19_20.pdf&amp;source=gmail&amp;ust=1579100795186000&amp;usg=AFQjCNHmaRfGXtxUVR0ifIsogjGM6anTXA\"><br \/>\n<\/a><\/li>\n<li>4t: 100\u20ac<a href=\"https:\/\/ampaelpigros.files.wordpress.com\/2019\/06\/llibres-cm-_19_20.pdf\" target=\"_blank\" rel=\"noopener noreferrer\" data-saferedirecturl=\"https:\/\/www.google.com\/url?q=https:\/\/ampaelpigros.files.wordpress.com\/2019\/06\/llibres-cm-_19_20.pdf&amp;source=gmail&amp;ust=1579100795186000&amp;usg=AFQjCNHmaRfGXtxUVR0ifIsogjGM6anTXA\"><br \/>\n<\/a><\/li>\n<li>5\u00e8: 127\u20ac<\/li>\n<li>6\u00e8: 85\u20ac<\/li>\n<li>1r d&#8217;ESO: 109\u20ac<\/li>\n<li>2n d&#8217;ESO: 89\u20ac<\/li>\n<li>3r d&#8217;ESO: 94\u20ac<\/li>\n<li>4t d&#8217;ESO: 85\u20ac<\/li>\n<\/ul>\n<p>Les <strong>col\u00f2nies i viatges<\/strong> es paguen a part, tamb\u00e9 amb el nombre de pagaments necessaris segons el preu total de l&#8217;estada.<\/p>\n<p>&nbsp;<\/p>\n<p><span style=\"font-family: arial, sans-serif;\">El pagament es pot fer per domiciliaci\u00f3 banc\u00e0ria, mitjan\u00e7ant una transfer\u00e8ncia o b\u00e9 mitjan\u00e7ant un ingr\u00e9s.<\/span><\/p>\n<p><span style=\"font-family: arial, sans-serif;\">El centre ofereix el<strong>\u00a0servei de menjador<\/strong> a trav\u00e9s de l\u2019empresa Set i tria. Els infants es poden quedar fixes\u00a0 o espor\u00e0dicament. El preu per l&#8217;alumnat fixe d&#8217;infantil i prim\u00e0ria \u00e9s de 7 euros 54 i <\/span><span style=\"font-family: arial, sans-serif;\">l&#8217;alumnat d&#8217;ESO \u00e9s de 7 euros 13. El preu per l&#8217;alumnat espor\u00e0dic d&#8217;infantil i prim\u00e0ria \u00e9s de 8<\/span><span style=\"font-family: arial, sans-serif; font-size: 1em;\"> euros 29, i d&#8217;ESO 7 euros 85.\u00a0<\/span><\/p>\n<p><span style=\"font-family: arial, sans-serif;\">El preu de les\u00a0<strong>activitats extraescolars<\/strong> el podeu consultar al <a href=\"https:\/\/ampaelpigros.wordpress.com\/\">blog de l\u2019AFA<\/a>.<\/span><\/p>\n","protected":false},"excerpt":{"rendered":"<p>La quota de\u00a0material escolar \u00e9s de 90 euros per l&#8217;alumnat d&#8217;educaci\u00f3 infantil, 90 euros per l&#8217;alumnat de prim\u00e0ria i de 85 euros per l&#8217;alumnat d&#8217;ESO. El preu dels llibres de text i llic\u00e8ncies digitals per cada curs, el podeu consultar al blog de l&#8217;AFA. Les sortides escolars (curs 25-26) es paguen totes de forma conjunta [&hellip;]<\/p>\n","protected":false},"author":1,"featured_media":0,"parent":22,"menu_order":6,"comment_status":"closed","ping_status":"closed","template":"page-templates\/side-menu.php","meta":{"_bbp_topic_count":0,"_bbp_reply_count":0,"_bbp_total_topic_count":0,"_bbp_total_reply_count":0,"_bbp_voice_count":0,"_bbp_anonymous_reply_count":0,"_bbp_topic_count_hidden":0,"_bbp_reply_count_hidden":0,"_bbp_forum_subforum_count":0,"site-sidebar-layout":"default","site-content-layout":"","ast-site-content-layout":"","site-content-style":"default","site-sidebar-style":"default","ast-global-header-display":"","ast-banner-title-visibility":"","ast-main-header-display":"","ast-hfb-above-header-display":"","ast-hfb-below-header-display":"","ast-hfb-mobile-header-display":"","site-post-title":"","ast-breadcrumbs-content":"","ast-featured-img":"","footer-sml-layout":"","theme-transparent-header-meta":"","adv-header-id-meta":"","stick-header-meta":"","header-above-stick-meta":"","header-main-stick-meta":"","header-below-stick-meta":"","astra-migrate-meta-layouts":"default","ast-page-background-enabled":"default","ast-page-background-meta":{"desktop":{"background-color":"var(--ast-global-color-4)","background-image":"","background-repeat":"repeat","background-position":"center center","background-size":"auto","background-attachment":"scroll","background-type":"","background-media":"","overlay-type":"","overlay-color":"","overlay-opacity":"","overlay-gradient":""},"tablet":{"background-color":"","background-image":"","background-repeat":"repeat","background-position":"center center","background-size":"auto","background-attachment":"scroll","background-type":"","background-media":"","overlay-type":"","overlay-color":"","overlay-opacity":"","overlay-gradient":""},"mobile":{"background-color":"","background-image":"","background-repeat":"repeat","background-position":"center center","background-size":"auto","background-attachment":"scroll","background-type":"","background-media":"","overlay-type":"","overlay-color":"","overlay-opacity":"","overlay-gradient":""}},"ast-content-background-meta":{"desktop":{"background-color":"var(--ast-global-color-5)","background-image":"","background-repeat":"repeat","background-position":"center center","background-size":"auto","background-attachment":"scroll","background-type":"","background-media":"","overlay-type":"","overlay-color":"","overlay-opacity":"","overlay-gradient":""},"tablet":{"background-color":"var(--ast-global-color-5)","background-image":"","background-repeat":"repeat","background-position":"center center","background-size":"auto","background-attachment":"scroll","background-type":"","background-media":"","overlay-type":"","overlay-color":"","overlay-opacity":"","overlay-gradient":""},"mobile":{"background-color":"var(--ast-global-color-5)","background-image":"","background-repeat":"repeat","background-position":"center center","background-size":"auto","background-attachment":"scroll","background-type":"","background-media":"","overlay-type":"","overlay-color":"","overlay-opacity":"","overlay-gradient":""}},"footnotes":""},"class_list":["post-1729","page","type-page","status-publish","hentry"],"post_mailing_queue_ids":[],"_links":{"self":[{"href":"https:\/\/agora.xtec.cat\/ie-elpigros-santcebria\/wp-json\/wp\/v2\/pages\/1729","targetHints":{"allow":["GET"]}}],"collection":[{"href":"https:\/\/agora.xtec.cat\/ie-elpigros-santcebria\/wp-json\/wp\/v2\/pages"}],"about":[{"href":"https:\/\/agora.xtec.cat\/ie-elpigros-santcebria\/wp-json\/wp\/v2\/types\/page"}],"author":[{"embeddable":true,"href":"https:\/\/agora.xtec.cat\/ie-elpigros-santcebria\/wp-json\/wp\/v2\/users\/1"}],"replies":[{"embeddable":true,"href":"https:\/\/agora.xtec.cat\/ie-elpigros-santcebria\/wp-json\/wp\/v2\/comments?post=1729"}],"version-history":[{"count":6,"href":"https:\/\/agora.xtec.cat\/ie-elpigros-santcebria\/wp-json\/wp\/v2\/pages\/1729\/revisions"}],"predecessor-version":[{"id":3312,"href":"https:\/\/agora.xtec.cat\/ie-elpigros-santcebria\/wp-json\/wp\/v2\/pages\/1729\/revisions\/3312"}],"up":[{"embeddable":true,"href":"https:\/\/agora.xtec.cat\/ie-elpigros-santcebria\/wp-json\/wp\/v2\/pages\/22"}],"wp:attachment":[{"href":"https:\/\/agora.xtec.cat\/ie-elpigros-santcebria\/wp-json\/wp\/v2\/media?parent=1729"}],"curies":[{"name":"wp","href":"https:\/\/api.w.org\/{rel}","templated":true}]}}