{"id":1569,"date":"2018-10-23T12:09:26","date_gmt":"2018-10-23T10:09:26","guid":{"rendered":"http:\/\/agora.xtec.cat\/ceip-elpigros\/?page_id=1569"},"modified":"2025-10-30T12:33:11","modified_gmt":"2025-10-30T11:33:11","slug":"documents-de-gestio-de-centre","status":"publish","type":"page","link":"https:\/\/agora.xtec.cat\/ie-elpigros-santcebria\/lescola\/gestio-de-centre\/documents-de-gestio-de-centre\/","title":{"rendered":"Documents de centre"},"content":{"rendered":"<p>A continuaci\u00f3 podeu trobar enlla\u00e7os als diferents documents del centre.<\/p>\n<ul style=\"list-style-type: disc;\">\n<li><a href=\"https:\/\/sites.google.com\/iepigros.cat\/nofc\">NOFC<\/a> (Normes d&#8217;Organitzaci\u00f3 i Funcionament del Centre)<\/li>\n<\/ul>\n<ul>\n<li>Normativa tel\u00e8fon m\u00f2bil al centre\n<ul>\n<li><a href=\"https:\/\/agora.xtec.cat\/ie-elpigros-santcebria\/wp-content\/uploads\/usu931\/2023\/11\/Normativa-Telefon-mobil.pdf\">Normativa Tel\u00e8fon m\u00f2bil<\/a><\/li>\n<\/ul>\n<\/li>\n<\/ul>\n<ul>\n<li>Normativa Chromebook al centre\n<ul>\n<li><a href=\"https:\/\/agora.xtec.cat\/ie-elpigros-santcebria\/wp-content\/uploads\/usu931\/2023\/11\/Normativa-Chromebook.pdf\">Normativa Chromebook<\/a><\/li>\n<\/ul>\n<\/li>\n<\/ul>\n<ul>\n<li><a href=\"https:\/\/agora.xtec.cat\/ie-elpigros-santcebria\/wp-content\/uploads\/usu931\/2025\/02\/PEC-IE-EL-PI-GROS-2021-23.docx-1.pdf\">PEC<\/a>\u00a0(Projecte Educatiu de Centre)\n<ul>\n<li><a href=\"https:\/\/agora.xtec.cat\/ie-elpigros-santcebria\/wp-content\/uploads\/usu931\/2025\/02\/Projecte-Linguistic-IE-Pi-Gros.pdf\">Projecte Ling\u00fc\u00edstic<\/a><\/li>\n<li>PC<\/li>\n<li><a href=\"https:\/\/drive.google.com\/file\/d\/1AWvZlrn2ECKPlDTzz6bKp6YaML5LBUzh\/view?usp=drive_link\">Pla de Conviv\u00e8ncia<\/a><\/li>\n<\/ul>\n<\/li>\n<li><a href=\"https:\/\/agora.xtec.cat\/ceip-elpigros\/wp-content\/uploads\/usu931\/2019\/10\/Carta-comprom\u00eds.pdf\" target=\"_blank\" rel=\"noopener noreferrer\">Carta de comprom\u00eds educatiu<\/a><\/li>\n<\/ul>\n<p>&nbsp;<\/p>\n<ul>\n<li>CONVENIS VIGENTS<\/li>\n<\/ul>\n<p>&nbsp;<\/p>\n<p>Aqu\u00ed podeu descarregar les autoritzacions pel curs 24-25:<\/p>\n<ul style=\"list-style-type: circle;\">\n<li><a style=\"color: #2795b6;\" href=\"https:\/\/agora.xtec.cat\/ie-elpigros-santcebria\/wp-content\/uploads\/usu931\/2021\/10\/Recollida-alumnes.pdf\">Recollida alumnes<\/a><\/li>\n<li><a href=\"https:\/\/agora.xtec.cat\/ie-elpigros-santcebria\/wp-content\/uploads\/usu931\/2025\/09\/WEB_Sortides-entorn-proper_25_26.docx.pdf\">Sortides entorn proper_25_26<\/a><\/li>\n<li><a href=\"https:\/\/agora.xtec.cat\/ie-elpigros-santcebria\/wp-content\/uploads\/usu931\/2025\/03\/AUTORITZACIO-PER-SORTIR-SOL.pdf\">Autoritzaci\u00f3 per sortir sol del centre<\/a><\/li>\n<li><a href=\"https:\/\/agora.xtec.cat\/ie-elpigros-santcebria\/wp-content\/uploads\/usu931\/2021\/10\/Autoritzacio-imatges.pdf\">Autoritzaci\u00f3 d&#8217;imatges<\/a><\/li>\n<li><a href=\"https:\/\/agora.xtec.cat\/ie-elpigros-santcebria\/wp-content\/uploads\/usu931\/2021\/10\/Administar-paracetamol.pdf\">Administraci\u00f3 de paracetamol<\/a><\/li>\n<li><a href=\"https:\/\/agora.xtec.cat\/ie-elpigros-santcebria\/wp-content\/uploads\/usu931\/2021\/10\/Autoritzacio_medicaments-1.pdf\">Autoritzaci\u00f3_medicaments<\/a><\/li>\n<li><a href=\"https:\/\/agora.xtec.cat\/ie-elpigros-santcebria\/wp-content\/uploads\/usu931\/2021\/10\/Fitxa_medica_educacio_fisica.pdf\">Fitxa_m\u00e8dica<\/a><a style=\"font-family: inherit; font-size: 1em;\" href=\"https:\/\/agora.xtec.cat\/ie-elpigros-santcebria\/wp-content\/uploads\/usu931\/2021\/10\/Fitxa_medica_educacio_fisica.pdf\">_educaci\u00f3_fisica<\/a><span style=\"font-family: inherit; font-size: 1em;\">\u00a0<\/span><\/li>\n<li><a href=\"https:\/\/agora.xtec.cat\/ie-elpigros-santcebria\/wp-content\/uploads\/usu931\/2023\/11\/Model-dret-Vaga-3r-i-4t-ESO-PDF.pdf\">Autoritzaci\u00f3 dret vaga 3r i 4t ESO<\/a><\/li>\n<\/ul>\n<p>&nbsp;<\/p>\n<p>Aqu\u00ed podeu consultar l&#8217;organigrama:<\/p>\n<ul>\n<li><a href=\"https:\/\/agora.xtec.cat\/ie-elpigros-santcebria\/lescola\/gestio-de-centre\/documents-de-gestio-de-centre\/projecte-de-direccio\/\">Organigrama<\/a><\/li>\n<\/ul>\n<p>&nbsp;<\/p>\n<p>Aqu\u00ed podeu consultar els pressupostos del centre:<\/p>\n<ul>\n<li><a href=\"http:\/\/agora.xtec.cat\/ceip-elpigros\/lescola\/gestio-de-centre\/documents-de-gestio-de-centre\/pressupost\/\">Pressupost<\/a><\/li>\n<\/ul>\n<p>&nbsp;<\/p>\n<p>Aqu\u00ed podeu consultar el Pla d&#8217;actuaci\u00f3 del curs 21-22:<\/p>\n<p><a href=\"https:\/\/agora.xtec.cat\/ie-elpigros-santcebria\/wp-content\/uploads\/usu931\/2021\/09\/WEB_SETEMBRE_PLA-ACTUACIO-I-E-EL-PI-GROS-2021-2022.pdf\">SETEMBRE_PLA ACTUACI\u00d3 I-E EL PI GROS 2021-2022<\/a><\/p>\n<p><a href=\"https:\/\/agora.xtec.cat\/ie-elpigros-santcebria\/wp-content\/uploads\/usu931\/2021\/09\/ANNEX_SETEMBRE_PLA-ACTUACIO-I-E-EL-PI-GROS-2021-2022.pdf\">ANNEX_SETEMBRE_PLA ACTUACI\u00d3 I-E EL PI GROS 2021-2022<\/a><\/p>\n<p><a href=\"https:\/\/agora.xtec.cat\/ie-elpigros-santcebria\/wp-content\/uploads\/usu931\/2022\/03\/MODIFICACIO-PLA-ACTUACIO_1.docx.pdf\">MODIFICACI\u00d3 PLA ACTUACI\u00d3_1<\/a><\/p>\n<p><a href=\"https:\/\/agora.xtec.cat\/ie-elpigros-santcebria\/wp-content\/uploads\/usu931\/2022\/03\/MODIFICACIO-PLA-ACTUACIO_2.docx.pdf\">MODIFICACI\u00d3 PLA ACTUACI\u00d3_2<\/a><\/p>\n<p><a href=\"https:\/\/agora.xtec.cat\/ie-elpigros-santcebria\/wp-content\/uploads\/usu931\/2022\/03\/MODIFICACIO-PLA-ACTUACIO_3.docx.pdf\">MODIFICACI\u00d3 PLA ACTUACI\u00d3_3<\/a><\/p>\n<p><a href=\"https:\/\/agora.xtec.cat\/ie-elpigros-santcebria\/wp-content\/uploads\/usu931\/2022\/03\/MODIFICACIO-PLA-ACTUACIO_4.docx.pdf\">MODIFICACI\u00d3 PLA ACTUACI\u00d3_4<\/a><\/p>\n<p>&nbsp;<\/p>\n<p><strong>*ESTEM EN UN PROC\u00c9S DE REVISI\u00d3 DELS DOCUMENTS DE CENTRE*<\/strong><\/p>\n<p>&nbsp;<\/p>\n<p>&nbsp;<\/p>\n","protected":false},"excerpt":{"rendered":"<p>A continuaci\u00f3 podeu trobar enlla\u00e7os als diferents documents del centre. NOFC (Normes d&#8217;Organitzaci\u00f3 i Funcionament del Centre) Normativa tel\u00e8fon m\u00f2bil al centre Normativa Tel\u00e8fon m\u00f2bil Normativa Chromebook al centre Normativa Chromebook PEC\u00a0(Projecte Educatiu de Centre) Projecte Ling\u00fc\u00edstic PC Pla de Conviv\u00e8ncia Carta de comprom\u00eds educatiu &nbsp; CONVENIS VIGENTS &nbsp; Aqu\u00ed podeu descarregar les autoritzacions pel [&hellip;]<\/p>\n","protected":false},"author":1,"featured_media":0,"parent":1781,"menu_order":1,"comment_status":"closed","ping_status":"closed","template":"page-templates\/side-menu.php","meta":{"_bbp_topic_count":0,"_bbp_reply_count":0,"_bbp_total_topic_count":0,"_bbp_total_reply_count":0,"_bbp_voice_count":0,"_bbp_anonymous_reply_count":0,"_bbp_topic_count_hidden":0,"_bbp_reply_count_hidden":0,"_bbp_forum_subforum_count":0,"site-sidebar-layout":"default","site-content-layout":"","ast-site-content-layout":"","site-content-style":"default","site-sidebar-style":"default","ast-global-header-display":"","ast-banner-title-visibility":"","ast-main-header-display":"","ast-hfb-above-header-display":"","ast-hfb-below-header-display":"","ast-hfb-mobile-header-display":"","site-post-title":"","ast-breadcrumbs-content":"","ast-featured-img":"","footer-sml-layout":"","theme-transparent-header-meta":"","adv-header-id-meta":"","stick-header-meta":"","header-above-stick-meta":"","header-main-stick-meta":"","header-below-stick-meta":"","astra-migrate-meta-layouts":"default","ast-page-background-enabled":"default","ast-page-background-meta":{"desktop":{"background-color":"var(--ast-global-color-4)","background-image":"","background-repeat":"repeat","background-position":"center center","background-size":"auto","background-attachment":"scroll","background-type":"","background-media":"","overlay-type":"","overlay-color":"","overlay-opacity":"","overlay-gradient":""},"tablet":{"background-color":"","background-image":"","background-repeat":"repeat","background-position":"center center","background-size":"auto","background-attachment":"scroll","background-type":"","background-media":"","overlay-type":"","overlay-color":"","overlay-opacity":"","overlay-gradient":""},"mobile":{"background-color":"","background-image":"","background-repeat":"repeat","background-position":"center center","background-size":"auto","background-attachment":"scroll","background-type":"","background-media":"","overlay-type":"","overlay-color":"","overlay-opacity":"","overlay-gradient":""}},"ast-content-background-meta":{"desktop":{"background-color":"var(--ast-global-color-5)","background-image":"","background-repeat":"repeat","background-position":"center center","background-size":"auto","background-attachment":"scroll","background-type":"","background-media":"","overlay-type":"","overlay-color":"","overlay-opacity":"","overlay-gradient":""},"tablet":{"background-color":"var(--ast-global-color-5)","background-image":"","background-repeat":"repeat","background-position":"center center","background-size":"auto","background-attachment":"scroll","background-type":"","background-media":"","overlay-type":"","overlay-color":"","overlay-opacity":"","overlay-gradient":""},"mobile":{"background-color":"var(--ast-global-color-5)","background-image":"","background-repeat":"repeat","background-position":"center center","background-size":"auto","background-attachment":"scroll","background-type":"","background-media":"","overlay-type":"","overlay-color":"","overlay-opacity":"","overlay-gradient":""}},"footnotes":""},"class_list":["post-1569","page","type-page","status-publish","hentry"],"post_mailing_queue_ids":[],"_links":{"self":[{"href":"https:\/\/agora.xtec.cat\/ie-elpigros-santcebria\/wp-json\/wp\/v2\/pages\/1569","targetHints":{"allow":["GET"]}}],"collection":[{"href":"https:\/\/agora.xtec.cat\/ie-elpigros-santcebria\/wp-json\/wp\/v2\/pages"}],"about":[{"href":"https:\/\/agora.xtec.cat\/ie-elpigros-santcebria\/wp-json\/wp\/v2\/types\/page"}],"author":[{"embeddable":true,"href":"https:\/\/agora.xtec.cat\/ie-elpigros-santcebria\/wp-json\/wp\/v2\/users\/1"}],"replies":[{"embeddable":true,"href":"https:\/\/agora.xtec.cat\/ie-elpigros-santcebria\/wp-json\/wp\/v2\/comments?post=1569"}],"version-history":[{"count":6,"href":"https:\/\/agora.xtec.cat\/ie-elpigros-santcebria\/wp-json\/wp\/v2\/pages\/1569\/revisions"}],"predecessor-version":[{"id":3322,"href":"https:\/\/agora.xtec.cat\/ie-elpigros-santcebria\/wp-json\/wp\/v2\/pages\/1569\/revisions\/3322"}],"up":[{"embeddable":true,"href":"https:\/\/agora.xtec.cat\/ie-elpigros-santcebria\/wp-json\/wp\/v2\/pages\/1781"}],"wp:attachment":[{"href":"https:\/\/agora.xtec.cat\/ie-elpigros-santcebria\/wp-json\/wp\/v2\/media?parent=1569"}],"curies":[{"name":"wp","href":"https:\/\/api.w.org\/{rel}","templated":true}]}}